{"id":1339,"date":"2023-08-22T08:49:50","date_gmt":"2023-08-22T08:49:50","guid":{"rendered":"https:\/\/www.livefooty.net\/?page_id=1339"},"modified":"2023-09-19T10:58:44","modified_gmt":"2023-09-19T10:58:44","slug":"live-serie-a-fotboll","status":"publish","type":"page","link":"https:\/\/www.livefooty.net\/sv\/live-serie-a-fotboll\/","title":{"rendered":"Live Serie A fotboll"},"content":{"rendered":"<p> Italiensk fotboll kan nog ses som den mest taktiskt kompetenta av dem alla. Italiensk fotboll har en n\u00e5got or\u00e4ttvis upprepning f\u00f6r defensiv fotboll, ofta kastad runt av \u00f6verbetalda f\u00f6rst\u00e5sigp\u00e5are som \u00e4lskar att anv\u00e4nda ordet catenaccio. Italiensk fotboll \u00e4r l\u00e5ngt ifr\u00e5n monolitisk, och de som tittar p\u00e5 den njuter av de taktiska striderna mellan olika filosofier och spelstilar. Italiensk fotboll har kommit l\u00e5ngt sedan dessa halcyon dagar; dagar d\u00e5 \u00f6vertygade superstj\u00e4rnor som Zinedine Zizou Zidane, Ronaldo och min personliga favorit George flyttade till Man City innan det var coolt Weah gjorde sin handel i Juventus, Inter respektive Milan. Dess rykte sj\u00f6nk och det \u00e4r fortfarande s\u00e4kert att s\u00e4ga att italiensk fotboll fortfarande k\u00e4mpar f\u00f6r att bli fri fr\u00e5n den h\u00e4r tragedins bojor. <\/p>\n\n\n\n<!--more-->\n\n\n\n<p><br><\/p>\n\n\n\n<p> F\u00f6rutom Premier Leagie var det den italienska serien som f\u00e5ngade min uppm\u00e4rksamhet mest som ung fotbollsfan. Alla som spelade Football Manager under 90-talet kommer att veta vad jag menar, AC Milan, Inter Milan, Juventus, Weah, Zidane etc etc. Det var en otrolig liga att se, en d\u00e4r matcherna var s\u00e5 annorlunda \u00e4n britternas br\u00e5dska. fotboll. Sedan slog skandalerna till, konkurrensf\u00f6rdelen verkade l\u00e4mna Serie A och &quot;Produkten&quot; var en skugga av sitt tidigare jag. Jag hoppas verkligen att Serie A en dag kommer tillbaka till vad det brukade vara, dagar d\u00e5 La Liga aldrig ens fick ett omn\u00e4mnande! <br><\/p>\n\n\n\n<div itemscope=\"\" itemtype=\"https:\/\/schema.org\/FAQPage\">\n\t\t<div itemscope=\"\" itemprop=\"mainEntity\" itemtype=\"https:\/\/schema.org\/Question\">\n\t\t\t<h4 itemprop=\"name\">Kan jag lagligt se Serie A fotboll live online?<\/h4>\n\t\t\t<div itemscope=\"\" itemprop=\"acceptedAnswer\" itemtype=\"https:\/\/schema.org\/Answer\">\n\t\t\t\t<div itemprop=\"text\"><p>William Hill streamar ett stort antal matcher fr\u00e5n Italiens h\u00f6gsta liga, Serie A, v\u00e4nligen f\u00f6lj l\u00e4nken f\u00f6r aktuellt <a href=\"\/WilliamHill-Football.php\" rel=\"nofollow noopener\" target=\"_blank\"><b>William Hill fotbollsschema<\/b><\/a>. (Villkor och villkor g\u00e4ller, str\u00f6mmar kommer att vara begr\u00e4nsade f\u00f6r vissa l\u00e4nder.)<\/p><\/div>\n\t\t\t<\/div>\n\t\t<\/div>\n\t\t<div itemscope=\"\" itemprop=\"mainEntity\" itemtype=\"https:\/\/schema.org\/Question\">\n\t\t\t<h4 itemprop=\"name\">Hur bra \u00e4r serie A-livestr\u00f6mmar?<\/h4>\n\t\t\t<div itemscope=\"\" itemprop=\"acceptedAnswer\" itemtype=\"https:\/\/schema.org\/Answer\">\n\t\t\t\t<div itemprop=\"text\"><p>Extremt visningsbart, \u00e4ven p\u00e5 en stor TV (om du har ett s\u00e4tt att ansluta din dator\/enhet).<\/p><\/div>\n\t\t\t<\/div>\n\t\t<\/div>\n\t\t<div itemscope=\"\" itemprop=\"mainEntity\" itemtype=\"https:\/\/schema.org\/Question\">\n\t\t\t<h4 itemprop=\"name\">Hur konkurrenskraftig \u00e4r Serie A?<\/h4>\n\t\t\t<div itemscope=\"\" itemprop=\"acceptedAnswer\" itemtype=\"https:\/\/schema.org\/Answer\">\n\t\t\t\t<div itemprop=\"text\"><p>Efter att ha vuxit upp med att titta mycket p\u00e5 italiensk fotboll i slutet av 80- och 90-talet g\u00f6r det verkligen ont i mig att s\u00e4ga det men inte s\u00e5 konkurrenskraftigt l\u00e4ngre. Med s\u00e5 mycket pengar som str\u00f6mmar in till Juventus har det blivit en liga av Jeventus och d\u00e5 k\u00f6rs den ocks\u00e5. F\u00f6rhoppningsvis kommer den att \u00e5terst\u00e4llas till tidigare glans snart!<\/p><\/div>\n\t\t\t<\/div>\n\t\t<\/div>\n\t\t<div itemscope=\"\" itemprop=\"mainEntity\" itemtype=\"https:\/\/schema.org\/Question\">\n\t\t\t<h4 itemprop=\"name\">Kan jag spela p\u00e5 Serie A?<\/h4>\n\t\t\t<div itemscope=\"\" itemprop=\"acceptedAnswer\" itemtype=\"https:\/\/schema.org\/Answer\">\n\t\t\t\t<div itemprop=\"text\"><p>Absolut, s\u00e5 l\u00e4nge du \u00e4r gammal nog att spela lagligt d\u00e4r du bor. Serie A erbjuder bra odds f\u00f6r m\u00e5nga matcher om du tar Juve ur ekvationen, det \u00e4r en bra liga att satsa p\u00e5 och oddsen tenderar i allm\u00e4nhet att \u00e5terspegla den &quot;ok\u00e4nda&quot; kvantiteten, speciellt n\u00e4r de 5-6 lagen under Juventus spelar mot varandra <a href=\"\/WilliamHill-Football.php\" rel=\"nofollow noopener\" target=\"_blank\">William Hill erbjuder ett stort antal marknader p\u00e5 Serie A-matcher<\/a>.<\/p><\/div>\n\t\t\t<\/div>\n\t\t<\/div>\n\t<\/div>\n\n\n\n<p>[scu name=&#8221;serie-a&#8221;]<\/p>","protected":false},"excerpt":{"rendered":"<p>Italian football can probably be seen as the most tactically competent of them all. Italian football has a somewhat unfair repetition for defensive football, often thrown around by overpaid pundits who love to use the word catenaccio. Italian football is far from monolithic, and those who watch it thoroughly enjoy the tactical battles between different [&hellip;]<\/p>","protected":false},"author":1,"featured_media":0,"parent":0,"menu_order":0,"comment_status":"closed","ping_status":"closed","template":"","meta":{"footnotes":""},"class_list":["post-1339","page","type-page","status-publish","hentry"],"_links":{"self":[{"href":"https:\/\/www.livefooty.net\/sv\/wp-json\/wp\/v2\/pages\/1339","targetHints":{"allow":["GET"]}}],"collection":[{"href":"https:\/\/www.livefooty.net\/sv\/wp-json\/wp\/v2\/pages"}],"about":[{"href":"https:\/\/www.livefooty.net\/sv\/wp-json\/wp\/v2\/types\/page"}],"author":[{"embeddable":true,"href":"https:\/\/www.livefooty.net\/sv\/wp-json\/wp\/v2\/users\/1"}],"replies":[{"embeddable":true,"href":"https:\/\/www.livefooty.net\/sv\/wp-json\/wp\/v2\/comments?post=1339"}],"version-history":[{"count":0,"href":"https:\/\/www.livefooty.net\/sv\/wp-json\/wp\/v2\/pages\/1339\/revisions"}],"wp:attachment":[{"href":"https:\/\/www.livefooty.net\/sv\/wp-json\/wp\/v2\/media?parent=1339"}],"curies":[{"name":"wp","href":"https:\/\/api.w.org\/{rel}","templated":true}]}}