{"id":1337,"date":"2023-08-22T08:36:09","date_gmt":"2023-08-22T08:36:09","guid":{"rendered":"https:\/\/www.livefooty.net\/?page_id=1337"},"modified":"2023-09-19T10:55:30","modified_gmt":"2023-09-19T10:55:30","slug":"live-bundesliga-fotboll","status":"publish","type":"page","link":"https:\/\/www.livefooty.net\/sv\/live-bundesliga-fotboll\/","title":{"rendered":"Live Bundesliga fotboll"},"content":{"rendered":"<p> Bundesliga \u00e4r den professionella fotbollsligan i Tyskland, kort sagt hemma f\u00f6r tysk fotboll p\u00e5 toppniv\u00e5. V\u00e4rt att se, fan! Det finns 18 lag som spelar i den h\u00e4r ligan som liksom de flesta av de h\u00f6gsta ligorna i Europa l\u00f6per fr\u00e5n augusti till f\u00f6ljande maj. De flesta Bundesliga-matcher spelas p\u00e5 helgen med endast enstaka mittveckan. N\u00e4r det g\u00e4ller titlar och nedflyttning \u00e4r det lite annorlunda mot de flesta andra ligor p\u00e5 den h\u00e4r niv\u00e5n, m\u00e4staren som standard avg\u00f6rs genom att ha flest po\u00e4ng i slutet av s\u00e4songen, men nedflyttning\/uppflyttning ser att 2 lag flyttas automatiskt medan det p\u00e5g\u00e5r ett spel -av f\u00f6r 3:e plats. Om du \u00e4r ny i Bundesliga och letar efter ett lag att f\u00f6lja \u00e4r de stora namnen som du med stor sannolikhet redan har h\u00f6rt talas om Bayern M\u00fcnchen och Borussia Dortmund, \u00e4ven om vanligtvis 5 eller fler lag varje s\u00e4song har goda chanser att g\u00f6ra det bra. !  <b>Du kan se Bundesliga-fotboll live online fr\u00e5n m\u00e5nga l\u00e4nder.<\/b>    <\/p>\n\n\n\n<!--more-->\n\n\n\n<p><br><\/p>\n\n\n\n<p>\n\tBundesliga har en rad talanger i v\u00e4rldsklass, med m\u00e5nga sp\u00e4nnande unga spelare p\u00e5 utst\u00e4llning. Faktum \u00e4r att toppen av Bundesliga \u00e4r packad med talanger, inklusive flera spelare som kan g\u00f6ra stora r\u00f6relser i n\u00e4sta transferf\u00f6nster. Ett annat intressant faktum \u00e4r att Bundesliga har den h\u00f6gsta genomsnittliga n\u00e4rvaron av n\u00e5gon fotbollsliga i v\u00e4rlden och i all verklighet kan vara Europas enda v\u00e4ltr\u00e4nade och riktiga fotbollsliga, den enda stora inhemska t\u00e4vlingen vars klubbar kollektivt g\u00f6r vinst men tyska lag vinner mycket s\u00e4llan. de b\u00e4sta utm\u00e4rkelserna i t\u00e4vling p\u00e5 europeisk niv\u00e5. Varf\u00f6r det \u00e4r s\u00e5, vem vet...inget har att g\u00f6ra med att vissa andra lag fr\u00e5n andra l\u00e4nder pysslar med finansiellt fair play s\u00e5klart!\n\t<br><\/p>\n\n\n\n<div itemscope=\"\" itemtype=\"https:\/\/schema.org\/FAQPage\">\n\t\t<div itemscope=\"\" itemprop=\"mainEntity\" itemtype=\"https:\/\/schema.org\/Question\">\n\t\t\t<h4 itemprop=\"name\">Kan jag lagligt se Bundesliga live online?<\/h4>\n\t\t\t<div itemscope=\"\" itemprop=\"acceptedAnswer\" itemtype=\"https:\/\/schema.org\/Answer\">\n\t\t\t\t<div itemprop=\"text\"><p>William Hill streamar ett stort antal matcher fr\u00e5n Bundesliga, v\u00e4nligen f\u00f6lj l\u00e4nken f\u00f6r aktuellt <a href=\"\/WilliamHill-Football.php\" rel=\"nofollow\"><b>William Hill fotbollsschema<\/b><\/a>. (Villkor g\u00e4ller, str\u00f6mmar \u00e4r geografiskt begr\u00e4nsade.)<\/p><\/div>\n\t\t\t<\/div>\n\t\t<\/div>\n\t\t<div itemscope=\"\" itemprop=\"mainEntity\" itemtype=\"https:\/\/schema.org\/Question\">\n\t\t\t<h4 itemprop=\"name\">Hur bra \u00e4r Bundesliga Live Streams?<\/h4>\n\t\t\t<div itemscope=\"\" itemprop=\"acceptedAnswer\" itemtype=\"https:\/\/schema.org\/Answer\">\n\t\t\t\t<div itemprop=\"text\"><p>Extremt visningsbart, \u00e4ven p\u00e5 en stor TV (om du har ett s\u00e4tt att ansluta din dator\/enhet).<\/p><\/div>\n\t\t\t<\/div>\n\t\t<\/div>\n\t\t<div itemscope=\"\" itemprop=\"mainEntity\" itemtype=\"https:\/\/schema.org\/Question\">\n\t\t\t<h4 itemprop=\"name\">Hur konkurrenskraftig \u00e4r Bundesliga?<\/h4>\n\t\t\t<div itemscope=\"\" itemprop=\"acceptedAnswer\" itemtype=\"https:\/\/schema.org\/Answer\">\n\t\t\t\t<div itemprop=\"text\"><p>Det drar faktiskt m\u00e5nga j\u00e4mf\u00f6relser till engelska Premier League. \u00c4ven om det finns ett litet antal &quot;stora klubbar&quot;, i allm\u00e4nhet har 5-6 lag en god chans att g\u00f6ra bra ifr\u00e5n sig varje s\u00e4song, lag f\u00f6rlorar regelbundet mot varandra. Om man g\u00e5r tillbaka i Bundesligas historia hittar man inte m\u00e5nga perfekta s\u00e4songer !<\/p><\/div>\n\t\t\t<\/div>\n\t\t<\/div>\n\t\t<div itemscope=\"\" itemprop=\"mainEntity\" itemtype=\"https:\/\/schema.org\/Question\">\n\t\t\t<h4 itemprop=\"name\">Kan jag spela p\u00e5 Bundesliga?<\/h4>\n\t\t\t<div itemscope=\"\" itemprop=\"acceptedAnswer\" itemtype=\"https:\/\/schema.org\/Answer\">\n\t\t\t\t<div itemprop=\"text\"><p>Absolut, s\u00e5 l\u00e4nge du \u00e4r gammal nog att spela lagligt d\u00e4r du bor. Bundesliga \u00e4r extremt konkurrenskraftig n\u00e4r det g\u00e4ller inhemska ligor och oddsen tenderar i allm\u00e4nhet att spegla den &quot;ok\u00e4nda&quot; kvantiteten. <a href=\"\/WilliamHill-Football.php\" rel=\"nofollow noopener\" target=\"_blank\">William Hill erbjuder ett stort antal marknader p\u00e5 Bundesliga-matcher<\/a>.<\/p><\/div>\n\t\t\t<\/div>\n\t\t<\/div>\n\t<\/div>\n\n\n\n<p>[scu name=&#8221;bundesliga&#8221;]<\/p>","protected":false},"excerpt":{"rendered":"<p>The Bundesliga is the professional association football league in Germany, in short it is the home of top level German football. Worth watching, hell yeah! There are 18 teams that play in this league which like most of the top leagues in Europe runs from August until the following May. Most Bundesliga games are played [&hellip;]<\/p>","protected":false},"author":1,"featured_media":0,"parent":0,"menu_order":0,"comment_status":"closed","ping_status":"closed","template":"","meta":{"footnotes":""},"class_list":["post-1337","page","type-page","status-publish","hentry"],"_links":{"self":[{"href":"https:\/\/www.livefooty.net\/sv\/wp-json\/wp\/v2\/pages\/1337","targetHints":{"allow":["GET"]}}],"collection":[{"href":"https:\/\/www.livefooty.net\/sv\/wp-json\/wp\/v2\/pages"}],"about":[{"href":"https:\/\/www.livefooty.net\/sv\/wp-json\/wp\/v2\/types\/page"}],"author":[{"embeddable":true,"href":"https:\/\/www.livefooty.net\/sv\/wp-json\/wp\/v2\/users\/1"}],"replies":[{"embeddable":true,"href":"https:\/\/www.livefooty.net\/sv\/wp-json\/wp\/v2\/comments?post=1337"}],"version-history":[{"count":0,"href":"https:\/\/www.livefooty.net\/sv\/wp-json\/wp\/v2\/pages\/1337\/revisions"}],"wp:attachment":[{"href":"https:\/\/www.livefooty.net\/sv\/wp-json\/wp\/v2\/media?parent=1337"}],"curies":[{"name":"wp","href":"https:\/\/api.w.org\/{rel}","templated":true}]}}