{"id":1333,"date":"2023-08-22T08:08:27","date_gmt":"2023-08-22T08:08:27","guid":{"rendered":"https:\/\/www.livefooty.net\/?page_id=1333"},"modified":"2023-09-19T10:58:12","modified_gmt":"2023-09-19T10:58:12","slug":"live-primera-division-fotboll","status":"publish","type":"page","link":"https:\/\/www.livefooty.net\/sv\/live-primera-division-fotboll\/","title":{"rendered":"Live Primera Division Football"},"content":{"rendered":"<p> Spaniens Primera Division, allm\u00e4nt k\u00e4nd som La Liga, \u00e4r den h\u00f6gsta niv\u00e5n i spansk fotboll.  Under de senaste \u00e5rtiondena har den allm\u00e4nt betraktats som den b\u00e4sta \"rena fotbollsligan\" i v\u00e4rlden, enbart p\u00e5 grund av prestationer p\u00e5 europeisk niv\u00e5.  Kanske inte n\u00e4r det g\u00e4ller sp\u00e4nning eller \u00f6verraskande resultat, men definitivt f\u00f6r kvaliteten p\u00e5 den fotboll som visas.  Ligan i sig domineras av tv\u00e5 lag, alla har v\u00e4l h\u00f6rt talas om Barcelona och Real Madrid?  Bakom dem har du en liten grupp lag, inklusive Sevilla och Atletico Madrid, som ibland \u00f6verraskar och under dem finns \u00e4ven rans.  Spansk fotboll och i synnerhet La Liga har en enorm publik \u00f6ver hela v\u00e4rlden och lockar ofta de b\u00e4sta spelarna fr\u00e5n varje kontinent. <b>Du kan se Primera Division fotboll live online fr\u00e5n m\u00e5nga l\u00e4nder.<\/b>    <\/p>\n\n\n\n<!--more-->\n\n\n\n<p> Primera Division brukade g\u00f6ra anspr\u00e5k p\u00e5 de tv\u00e5 b\u00e4sta spelarna i v\u00e4rlden, Messi och Ronaldo. Men n\u00e4r Ronaldo flyttade f\u00f6r att prova sin hand i Italien f\u00f6r\u00e4ndrades allt, liksom Real Madrids tur. Ett Messi-inspirerat Barcelona \u00e4r ett stort hinder f\u00f6r alla fotbollslag att \u00f6vervinna och det \u00e4r bara som Real Madrid mycket v\u00e4l kan k\u00e4mpa med tills n\u00e5gra fler f\u00f6rst\u00e4rkningar i v\u00e4rldsklass kan hittas. <br><\/p>\n\n\n\n<div itemscope=\"\" itemtype=\"https:\/\/schema.org\/FAQPage\">\n\t\t<div itemscope=\"\" itemprop=\"mainEntity\" itemtype=\"https:\/\/schema.org\/Question\">\n\t\t\t<h4 itemprop=\"name\">Kan jag lagligt se den spanska Primera Division live online?<\/h4>\n\t\t\t<div itemscope=\"\" itemprop=\"acceptedAnswer\" itemtype=\"https:\/\/schema.org\/Answer\">\n\t\t\t\t<div itemprop=\"text\"><p>William Hill streamar ett stort antal spel fr\u00e5n Primera Division, f\u00f6lj l\u00e4nken f\u00f6r den aktuella <a href=\"\/WilliamHill-Football.php\" rel=\"nofollow noopener\" target=\"_blank\"><b>William Hill fotbollsschema<\/b><\/a>. (Villkor och villkor g\u00e4ller, str\u00f6mmar kommer att vara geografiskt begr\u00e4nsade)<\/p><\/div>\n\t\t\t<\/div>\n\t\t<\/div>\n\t\t<div itemscope=\"\" itemprop=\"mainEntity\" itemtype=\"https:\/\/schema.org\/Question\">\n\t\t\t<h4 itemprop=\"name\">Hur bra \u00e4r Primera Division livestr\u00f6mmar?<\/h4>\n\t\t\t<div itemscope=\"\" itemprop=\"acceptedAnswer\" itemtype=\"https:\/\/schema.org\/Answer\">\n\t\t\t\t<div itemprop=\"text\"><p>Extremt visningsbart, \u00e4ven p\u00e5 en stor TV (om du har ett s\u00e4tt att ansluta din dator\/enhet).<\/p><\/div>\n\t\t\t<\/div>\n\t\t<\/div>\n\t\t<div itemscope=\"\" itemprop=\"mainEntity\" itemtype=\"https:\/\/schema.org\/Question\">\n\t\t\t<h4 itemprop=\"name\">Hur konkurrenskraftig \u00e4r Primera Division?<\/h4>\n\t\t\t<div itemscope=\"\" itemprop=\"acceptedAnswer\" itemtype=\"https:\/\/schema.org\/Answer\">\n\t\t\t\t<div itemprop=\"text\"><p>Om du st\u00f6djer Barcelona eller Real Madrid, s\u00e5 mycket! Men f\u00f6r de neutrala ses inte ligan som den b\u00e4sta, medan kvaliteten p\u00e5 fotbollen som visas utan tvekan \u00e4r f\u00f6ruts\u00e4gbarheten som har lett till att \u00e4ven n\u00e5gra av dess st\u00f6rsta spelare har st\u00e4mplat ligan som &quot;tr\u00e5kig&quot;.<\/p><\/div>\n\t\t\t<\/div>\n\t\t<\/div>\n\t\t<div itemscope=\"\" itemprop=\"mainEntity\" itemtype=\"https:\/\/schema.org\/Question\">\n\t\t\t<h4 itemprop=\"name\">Kan jag spela p\u00e5 Primera Division?<\/h4>\n\t\t\t<div itemscope=\"\" itemprop=\"acceptedAnswer\" itemtype=\"https:\/\/schema.org\/Answer\">\n\t\t\t\t<div itemprop=\"text\"><p>Absolut, s\u00e5 l\u00e4nge du \u00e4r gammal nog att spela lagligt d\u00e4r du bor. Men Primera Division tenderar inte att sl\u00e4nga upp m\u00e5nga \u00f6verraskningar n\u00e4r det g\u00e4ller topplagen s\u00e5 f\u00f6rv\u00e4nta dig inte briljanta odds. Med det sagt <a href=\"\/WilliamHill-Football.php\" rel=\"nofollow noopener\" target=\"_blank\">William Hill erbjuder ett stort antal marknader p\u00e5 Primera Division-matcher<\/a>.<\/p><\/div>\n\t\t\t<\/div>\n\t\t<\/div>\n\t<\/div>\n\n\n\n<p>[scu name=&#8221;primera-division&#8221;]<\/p>","protected":false},"excerpt":{"rendered":"<p>Spain&#8217;s Primera Division, commonly known as La Liga is the top tier in Spanish football. Over the past couple of decades purely on European level achievement it is widely regarded as the best &#8220;pure football&#8221; league in the world. Maybe not in terms of excitement or surprise results but definitely for the quality of the [&hellip;]<\/p>","protected":false},"author":1,"featured_media":0,"parent":0,"menu_order":0,"comment_status":"closed","ping_status":"closed","template":"","meta":{"footnotes":""},"class_list":["post-1333","page","type-page","status-publish","hentry"],"_links":{"self":[{"href":"https:\/\/www.livefooty.net\/sv\/wp-json\/wp\/v2\/pages\/1333","targetHints":{"allow":["GET"]}}],"collection":[{"href":"https:\/\/www.livefooty.net\/sv\/wp-json\/wp\/v2\/pages"}],"about":[{"href":"https:\/\/www.livefooty.net\/sv\/wp-json\/wp\/v2\/types\/page"}],"author":[{"embeddable":true,"href":"https:\/\/www.livefooty.net\/sv\/wp-json\/wp\/v2\/users\/1"}],"replies":[{"embeddable":true,"href":"https:\/\/www.livefooty.net\/sv\/wp-json\/wp\/v2\/comments?post=1333"}],"version-history":[{"count":0,"href":"https:\/\/www.livefooty.net\/sv\/wp-json\/wp\/v2\/pages\/1333\/revisions"}],"wp:attachment":[{"href":"https:\/\/www.livefooty.net\/sv\/wp-json\/wp\/v2\/media?parent=1333"}],"curies":[{"name":"wp","href":"https:\/\/api.w.org\/{rel}","templated":true}]}}