{"id":1240,"date":"2023-08-14T09:00:19","date_gmt":"2023-08-14T09:00:19","guid":{"rendered":"https:\/\/www.livefooty.net\/?page_id=1240"},"modified":"2023-09-19T11:00:15","modified_gmt":"2023-09-19T11:00:15","slug":"premier-league-tabellen","status":"publish","type":"page","link":"https:\/\/www.livefooty.net\/sv\/premier-league-tabellen\/","title":{"rendered":"Premier League-tabellen"},"content":{"rendered":"<h2 class=\"wp-block-heading\">Premier League-tabellen<\/h2>\n\n\n\n<p> Uppdateras flera g\u00e5nger dagligen, detta \u00e4r den senaste st\u00e4llningen i engelska Premier League.<\/p>\n\n\n\n<!--more-->\n\n\n\n<p><\/p>\n\n\n<p>[scu name=\"premier-league-tabell\"]<\/p>\n\n\n\n<p>\n  Vi g\u00f6r v\u00e5rt b\u00e4sta f\u00f6r att h\u00e5lla dessa s\u00e5 uppdaterade som m\u00f6jligt men v\u00e4nligen ber\u00e4tta f\u00f6r oss om de senaste resultaten inte har tagits i beaktande \u00e4nnu.  \n<\/p>","protected":false},"excerpt":{"rendered":"<p>Premier League Tabell Uppdateras flera g\u00e5nger dagligen detta \u00e4r de senaste st\u00e4llningarna i engelska Premier League.<\/p>","protected":false},"author":1,"featured_media":0,"parent":0,"menu_order":0,"comment_status":"closed","ping_status":"closed","template":"","meta":{"footnotes":""},"class_list":["post-1240","page","type-page","status-publish","hentry"],"_links":{"self":[{"href":"https:\/\/www.livefooty.net\/sv\/wp-json\/wp\/v2\/pages\/1240","targetHints":{"allow":["GET"]}}],"collection":[{"href":"https:\/\/www.livefooty.net\/sv\/wp-json\/wp\/v2\/pages"}],"about":[{"href":"https:\/\/www.livefooty.net\/sv\/wp-json\/wp\/v2\/types\/page"}],"author":[{"embeddable":true,"href":"https:\/\/www.livefooty.net\/sv\/wp-json\/wp\/v2\/users\/1"}],"replies":[{"embeddable":true,"href":"https:\/\/www.livefooty.net\/sv\/wp-json\/wp\/v2\/comments?post=1240"}],"version-history":[{"count":0,"href":"https:\/\/www.livefooty.net\/sv\/wp-json\/wp\/v2\/pages\/1240\/revisions"}],"wp:attachment":[{"href":"https:\/\/www.livefooty.net\/sv\/wp-json\/wp\/v2\/media?parent=1240"}],"curies":[{"name":"wp","href":"https:\/\/api.w.org\/{rel}","templated":true}]}}