{"id":1202,"date":"2023-08-06T10:11:31","date_gmt":"2023-08-06T10:11:31","guid":{"rendered":"https:\/\/www.livefooty.net\/?page_id=1202"},"modified":"2023-09-19T10:54:44","modified_gmt":"2023-09-19T10:54:44","slug":"fotboll-scheman-senaste-live-fotboll","status":"publish","type":"page","link":"https:\/\/www.livefooty.net\/sv\/fotboll-scheman-senaste-live-fotboll\/","title":{"rendered":"Fotbollsscheman \u2013 Senaste livefotboll"},"content":{"rendered":"<h2 class=\"wp-block-heading\">Livefotboll \u2013 gratis internetscheman<\/h2>\n\n\n\n<p> F\u00f6rmodligen den sv\u00e5raste delen av <b>tittar p\u00e5 fotboll live<\/b> och andra sporter p\u00e5 Internet \u00e4r att ta reda p\u00e5 vilka kanaler som visar vilka sporter och var man kan komma \u00e5t dessa kanaler.  Med den nya generationens P2P-programvara kan du enkelt v\u00e4lja en kanal att titta p\u00e5, men det \u00e4r inte till n\u00e5gon st\u00f6rre nytta om du inte vet vilken kanal som visar vilka fotbollsmatcher och n\u00e4r.  Sj\u00e4lvklart g\u00f6r bookmakers hela jobbet s\u00e5 mycket enklare f\u00f6r de sporter som de visar! <\/p>\n\n\n\n<!--more-->\n\n\n\n<p><br><\/p>\n\n\n\n<p>\n\tF\u00f6ljande l\u00e4nkar inneh\u00e5ller detaljerad och aktuell information om vad som \u00e4r schemalagt och var, spel fr\u00e5n de flesta europeiska l\u00e4nder visas:- \n\t<\/p>\n\n\n\n<ul class=\"wp-block-list\">\n<li><a href=\"https:\/\/www.livefooty.net\/sv\/dagens-scheman-all-sporter-live-online\/\">Live sportschema<\/a> \u2013 En lista \u00f6ver alla livesporter som kommer att \u00e4ga rum idag <\/li>\n\n\n\n<li><a href=\"https:\/\/www.livefooty.net\/sv\/william-hill-tv-live-streams-titta-live-online\/\">William Hill Live Fotbollsstr\u00f6mmar<\/a> \u2013 Ett schema med fotbollsmatcher som streamas live p\u00e5 William Hill <\/li>\n\n\n\n<li><a href=\"https:\/\/www.livefooty.net\/sv\/betfair-live-streams-online\/\">Betfair Live Fotbollsstr\u00f6mmar<\/a> \u2013 Fotbollsmatcher som streamas live p\u00e5 Betfair <\/li>\n<\/ul>\n\n\n\n<p>\n\tL\u00e4nkarna ovan visar vilken sport som finns tillg\u00e4nglig online idag. Avsparkstider f\u00f6r olika t\u00e4vlingar finns i fotbollsschemana nedan. Alla dessa spel kanske inte \u00e4r tillg\u00e4ngliga live d\u00e4r du bor.\n\t<\/p>\n\n\n<p>[scu name=\"fotbolls-schema\"]<\/p>\n\n\n\n<p><\/p>","protected":false},"excerpt":{"rendered":"<p>Live Fotboll - Gratis Internet Scheman F\u00f6rmodligen den sv\u00e5raste delen av att titta p\u00e5 live fotboll och andra sporter p\u00e5 internet \u00e4r att ta reda p\u00e5 vilka kanaler som visar vilka sporter och var man kan komma \u00e5t dessa kanaler. Den nya generationen P2P-programvara g\u00f6r att du enkelt kan v\u00e4lja en kanal att titta p\u00e5 men det \u00e4r inte riktigt [...]<\/p>","protected":false},"author":1,"featured_media":0,"parent":0,"menu_order":0,"comment_status":"closed","ping_status":"closed","template":"","meta":{"footnotes":""},"class_list":["post-1202","page","type-page","status-publish","hentry"],"_links":{"self":[{"href":"https:\/\/www.livefooty.net\/sv\/wp-json\/wp\/v2\/pages\/1202","targetHints":{"allow":["GET"]}}],"collection":[{"href":"https:\/\/www.livefooty.net\/sv\/wp-json\/wp\/v2\/pages"}],"about":[{"href":"https:\/\/www.livefooty.net\/sv\/wp-json\/wp\/v2\/types\/page"}],"author":[{"embeddable":true,"href":"https:\/\/www.livefooty.net\/sv\/wp-json\/wp\/v2\/users\/1"}],"replies":[{"embeddable":true,"href":"https:\/\/www.livefooty.net\/sv\/wp-json\/wp\/v2\/comments?post=1202"}],"version-history":[{"count":0,"href":"https:\/\/www.livefooty.net\/sv\/wp-json\/wp\/v2\/pages\/1202\/revisions"}],"wp:attachment":[{"href":"https:\/\/www.livefooty.net\/sv\/wp-json\/wp\/v2\/media?parent=1202"}],"curies":[{"name":"wp","href":"https:\/\/api.w.org\/{rel}","templated":true}]}}