{"id":1174,"date":"2023-08-06T08:48:04","date_gmt":"2023-08-06T08:48:04","guid":{"rendered":"https:\/\/www.livefooty.net\/?page_id=1174"},"modified":"2023-09-19T11:00:35","modified_gmt":"2023-09-19T11:00:35","slug":"integritetspolicy-for-livefooty-net","status":"publish","type":"page","link":"https:\/\/www.livefooty.net\/sv\/integritetspolicy-for-livefooty-net\/","title":{"rendered":"Sekretesspolicy f\u00f6r livefooty.net"},"content":{"rendered":"<p> <b>Webbplatsen livefooty.net fungerar uteslutande som en webbportal f\u00f6r enbart information f\u00f6r sportfantaster \u00f6ver 18 \u00e5r. Om du inte \u00e4r \u00f6ver 18 \u00e5r m\u00e5ste du sluta anv\u00e4nda denna webbplats omedelbart.<\/b> Informationen p\u00e5 denna webbplats \u00e4r endast avsedd f\u00f6r allm\u00e4n information. Informationen tillhandah\u00e5lls av livefooty.net och medan vi str\u00e4var efter att h\u00e5lla informationen uppdaterad och korrekt, l\u00e4mnar vi inga utf\u00e4stelser eller garantier av n\u00e5got slag, uttryckliga eller underf\u00f6rst\u00e5dda, om fullst\u00e4ndigheten, riktigheten, tillf\u00f6rlitligheten, l\u00e4mpligheten eller tillg\u00e4ngligheten med avseende p\u00e5 webbplatsen eller informationen, produkterna, tj\u00e4nsterna eller relaterad grafik som finns p\u00e5 webbplatsen f\u00f6r n\u00e5got syfte. Allt du litar p\u00e5 s\u00e5dan information sker d\u00e4rf\u00f6r helt p\u00e5 din egen risk. <\/p>\n\n\n\n<!--more-->\n\n\n\n<p><\/p>\n\n\n\n<p>\nUnder inga omst\u00e4ndigheter kommer vi att h\u00e5llas ansvariga f\u00f6r n\u00e5gon f\u00f6rlust eller skada, inklusive utan begr\u00e4nsning, indirekt eller f\u00f6ljdf\u00f6rlust eller skada, eller n\u00e5gon f\u00f6rlust eller skada som helst som h\u00e4rr\u00f6r fr\u00e5n f\u00f6rlust av data eller vinster som uppst\u00e5r till f\u00f6ljd av, eller i samband med, anv\u00e4ndningen av denna webbplats .\n<br><\/p>\n\n\n\n<h3 class=\"wp-block-heading\"> Sekretesspolicy f\u00f6r www.livefooty.net <\/h3>\n\n\n\n<p> Om du beh\u00f6ver mer information eller har n\u00e5gra fr\u00e5gor om v\u00e5r integritetspolicy \u00e4r du v\u00e4lkommen att kontakta oss via e-post p\u00e5 info@livefooty.net. <\/p>\n\n\n\n<p> P\u00e5 www.livefooty.net \u00e4r integriteten f\u00f6r v\u00e5ra bes\u00f6kare av yttersta vikt f\u00f6r oss. Detta sekretesspolicydokument beskriver vilka typer av personlig information som tas emot och samlas in av www.livefooty.net och hur den anv\u00e4nds. <\/p>\n\n\n\n<p> <b>Loggfiler<\/b><br> Liksom m\u00e5nga andra webbplatser anv\u00e4nder www.livefooty.net loggfiler. Informationen i loggfilerna inkluderar internetprotokoll (IP)-adresser, typ av webbl\u00e4sare, Internetleverant\u00f6r (ISP), datum\/tidsst\u00e4mpel, h\u00e4nvisnings-\/utg\u00e5ngssidor och antal klick f\u00f6r att analysera trender, administrera webbplatsen, sp\u00e5ra anv\u00e4ndarens r\u00f6relser runt webbplatsen och samla in demografisk information. IP-adresser och annan s\u00e5dan information \u00e4r inte kopplad till n\u00e5gon information som \u00e4r personligt identifierbar. <\/p>\n\n\n\n<p> <b>Cookies och webbsignaler<\/b><br> www.livefooty.net anv\u00e4nder inte cookies. <b>DoubleClick DART Cookie<\/b><br><\/p>\n\n\n\n<p>\n.:: Google, som en tredjepartsleverant\u00f6r, anv\u00e4nder cookies f\u00f6r att visa annonser p\u00e5 din webbplats.<br>\n.:: Googles anv\u00e4ndning av DART-cookien g\u00f6r att den kan visa annonser till dina anv\u00e4ndare baserat p\u00e5 deras bes\u00f6k p\u00e5 dina webbplatser och andra webbplatser p\u00e5 Internet. <br>\n.:: Anv\u00e4ndare kan v\u00e4lja bort anv\u00e4ndningen av DART-cookien genom att bes\u00f6ka Googles sekretesspolicy f\u00f6r annonser och inneh\u00e5llsn\u00e4tverk p\u00e5 f\u00f6ljande webbadress \u2013 https:\/\/www.google.com\/privacy_ads.html <\/p>\n\n\n\n<p> Vissa av v\u00e5ra annonspartners kan anv\u00e4nda cookies och webbsignaler p\u00e5 v\u00e5r webbplats. V\u00e5ra annonspartners inkluderar \u2026\u2026. \n<br> Amazon\n<br> eBay\n<br> William Hill\n<br> <\/p>\n\n\n\n<p> Dessa tredje parts annonsservrar eller annonsn\u00e4tverk anv\u00e4nder teknik f\u00f6r att annonserna och l\u00e4nkarna som visas p\u00e5 www.livefooty.net skickar direkt till dina webbl\u00e4sare. De f\u00e5r automatiskt din IP-adress n\u00e4r detta intr\u00e4ffar. Andra tekniker (som cookies, JavaScript eller Web Beacons) kan ocks\u00e5 anv\u00e4ndas av tredje parts annonsn\u00e4tverk f\u00f6r att m\u00e4ta effektiviteten av deras annonser och\/eller f\u00f6r att anpassa annonsinneh\u00e5llet som du ser. <\/p>\n\n\n\n<p> www.livefooty.net har ingen tillg\u00e5ng till eller kontroll \u00f6ver dessa cookies som anv\u00e4nds av tredjepartsannons\u00f6rer. <\/p>\n\n\n\n<p> Du b\u00f6r konsultera respektive integritetspolicy f\u00f6r dessa tredjepartsannonsservrar f\u00f6r mer detaljerad information om deras praxis samt f\u00f6r instruktioner om hur du v\u00e4ljer bort vissa metoder. www.livefooty.nets integritetspolicy g\u00e4ller inte f\u00f6r, och vi kan inte kontrollera aktiviteterna f\u00f6r, s\u00e5dana andra annons\u00f6rer eller webbplatser. <\/p>\n\n\n\n<p> Om du vill inaktivera cookies kan du g\u00f6ra det via dina individuella webbl\u00e4saralternativ. Mer detaljerad information om cookiehantering med specifika webbl\u00e4sare finns p\u00e5 webbl\u00e4sarnas respektive webbplatser. <br><\/p>\n\n\n\n<h3 class=\"wp-block-heading\">L\u00e4nkar och tj\u00e4nster fr\u00e5n tredje part \u2013 Ansvarsfriskrivning<\/h3>\n\n\n\n<p>  Denna webbplats (livefooty.net) inneh\u00e5ller eller kan inneh\u00e5lla l\u00e4nkar till andra webbplatser, inklusive tredjepartsreklam. livefooty.net \u00e4r inte ansvarigt eller ansvarigt f\u00f6r s\u00e5dana andra webbplatser eller f\u00f6r deras anv\u00e4ndarvillkor. Vi granskar eller rekommenderar inte s\u00e5dana andra webbplatser. livefooty.net fr\u00e5ns\u00e4ger sig uttryckligen allt ansvar, direkt eller indirekt, f\u00f6r eventuella skador som \u00e5samkas n\u00e5gon anv\u00e4ndare i samband med anv\u00e4ndningen av n\u00e5gon webbplats, vars \u00e5tkomst hittats via denna webbplats. V\u00e4nligen l\u00e4s anv\u00e4ndarvillkoren f\u00f6r var och en av s\u00e5dana andra webbplatser noggrant f\u00f6r att ta reda p\u00e5 hur dessa andra webbplatser erbjuder och konditionerar sina varor och tj\u00e4nster. Om du best\u00e4mmer dig f\u00f6r att komma \u00e5t n\u00e5gon s\u00e5dan annan webbplats och relaterade tj\u00e4nster g\u00f6r du det helt p\u00e5 egen risk. Om du vill g\u00f6ra en inv\u00e4ndning mot en l\u00e4nk till en tredje parts webbplats som har placerats p\u00e5 livefooty.net-webbplatsen, v\u00e4nligen f\u00f6lj stegen p\u00e5 v\u00e5r <a href=\"https:\/\/www.livefooty.net\/sv\/rattslig\/\" title=\"\">juridisk sida<\/a>. <br><\/p>\n\n\n\n<p>\nWebbplatsen livefooty.net \u00e4r v\u00e4rd och drivs fr\u00e5n Isle of Man. Som webbplats\u00e4gare har vi vidtagit alla n\u00f6dv\u00e4ndiga \u00e5tg\u00e4rder f\u00f6r att se till att denna webbplats fungerar med full \u00f6verensst\u00e4mmelse med manx lag. Denna integritetspolicy och anv\u00e4ndarvillkor styrs av lagarna p\u00e5 Isle of Man. Som anv\u00e4ndare av denna webbplats f\u00f6rv\u00e4ntas du upptr\u00e4da p\u00e5 ett moraliskt, lagligt och ansvarsfullt s\u00e4tt med h\u00e4nsyn till de lagar som \u00e4r till\u00e4mpliga p\u00e5 dig (inklusive att inte g\u00f6ra intr\u00e5ng i n\u00e5gra r\u00e4ttighetsinnehavares r\u00e4ttigheter). Alla tvister som uppst\u00e5r fr\u00e5n eller i anslutning till denna webbplats ska styras av lagarna p\u00e5 Isle of Man.  \n<br><\/p>\n\n\n\n<p>\nSenast uppdaterad 2017-04-12\n<\/p>","protected":false},"excerpt":{"rendered":"<p>The website livefooty.net operates solely as an information only web portal for sports fans over the age of 18. If you are not over the age of 18 you must stop using this website immediately. The information contained in this website is for general information purposes only. The information is provided by livefooty.net and while [&hellip;]<\/p>","protected":false},"author":1,"featured_media":0,"parent":0,"menu_order":0,"comment_status":"closed","ping_status":"closed","template":"","meta":{"footnotes":""},"class_list":["post-1174","page","type-page","status-publish","hentry"],"_links":{"self":[{"href":"https:\/\/www.livefooty.net\/sv\/wp-json\/wp\/v2\/pages\/1174","targetHints":{"allow":["GET"]}}],"collection":[{"href":"https:\/\/www.livefooty.net\/sv\/wp-json\/wp\/v2\/pages"}],"about":[{"href":"https:\/\/www.livefooty.net\/sv\/wp-json\/wp\/v2\/types\/page"}],"author":[{"embeddable":true,"href":"https:\/\/www.livefooty.net\/sv\/wp-json\/wp\/v2\/users\/1"}],"replies":[{"embeddable":true,"href":"https:\/\/www.livefooty.net\/sv\/wp-json\/wp\/v2\/comments?post=1174"}],"version-history":[{"count":0,"href":"https:\/\/www.livefooty.net\/sv\/wp-json\/wp\/v2\/pages\/1174\/revisions"}],"wp:attachment":[{"href":"https:\/\/www.livefooty.net\/sv\/wp-json\/wp\/v2\/media?parent=1174"}],"curies":[{"name":"wp","href":"https:\/\/api.w.org\/{rel}","templated":true}]}}