{"id":1163,"date":"2023-08-06T08:34:34","date_gmt":"2023-08-06T08:34:34","guid":{"rendered":"https:\/\/www.livefooty.net\/?page_id=1163"},"modified":"2023-09-28T07:11:31","modified_gmt":"2023-09-28T07:11:31","slug":"bet365-live-streams","status":"publish","type":"page","link":"https:\/\/www.livefooty.net\/sv\/bet365-live-streams\/","title":{"rendered":"Bet365 livestr\u00f6mmar"},"content":{"rendered":"<h2 class=\"wp-block-heading\">Live-sportstr\u00f6mmar med Bet365<\/h2>\n\n\n\n<p>Om du letar efter en livestream av den senaste fotbollsactionen p\u00e5 din station\u00e4ra eller mobila enhet, d\u00e5 \u00e4r Bet365 sportboken online du vill kolla in, Bet365 livestreaming \u00e4r utm\u00e4rkt!<\/p>\n\n\n\n<!--more-->\n\n\n\n<p><strong>Titta p\u00e5 sport live \u00f6ver internet<\/strong> \u00e4r big business och grejen \u00e4r att big business ocks\u00e5 vet det! Ett av de mycket unders\u00f6kta och ignorerade s\u00e4tten att titta p\u00e5 din favoritsport online (m\u00e5 det vara <strong>Fotboll, golf, tennis<\/strong> eller n\u00e5got annat f\u00f6r den delen) \u00e4r att dra nytta av livestr\u00f6mningarna som serveras av dessa stora f\u00f6retag. BBC, ITV och m\u00e5nga av bookmakers i olika jurisdiktioner kan tillhandah\u00e5lla livestreaming av sportevenemang online. Enligt min mening \u00e4r bara ett bra exempel p\u00e5 detta (och min favorit) Bet365. <strong>Bet365 livestr\u00f6mmar<\/strong> ge tillg\u00e5ng till en m\u00e4ngd livesporter f\u00f6r sina medlemmar, enligt min \u00e5sikt \u00e4r dessa sportstr\u00f6mmar vanligtvis av mycket h\u00f6g kvalitet och tar bort s\u00e5 mycket av &quot;var kan jag se det h\u00e4r?&quot; element fr\u00e5n livesport online. M\u00f6jligen p\u00e5 grund av sj\u00e4lva karakt\u00e4ren av att driva en sportbok \u00e4r m\u00e5nga av evenemangen i sig inte den typ av saker du skulle se t\u00e4ckta p\u00e5 &quot;normal&quot; tv i m\u00e5nga l\u00e4nder. F\u00f6r en fullst\u00e4ndig lista \u00f6ver evenemang, se Bet365 Live Streaming-sidan. Villkor g\u00e4ller, 18+<\/p>\n\n\n\n<p>F\u00f6r att \u00f6ka sp\u00e4nningen i spelet streamar bet365 \u00f6ver 140 000 evenemang live till din dator varje \u00e5r - s\u00e5 att du kan spela n\u00e4r det h\u00e4nder. H\u00f6jdpunkterna inkluderar tennisturneringar i Masters Series och matcher fr\u00e5n n\u00e5gra av de b\u00e4sta inhemska fotbollsligorna i v\u00e4rlden. F\u00f6r att anv\u00e4nda Live Streaming-tj\u00e4nsten m\u00e5ste du vara inloggad och ha ett konto med pengar eller ha placerat ett spel under de senaste 24 timmarna. Alla matcher\/h\u00e4ndelser p\u00e5 v\u00e5r webbplats som har ikonen Spela eller Video bredvid sig \u00e4r schemalagda f\u00f6r att visas via Live Streaming. T&amp;Cs g\u00e4ller, 18+<\/p>\n\n\n\n<p>Och gl\u00f6m inte den innovativa Bet365 Live Golf Tracker som inte bara l\u00e5ter dig se livestreams fr\u00e5n Par 3-h\u00e5l i m\u00e5nga av v\u00e4rldens st\u00f6rsta golfturneringar utan ocks\u00e5 l\u00e5ter dig f\u00f6lja all action i realtid, inklusive h\u00e5l- och greenlayouter, aktuella st\u00e4llningar och positionsdata upp till sekunden<br>f\u00f6r varje spelare p\u00e5 banan. Lysande.<\/p>\n\n\n\n<p><strong>Streamar Bet365 fotboll live?<\/strong>  Bet365 \u00e4r ett v\u00e4lrenommerat spelbolag online som erbjuder streaming av live fotbollsmatcher. Denna tj\u00e4nst \u00e4r tillg\u00e4nglig f\u00f6r anv\u00e4ndare i Storbritannien, Irland och Italien. F\u00f6retaget erbjuder ocks\u00e5 en m\u00e4ngd andra sportstr\u00f6mningsalternativ, inklusive cricket, tennis och rugby.  F\u00f6r att f\u00e5 tillg\u00e5ng till Bet365:s livestreamingtj\u00e4nst m\u00e5ste anv\u00e4ndarna f\u00f6rst skapa ett konto och verifiera sin identitet. N\u00e4r de \u00e4r inloggade kan de v\u00e4lja vilka matcher de vill titta p\u00e5. Live streams \u00e4r tillg\u00e4ngliga f\u00f6r de flesta matcher i Storbritannien och Irland, samt f\u00f6r vissa matcher i italienska Serie A och Ligue 1. Vissa spel kan vara otillg\u00e4ngliga p\u00e5 grund av licensbegr\u00e4nsningar eller tidsbegr\u00e4nsningar.  Sammantaget \u00e4r Bet365: s livestreamingtj\u00e4nst bekv\u00e4m och prisv\u00e4rd. Det \u00e4r ett utm\u00e4rkt alternativ f\u00f6r brittiska sportfans som vill titta p\u00e5 sina favoritlag n\u00e4r de \u00e4r p\u00e5 spr\u00e5ng eller f\u00f6r dem som inte har kabel- eller satellit-TV hemma.  Du kan inte bara se matcher fr\u00e5n hela v\u00e4rlden live och i realtid, utan du kan ocks\u00e5 anv\u00e4nda Bet365:s streamingtj\u00e4nst f\u00f6r att f\u00f6lja diskussionerna f\u00f6re och efter matchen - vilket inneb\u00e4r att du alltid \u00e4r uppdaterad, oavsett vad som h\u00e4nder p\u00e5 planen.<\/p>\n\n\n\n<p><strong>Hur ser man livestream p\u00e5 Bet365?<\/strong>  Det finns n\u00e5gra olika s\u00e4tt att titta p\u00e5 live streams p\u00e5 Bet365. Det enklaste s\u00e4ttet \u00e4r att helt enkelt bes\u00f6ka hemsidan och v\u00e4lja dina favoritmatcher. Du kan ocks\u00e5 anv\u00e4nda appen som finns tillg\u00e4nglig f\u00f6r b\u00e5de Android- och iOS-enheter.Bet365 \u00e4r ett av de ledande spelbolagen i v\u00e4rlden och de erbjuder en m\u00e4ngd olika alternativ f\u00f6r livestreaming. Oavsett om du vill titta p\u00e5 en fotbollsmatch eller ett annat sportevenemang har Bet365 streamingalternativet f\u00f6r dig.<\/p>\n\n\n\n<p><strong>Vad \u00e4r Bet365s livestreamingtj\u00e4nst?<\/strong>  Bet365 \u00e4r ett ledande onlinespelbolag med en livestreamingtj\u00e4nst som l\u00e5ter anv\u00e4ndare se sportevenemang, inklusive fotboll, cricket och tennismatcher, allt eftersom. Tj\u00e4nsten \u00e4r tillg\u00e4nglig p\u00e5 station\u00e4ra och mobila enheter och erbjuder en rad funktioner, inklusive m\u00f6jligheten att f\u00f6lja flera spel samtidigt och chatta med andra tittare. Bet365 erbjuder ocks\u00e5 vadslagningstips och marknadsinsikter, vilket g\u00f6r det till en idealisk k\u00e4lla till information f\u00f6r dem som \u00e4r intresserade av att spela p\u00e5 sport.<\/p>\n\n\n\n<p><strong>Hur fungerar Bet365s livestreaming?<\/strong>  Bet365 \u00e4r ett av v\u00e4rldens ledande bettingbolag online och erbjuder ett brett utbud av bettingalternativ, inklusive livestreaming. N\u00e4r du registrerar dig f\u00f6r Bet365 kan du v\u00e4lja att titta p\u00e5 dina spel i realtid eller granska dem efter\u00e5t. Livestreaming med Bet365 \u00e4r enkelt och okomplicerat: \u00f6ppna bara vadslagningsf\u00f6nstret och klicka p\u00e5 knappen &quot;Titta live&quot;. Du kan ocks\u00e5 anv\u00e4nda livestreamingfunktionen f\u00f6r att f\u00f6lja dina favoritidrottslag eller spelare medan du spelar.<\/p>\n\n\n\n<p><strong>\u00c4r Bet365 livestreaming gratis?<\/strong>  Ja, Bet365:s tj\u00e4nst f\u00f6r livestreaming \u00e4r gratis att anv\u00e4nda.  Det finns dock vissa begr\u00e4nsningar f\u00f6r vad som kan streamas och hur l\u00e4nge. Till exempel \u00e4r livestreaming inte tillg\u00e4ngligt f\u00f6r vissa sportevenemang som engelska Premier League och La Liga. Dessutom \u00e4r livestreaming endast tillg\u00e4ngligt f\u00f6r kunder som har ett kvalificerande konto.<\/p>\n\n\n\n<p><strong>Hur ser man livestream p\u00e5 Bet365?<\/strong>  Bet365 \u00e4r en av de mest popul\u00e4ra bettingsidorna online och de erbjuder en livestreamingtj\u00e4nst som g\u00f6r att du kan se allt som h\u00e4nder fr\u00e5n din dator, surfplatta eller telefon. F\u00f6r att anv\u00e4nda tj\u00e4nsten klickar du helt enkelt p\u00e5 l\u00e4nken \"Live Streaming\" i huvudmenyn p\u00e5 webbplatsen och v\u00e4ljer \u00f6nskad enhet. Du kommer d\u00e5 att kunna komma \u00e5t alla livestreams och interagera med andra tittare via chattrum eller forum. Du kan ocks\u00e5 placera spel medan du tittar p\u00e5 livestreams, s\u00e5 det \u00e4r aldrig tr\u00e5kigt n\u00e4r du anv\u00e4nder Bet365:s streamingtj\u00e4nst.F\u00f6r att titta p\u00e5 en livestream p\u00e5 Bet365 m\u00e5ste kunderna logga in eller skapa ett konto. Efter att ha loggat in kan kunderna v\u00e4lja det evenemang de vill titta p\u00e5.<\/p>\n\n\n\n<p><strong>Hur fungerar Bet365 livestreaming p\u00e5 mobila enheter?<\/strong>  Bet365 live streaming fungerar p\u00e5 mobila enheter genom att l\u00e5ta anv\u00e4ndare titta p\u00e5 bet365-matcher och turneringar via appen. Appen finns tillg\u00e4nglig f\u00f6r b\u00e5de Android- och iOS-enheter, vilket g\u00f6r det enkelt f\u00f6r anv\u00e4ndarna att komma \u00e5t sitt favoritinneh\u00e5ll. \u00d6ppna helt enkelt Bet365-appen och v\u00e4lj en match eller turnering som du vill titta p\u00e5. Du kommer sedan att kunna f\u00f6lja spelet n\u00e4r det h\u00e4nder, utan att beh\u00f6va ett kabelabonnemang eller n\u00e5gon annan programvara.<\/p>","protected":false},"excerpt":{"rendered":"<p>Live Sports Streams With Bet365 If you&#8217;re looking to catch a live stream of the latest football action on your desktop or mobile device, then Bet365 is the online sports book you want to check out, Bet365 live streaming is excellent!<\/p>","protected":false},"author":1,"featured_media":0,"parent":0,"menu_order":0,"comment_status":"closed","ping_status":"closed","template":"","meta":{"footnotes":""},"class_list":["post-1163","page","type-page","status-publish","hentry"],"_links":{"self":[{"href":"https:\/\/www.livefooty.net\/sv\/wp-json\/wp\/v2\/pages\/1163","targetHints":{"allow":["GET"]}}],"collection":[{"href":"https:\/\/www.livefooty.net\/sv\/wp-json\/wp\/v2\/pages"}],"about":[{"href":"https:\/\/www.livefooty.net\/sv\/wp-json\/wp\/v2\/types\/page"}],"author":[{"embeddable":true,"href":"https:\/\/www.livefooty.net\/sv\/wp-json\/wp\/v2\/users\/1"}],"replies":[{"embeddable":true,"href":"https:\/\/www.livefooty.net\/sv\/wp-json\/wp\/v2\/comments?post=1163"}],"version-history":[{"count":0,"href":"https:\/\/www.livefooty.net\/sv\/wp-json\/wp\/v2\/pages\/1163\/revisions"}],"wp:attachment":[{"href":"https:\/\/www.livefooty.net\/sv\/wp-json\/wp\/v2\/media?parent=1163"}],"curies":[{"name":"wp","href":"https:\/\/api.w.org\/{rel}","templated":true}]}}