{"id":1139,"date":"2023-08-06T07:54:43","date_gmt":"2023-08-06T07:54:43","guid":{"rendered":"https:\/\/livefooty.net\/?page_id=1139"},"modified":"2023-09-19T11:00:55","modified_gmt":"2023-09-19T11:00:55","slug":"sopcast-streaming-programvara","status":"publish","type":"page","link":"https:\/\/www.livefooty.net\/sv\/sopcast-streaming-programvara\/","title":{"rendered":"SOPCast streamingprogramvara"},"content":{"rendered":"<p><strong>SOPCast har blivit den b\u00e4sta mjukvaran f\u00f6r m\u00e4nniskor som vill se fotboll live online<\/strong>. En kombination av anv\u00e4ndarv\u00e4nlighet, tusentals kanaler och konsekvent stabil streaming har hoppat SOPCast h\u00f6gst upp p\u00e5 listan. SOPCasts teknologi g\u00f6r det mycket enkelt att dela din stream \u00f6ver ett n\u00e4tverk, s\u00e5 till exempel i en arbetsmilj\u00f6 skulle det vara v\u00e4ldigt enkelt f\u00f6r ett antal personer att dela en live-sportstr\u00f6m fr\u00e5n endast en dator som g\u00f6r nedladdningen.<\/p>\n\n\n\n<!--more-->\n\n\n\n<p><\/p>\n\n\n\n<p>Med tusentals kanaler l\u00e4tt tillg\u00e4ngliga har SOPCast ocks\u00e5 blivit en stor favorit f\u00f6r fans av andra sporter s\u00e5v\u00e4l som f\u00f6r m\u00e4nniskor som vill titta p\u00e5 alla andra typer av inneh\u00e5ll online inklusive vanlig TV och filmer.<\/p>\n\n\n\n<p><strong>SOPCast<\/strong>&nbsp;f\u00f6r Windows finns att ladda ner h\u00e4rifr\u00e5n (vi har ingen koppling till softonic, ladda ner p\u00e5 egen risk):-<br><strong><a href=\"https:\/\/en.softonic.com\/download\/sopcast\/windows\/post-download\" target=\"_blank\" rel=\"noopener nofollow\" title=\"\">Ladda ner SOPCast<\/a><\/strong><\/p>\n\n\n\n<p>Som med all P2P-mjukvara \u00e4r den faktiska nedladdningen av programvaran direkt. Problemet uppst\u00e5r n\u00e4r det g\u00e4ller att hitta helt\u00e4ckande kanallistor. Du kan prova SOPCast-kanallistorna fr\u00e5n webbplatsen&nbsp;<a href=\"https:\/\/www.liveaugoal.com\/channel\/sopcast\/\" target=\"_blank\" rel=\"noopener nofollow\" title=\"\">h\u00e4r<\/a>&nbsp;(Vi har ingen koppling till denna webbplats, anv\u00e4nd p\u00e5 egen risk). Om det inte hj\u00e4lper s\u00e5 finns det olika webbplatser d\u00e4r ute som erbjuder kanallistor, Google \u00e4r verkligen din v\u00e4n h\u00e4r.<\/p>\n\n\n\n<p>Sopcast \u00e4r ett streamingprogram online som g\u00f6r det enkelt att titta p\u00e5 sportevenemang. Sopcast har en m\u00e4ngd olika kanaler, inklusive sport fr\u00e5n hela v\u00e4rlden. Sopcast erbjuder \u00e4ven livestr\u00f6mmar av utvalda evenemang, vilket g\u00f6r det till ett utm\u00e4rkt val f\u00f6r sportfantaster. Med Sopcast kan du titta p\u00e5 dina favoritspel utan att beh\u00f6va oroa dig f\u00f6r bandbreddsbegr\u00e4nsningar eller l\u00e5nga v\u00e4ntetider. Sopcast \u00e4r tillg\u00e4ngligt p\u00e5 station\u00e4ra och mobila enheter, s\u00e5 du kan alltid vara redo att se ditt favoritlag spela. Om du vill titta p\u00e5 en livestream av ditt favoritidrottslag, se till att du har en snabb internetanslutning. M\u00e5nga live-sportstr\u00f6mmar kr\u00e4ver en internetanslutning som \u00e4r minst 3 Mbps f\u00f6r optimal visning. Dessutom kr\u00e4ver m\u00e5nga live-sportstr\u00f6mmar en HD- eller 4K-uppl\u00f6sning f\u00f6r den b\u00e4sta upplevelsen. Om du \u00e4r os\u00e4ker p\u00e5 om din internetanslutning \u00e4r tillr\u00e4ckligt snabb f\u00f6r att se en livestream, testa den genom att str\u00f6mma en video fr\u00e5n YouTube eller Netflix. Om videokvaliteten \u00e4r d\u00e5lig kan din internetanslutning kanske inte hantera belastningen och du kommer sannolikt att uppleva buffring och d\u00e5lig prestanda n\u00e4r du tittar p\u00e5 en livestream.<\/p>\n\n\n\n<p>SOPCast erbjuder peer to peer livestreaming. Det r\u00e5der ingen tvekan om att livestreaming har blivit ett popul\u00e4rt s\u00e4tt att titta p\u00e5 sport. Med s\u00e5 m\u00e5nga tillg\u00e4ngliga plattformar kan det vara sv\u00e5rt att best\u00e4mma vilken man ska anv\u00e4nda. Peer to peer-streaming \u00e4r ett bra alternativ f\u00f6r m\u00e4nniskor som vill titta p\u00e5 sport utan att beh\u00f6va hantera irriterande annonser eller l\u00e5nga v\u00e4ntetider. Den h\u00e4r typen av streaming fungerar genom att koppla ihop personer som har samma intresse av sporten som tittas p\u00e5. Detta inneb\u00e4r att det inte finns n\u00e5got behov av en s\u00e4ndare eller n\u00e4tverk, vilket inneb\u00e4r att kvaliteten p\u00e5 streamen ofta \u00e4r b\u00e4ttre \u00e4n traditionella livestreamingalternativ.<\/p>\n\n\n\n<h2 class=\"wp-block-heading\">Hur fungerar SopCast?<\/h2>\n\n\n\n<p>SopCast \u00e4r en livestreamingplattform som l\u00e5ter anv\u00e4ndare dela inneh\u00e5ll med varandra i realtid. Detta leder till en streaming av h\u00f6gre kvalitet f\u00f6r alla, eftersom tittarna kan ge feedback som kan bidra till att f\u00f6rb\u00e4ttra kvaliteten p\u00e5 streamen. SopCast har ocks\u00e5 en m\u00e4ngd funktioner som g\u00f6r den till en idealisk plattform f\u00f6r sportfantaster. Till exempel till\u00e5ter SopCast anv\u00e4ndare att titta p\u00e5 flera streams samtidigt, vilket g\u00f6r det enkelt att f\u00f6lja flera spel samtidigt. Appens hemknapp l\u00e5ter anv\u00e4ndare s\u00f6ka och spela onlineinneh\u00e5ll, eller spela in det f\u00f6r senare. Dessutom kommer SopCast med en l\u00e4ttanv\u00e4nd kanalguide som organiserar alla tillg\u00e4ngliga kanaler i l\u00e4ttillg\u00e4ngliga kategorier. Fliken Livekanaler i TV-appen erbjuder en lista \u00f6ver lives\u00e4ndningar, som finns bredvid fliken Spela in kanaler. Appen har ocks\u00e5 m\u00e5nga forum d\u00e4r anv\u00e4ndare l\u00e4gger upp s\u00e4ndningsl\u00e4nkar som de har skapat. Du kan titta p\u00e5 dem genom att kopiera och klistra in dem i adressf\u00e4ltet.<\/p>\n\n\n\n<h2 class=\"wp-block-heading\">SopCast-kanaler<\/h2>\n\n\n\n<p>Det finns bokstavligen tusentals kanaler och str\u00f6mmar tillg\u00e4ngliga p\u00e5 SopCast som t\u00e4cker alla typer av livestreamat inneh\u00e5ll du kan t\u00e4nka dig. Du kan till och med skapa din egen str\u00f6m\/kanal med n\u00e5gra enkla klick med programvarans Peer To Peer-karakt\u00e4r som tar hand om resten.&nbsp;<strong>N\u00e5gra av de mest popul\u00e4ra SopCast-kanalerna inkluderar Alpha Channels (Alpha TV, Alpha TV 2), Balldee Sports och HQLiveSports<\/strong>. Kom ih\u00e5g att f\u00e5 ut det mesta av alla SopCast-kanaler du beh\u00f6ver en stabil och snabb internetanslutning, uppdaterad h\u00e5rdvara\/kompatibel enhet och lite t\u00e5lamod!<\/p>","protected":false},"excerpt":{"rendered":"<p>SOPCast has become the number 1 software of choice for people looking to watch live football online. A combination of ease of use, thousands of channels and consistently stable streaming has jumped SOPCast right to the top of the list. SOPCasts technology makes it very easy to share your stream over a network so for [&hellip;]<\/p>","protected":false},"author":1,"featured_media":0,"parent":0,"menu_order":0,"comment_status":"closed","ping_status":"closed","template":"","meta":{"footnotes":""},"class_list":["post-1139","page","type-page","status-publish","hentry"],"_links":{"self":[{"href":"https:\/\/www.livefooty.net\/sv\/wp-json\/wp\/v2\/pages\/1139","targetHints":{"allow":["GET"]}}],"collection":[{"href":"https:\/\/www.livefooty.net\/sv\/wp-json\/wp\/v2\/pages"}],"about":[{"href":"https:\/\/www.livefooty.net\/sv\/wp-json\/wp\/v2\/types\/page"}],"author":[{"embeddable":true,"href":"https:\/\/www.livefooty.net\/sv\/wp-json\/wp\/v2\/users\/1"}],"replies":[{"embeddable":true,"href":"https:\/\/www.livefooty.net\/sv\/wp-json\/wp\/v2\/comments?post=1139"}],"version-history":[{"count":0,"href":"https:\/\/www.livefooty.net\/sv\/wp-json\/wp\/v2\/pages\/1139\/revisions"}],"wp:attachment":[{"href":"https:\/\/www.livefooty.net\/sv\/wp-json\/wp\/v2\/media?parent=1139"}],"curies":[{"name":"wp","href":"https:\/\/api.w.org\/{rel}","templated":true}]}}