{"id":1441,"date":"2023-09-19T18:37:41","date_gmt":"2023-09-19T18:37:41","guid":{"rendered":"https:\/\/www.livefooty.net\/?page_id=1441"},"modified":"2023-09-19T19:13:18","modified_gmt":"2023-09-19T19:13:18","slug":"liga-europa-futebol-ao-vivo","status":"publish","type":"page","link":"https:\/\/www.livefooty.net\/pt\/liga-europa-futebol-ao-vivo\/","title":{"rendered":"Futebol ao vivo da Liga Europa"},"content":{"rendered":"<p> O <b>Liga Europa<\/b> \u00e9 uma competi\u00e7\u00e3o anual de futebol de clubes organizada pela Uni\u00e3o das Associa\u00e7\u00f5es Europeias de Futebol (UEFA) para o segundo escal\u00e3o de clubes de futebol da Europa, existem v\u00e1rias formas de entrar na Liga Europa, incluindo n\u00e3o terminar suficientemente bem numa liga nacional para se qualificar para a Liga dos Campe\u00f5es, falhando nas rodadas preliminares da Liga dos Campe\u00f5es ou terminando em terceiro no grupo da Liga dos Campe\u00f5es. No entanto, ainda \u00e9 classificado como um importante trof\u00e9u de clube a ser conquistado, com algumas das maiores equipas da Europa orgulhosas do seu registo na segunda divis\u00e3o das competi\u00e7\u00f5es europeias de clubes. Uma coisa digna de nota \u00e9 a maneira como a liga se expandiu nos \u00faltimos tempos, \u00e0 medida que os \u00f3rg\u00e3os reguladores do esporte buscam mais maneiras de tirar o dinheiro da TV das m\u00e3os dos assinantes e transferi-lo para os clubes. Embora o futebol de quinta \u00e0 noite n\u00e3o seja o que a maioria dos times aspira, o dinheiro extra sempre vale a pena apostar na chance de ganhar um trof\u00e9u importante do clube. <\/p>\n\n\n\n<!--more-->\n\n\n\n<figure class=\"wp-block-image size-full is-style-rounded\"><img decoding=\"async\" width=\"800\" height=\"489\" src=\"https:\/\/www.livefooty.net\/wp-content\/uploads\/2023\/09\/Europa-League-Footy.jpg\" alt=\"Futebol ao vivo da Liga Europa\" class=\"wp-image-1458\" title=\"\" srcset=\"https:\/\/www.livefooty.net\/wp-content\/uploads\/2023\/09\/Europa-League-Footy.jpg 800w, https:\/\/www.livefooty.net\/wp-content\/uploads\/2023\/09\/Europa-League-Footy-300x183.jpg 300w, https:\/\/www.livefooty.net\/wp-content\/uploads\/2023\/09\/Europa-League-Footy-768x469.jpg 768w, https:\/\/www.livefooty.net\/wp-content\/uploads\/2023\/09\/Europa-League-Footy-18x12.jpg 18w, https:\/\/www.livefooty.net\/wp-content\/uploads\/2023\/09\/Europa-League-Footy-665x406.jpg 665w, https:\/\/www.livefooty.net\/wp-content\/uploads\/2023\/09\/Europa-League-Footy-425x260.jpg 425w\" sizes=\"(max-width: 800px) 100vw, 800px\" \/><\/figure>\n\n\n\n<p>Embora seja poss\u00edvel <b>assista \u00e0 Liga Europa pela internet<\/b> em certas partes do Reino Unido, com a BT Sports agora tendo direitos exclusivos para toda a Liga Europa, estar\u00e1 longe de ser barato, a menos que voc\u00ea viva em uma \u00e1rea com acesso \u00e0 banda larga da BT. O restante fica obrigado a pagar pelo dobro de um pacote esportivo Sky plus BT. Dependendo de onde voc\u00ea mora no mundo, voc\u00ea ter\u00e1 um acesso online muito melhor \u00e0 Liga Europa, com muitos lugares exibindo os jogos gratuitamente. Na verdade, mesmo no resto da Europa o acesso \u00e9 muito melhor do que o oferecido no Reino Unido. <\/p>\n\n\n\n<p>[scu name=\"europa-league\"]<\/p>","protected":false},"excerpt":{"rendered":"<p>A Liga Europa \u00e9 uma competi\u00e7\u00e3o anual de futebol de clubes organizada pela Uni\u00e3o das Associa\u00e7\u00f5es Europeias de Futebol (UEFA) para o segundo escal\u00e3o de clubes de futebol na Europa. Existem v\u00e1rias formas de participar na Liga Europa, nomeadamente n\u00e3o terminar num lugar suficientemente alto numa liga nacional para se qualificar para a Liga dos Campe\u00f5es, falhar [...]<\/p>","protected":false},"author":1,"featured_media":0,"parent":0,"menu_order":0,"comment_status":"closed","ping_status":"closed","template":"","meta":{"footnotes":""},"class_list":["post-1441","page","type-page","status-publish","hentry"],"_links":{"self":[{"href":"https:\/\/www.livefooty.net\/pt\/wp-json\/wp\/v2\/pages\/1441","targetHints":{"allow":["GET"]}}],"collection":[{"href":"https:\/\/www.livefooty.net\/pt\/wp-json\/wp\/v2\/pages"}],"about":[{"href":"https:\/\/www.livefooty.net\/pt\/wp-json\/wp\/v2\/types\/page"}],"author":[{"embeddable":true,"href":"https:\/\/www.livefooty.net\/pt\/wp-json\/wp\/v2\/users\/1"}],"replies":[{"embeddable":true,"href":"https:\/\/www.livefooty.net\/pt\/wp-json\/wp\/v2\/comments?post=1441"}],"version-history":[{"count":0,"href":"https:\/\/www.livefooty.net\/pt\/wp-json\/wp\/v2\/pages\/1441\/revisions"}],"wp:attachment":[{"href":"https:\/\/www.livefooty.net\/pt\/wp-json\/wp\/v2\/media?parent=1441"}],"curies":[{"name":"wp","href":"https:\/\/api.w.org\/{rel}","templated":true}]}}