{"id":1339,"date":"2023-08-22T08:49:50","date_gmt":"2023-08-22T08:49:50","guid":{"rendered":"https:\/\/www.livefooty.net\/?page_id=1339"},"modified":"2023-09-19T10:58:44","modified_gmt":"2023-09-19T10:58:44","slug":"viver-serie-um-futebol","status":"publish","type":"page","link":"https:\/\/www.livefooty.net\/pt\/viver-serie-um-futebol\/","title":{"rendered":"Futebol da Serie A em direto"},"content":{"rendered":"<p> O futebol italiano pode provavelmente ser considerado o mais competente do ponto de vista t\u00e1tico. O futebol italiano tem uma repeti\u00e7\u00e3o um pouco injusta do futebol defensivo, muitas vezes utilizado por especialistas demasiado bem pagos que adoram usar a palavra catenaccio.  O futebol italiano est\u00e1 longe de ser monol\u00edtico e quem o v\u00ea aprecia as batalhas t\u00e1cticas entre diferentes filosofias e estilos de jogo. O futebol italiano percorreu um longo caminho desde esses dias de gl\u00f3ria; dias em que superestrelas como Zinedine Zizou Zidane, Ronaldo e o meu favorito pessoal George Moved To Man City Before It Was Cool Weah exerceram o seu of\u00edcio na Juventus, Inter e Milan, respetivamente. A sua reputa\u00e7\u00e3o caiu a pique e ainda \u00e9 seguro dizer que o futebol italiano continua a lutar para se libertar dos grilh\u00f5es desta trag\u00e9dia. <\/p>\n\n\n\n<!--more-->\n\n\n\n<p><br><\/p>\n\n\n\n<p> Para al\u00e9m da Premier Leagie, foi a S\u00e9rie Italiana que mais me chamou a aten\u00e7\u00e3o enquanto jovem adepto de futebol. Qualquer pessoa que tenha jogado Football Manager durante os anos 90 saber\u00e1 do que estou a falar: AC Milan, Inter de Mil\u00e3o, Juventus, Weah, Zidane, etc. Era uma liga inacredit\u00e1vel de ver, em que os jogos eram t\u00e3o diferentes da correria do futebol brit\u00e2nico. Depois, vieram os esc\u00e2ndalos, a competitividade pareceu abandonar a Serie A e o \"Produto\" tornou-se uma sombra do que era.  Espero sinceramente que, um dia, a Serie A volte a ser o que era, quando a La Liga nem sequer era mencionada! <br><\/p>\n\n\n\n<div itemscope=\"\" itemtype=\"https:\/\/schema.org\/FAQPage\">\n\t\t<div itemscope=\"\" itemprop=\"mainEntity\" itemtype=\"https:\/\/schema.org\/Question\">\n\t\t\t<h4 itemprop=\"name\">Posso legalmente ver o futebol da Serie A em direto online?<\/h4>\n\t\t\t<div itemscope=\"\" itemprop=\"acceptedAnswer\" itemtype=\"https:\/\/schema.org\/Answer\">\n\t\t\t\t<div itemprop=\"text\"><p>A William Hill transmite um grande n\u00famero de jogos da Serie A, a liga principal de It\u00e1lia. <a href=\"\/WilliamHill-Football.php\" rel=\"nofollow noopener\" target=\"_blank\"><b>Calend\u00e1rio de futebol da William Hill<\/b><\/a>. (Aplicam-se termos e condi\u00e7\u00f5es, os fluxos ser\u00e3o limitados para determinados pa\u00edses).<\/p><\/div>\n\t\t\t<\/div>\n\t\t<\/div>\n\t\t<div itemscope=\"\" itemprop=\"mainEntity\" itemtype=\"https:\/\/schema.org\/Question\">\n\t\t\t<h4 itemprop=\"name\">Qual \u00e9 a qualidade das transmiss\u00f5es em direto da Serie A?<\/h4>\n\t\t\t<div itemscope=\"\" itemprop=\"acceptedAnswer\" itemtype=\"https:\/\/schema.org\/Answer\">\n\t\t\t\t<div itemprop=\"text\"><p>Extremamente vis\u00edvel, mesmo num televisor de grandes dimens\u00f5es (se tiveres uma forma de ligar o teu computador\/dispositivo).<\/p><\/div>\n\t\t\t<\/div>\n\t\t<\/div>\n\t\t<div itemscope=\"\" itemprop=\"mainEntity\" itemtype=\"https:\/\/schema.org\/Question\">\n\t\t\t<h4 itemprop=\"name\">Qu\u00e3o competitiva \u00e9 a Serie A?<\/h4>\n\t\t\t<div itemscope=\"\" itemprop=\"acceptedAnswer\" itemtype=\"https:\/\/schema.org\/Answer\">\n\t\t\t\t<div itemprop=\"text\"><p>Tendo crescido a ver muito futebol italiano no final dos anos 80 e nos anos 90, custa-me muito diz\u00ea-lo, mas j\u00e1 n\u00e3o \u00e9 assim t\u00e3o competitivo.  Com tanto dinheiro a ser canalizado para a Juventus, o futebol italiano tornou-se uma liga de Jeventus e depois de rans.  Esperemos que em breve volte \u00e0s gl\u00f3rias anteriores!<\/p><\/div>\n\t\t\t<\/div>\n\t\t<\/div>\n\t\t<div itemscope=\"\" itemprop=\"mainEntity\" itemtype=\"https:\/\/schema.org\/Question\">\n\t\t\t<h4 itemprop=\"name\">Posso apostar na Serie A?<\/h4>\n\t\t\t<div itemscope=\"\" itemprop=\"acceptedAnswer\" itemtype=\"https:\/\/schema.org\/Answer\">\n\t\t\t\t<div itemprop=\"text\"><p>Sem d\u00favida, desde que tenha idade suficiente para apostar legalmente no local onde vive.  A Serie A oferece grandes probabilidades para muitos jogos, se tirarmos a Juve da equa\u00e7\u00e3o. \u00c9 uma boa liga para apostar e as probabilidades tendem geralmente a refletir essa quantidade \"desconhecida\", especialmente quando as 5-6 equipas abaixo da Juventus jogam entre si <a href=\"\/WilliamHill-Football.php\" rel=\"nofollow noopener\" target=\"_blank\">William Hill\n\t\t\t\toferece um grande n\u00famero de mercados para os jogos da Serie A<\/a>.<\/p><\/div>\n\t\t\t<\/div>\n\t\t<\/div>\n\t<\/div>\n\n\n\n<p>[scu name=&#8221;serie-a&#8221;]<\/p>","protected":false},"excerpt":{"rendered":"<p>Italian football can probably be seen as the most tactically competent of them all. Italian football has a somewhat unfair repetition for defensive football, often thrown around by overpaid pundits who love to use the word catenaccio. Italian football is far from monolithic, and those who watch it thoroughly enjoy the tactical battles between different [&hellip;]<\/p>","protected":false},"author":1,"featured_media":0,"parent":0,"menu_order":0,"comment_status":"closed","ping_status":"closed","template":"","meta":{"footnotes":""},"class_list":["post-1339","page","type-page","status-publish","hentry"],"_links":{"self":[{"href":"https:\/\/www.livefooty.net\/pt\/wp-json\/wp\/v2\/pages\/1339","targetHints":{"allow":["GET"]}}],"collection":[{"href":"https:\/\/www.livefooty.net\/pt\/wp-json\/wp\/v2\/pages"}],"about":[{"href":"https:\/\/www.livefooty.net\/pt\/wp-json\/wp\/v2\/types\/page"}],"author":[{"embeddable":true,"href":"https:\/\/www.livefooty.net\/pt\/wp-json\/wp\/v2\/users\/1"}],"replies":[{"embeddable":true,"href":"https:\/\/www.livefooty.net\/pt\/wp-json\/wp\/v2\/comments?post=1339"}],"version-history":[{"count":0,"href":"https:\/\/www.livefooty.net\/pt\/wp-json\/wp\/v2\/pages\/1339\/revisions"}],"wp:attachment":[{"href":"https:\/\/www.livefooty.net\/pt\/wp-json\/wp\/v2\/media?parent=1339"}],"curies":[{"name":"wp","href":"https:\/\/api.w.org\/{rel}","templated":true}]}}