{"id":1333,"date":"2023-08-22T08:08:27","date_gmt":"2023-08-22T08:08:27","guid":{"rendered":"https:\/\/www.livefooty.net\/?page_id=1333"},"modified":"2023-09-19T10:58:12","modified_gmt":"2023-09-19T10:58:12","slug":"live-primera-division-football","status":"publish","type":"page","link":"https:\/\/www.livefooty.net\/pt\/live-primera-division-football\/","title":{"rendered":"Futebol da Primeira Divis\u00e3o em direto"},"content":{"rendered":"<p> A Primeira Divis\u00e3o de Espanha, vulgarmente conhecida por La Liga, \u00e9 o escal\u00e3o m\u00e1ximo do futebol espanhol.  Ao longo das \u00faltimas duas d\u00e9cadas, e tendo em conta apenas os resultados a n\u00edvel europeu, \u00e9 considerada a melhor liga de \"futebol puro\" do mundo.  Talvez n\u00e3o em termos de emo\u00e7\u00e3o ou de resultados surpreendentes, mas definitivamente pela qualidade do futebol apresentado.  A liga em si \u00e9 dominada por duas equipas: toda a gente j\u00e1 ouviu falar do Barcelona e do Real Madrid, certo?  Atr\u00e1s deles, h\u00e1 um pequeno grupo de equipas, incluindo o Sevilha e o Atl\u00e9tico de Madrid, que ocasionalmente surpreendem e, abaixo deles, os tamb\u00e9m rans.  O futebol espanhol, e em particular a La Liga, tem um grande n\u00famero de seguidores em todo o mundo e atrai frequentemente os melhores jogadores de cada continente. <b>\u00c9 poss\u00edvel ver o futebol da Primera Division em direto online a partir de muitos pa\u00edses.<\/b>    <\/p>\n\n\n\n<!--more-->\n\n\n\n<p> A Primeira Divis\u00e3o costumava ter os dois melhores jogadores do mundo, Messi e Ronaldo.  Mas com Ronaldo a tentar a sua sorte em It\u00e1lia, tudo mudou, tal como a sorte do Real Madrid.  Um Barcelona inspirado em Messi \u00e9 um enorme obst\u00e1culo para qualquer equipa de futebol ultrapassar e \u00e9 algo que o Real Madrid poder\u00e1 ter de enfrentar at\u00e9 encontrar mais refor\u00e7os de classe mundial. <br><\/p>\n\n\n\n<div itemscope=\"\" itemtype=\"https:\/\/schema.org\/FAQPage\">\n\t\t<div itemscope=\"\" itemprop=\"mainEntity\" itemtype=\"https:\/\/schema.org\/Question\">\n\t\t\t<h4 itemprop=\"name\">Posso legalmente ver a Primera Division espanhola em direto online?<\/h4>\n\t\t\t<div itemscope=\"\" itemprop=\"acceptedAnswer\" itemtype=\"https:\/\/schema.org\/Answer\">\n\t\t\t\t<div itemprop=\"text\"><p>A William Hill transmite um grande n\u00famero de jogos da Primera Division. Siga o link para ver os jogos actuais <a href=\"\/WilliamHill-Football.php\" rel=\"nofollow noopener\" target=\"_blank\"><b>Calend\u00e1rio de futebol da William Hill<\/b><\/a>. (Aplicam-se termos e condi\u00e7\u00f5es, os fluxos ser\u00e3o limitados geograficamente)<\/p><\/div>\n\t\t\t<\/div>\n\t\t<\/div>\n\t\t<div itemscope=\"\" itemprop=\"mainEntity\" itemtype=\"https:\/\/schema.org\/Question\">\n\t\t\t<h4 itemprop=\"name\">Qual \u00e9 a qualidade das transmiss\u00f5es em direto da Primera Division?<\/h4>\n\t\t\t<div itemscope=\"\" itemprop=\"acceptedAnswer\" itemtype=\"https:\/\/schema.org\/Answer\">\n\t\t\t\t<div itemprop=\"text\"><p>Extremamente vis\u00edvel, mesmo num televisor de grandes dimens\u00f5es (se tiveres uma forma de ligar o teu computador\/dispositivo).<\/p><\/div>\n\t\t\t<\/div>\n\t\t<\/div>\n\t\t<div itemscope=\"\" itemprop=\"mainEntity\" itemtype=\"https:\/\/schema.org\/Question\">\n\t\t\t<h4 itemprop=\"name\">Qual \u00e9 a competitividade da Primeira Divis\u00e3o?<\/h4>\n\t\t\t<div itemscope=\"\" itemprop=\"acceptedAnswer\" itemtype=\"https:\/\/schema.org\/Answer\">\n\t\t\t\t<div itemprop=\"text\"><p>Se for adepto do Barcelona ou do Real Madrid, ent\u00e3o muito!  No entanto, para os neutros, a liga n\u00e3o \u00e9 vista como a melhor. Embora a qualidade do futebol apresentado seja indiscut\u00edvel, a previsibilidade levou a que at\u00e9 alguns dos seus maiores jogadores a classificassem de \"aborrecida\".<\/p><\/div>\n\t\t\t<\/div>\n\t\t<\/div>\n\t\t<div itemscope=\"\" itemprop=\"mainEntity\" itemtype=\"https:\/\/schema.org\/Question\">\n\t\t\t<h4 itemprop=\"name\">Posso apostar na Primeira Divis\u00e3o?<\/h4>\n\t\t\t<div itemscope=\"\" itemprop=\"acceptedAnswer\" itemtype=\"https:\/\/schema.org\/Answer\">\n\t\t\t\t<div itemprop=\"text\"><p>Absolutamente, desde que tenha idade suficiente para jogar legalmente no local onde vive.  No entanto, a Primera Division n\u00e3o tende a apresentar muitas surpresas no que diz respeito \u00e0s equipas de topo, por isso n\u00e3o espere grandes probabilidades.  Dito isto <a href=\"\/WilliamHill-Football.php\" rel=\"nofollow noopener\" target=\"_blank\">William Hill\n\t\t\t\toferece um grande n\u00famero de mercados para os jogos da Primera Divisi\u00f3n<\/a>.<\/p><\/div>\n\t\t\t<\/div>\n\t\t<\/div>\n\t<\/div>\n\n\n\n<p>[scu name=&#8221;primera-division&#8221;]<\/p>","protected":false},"excerpt":{"rendered":"<p>Spain&#8217;s Primera Division, commonly known as La Liga is the top tier in Spanish football. Over the past couple of decades purely on European level achievement it is widely regarded as the best &#8220;pure football&#8221; league in the world. Maybe not in terms of excitement or surprise results but definitely for the quality of the [&hellip;]<\/p>","protected":false},"author":1,"featured_media":0,"parent":0,"menu_order":0,"comment_status":"closed","ping_status":"closed","template":"","meta":{"footnotes":""},"class_list":["post-1333","page","type-page","status-publish","hentry"],"_links":{"self":[{"href":"https:\/\/www.livefooty.net\/pt\/wp-json\/wp\/v2\/pages\/1333","targetHints":{"allow":["GET"]}}],"collection":[{"href":"https:\/\/www.livefooty.net\/pt\/wp-json\/wp\/v2\/pages"}],"about":[{"href":"https:\/\/www.livefooty.net\/pt\/wp-json\/wp\/v2\/types\/page"}],"author":[{"embeddable":true,"href":"https:\/\/www.livefooty.net\/pt\/wp-json\/wp\/v2\/users\/1"}],"replies":[{"embeddable":true,"href":"https:\/\/www.livefooty.net\/pt\/wp-json\/wp\/v2\/comments?post=1333"}],"version-history":[{"count":0,"href":"https:\/\/www.livefooty.net\/pt\/wp-json\/wp\/v2\/pages\/1333\/revisions"}],"wp:attachment":[{"href":"https:\/\/www.livefooty.net\/pt\/wp-json\/wp\/v2\/media?parent=1333"}],"curies":[{"name":"wp","href":"https:\/\/api.w.org\/{rel}","templated":true}]}}