{"id":1308,"date":"2023-08-18T09:26:11","date_gmt":"2023-08-18T09:26:11","guid":{"rendered":"https:\/\/www.livefooty.net\/?page_id=1308"},"modified":"2023-09-19T10:54:22","modified_gmt":"2023-09-19T10:54:22","slug":"corrida-de-cavalos-epsom","status":"publish","type":"page","link":"https:\/\/www.livefooty.net\/pt\/corrida-de-cavalos-epsom\/","title":{"rendered":"Corrida de cavalos Epsom"},"content":{"rendered":"<p> <b><a href=\"https:\/\/www.livehorseracingonline.com\" target=\"_blank\" rel=\"noopener\">Assista a todas as corridas de cavalos do Epsom Live<\/a><\/b> <br><\/p>\n\n\n\n<p> Epsom, mundialmente famoso pelo Derby que \u00e9 disputado em junho de cada ano, o Derby come\u00e7ou em 1779. O percurso de Epsom Downs em si \u00e9 um formato de U para canhotos bastante padr\u00e3o de 1 milha e 4 est\u00e1dios de comprimento. Al\u00e9m disso, h\u00e1 esporas para corridas de 5, 6 e 7 est\u00e1dios. <br><\/p>\n\n\n\n<!--more-->\n\n\n\n<h3 class=\"wp-block-heading\">Mais sobre o Derby<\/h3>\n\n\n\n<p>\n\tConhecida internacionalmente como Epsom Derby, mas mais coloquialmente como The Derby ou The Derby Stakes, esta \u00e9 uma corrida plana que percorre mais de 1 milha, 4 est\u00e1dios e 10 jardas. Acontece em Epsom Downs todos os anos no primeiro s\u00e1bado de junho e \u00e9 a maior e mais rica corrida de cavalos do Reino Unido. Os vencedores anteriores ganharam nos \u00faltimos anos pr\u00eamios de at\u00e9 \u00a3 700.000,00 e o valor do Aurhorized, o 2007 disparou para incrivelmente \u00a3 10 milh\u00f5es em taxas de reprodu\u00e7\u00e3o.\n\t<br><\/p>\n\n\n\n<p>\nO Epsom Derby ocorreu pela primeira vez em 4 de maio de 1780 e foi nomeado em homenagem ao anfitri\u00e3o da festa em que a ideia inicial da corrida foi concebida, Edward Smith-Stanley, o 12\u00ba Conde de Derby, embora ele pr\u00f3prio n\u00e3o tenha obtido sucesso. com um de seus pr\u00f3prios cavalos at\u00e9 1787. Desde que assumiu seu lugar no calend\u00e1rio de corridas de cavalos, o Derby tornou-se uma inspira\u00e7\u00e3o indiscut\u00edvel para muitas outras corridas de cavalos ao redor do mundo, incluindo o Irish Derby, o conhecido Kentucky Derby, o Victoria Derby e o Prix du Jockey Club (O Derby Franc\u00eas).\n<br><\/p>\n\n\n\n<p>\nAs corridas de teste para cavalos considerados com maior probabilidade de competir s\u00e3o realizadas durante abril e maio, e isso provou ser um grande sucesso na demonstra\u00e7\u00e3o de potenciais vencedores para os anos futuros.\n<br><\/p>\n\n\n\n<p>\nMuitos nomes famosos est\u00e3o associados \u00e0 longa e ilustre hist\u00f3ria do Epsom Derby, sendo o mais not\u00e1vel o j\u00f3quei Lester Piggott que montou nada menos que 9 vencedores em sua carreira entre os anos de 1954 e 1983. Entre os treinadores \u00e9 necess\u00e1rio voltar atr\u00e1s nas \u00faltimas gl\u00f3rias da corrida para encontrar aqueles que t\u00eam 7 vit\u00f3rias em seu nome, entre eles Robert Robson, John Porter e, mais recentemente, Fred Darling com seu \u00faltimo vencedor Owen Tudor em 1941. Mas quando se trata de cavalos que venceram nesta mais ilustre das ra\u00e7as, o nome Shergar sempre se destacar\u00e1, n\u00e3o apenas por seu extraordin\u00e1rio recorde de margem de vit\u00f3ria de 10 comprimentos em 1981, mas por seu infame sequestro do Irish Ballymany Stud no Condado de Kildare, nas m\u00e3os de homens armados mascarados em 1983. Ele nunca foi encontrado.\n\t<\/p>","protected":false},"excerpt":{"rendered":"<p>Watch Every Horse Race From Epsom Live Epsom, world famous for the Derby which is ran in June each year, the Derby started in 1779. The Epsom Downs course itself is a fairly standard left handed u-shape of 1 mile and 4 furlongs in length. In addition to the this there are spurs for 5, [&hellip;]<\/p>","protected":false},"author":1,"featured_media":0,"parent":0,"menu_order":0,"comment_status":"closed","ping_status":"closed","template":"","meta":{"footnotes":""},"class_list":["post-1308","page","type-page","status-publish","hentry"],"_links":{"self":[{"href":"https:\/\/www.livefooty.net\/pt\/wp-json\/wp\/v2\/pages\/1308","targetHints":{"allow":["GET"]}}],"collection":[{"href":"https:\/\/www.livefooty.net\/pt\/wp-json\/wp\/v2\/pages"}],"about":[{"href":"https:\/\/www.livefooty.net\/pt\/wp-json\/wp\/v2\/types\/page"}],"author":[{"embeddable":true,"href":"https:\/\/www.livefooty.net\/pt\/wp-json\/wp\/v2\/users\/1"}],"replies":[{"embeddable":true,"href":"https:\/\/www.livefooty.net\/pt\/wp-json\/wp\/v2\/comments?post=1308"}],"version-history":[{"count":0,"href":"https:\/\/www.livefooty.net\/pt\/wp-json\/wp\/v2\/pages\/1308\/revisions"}],"wp:attachment":[{"href":"https:\/\/www.livefooty.net\/pt\/wp-json\/wp\/v2\/media?parent=1308"}],"curies":[{"name":"wp","href":"https:\/\/api.w.org\/{rel}","templated":true}]}}