{"id":1260,"date":"2023-08-18T08:28:30","date_gmt":"2023-08-18T08:28:30","guid":{"rendered":"https:\/\/www.livefooty.net\/?page_id=1260"},"modified":"2023-09-19T10:55:07","modified_gmt":"2023-09-19T10:55:07","slug":"juridico","status":"publish","type":"page","link":"https:\/\/www.livefooty.net\/pt\/juridico\/","title":{"rendered":"Jur\u00eddico"},"content":{"rendered":"<h2 class=\"wp-block-heading\">Notifica\u00e7\u00f5es de suposto conte\u00fado ilegal<\/h2>\n\n\n\n<p> O site livefooty.net \u00e9 simplesmente uma fonte de informa\u00e7\u00e3o online relacionada a todos os aspectos do esporte. Somos principalmente f\u00e3s de esportes que gostam de escrever sobre esporte. O conte\u00fado do nosso site vem de v\u00e1rios escritores e fontes de dados de terceiros. As fontes de dados incluem, mas n\u00e3o est\u00e3o limitadas a football-api.com e Bet365 Live Odds Feed. N\u00e3o oferecemos nenhuma garantia impl\u00edcita ou expl\u00edcita em termos da precis\u00e3o das informa\u00e7\u00f5es contidas em livefooty.net. Algumas dessas informa\u00e7\u00f5es podem conter links para conte\u00fados localizados em servidores de terceiros. livefooty.net n\u00e3o hospeda nem transmite qualquer conte\u00fado audiovisual, incorpora conscientemente conte\u00fado audiovisual ilegal, nem vincula diretamente a fontes de terceiros de conte\u00fado audiovisual e n\u00e3o controla nem influencia tal conte\u00fado. livefooty.net n\u00e3o pode aceitar qualquer responsabilidade pelo conte\u00fado transmitido por terceiros. Qualquer responsabilidade por este conte\u00fado cabe a quem o hospeda ou transmite. O livefooty.net tamb\u00e9m n\u00e3o pode assumir responsabilidade pelos visitantes do site livefooty.net. \u00c9 responsabilidade de cada visitante garantir que cumpra integralmente suas pr\u00f3prias leis locais, nacionais ou estaduais. <\/p>\n\n\n\n<!--more-->\n\n\n\n<p>\nEmbora livefooty.net n\u00e3o possa monitorar ativamente nem assumir responsabilidade pelo conte\u00fado transmitido atrav\u00e9s de sites de terceiros, est\u00e1 disposto a tomar medidas para remover links para conte\u00fado ilegal ou conte\u00fado ilegal incorporado ap\u00f3s receber a notifica\u00e7\u00e3o adequada. livefooty.net remover\u00e1 quaisquer links para conte\u00fado ilegal de seu site, desde que as seguintes informa\u00e7\u00f5es sejam fornecidas: -\n<\/p>\n\n\n\n<p>\n1. Identidade do conte\u00fado que voc\u00ea afirma ser ilegal e os motivos da ilegalidade. Exemplos de conte\u00fado ilegal s\u00e3o, sem limita\u00e7\u00e3o: linguagem ofensiva, caluniosa ou abusiva, publica\u00e7\u00f5es ilegais, viola\u00e7\u00e3o de privacidade ou direitos morais, viola\u00e7\u00e3o de direitos de propriedade intelectual, transmiss\u00e3o de segredos comerciais, know-how ou informa\u00e7\u00f5es secretas, informa\u00e7\u00f5es sexuais ou abusivas de crian\u00e7as ou informa\u00e7\u00f5es de outra forma ilegais;\n<br>\n2. Identifica\u00e7\u00e3o da localiza\u00e7\u00e3o do conte\u00fado que voc\u00ea afirma ser ilegal, incluindo, no m\u00ednimo, o URL exato da p\u00e1gina web, a data e hora em que voc\u00ea identificou o suposto conte\u00fado ilegal e uma captura de tela da p\u00e1gina web, exibindo o suposto conte\u00fado ilegal ;\n<br>\n3. Identifica\u00e7\u00e3o da localiza\u00e7\u00e3o do link para o conte\u00fado que voc\u00ea afirma ser ilegal, incluindo, no m\u00ednimo, o URL exato da p\u00e1gina web na qual o link \u00e9 exibido e a data e hora em que voc\u00ea identificou o link para o suposto conte\u00fado ilegal ;\n<br>\n4. Seus dados de contato\n<br>\n5. Uma declara\u00e7\u00e3o na qual voc\u00ea declara:\n<br><br>\n    * que voc\u00ea acredita de boa f\u00e9 que o uso contestado do conte\u00fado n\u00e3o foi autorizado pelo propriet\u00e1rio ou seu agente;\n<br>\n    * que o uso contestado n\u00e3o \u00e9 permitido por lei;\n<br>\n    * que voc\u00ea intimou o propriet\u00e1rio do site que supostamente hospeda, fornece ou transmite o conte\u00fado ilegal para cessar sua atividade ilegal ou, se n\u00e3o for poss\u00edvel, por que voc\u00ea n\u00e3o conseguiu entrar em contato diretamente com esse propriet\u00e1rio; \n<br>\n    * que as informa\u00e7\u00f5es contidas na notifica\u00e7\u00e3o s\u00e3o precisas e, sob pena de perj\u00fario, que voc\u00ea est\u00e1 autorizado a agir em nome do propriet\u00e1rio de um direito que supostamente foi infringido ou de outra forma abusado;\n<br>\n    * que voc\u00ea indenize o livefooty.net, todas as suas afiliadas e seus respectivos executivos, diretores, funcion\u00e1rios, agentes e sucessores de todas e quaisquer reivindica\u00e7\u00f5es, perdas, custos e despesas, danos, penalidades e responsabilidades incorridas pelo livefooty.net como resultado do aviso; e\n<br>\n    * que voc\u00ea concorda que o aviso, bem como todas as disputas decorrentes ou relacionadas a ele, ser\u00e3o regidos pelas leis da Ilha de Man.\n<br><\/p>\n\n\n\n<p> Ao receber um aviso que esteja em conformidade com o acima exposto, livefooty.net remover\u00e1 imediatamente o link identificado de seu site. Por favor, envie quaisquer avisos para o endere\u00e7o de e-mail:  <br> <b>info@livefooty.net<\/b> <br> <\/p>\n\n\n\n<p>\n<b>E se o problema for com conte\u00fado sem link (ou seja, texto\/imagem) contido em uma p\u00e1gina do livefooty.net?<\/b> - Se voc\u00ea tiver qualquer problema relacionado a qualquer conte\u00fado do site livefooty.net, informe-nos (info@livefooty.net). Explicaremos a voc\u00ea por que consideramos o conte\u00fado correto ou, se concordarmos com sua posi\u00e7\u00e3o, alteraremos\/removeremos o conte\u00fado conforme necess\u00e1rio.\n<br><\/p>\n\n\n\n<p> \u00daltima atualiza\u00e7\u00e3o em 18\/08\/2023 <\/p>","protected":false},"excerpt":{"rendered":"<p>Notifica\u00e7\u00f5es de conte\u00fados alegadamente ilegais O s\u00edtio Web livefooty.net \u00e9 simplesmente uma fonte de informa\u00e7\u00e3o em linha relacionada com todos os aspectos do desporto. O conte\u00fado do nosso s\u00edtio Web prov\u00e9m de v\u00e1rios redactores e de fontes de dados de terceiros, incluindo, mas n\u00e3o se limitando a [...]<\/p>","protected":false},"author":1,"featured_media":0,"parent":0,"menu_order":0,"comment_status":"closed","ping_status":"closed","template":"","meta":{"footnotes":""},"class_list":["post-1260","page","type-page","status-publish","hentry"],"_links":{"self":[{"href":"https:\/\/www.livefooty.net\/pt\/wp-json\/wp\/v2\/pages\/1260","targetHints":{"allow":["GET"]}}],"collection":[{"href":"https:\/\/www.livefooty.net\/pt\/wp-json\/wp\/v2\/pages"}],"about":[{"href":"https:\/\/www.livefooty.net\/pt\/wp-json\/wp\/v2\/types\/page"}],"author":[{"embeddable":true,"href":"https:\/\/www.livefooty.net\/pt\/wp-json\/wp\/v2\/users\/1"}],"replies":[{"embeddable":true,"href":"https:\/\/www.livefooty.net\/pt\/wp-json\/wp\/v2\/comments?post=1260"}],"version-history":[{"count":0,"href":"https:\/\/www.livefooty.net\/pt\/wp-json\/wp\/v2\/pages\/1260\/revisions"}],"wp:attachment":[{"href":"https:\/\/www.livefooty.net\/pt\/wp-json\/wp\/v2\/media?parent=1260"}],"curies":[{"name":"wp","href":"https:\/\/api.w.org\/{rel}","templated":true}]}}