{"id":1225,"date":"2023-08-06T11:06:55","date_gmt":"2023-08-06T11:06:55","guid":{"rendered":"https:\/\/www.livefooty.net\/?page_id=1225"},"modified":"2023-09-19T10:56:48","modified_gmt":"2023-09-19T10:56:48","slug":"corridas-de-cavalos-ao-vivo-online","status":"publish","type":"page","link":"https:\/\/www.livefooty.net\/pt\/corridas-de-cavalos-ao-vivo-online\/","title":{"rendered":"Corridas de Cavalos Online ao Vivo \u2013 Transmiss\u00f5es ao Vivo"},"content":{"rendered":"<h2 class=\"wp-block-heading\">Corrida de Cavalos Online ao Vivo \u2013 Calend\u00e1rio de Corridas<\/h2>\n\n\n\n<center>\n<b><a href=\"\/WilliamHill.php\" rel=\"nofollow\" onclick=\"window.open('https:\/\/sports.williamhill.com\/betting\/en-gb\/horse-racing\/meetings')\">Assista corridas de cavalos ao vivo online!<\/a><\/b>\n<\/center>\n\n\n\n<p> <b>Corrida de cavalo<\/b> \u00e9 um dos esportes mais antigos do mundo, que remonta \u00e0 \u00e9poca romana e \u00e0s corridas de bigas. Nos tempos modernos, s\u00e3o poucos os pa\u00edses que n\u00e3o t\u00eam um grande evento de corridas de cavalos que capte a imagina\u00e7\u00e3o da popula\u00e7\u00e3o em geral. Algumas das corridas de cavalos e eventos mais famosos incluem o <b>Grande Nacional<\/b>, <b>O Kentucky Derby<\/b>, <b>Estacas Belmont<\/b>, <b>Pr\u00eamio do Arco do Triunfo<\/b>, <b>Royal Ascot<\/b>, <b>O Grande Nacional Irland\u00eas<\/b>, <b>Copa do Mundo de Dubai<\/b> e a <b>Copa Melbourne<\/b>. Claro que existem muitos mais, isso \u00e9 apenas uma lista que est\u00e1 no topo da minha cabe\u00e7a. <\/p>\n\n\n\n<!--more-->\n\n\n\n<p>\n\tCorridas de cavalos sempre foram sin\u00f4nimo de jogos de azar e \u00e9 o jogo que impulsionou as corridas de cavalos ao longo dos anos. Al\u00e9m dessas corridas muito conhecidas, h\u00e1 dezenas de corridas de cavalos em todo o mundo todos os dias. As corridas de cavalos s\u00e3o uma ind\u00fastria que injeta milh\u00f5es nas economias de muitos pa\u00edses e h\u00e1 at\u00e9 jogadores profissionais que podem ganhar a vida a tempo inteiro apostando em corridas de cavalos. Por outro lado, muitas pessoas simplesmente gostam do desafio de tentar prever um vencedor com base no estudo das estat\u00edsticas dos corredores. Quer voc\u00ea seja um apostador anual de \u00a3 5 ou um jogador profissional, o verdadeiro prazer \u00e9 assistir \u00e0 corrida ao vivo. O problema \u00e9 que muitas dessas corridas de cavalos acontecem em hor\u00e1rios em que as pessoas n\u00e3o t\u00eam a oportunidade de assisti-las, seja isso ou porque exigem assinaturas de TV caras para assisti-las. Pensando nisso, compilamos uma lista de <b>Corridas de cavalos que est\u00e3o sendo transmitidas ao vivo online<\/b>.\n\t<br><\/p>\n\n\n\n<h2 class=\"wp-block-heading\">\n\tPrograma\u00e7\u00e3o de corridas de cavalos ao vivo de hoje\n\t<\/h2>\n\n\n\n<p> Todos os <b>corridas de cavalo<\/b> abaixo ser\u00e1 transmitido ao vivo on-line em um formato que pode ser visualizado em Mac e PC. Para se inscrever para assistir a qualquer uma dessas corridas ao vivo, por favor <a onclick=\"window.open('https:\/\/sports.williamhill.com\/betting\/en-gb\/horse-racing\/meetings')\" href=\"\/WilliamHill.php\" rel=\"nofollow\">Clique aqui<\/a>. <\/p>\n\n\n\n<p>[scu name=&#8221;betfair-racing&#8221;]<br><\/p>\n\n\n\n<h2 class=\"wp-block-heading\">As 3 corridas de cavalos mais importantes do Reino Unido<\/h2>\n\n\n\n<h2 class=\"wp-block-heading\">O Grande Nacional<\/h2>\n\n\n\n<p> Em termos de pr\u00eamios em dinheiro, <b>o Grand National \u00e9 a corrida de cavalos National Hunt mais valiosa do Reino Unido<\/b>. Corra uma dist\u00e2ncia de 4 milhas e 856 jardas, cobrindo 2 circuitos do <a href=\"https:\/\/www.livefooty.net\/pt\/corrida-de-cavalos-de-aintree\/\" title=\"\">Hip\u00f3dromo Nacional de Aintree<\/a>, foi fundada por William Philip Molyneux, dono do terreno em Aintree, em Liverpool, e embora haja algum debate hist\u00f3rico sobre quando a primeira Grande Corrida Nacional foi realmente realizada, a opini\u00e3o se estabeleceu para 1836, embora os anos 1836-1838 n\u00e3o aparecem nos livros de recordes porque se acreditava originalmente que as corridas realizadas em 1837 e 1838 ocorreram em outro lugar. <br><\/p>\n\n\n\n<p>\nV\u00e1rias ocorr\u00eancias not\u00e1veis ocorreram em 1839 que contribu\u00edram para que esta corrida fosse vista sob uma luz de maior import\u00e2ncia nacional. A Grande Persegui\u00e7\u00e3o de Saint Alban, que anteriormente ocorrera em uma data que colidia com a reuni\u00e3o de Aintree, n\u00e3o foi renovada depois de 1838, deixando uma data no calend\u00e1rio das corridas de cavalos que precisava ser preenchida. Naquela \u00e9poca, as ferrovias nacionais chegaram a Liverpool, tornando o transporte e a log\u00edstica muito mais f\u00e1ceis de organizar e permitindo viagens de e para reuni\u00f5es em todo o pa\u00eds, e um comit\u00ea foi formado naquele ano para melhor organizar e promover as corridas em Aintree. Com o advento da aten\u00e7\u00e3o e publicidade nacional, a corrida rapidamente atraiu um campo maior de cavalos e cavaleiros de qualidade, e a aten\u00e7\u00e3o da m\u00eddia encorajou um n\u00famero maior de participantes. Portanto, 1839 tornou-se o primeiro Grand National oficial.\n<br><\/p>\n\n\n\n<p>\nHoje, esta corrida \u00e9 incrivelmente popular entre aqueles que de outra forma nunca poderiam apostar em qualquer outro evento desportivo, e construiu uma reputa\u00e7\u00e3o de excita\u00e7\u00e3o e perigo que foi imortalizada nos filmes &#039;National Velvet&#039; e &#039;Champions&#039;. Nomes lend\u00e1rios andam de m\u00e3os dadas com a hist\u00f3ria do <b>Grande Nacional<\/b>, ningu\u00e9m mais do que Red Rum, o \u00fanico cavalo que j\u00e1 venceu a corrida 3 vezes. Ap\u00f3s sua morte, a grande fera foi sepultada ao lado do posto de chegada em Aintree.\n<br><\/p>\n\n\n\n<p>\nHouve mais de cinquenta mortes de equinos na hist\u00f3ria do Grand National, quatro delas ocorrendo em 1954, e a cada ano isso gera pol\u00eamica e tamb\u00e9m discuss\u00e3o. Com a sua infame s\u00e9rie de cercas severas que incluem Becher&#039;s Brook e The Chair, esta \u00e9 uma corrida que testa at\u00e9 os melhores j\u00f3queis e h\u00e1 muitos pilotos famosos para quem a vit\u00f3ria se revelou dif\u00edcil.\n<br><br><\/p>\n\n\n\n<h2 class=\"wp-block-heading\"><a href=\"https:\/\/www.livefooty.net\/pt\/festival-de-cheltenham\/\" title=\"\">A Copa Ouro de Cheltenham<\/a><\/h2>\n\n\n\n<p>\nEste estimado evento Blue Riband \u00e9 realizado no aut\u00f3dromo de Cheltenham, no Reino Unido, durante o evento anual <b>Festival de Cheltenham<\/b> em mar\u00e7o. Sendo a corrida sem handicap mais valiosa do pa\u00eds, a <b>Ta\u00e7a Ouro de Cheltenham<\/b> \u00e9 considerado o mais prestigiado do calend\u00e1rio Nation Hunt. Abrange 3 milhas e 2 1\/2 est\u00e1dios ao longo de 22 cercas.\n<br><\/p>\n\n\n\n<p>\nEra originalmente conhecida como corrida plana quando o primeiro evento ocorreu em 1819 em um local que atualmente tem vista para o aut\u00f3dromo atual. Por\u00e9m, em 1924 ocorreu com saltos no que hoje \u00e9 conhecido como &#039;Old Course&#039;, mas foi ofuscado naquela \u00e9poca por outros eventos do Festival de Cheltenham. Golden Miller, que tamb\u00e9m venceu o Grand National em 1934, foi o cavalo vencedor de maior sucesso na hist\u00f3ria da Cheltenham Gold Cup, ganhando cinco pr\u00eamios consecutivos entre 1932 e 1936.\n<br><\/p>\n\n\n\n<p>\nEm 1959 a prova foi transferida para o &#039;Novo Percurso&#039; e a\u00ed permaneceu. Talvez o nome mais famoso associado \u00e0 Cheltenham Gold Cup seja o de Arkle, o cavalo que venceu tr\u00eas vezes consecutivas em 1964, 1965 e 1966. Sua superioridade foi t\u00e3o surpreendente que ele se tornou o vencedor com menor pre\u00e7o na hist\u00f3ria da a corrida em 1\/10, o que significava que uma aposta vencedora de? 10 teria ganho apenas? 1. O pre\u00e7o mais longo j\u00e1 ganho foi 100\/1 na moeda de ouro em 1990.\n<br><\/p>\n\n\n\n<p>\nA maior conquista associada \u00e0 Cheltenham Gold Cup pertence ao treinador Michael Dickinson em 1983, que se orgulhava de ter treinado n\u00e3o apenas o vencedor, mas tamb\u00e9m os outros quatro cavalos que o seguiram como segundo, terceiro, quarto e quinto!\n<br><\/p>\n\n\n\n<p>\nInfelizmente, a Cheltenham Gold Cup e todo o Cheltenham Festival tiveram de ser cancelados em 2001 devido \u00e0s restri\u00e7\u00f5es em vigor devido a um surto de febre aftosa. Ele foi substitu\u00eddo pelo Gold Trophy Chase no final do ano em Sandown, mas faltava a aura que a Cheltenham Gold Cup normalmente gera.\n<br><br><\/p>\n\n\n\n<h2 class=\"wp-block-heading\"><a href=\"https:\/\/www.livefooty.net\/pt\/corrida-de-cavalos-epsom\/\" title=\"\">O Epsom Derby<\/a><\/h2>\n\n\n\n<p>\nConhecido internacionalmente como o <b>Epsom Derby<\/b> mas mais coloquialmente como <b>O Derby ou The Derby Stakes<\/b>, esta \u00e9 uma corrida plana com dura\u00e7\u00e3o de 1 milha, 4 est\u00e1dios e 10 jardas. Acontece em Epsom Downs todos os anos no primeiro s\u00e1bado de junho e \u00e9 a maior e mais rica corrida de cavalos do Reino Unido. Os vencedores anteriores ganharam nos \u00faltimos anos pr\u00eamios de at\u00e9 \u00a3 700.000,00 e o valor do Aurhorized, de 2007, disparou para incrivelmente \u00a3 10 milh\u00f5es em taxas de reprodu\u00e7\u00e3o.\n<br><\/p>\n\n\n\n<p>\nO Epsom Derby ocorreu pela primeira vez em 4 de maio de 1780 e foi nomeado em homenagem ao anfitri\u00e3o da festa em que a ideia inicial da corrida foi concebida, Edward Smith-Stanley, o 12\u00ba Conde de Derby, embora ele pr\u00f3prio n\u00e3o tenha obtido sucesso. com um de seus pr\u00f3prios cavalos at\u00e9 1787. Desde que assumiu seu lugar no calend\u00e1rio de corridas de cavalos, o Derby tornou-se uma inspira\u00e7\u00e3o indiscut\u00edvel para muitas outras corridas de cavalos ao redor do mundo, incluindo o Irish Derby, o conhecido Kentucky Derby, o Victoria Derby e o Prix du Jockey Club (O Derby Franc\u00eas).\n<br><\/p>\n\n\n\n<p>\nAs corridas de teste para cavalos considerados com maior probabilidade de competir s\u00e3o realizadas durante abril e maio, e isso provou ser um grande sucesso na demonstra\u00e7\u00e3o de potenciais vencedores para os anos futuros.\n<br><\/p>\n\n\n\n<p>\nMuitos nomes famosos est\u00e3o associados \u00e0 longa e ilustre hist\u00f3ria do <b>Epsom Derby<\/b>, sendo o mais not\u00e1vel de todos o j\u00f3quei Lester Piggott, que montou nada menos que 9 vencedores em sua carreira entre os anos de 1954 e 1983. Entre os treinadores, \u00e9 necess\u00e1rio voltar muito atr\u00e1s nas gl\u00f3rias passadas da corrida para encontrar aqueles que t\u00eam 7 vit\u00f3rias. ao seu nome, entre eles Robert Robson, John Porter e, mais recentemente, Fred Darling com seu \u00faltimo vencedor Owen Tudor em 1941. Mas quando se trata de cavalos que venceram esta mais ilustre das corridas, o nome Shergar sempre se destacar\u00e1, n\u00e3o apenas por sua extraordin\u00e1ria margem de vit\u00f3ria recorde de 10 comprimentos em 1981, mas por seu infame sequestro do Irish Ballymany Stud no condado de Kildare, nas m\u00e3os de homens armados mascarados em 1983. Ele nunca foi encontrado.\n<br><\/p>\n\n\n\n<p>\nO percurso em que o Epsom Derby \u00e9 disputado \u00e9 em si bastante \u00fanico. Cheio de voltas, reviravoltas, quedas e subidas ao longo de toda a sua extens\u00e3o, \u00e9 considerado o teste final tanto para a resist\u00eancia do cavalo de corrida quanto para a habilidade de j\u00f3quei. Embora para aqueles que v\u00eam assistir ao espet\u00e1culo, ele \u00e9 mundialmente conhecido por exibir eloquentemente todas as camadas de classe social reunidas e gera uma atmosfera de festa que outros locais de corrida certamente t\u00eam dificuldade em imitar.\n<\/p>\n\n\n\n<p><\/p>\n\n\n\n<h2 class=\"wp-block-heading\">Assista tudo isso e muito mais corridas de cavalos ao vivo online<\/h2>\n\n\n\n<p>\n<b><a href=\"https:\/\/www.livehorseracingonline.com\" target=\"_blank\" rel=\"noopener\">Corrida de cavalos ao vivo on-line<\/a><\/b> adiciona um mundo de possibilidades ao cen\u00e1rio de apostas nas corridas, como seria de esperar de v\u00e1rias casas de apostas <b>transmita essas principais corridas de cavalos<\/b> al\u00e9m de muitas outras reuni\u00f5es menores diariamente ao vivo pela Internet. Com tantos <b>transmiss\u00f5es de corridas de cavalos ao vivo<\/b> dispon\u00edvel, n\u00e3o h\u00e1 desculpa para perder a corrida de cavalos que voc\u00ea procura.\t\n<\/p>","protected":false},"excerpt":{"rendered":"<p>Live Horse Racing Online &#8211; Race Schedule Watch Live Horse Racing Online! Horse Racing is one of the oldest sports in the world, dating all the way back to Roman times and Chariot races. In modern times there&#8217;s very few countries that don&#8217;t have a major horse racing event that captures the imagination of the [&hellip;]<\/p>","protected":false},"author":1,"featured_media":0,"parent":0,"menu_order":0,"comment_status":"closed","ping_status":"closed","template":"","meta":{"footnotes":""},"class_list":["post-1225","page","type-page","status-publish","hentry"],"_links":{"self":[{"href":"https:\/\/www.livefooty.net\/pt\/wp-json\/wp\/v2\/pages\/1225","targetHints":{"allow":["GET"]}}],"collection":[{"href":"https:\/\/www.livefooty.net\/pt\/wp-json\/wp\/v2\/pages"}],"about":[{"href":"https:\/\/www.livefooty.net\/pt\/wp-json\/wp\/v2\/types\/page"}],"author":[{"embeddable":true,"href":"https:\/\/www.livefooty.net\/pt\/wp-json\/wp\/v2\/users\/1"}],"replies":[{"embeddable":true,"href":"https:\/\/www.livefooty.net\/pt\/wp-json\/wp\/v2\/comments?post=1225"}],"version-history":[{"count":0,"href":"https:\/\/www.livefooty.net\/pt\/wp-json\/wp\/v2\/pages\/1225\/revisions"}],"wp:attachment":[{"href":"https:\/\/www.livefooty.net\/pt\/wp-json\/wp\/v2\/media?parent=1225"}],"curies":[{"name":"wp","href":"https:\/\/api.w.org\/{rel}","templated":true}]}}