{"id":1222,"date":"2023-08-06T10:57:49","date_gmt":"2023-08-06T10:57:49","guid":{"rendered":"https:\/\/www.livefooty.net\/?page_id=1222"},"modified":"2023-09-19T11:01:24","modified_gmt":"2023-09-19T11:01:24","slug":"horarios-de-todos-os-desportos-ao-vivo-online","status":"publish","type":"page","link":"https:\/\/www.livefooty.net\/pt\/horarios-de-todos-os-desportos-ao-vivo-online\/","title":{"rendered":"Hor\u00e1rios de hoje - Todos os desportos em direto online"},"content":{"rendered":"<h2 class=\"wp-block-heading\">Transmiss\u00f5es desportivas em direto de hoje<\/h2>\n\n\n\n<p> As casas de apostas e outros s\u00edtios Web desportivos d\u00e3o acesso a <b>transmiss\u00f5es desportivas em direto<\/b> de eventos que t\u00eam lugar em todo o mundo.  Para al\u00e9m dos sempre populares jogos de futebol, existem muitos outros desportos cobertos, incluindo grandes torneios de golfe, t\u00e9nis, r\u00e2guebi, desportos motorizados e muito mais.  As casas de apostas tornam muito f\u00e1cil assistir a muito mais desporto ao vivo. <\/p>\n\n\n\n<!--more-->\n\n\n\n<p><br><\/p>\n\n\n\n<p>\n\tComo as velocidades da Internet s\u00f3 melhoram, penso que a cobertura que podemos esperar tamb\u00e9m melhorar\u00e1.  Dito isto, a qualidade das transmiss\u00f5es \u00e9 muito boa, mesmo em televisores de ecr\u00e3 grande.\n\tAssim, a desfocagem e as velocidades de fotogramas inst\u00e1veis j\u00e1 n\u00e3o s\u00e3o desculpa para n\u00e3o ver desporto em direto na Internet.\n\t<br><br><\/p>\n\n\n<p>[scu name=\"roja-schedule\"]<\/p>\n\n\n\n<h2 class=\"wp-block-heading\">\n\tFutebol em direto com as casas de apostas (hora atual do Reino Unido)\n\t<\/h2>\n\n\n<p>[scu name=\"betfair-football\"]<\/p>\n\n\n\n<p>\n\tTodas as liga\u00e7\u00f5es acima remetem para s\u00edtios Web de terceiros que acreditamos estarem a exibir o evento espec\u00edfico <b>ou<\/b> desporto mencionado.  No entanto, alguns eventos n\u00e3o ser\u00e3o <a href=\"https:\/\/www.livefooty.net\/VPN.php\" target=\"_blank\" rel=\"nofollow noopener\">dispon\u00edvel em todos os pa\u00edses<\/a>lamento o sucedido. Se estiver interessado\n\tem assistir a corridas de cavalos ao vivo online, coloc\u00e1mo-las numa sec\u00e7\u00e3o separada, basta seguir a liga\u00e7\u00e3o para assistir a corridas de cavalos ao vivo online.\n\t<\/p>","protected":false},"excerpt":{"rendered":"<p>Hoje em dia, as transmiss\u00f5es desportivas em direto As casas de apostas e outros s\u00edtios Web desportivos d\u00e3o acesso a transmiss\u00f5es desportivas em direto de eventos que t\u00eam lugar em todo o mundo. Para al\u00e9m dos sempre populares jogos de futebol, existem muitos outros desportos, incluindo grandes torneios de golfe, t\u00e9nis, r\u00e2guebi, desportos motorizados e muito mais. As casas de apostas fazem [...]<\/p>","protected":false},"author":1,"featured_media":0,"parent":0,"menu_order":0,"comment_status":"closed","ping_status":"closed","template":"","meta":{"footnotes":""},"class_list":["post-1222","page","type-page","status-publish","hentry"],"_links":{"self":[{"href":"https:\/\/www.livefooty.net\/pt\/wp-json\/wp\/v2\/pages\/1222","targetHints":{"allow":["GET"]}}],"collection":[{"href":"https:\/\/www.livefooty.net\/pt\/wp-json\/wp\/v2\/pages"}],"about":[{"href":"https:\/\/www.livefooty.net\/pt\/wp-json\/wp\/v2\/types\/page"}],"author":[{"embeddable":true,"href":"https:\/\/www.livefooty.net\/pt\/wp-json\/wp\/v2\/users\/1"}],"replies":[{"embeddable":true,"href":"https:\/\/www.livefooty.net\/pt\/wp-json\/wp\/v2\/comments?post=1222"}],"version-history":[{"count":0,"href":"https:\/\/www.livefooty.net\/pt\/wp-json\/wp\/v2\/pages\/1222\/revisions"}],"wp:attachment":[{"href":"https:\/\/www.livefooty.net\/pt\/wp-json\/wp\/v2\/media?parent=1222"}],"curies":[{"name":"wp","href":"https:\/\/api.w.org\/{rel}","templated":true}]}}