{"id":1220,"date":"2023-08-06T10:53:16","date_gmt":"2023-08-06T10:53:16","guid":{"rendered":"https:\/\/www.livefooty.net\/?page_id=1220"},"modified":"2023-09-19T10:59:20","modified_gmt":"2023-09-19T10:59:20","slug":"ppstream-live-streams","status":"publish","type":"page","link":"https:\/\/www.livefooty.net\/pt\/ppstream-live-streams\/","title":{"rendered":"Transmiss\u00f5es ao vivo PPStream"},"content":{"rendered":"<h2 class=\"wp-block-heading\">Software de streaming PPStream<\/h2>\n\n\n\n<p> A qualidade dos streams dispon\u00edveis atrav\u00e9s <b>PPStream<\/b> \u00e9 ainda melhor do que o SOPCast e o TVants, os canais s\u00e3o encontrados rapidamente e a maior parte dos utilizadores do PPStream consegue obter uma imagem est\u00e1vel numa quest\u00e3o de minutos. A interface s\u00f3 est\u00e1 dispon\u00edvel em chin\u00eas e os streams s\u00e3o reproduzidos numa vers\u00e3o incorporada do leitor multim\u00e9dia ou, se conseguir resolver a op\u00e7\u00e3o de menu, num leitor multim\u00e9dia independente.  Esta abordagem tudo-em-um torna este software muito f\u00e1cil de utilizar, sendo uma aplica\u00e7\u00e3o muito \u00fatil que lhe permite ver futebol em direto na Web. O PPStream disp\u00f5e de uma vasta gama de canais que transmitem todos os tipos de futebol em direto, incluindo jogos nacionais e internacionais de todo o mundo. Alguns dos canais dispon\u00edveis atrav\u00e9s de <b>PPStream apresenta coment\u00e1rios em ingl\u00eas<\/b>. <\/p>\n\n\n\n<!--more-->\n\n\n\n<p>\n\tPPStream est\u00e1 dispon\u00edvel para download aqui, embora voc\u00ea precise ser paciente: \u2013\n\t<br><\/p>\n\n\n\n<center>\n\t<a href=\"https:\/\/www.ppstream.com\/bin\/ppstreamsetup.exe\" target=\"_blank\" rel=\"noopener\">Baixar PPStream<\/a>\n\t<\/center>\n\n\n\n<p>\n\tO PPStream possui uma lista integrada de canais que torna a navega\u00e7\u00e3o pelos canais muito f\u00e1cil. Se voc\u00ea estiver tendo dificuldades para encontrar o que procura, experimente um dos muitos sites de listagens de futebol ao vivo na web.\n\t<\/p>","protected":false},"excerpt":{"rendered":"<p>PPStream Streaming Software The quality of streams available through PPStream is even better than SOPCast and TVants, channels are found quickly and a steady picture is available for most PPStream users in a matter of minutes. The interface is only available in Chinese and streams are either played in an embedded version of media player [&hellip;]<\/p>","protected":false},"author":1,"featured_media":0,"parent":0,"menu_order":0,"comment_status":"closed","ping_status":"closed","template":"","meta":{"footnotes":""},"class_list":["post-1220","page","type-page","status-publish","hentry"],"_links":{"self":[{"href":"https:\/\/www.livefooty.net\/pt\/wp-json\/wp\/v2\/pages\/1220","targetHints":{"allow":["GET"]}}],"collection":[{"href":"https:\/\/www.livefooty.net\/pt\/wp-json\/wp\/v2\/pages"}],"about":[{"href":"https:\/\/www.livefooty.net\/pt\/wp-json\/wp\/v2\/types\/page"}],"author":[{"embeddable":true,"href":"https:\/\/www.livefooty.net\/pt\/wp-json\/wp\/v2\/users\/1"}],"replies":[{"embeddable":true,"href":"https:\/\/www.livefooty.net\/pt\/wp-json\/wp\/v2\/comments?post=1220"}],"version-history":[{"count":0,"href":"https:\/\/www.livefooty.net\/pt\/wp-json\/wp\/v2\/pages\/1220\/revisions"}],"wp:attachment":[{"href":"https:\/\/www.livefooty.net\/pt\/wp-json\/wp\/v2\/media?parent=1220"}],"curies":[{"name":"wp","href":"https:\/\/api.w.org\/{rel}","templated":true}]}}