{"id":1202,"date":"2023-08-06T10:11:31","date_gmt":"2023-08-06T10:11:31","guid":{"rendered":"https:\/\/www.livefooty.net\/?page_id=1202"},"modified":"2023-09-19T10:54:44","modified_gmt":"2023-09-19T10:54:44","slug":"horarios-de-futebol-ultimo-futebol-ao-vivo","status":"publish","type":"page","link":"https:\/\/www.livefooty.net\/pt\/horarios-de-futebol-ultimo-futebol-ao-vivo\/","title":{"rendered":"Hor\u00e1rios de futebol \u2013 \u00daltimo futebol ao vivo"},"content":{"rendered":"<h2 class=\"wp-block-heading\">Futebol ao Vivo \u2013 Hor\u00e1rios Gratuitos na Internet<\/h2>\n\n\n\n<p> Provavelmente a parte mais dif\u00edcil <b>assistindo futebol ao vivo<\/b> e outros desportos na Internet \u00e9 descobrir que canais est\u00e3o a transmitir que desportos e onde aceder a esses canais.  A nova gera\u00e7\u00e3o de software P2P permite-lhe selecionar facilmente um canal para ver, mas n\u00e3o tem grande utilidade se n\u00e3o souber que canal est\u00e1 a passar que jogos de futebol e quando.  Obviamente, as casas de apostas facilitam muito esta tarefa no que diz respeito aos desportos que transmitem! <\/p>\n\n\n\n<!--more-->\n\n\n\n<p><br><\/p>\n\n\n\n<p>\n\tOs links a seguir cont\u00eam informa\u00e7\u00f5es detalhadas e atuais sobre o que est\u00e1 programado e onde os jogos da maioria dos pa\u00edses europeus s\u00e3o apresentados:- \n\t<\/p>\n\n\n\n<ul class=\"wp-block-list\">\n<li><a href=\"https:\/\/www.livefooty.net\/pt\/horarios-de-todos-os-desportos-ao-vivo-online\/\">Calend\u00e1rio desportivo em direto<\/a> \u2013 Uma lista de todos os esportes ao vivo que acontecer\u00e3o hoje <\/li>\n\n\n\n<li><a href=\"https:\/\/www.livefooty.net\/pt\/william-hill-tv-transmissoes-ao-vivo-assistir-ao-vivo-online\/\">Transmiss\u00f5es de futebol ao vivo da William Hill<\/a> \u2013 Uma programa\u00e7\u00e3o de jogos de futebol transmitidos ao vivo na William Hill <\/li>\n\n\n\n<li><a href=\"https:\/\/www.livefooty.net\/pt\/betfair-transmissoes-ao-vivo-online\/\">Transmiss\u00f5es de futebol ao vivo da Betfair<\/a> \u2013 Jogos de futebol transmitidos ao vivo na Betfair <\/li>\n<\/ul>\n\n\n\n<p>\n\tOs links acima mostram quais esportes est\u00e3o dispon\u00edveis online hoje. Os hor\u00e1rios de in\u00edcio de v\u00e1rias competi\u00e7\u00f5es est\u00e3o contidos nos hor\u00e1rios de futebol abaixo. Nem todos esses jogos podem estar dispon\u00edveis ao vivo onde voc\u00ea mora.\n\t<\/p>\n\n\n<p>[scu name=&#8221;football-schedule&#8221;]<\/p>\n\n\n\n<p><\/p>","protected":false},"excerpt":{"rendered":"<p>Live Football &#8211; Free Internet Schedules Probably the hardest part of watching live football and other sports on the internet is to find out what channels are showing what sports and where to access those channels. The new generation of P2P software allows you to easily select a channel to watch but it&#8217;s not really [&hellip;]<\/p>","protected":false},"author":1,"featured_media":0,"parent":0,"menu_order":0,"comment_status":"closed","ping_status":"closed","template":"","meta":{"footnotes":""},"class_list":["post-1202","page","type-page","status-publish","hentry"],"_links":{"self":[{"href":"https:\/\/www.livefooty.net\/pt\/wp-json\/wp\/v2\/pages\/1202","targetHints":{"allow":["GET"]}}],"collection":[{"href":"https:\/\/www.livefooty.net\/pt\/wp-json\/wp\/v2\/pages"}],"about":[{"href":"https:\/\/www.livefooty.net\/pt\/wp-json\/wp\/v2\/types\/page"}],"author":[{"embeddable":true,"href":"https:\/\/www.livefooty.net\/pt\/wp-json\/wp\/v2\/users\/1"}],"replies":[{"embeddable":true,"href":"https:\/\/www.livefooty.net\/pt\/wp-json\/wp\/v2\/comments?post=1202"}],"version-history":[{"count":0,"href":"https:\/\/www.livefooty.net\/pt\/wp-json\/wp\/v2\/pages\/1202\/revisions"}],"wp:attachment":[{"href":"https:\/\/www.livefooty.net\/pt\/wp-json\/wp\/v2\/media?parent=1202"}],"curies":[{"name":"wp","href":"https:\/\/api.w.org\/{rel}","templated":true}]}}