{"id":1199,"date":"2023-08-06T10:04:58","date_gmt":"2023-08-06T10:04:58","guid":{"rendered":"https:\/\/www.livefooty.net\/?page_id=1199"},"modified":"2024-03-07T15:49:49","modified_gmt":"2024-03-07T15:49:49","slug":"william-hill-tv-transmissoes-ao-vivo-assistir-ao-vivo-online","status":"publish","type":"page","link":"https:\/\/www.livefooty.net\/pt\/william-hill-tv-transmissoes-ao-vivo-assistir-ao-vivo-online\/","title":{"rendered":"Transmiss\u00f5es ao vivo da William Hill TV \u2013 Assistir ao vivo online"},"content":{"rendered":"<h2 class=\"wp-block-heading\">Transmiss\u00f5es ao vivo da William Hill \u2013 Assistir online<\/h2>\n\n\n\n<p> <b>William Hill<\/b> \u00e9 uma das mais recentes casas de apostas a disponibilizar esportes ao vivo online atrav\u00e9s de seus <b><a onclick=\"window.open('https:\/\/sports.williamhill.com\/betting\/en-gb\/football')\" href=\"\/WilliamHill.php\" rel=\"nofollow\">Transmiss\u00e3o de TV de William Hill<\/a><\/b> servi\u00e7o. Voc\u00ea pode assistir a uma s\u00e9rie de esportes atrav\u00e9s da William Hill, incluindo futebol ao vivo (S\u00e9rie A e Liga Europa, para citar apenas 2), t\u00eanis, sinuca e um grande n\u00famero de eventos de corridas de cavalos. William Hill oferece qualidade de streaming de primeira linha, embora afirme que voc\u00ea precisar\u00e1 de um PC com Windows para visualizar, portanto, este n\u00e3o \u00e9 bom para usu\u00e1rios de Mac. A maioria das transmiss\u00f5es \u00e9 gratuita para membros da William Hill, mas para as corridas de cavalos voc\u00ea precisar\u00e1 de uma aposta (pelo menos \u00a3 5) para assistir. <\/p>\n\n\n\n<!--more-->\n\n\n\n<p>\n\tAl\u00e9m de atrair f\u00e3s de esportes que desejam apenas assistir esportes ao vivo, esses servi\u00e7os de streaming oferecidos por casas de apostas como WillIam Hill abrem um novo mundo de <b>jogos de azar ao vivo<\/b> para quem prefere fazer as suas apostas desportivas online. Seja preso no escrit\u00f3rio ou simplesmente n\u00e3o tendo acesso \u00e0 TV porque a esposa est\u00e1 assistindo ao 75\u00ba epis\u00f3dio de Coronation Street esta semana, o streaming online permite ao jogador fazer uma sele\u00e7\u00e3o mais informada no jogo. Para outros, apenas oferece uma maneira de assistir a uma partida de futebol ou outro evento esportivo que, de outra forma, voc\u00ea n\u00e3o conseguiria assistir.\n\t<br><\/p>\n\n\n\n<p>\n\tWilliam Hill \u00e9 uma das maiores casas de apostas do mercado, cadastre-se agora para obter sua conta gratuita, tenha acesso ao servi\u00e7o de streaming e ainda receber\u00e1 uma aposta gr\u00e1tis de \u00a3 25.<br><\/p>\n\n\n\n<center>\n\tInscrever-se na William Hill \u00e9 uma maneira muito simples de desfrutar dos seus esportes favoritos ao vivo online!\n\t<\/center>\n\n\n\n<p><\/p>\n\n\n\n<h2 class=\"wp-block-heading\">Transmiss\u00e3o ao vivo e ao vivo da William Hill<\/h2>\n\n\n\n<p>\n\tSe voc\u00ea j\u00e1 \u00e9 cliente da William Hill Sports, ficar\u00e1 feliz em saber que eles oferecem um servi\u00e7o de transmiss\u00e3o ao vivo e apostas ao vivo em uma variedade de esportes.\n\t<\/p>\n\n\n\n<h3 class=\"wp-block-heading\">Como posso saber se uma partida est\u00e1 sendo transmitida ao vivo na William Hill?<\/h3>\n\n\n\n<p>\n\t\u00c9 muito simples, use um dos links acima que o levar\u00e1 \u00e0s partidas atuais e futuras. Em seguida, procure o pequeno \u00edcone \u201cTV\u201d pr\u00f3ximo ao aparelho. Se estiver l\u00e1, ser\u00e1 mostrado ao vivo. Aqui est\u00e1 um exemplo de captura de tela do que procurar. \u00c9 exatamente o mesmo para todos os outros esportes, n\u00e3o apenas para o futebol.\n\t<\/p>\n\n\n\n<h3 class=\"wp-block-heading\">Quais s\u00e3o os benef\u00edcios de usar a transmiss\u00e3o ao vivo da William Hill?<\/h3>\n\n\n\n<p>\n\tWilliam Hill \u00e9 um dos principais fornecedores de apostas desportivas do mundo. Oferece uma variedade de op\u00e7\u00f5es de transmiss\u00e3o em direto, incluindo o servi\u00e7o William Hill Live Streaming. Este servi\u00e7o permite aos apostadores assistirem a eventos desportivos ao vivo e a probabilidades de apostas enquanto estes decorrem.\n\t<br><\/p>\n\n\n\n<p>\nUma das vantagens de utilizar o William Hill Live Streaming \u00e9 que d\u00e1 aos apostadores acesso a uma grande variedade de eventos desportivos. Isto inclui eventos internacionais e nacionais. Para al\u00e9m disso, este servi\u00e7o est\u00e1 dispon\u00edvel em plataformas m\u00f3veis e de computador, o que facilita a sua utiliza\u00e7\u00e3o pelos apostadores, independentemente da sua localiza\u00e7\u00e3o.\n<br><\/p>\n\n\n\n<p>\nH\u00e1 uma s\u00e9rie de benef\u00edcios em usar o William Hill Live Streaming. Em primeiro lugar, \u00e9 f\u00e1cil de usar \u2013 tudo o que voc\u00ea precisa \u00e9 de um navegador da web e de uma conex\u00e3o com a internet. Em segundo lugar, o uso \u00e9 gratuito \u2013 n\u00e3o h\u00e1 necessidade de se inscrever ou depositar dinheiro. E, finalmente, \u00e9 confi\u00e1vel \u2013 seu servi\u00e7o de transmiss\u00e3o ao vivo foi testado e comprovadamente est\u00e1vel e confi\u00e1vel.\n<br><\/p>\n\n\n\n<h3 class=\"wp-block-heading\">Quais s\u00e3o os benef\u00edcios de usar o William Hill In-Play?<\/h3>\n\n\n\n<p>\nUsar o William Hill In-Play oferece v\u00e1rios benef\u00edcios. Em primeiro lugar, \u00e9 f\u00e1cil de usar \u2013 tudo o que voc\u00ea precisa \u00e9 de um navegador da web e de uma conex\u00e3o com a internet. Em segundo lugar, \u00e9 r\u00e1pido e confi\u00e1vel \u2013 as apostas durante o jogo s\u00e3o feitas imediatamente e os pagamentos s\u00e3o processados rapidamente. E finalmente, \u00e9 seguro \u2013 o seu dinheiro est\u00e1 protegido pelo nosso sistema seguro.\n<br><\/p>\n\n\n\n<h3 class=\"wp-block-heading\">H\u00e1 alguma limita\u00e7\u00e3o no uso da transmiss\u00e3o ao vivo e durante o jogo da William Hill?<\/h3>\n\n\n\n<p>Existem algumas limita\u00e7\u00f5es no uso do William Hill Live Streaming e In-Play. Em primeiro lugar, a transmiss\u00e3o ao vivo est\u00e1 dispon\u00edvel apenas em desktop \u2013 voc\u00ea n\u00e3o poder\u00e1 assistir ao servi\u00e7o de streaming em seu telefone ou tablet (correto no momento da publica\u00e7\u00e3o). Em segundo lugar, as apostas ao vivo est\u00e3o dispon\u00edveis num n\u00famero limitado de desportos \u2013 provavelmente poder\u00e1 apostar em futebol, cr\u00edquete, etc., mas n\u00e3o em outros desportos.&nbsp;\n<br><\/p>\n\n\n\n<p>\nQuer seja ou n\u00e3o um cliente da William Hill Sports, ir\u00e1 gostar de utilizar os nossos servi\u00e7os de transmiss\u00e3o em direto e de jogo. S\u00e3o f\u00e1ceis de utilizar e fi\u00e1veis, pelo que pode ter a certeza de que o seu dinheiro est\u00e1 seguro.  William Hill \u00e9 um dos maiores nomes das apostas online e o servi\u00e7o que oferecem reflecte isso mesmo. William Hill construiu uma excelente reputa\u00e7\u00e3o por fornecer um servi\u00e7o ao cliente de qualidade e probabilidades fi\u00e1veis.  William Hill oferece uma vasta gama de outras op\u00e7\u00f5es de apostas, incluindo corridas de cavalos, futebol, basquetebol e cr\u00edquete. O seu website abrangente facilita a realiza\u00e7\u00e3o de apostas em qualquer desporto ou jogo, em qualquer altura.\n<br><\/p>\n\n\n\n<p>\nTodas as informa\u00e7\u00f5es corretas no momento da publica\u00e7\u00e3o. Lembre-se de que \u00e9 prov\u00e1vel que os requisitos de apostas\/financiamento da conta possam mudar de tempos em tempos, especialmente com servi\u00e7os de valor agregado, como transmiss\u00e3o ao vivo, fornecidos pelas casas de apostas. Isso \u00e9 o mesmo para a transmiss\u00e3o ao vivo da William Hill e para qualquer casa de apostas. Haver\u00e1 tamb\u00e9m restri\u00e7\u00f5es geogr\u00e1ficas quanto ao que pode ser mostrado e onde.\n<\/p>","protected":false},"excerpt":{"rendered":"<p>William Hill Live Streams &#8211; Watch Online William Hill are one of the latest bookmakers to make live sports available online through their William Hill TV streaming service. You can watch a number of sports through William Hill including live football (Serie A and the Europa League to name just 2), Tennis, Snooker and a [&hellip;]<\/p>","protected":false},"author":1,"featured_media":0,"parent":0,"menu_order":0,"comment_status":"closed","ping_status":"closed","template":"","meta":{"footnotes":""},"class_list":["post-1199","page","type-page","status-publish","hentry"],"_links":{"self":[{"href":"https:\/\/www.livefooty.net\/pt\/wp-json\/wp\/v2\/pages\/1199","targetHints":{"allow":["GET"]}}],"collection":[{"href":"https:\/\/www.livefooty.net\/pt\/wp-json\/wp\/v2\/pages"}],"about":[{"href":"https:\/\/www.livefooty.net\/pt\/wp-json\/wp\/v2\/types\/page"}],"author":[{"embeddable":true,"href":"https:\/\/www.livefooty.net\/pt\/wp-json\/wp\/v2\/users\/1"}],"replies":[{"embeddable":true,"href":"https:\/\/www.livefooty.net\/pt\/wp-json\/wp\/v2\/comments?post=1199"}],"version-history":[{"count":1,"href":"https:\/\/www.livefooty.net\/pt\/wp-json\/wp\/v2\/pages\/1199\/revisions"}],"predecessor-version":[{"id":1745,"href":"https:\/\/www.livefooty.net\/pt\/wp-json\/wp\/v2\/pages\/1199\/revisions\/1745"}],"wp:attachment":[{"href":"https:\/\/www.livefooty.net\/pt\/wp-json\/wp\/v2\/media?parent=1199"}],"curies":[{"name":"wp","href":"https:\/\/api.w.org\/{rel}","templated":true}]}}