{"id":1177,"date":"2023-08-06T08:59:54","date_gmt":"2023-08-06T08:59:54","guid":{"rendered":"https:\/\/www.livefooty.net\/?page_id=1177"},"modified":"2023-09-19T11:01:58","modified_gmt":"2023-09-19T11:01:58","slug":"tvants-streams-de-futebol-ao-vivo-com-tvants","status":"publish","type":"page","link":"https:\/\/www.livefooty.net\/pt\/tvants-streams-de-futebol-ao-vivo-com-tvants\/","title":{"rendered":"TVAnts \u2013 Transmiss\u00f5es de futebol ao vivo com TVAnts"},"content":{"rendered":"<p> <b>TVAnts<\/b> ainda \u00e9 um dos programas mais populares dispon\u00edveis para <b>assistindo futebol ao vivo pela internet<\/b>. TVAnts substituiu Coolstreaming e PPLive, \u00e0 medida que estes desapareceram. TVAnts continuou a melhorar. Agora oferece uma enorme variedade de canais, incluindo muitos que mostram todas as formas de futebol ao vivo e outros esportes de todo o mundo. Al\u00e9m do futebol ao vivo, o TVants tamb\u00e9m oferece muitos outros esportes ao vivo, como cr\u00edquete, rugby, golfe e muitos jogos de basquete. TVAnts pode n\u00e3o ser o software de streaming mais f\u00e1cil de usar, mas depois de execut\u00e1-lo, voc\u00ea se perguntar\u00e1 como conseguiu sem o TVAnts. Isso certamente torna um prazer assistir a jogos de futebol ao vivo nas tardes de s\u00e1bado.  <\/p>\n\n\n\n<!--more-->\n\n\n\n<p>\n\tTVAnts est\u00e1 dispon\u00edvel para download aqui: -\n\t<br>\n<\/p>\n\n\n\n<center>\n\t<a href=\"https:\/\/tvants.en.softonic.com\/download\" target=\"_blank\" rel=\"nofollow noopener\">Baixar TVAnts<\/a>\n\t<\/center>\n\n\n\n<p>\n\t\tBaixar o software \u00e9 f\u00e1cil, felizmente TVAnts cont\u00e9m algumas listas de canais bastante abrangentes usando sua pr\u00f3pria fun\u00e7\u00e3o de pesquisa. Se voc\u00ea est\u00e1 procurando mais canais, pode valer a pena conferir o site oficial da TVAnts. <a href=\"https:\/\/translate.google.com\/translate?u=http%3A%2F%2Fwww.tvants.com%2F%3Fkeyword%3D%25u4F53%25u80B2&amp;langpair=zh-CN|en&amp;hl=en&amp;ie=UTF-8&amp;oe=UTF-8&amp;prev=%2Flanguage_tools\" target=\"_blank\" rel=\"nofollow noopener\">aqui<\/a>. Se isso n\u00e3o funcionar, voc\u00ea pode tentar um dos v\u00e1rios sites de listagens de futebol ao vivo, alguns dos quais cont\u00eam links diretos para jogos.\n\t<\/p>","protected":false},"excerpt":{"rendered":"<p>O TVAnts continua a ser um dos programas mais populares dispon\u00edveis para ver futebol em direto na Internet. O TVAnts substituiu o Coolstreaming e o PPLive, e \u00e0 medida que estes foram desaparecendo, o TVAnts continuou a melhorar. Agora oferece uma enorme variedade de canais, incluindo muitos que mostram todas as formas de futebol em direto e outros desportos de [...]<\/p>","protected":false},"author":1,"featured_media":0,"parent":0,"menu_order":0,"comment_status":"closed","ping_status":"closed","template":"","meta":{"footnotes":""},"class_list":["post-1177","page","type-page","status-publish","hentry"],"_links":{"self":[{"href":"https:\/\/www.livefooty.net\/pt\/wp-json\/wp\/v2\/pages\/1177","targetHints":{"allow":["GET"]}}],"collection":[{"href":"https:\/\/www.livefooty.net\/pt\/wp-json\/wp\/v2\/pages"}],"about":[{"href":"https:\/\/www.livefooty.net\/pt\/wp-json\/wp\/v2\/types\/page"}],"author":[{"embeddable":true,"href":"https:\/\/www.livefooty.net\/pt\/wp-json\/wp\/v2\/users\/1"}],"replies":[{"embeddable":true,"href":"https:\/\/www.livefooty.net\/pt\/wp-json\/wp\/v2\/comments?post=1177"}],"version-history":[{"count":0,"href":"https:\/\/www.livefooty.net\/pt\/wp-json\/wp\/v2\/pages\/1177\/revisions"}],"wp:attachment":[{"href":"https:\/\/www.livefooty.net\/pt\/wp-json\/wp\/v2\/media?parent=1177"}],"curies":[{"name":"wp","href":"https:\/\/api.w.org\/{rel}","templated":true}]}}