{"id":1163,"date":"2023-08-06T08:34:34","date_gmt":"2023-08-06T08:34:34","guid":{"rendered":"https:\/\/www.livefooty.net\/?page_id=1163"},"modified":"2023-09-28T07:11:31","modified_gmt":"2023-09-28T07:11:31","slug":"bet365-transmissoes-ao-vivo","status":"publish","type":"page","link":"https:\/\/www.livefooty.net\/pt\/bet365-transmissoes-ao-vivo\/","title":{"rendered":"Transmiss\u00f5es em direto da Bet365"},"content":{"rendered":"<h2 class=\"wp-block-heading\">Transmiss\u00f5es de esportes ao vivo com Bet365<\/h2>\n\n\n\n<p>Se voc\u00ea deseja assistir a uma transmiss\u00e3o ao vivo das \u00faltimas a\u00e7\u00f5es do futebol em seu desktop ou dispositivo m\u00f3vel, ent\u00e3o o Bet365 \u00e9 a casa de apostas esportivas online que voc\u00ea deseja conferir. A transmiss\u00e3o ao vivo do Bet365 \u00e9 excelente!<\/p>\n\n\n\n<!--more-->\n\n\n\n<p><strong>Assistir esportes ao vivo pela internet<\/strong> \u00e9 um grande neg\u00f3cio e o fato \u00e9 que os grandes neg\u00f3cios tamb\u00e9m sabem disso! Uma das maneiras mais negligenciadas e ignoradas de assistir seu esporte favorito online (seja <strong>Futebol, golfe, t\u00eanis<\/strong> ou qualquer outra coisa) \u00e9 aproveitar as vantagens das transmiss\u00f5es ao vivo oferecidas por essas grandes empresas. A BBC, a ITV e muitas casas de apostas em v\u00e1rias jurisdi\u00e7\u00f5es podem fornecer transmiss\u00e3o ao vivo de eventos esportivos online. Na minha opini\u00e3o, apenas um \u00f3timo exemplo disso (e o meu favorito) \u00e9 o Bet365. <strong>Transmiss\u00f5es ao vivo da Bet365<\/strong> fornece acesso a uma infinidade de esportes ao vivo para seus membros. Na minha opini\u00e3o, essas transmiss\u00f5es esportivas geralmente s\u00e3o de alt\u00edssima qualidade e removem muito do \u201conde posso assistir isso?\u201d elemento de esportes ao vivo online. Possivelmente devido \u00e0 pr\u00f3pria natureza da gest\u00e3o de apostas esportivas, muitos dos eventos em si n\u00e3o s\u00e3o o tipo de coisa que voc\u00ea veria coberto na televis\u00e3o \u201cnormal\u201d em muitos pa\u00edses. Para uma lista completa de eventos, consulte a p\u00e1gina de transmiss\u00e3o ao vivo da Bet365. Aplicam-se T&amp;Cs, maiores de 18 anos<\/p>\n\n\n\n<p>Para aumentar a emo\u00e7\u00e3o ao-vivo, a bet365 transmite mais de 140,000 eventos em direto para o seu PC todos os anos - para que possa apostar \u00e0 medida que a a\u00e7\u00e3o se desenrola. Os destaques incluem os torneios de T\u00e9nis Masters Series e jogos de algumas das principais ligas de Futebol do mundo. Para utilizar o servi\u00e7o de transmiss\u00e3o em direto, ter\u00e1 de iniciar sess\u00e3o e ter uma conta com fundos ou ter feito uma aposta nas \u00faltimas 24 horas. Qualquer jogo\/evento no nosso website que tenha o \u00edcone Reproduzir ou V\u00eddeo junto a si est\u00e1 programado para ser mostrado atrav\u00e9s de Transmiss\u00e3o em direto. Aplicam-se os T&amp;Cs, 18+<\/p>\n\n\n\n<p>E n\u00e3o se esque\u00e7a do inovador Bet365 Live Golf Tracker que n\u00e3o s\u00f3 lhe permite assistir a transmiss\u00f5es ao vivo de buracos Par 3 em muitos dos maiores torneios de golfe do mundo, como tamb\u00e9m lhe permite seguir toda a a\u00e7\u00e3o em tempo real, incluindo layouts de buracos e greens, classifica\u00e7\u00f5es actuais e dados de posi\u00e7\u00e3o actualizados<br>para todos os jogadores do campo. Brilhante.<\/p>\n\n\n\n<p><strong>A Bet365 transmite futebol ao vivo?<\/strong>  A Bet365 \u00e9 uma reputada empresa de apostas online que oferece transmiss\u00e3o de jogos de futebol em direto. Este servi\u00e7o est\u00e1 dispon\u00edvel para utilizadores no Reino Unido, Irlanda e It\u00e1lia. A empresa tamb\u00e9m oferece uma variedade de outras op\u00e7\u00f5es de transmiss\u00e3o de desportos, incluindo cr\u00edquete, t\u00e9nis e r\u00e2guebi.  Para aceder ao servi\u00e7o de transmiss\u00e3o em direto da Bet365, os utilizadores devem primeiro criar uma conta e verificar a sua identidade. Uma vez iniciada a sess\u00e3o, podem selecionar os jogos a que pretendem assistir. As transmiss\u00f5es em direto est\u00e3o dispon\u00edveis para a maioria dos jogos no Reino Unido e na Irlanda, bem como para alguns jogos da Serie A italiana e da Ligue 1. Alguns jogos podem n\u00e3o estar dispon\u00edveis devido a restri\u00e7\u00f5es de licenciamento ou limita\u00e7\u00f5es de tempo.  No geral, o servi\u00e7o de transmiss\u00e3o em direto da Bet365 \u00e9 conveniente e acess\u00edvel. \u00c9 uma excelente op\u00e7\u00e3o para os f\u00e3s de desporto do Reino Unido que queiram ver as suas equipas favoritas em viagem ou para aqueles que n\u00e3o t\u00eam televis\u00e3o por cabo ou sat\u00e9lite em casa.  N\u00e3o s\u00f3 pode assistir a jogos de todo o mundo em direto e em tempo real, como tamb\u00e9m pode utilizar o servi\u00e7o de transmiss\u00e3o em direto da Bet365 para acompanhar as discuss\u00f5es pr\u00e9-jogo e p\u00f3s-jogo - o que significa que, independentemente do que estiver a acontecer em campo, estar\u00e1 sempre a par de tudo.<\/p>\n\n\n\n<p><strong>Como assistir a transmiss\u00e3o ao vivo no Bet365?<\/strong>  Existem algumas formas de assistir a transmiss\u00f5es em direto na Bet365. A forma mais f\u00e1cil \u00e9 simplesmente visitar o website e selecionar os seus jogos favoritos. Tamb\u00e9m pode utilizar a aplica\u00e7\u00e3o dispon\u00edvel para dispositivos Android e iOS. A Bet365 \u00e9 uma das principais empresas de apostas online do mundo e oferece uma variedade de op\u00e7\u00f5es de transmiss\u00e3o em direto. Quer pretenda assistir a um jogo de futebol ou a outro evento desportivo, a Bet365 tem a op\u00e7\u00e3o de transmiss\u00e3o para si.<\/p>\n\n\n\n<p><strong>Qual \u00e9 o servi\u00e7o de transmiss\u00e3o ao vivo da Bet365?<\/strong>  A Bet365 \u00e9 uma empresa l\u00edder em apostas online com um servi\u00e7o de transmiss\u00e3o ao vivo que permite aos usu\u00e1rios assistir a eventos esportivos, incluindo jogos de futebol, cr\u00edquete e t\u00eanis, conforme eles acontecem. O servi\u00e7o est\u00e1 dispon\u00edvel em desktops e dispositivos m\u00f3veis e oferece uma variedade de recursos, incluindo a capacidade de acompanhar v\u00e1rios jogos ao mesmo tempo e conversar com outros espectadores. A Bet365 tamb\u00e9m oferece dicas de apostas e insights de mercado, tornando-se uma fonte ideal de informa\u00e7\u00f5es para aqueles interessados em jogos de azar esportivos.<\/p>\n\n\n\n<p><strong>Como funciona a transmiss\u00e3o ao vivo da Bet365?<\/strong>  A Bet365 \u00e9 uma das empresas l\u00edderes mundiais de apostas online e oferece uma ampla gama de op\u00e7\u00f5es de apostas, incluindo transmiss\u00e3o ao vivo. Ao se inscrever no Bet365, voc\u00ea pode optar por assistir suas apostas em tempo real ou revis\u00e1-las posteriormente. A transmiss\u00e3o ao vivo com Bet365 \u00e9 simples e direta: basta abrir a janela de apostas e clicar no bot\u00e3o \u201cAssistir ao vivo\u201d. Voc\u00ea tamb\u00e9m pode usar o recurso de transmiss\u00e3o ao vivo para acompanhar seus times ou jogadores esportivos favoritos enquanto joga.<\/p>\n\n\n\n<p><strong>A transmiss\u00e3o ao vivo do Bet365 \u00e9 gratuita?<\/strong>  Sim, o servi\u00e7o de transmiss\u00e3o em direto da Bet365 \u00e9 de utiliza\u00e7\u00e3o gratuita.  No entanto, existem algumas restri\u00e7\u00f5es sobre o que pode ser transmitido e durante quanto tempo. Por exemplo, a transmiss\u00e3o em direto n\u00e3o est\u00e1 dispon\u00edvel para determinados eventos desportivos, tais como a Primeira Liga Inglesa e a La Liga. Al\u00e9m disso, a transmiss\u00e3o em direto s\u00f3 est\u00e1 dispon\u00edvel para clientes que tenham uma conta eleg\u00edvel.<\/p>\n\n\n\n<p><strong>Como assistir a transmiss\u00e3o ao vivo na Bet365?<\/strong>  O Bet365 \u00e9 um dos sites de apostas online mais populares e oferece um servi\u00e7o de transmiss\u00e3o em direto que lhe permite assistir a toda a a\u00e7\u00e3o a partir do seu computador, tablet ou telem\u00f3vel. Para utilizar o servi\u00e7o, basta clicar na liga\u00e7\u00e3o \"Transmiss\u00e3o em direto\" localizada no menu principal do site e selecionar o seu dispositivo preferido. Poder\u00e1 ent\u00e3o aceder a todas as transmiss\u00f5es em direto e interagir com outros espectadores atrav\u00e9s de salas de conversa\u00e7\u00e3o ou f\u00f3runs. Tamb\u00e9m \u00e9 poss\u00edvel fazer apostas enquanto se assiste a transmiss\u00f5es ao vivo, para que nunca haja um momento de t\u00e9dio quando se utiliza o servi\u00e7o de transmiss\u00e3o da Bet365. Para assistir a uma transmiss\u00e3o ao vivo na Bet365, os clientes precisam de iniciar sess\u00e3o ou criar uma conta. Depois de iniciarem sess\u00e3o, os clientes poder\u00e3o selecionar o evento a que querem assistir.<\/p>\n\n\n\n<p><strong>Como funciona a transmiss\u00e3o ao vivo da Bet365 em dispositivos m\u00f3veis?<\/strong>  A transmiss\u00e3o em direto da Bet365 funciona em dispositivos m\u00f3veis, permitindo aos utilizadores assistir a jogos e torneios da bet365 atrav\u00e9s da aplica\u00e7\u00e3o. A aplica\u00e7\u00e3o est\u00e1 dispon\u00edvel para dispositivos Android e iOS, facilitando o acesso dos utilizadores aos seus conte\u00fados favoritos. Basta abrir a aplica\u00e7\u00e3o Bet365 e selecionar o jogo ou torneio a que pretende assistir. Poder\u00e1 ent\u00e3o seguir a a\u00e7\u00e3o \u00e0 medida que esta acontece, sem necessidade de uma subscri\u00e7\u00e3o de cabo ou de qualquer outro software.<\/p>","protected":false},"excerpt":{"rendered":"<p>Live Sports Streams With Bet365 If you&#8217;re looking to catch a live stream of the latest football action on your desktop or mobile device, then Bet365 is the online sports book you want to check out, Bet365 live streaming is excellent!<\/p>","protected":false},"author":1,"featured_media":0,"parent":0,"menu_order":0,"comment_status":"closed","ping_status":"closed","template":"","meta":{"footnotes":""},"class_list":["post-1163","page","type-page","status-publish","hentry"],"_links":{"self":[{"href":"https:\/\/www.livefooty.net\/pt\/wp-json\/wp\/v2\/pages\/1163","targetHints":{"allow":["GET"]}}],"collection":[{"href":"https:\/\/www.livefooty.net\/pt\/wp-json\/wp\/v2\/pages"}],"about":[{"href":"https:\/\/www.livefooty.net\/pt\/wp-json\/wp\/v2\/types\/page"}],"author":[{"embeddable":true,"href":"https:\/\/www.livefooty.net\/pt\/wp-json\/wp\/v2\/users\/1"}],"replies":[{"embeddable":true,"href":"https:\/\/www.livefooty.net\/pt\/wp-json\/wp\/v2\/comments?post=1163"}],"version-history":[{"count":0,"href":"https:\/\/www.livefooty.net\/pt\/wp-json\/wp\/v2\/pages\/1163\/revisions"}],"wp:attachment":[{"href":"https:\/\/www.livefooty.net\/pt\/wp-json\/wp\/v2\/media?parent=1163"}],"curies":[{"name":"wp","href":"https:\/\/api.w.org\/{rel}","templated":true}]}}