{"id":1141,"date":"2023-08-06T08:01:12","date_gmt":"2023-08-06T08:01:12","guid":{"rendered":"https:\/\/livefooty.net\/?page_id=1141"},"modified":"2025-10-14T09:58:51","modified_gmt":"2025-10-14T09:58:51","slug":"live-football-other-sports-online-news-and-games","status":"publish","type":"page","link":"https:\/\/www.livefooty.net\/pt\/","title":{"rendered":"Futebol e outros desportos em direto online - Not\u00edcias e jogos"},"content":{"rendered":"<h2 class=\"wp-block-heading\">Onde ver futebol, t\u00e9nis, dardos, etc. em direto<\/h2>\n\n\n\n<figure class=\"wp-block-image size-full is-style-rounded\"><img decoding=\"async\" width=\"1024\" height=\"683\" src=\"https:\/\/www.livefooty.net\/wp-content\/uploads\/2023\/08\/live-footy.jpg\" alt=\"Futebol em direto\" class=\"wp-image-1322\" title=\"\" srcset=\"https:\/\/www.livefooty.net\/wp-content\/uploads\/2023\/08\/live-footy.jpg 1024w, https:\/\/www.livefooty.net\/wp-content\/uploads\/2023\/08\/live-footy-300x200.jpg 300w, https:\/\/www.livefooty.net\/wp-content\/uploads\/2023\/08\/live-footy-768x512.jpg 768w, https:\/\/www.livefooty.net\/wp-content\/uploads\/2023\/08\/live-footy-18x12.jpg 18w, https:\/\/www.livefooty.net\/wp-content\/uploads\/2023\/08\/live-footy-665x444.jpg 665w, https:\/\/www.livefooty.net\/wp-content\/uploads\/2023\/08\/live-footy-390x260.jpg 390w\" sizes=\"(max-width: 1024px) 100vw, 1024px\" \/><\/figure>\n\n\n\n<p>A Internet n\u00e3o \u00e9 s\u00f3 para o Facebook e para a pornografia, h\u00e1 de facto algumas coisas \u00fateis a acontecer no ciberespa\u00e7o! Uma das mais \u00fateis para os adeptos de desporto \u00e9 a possibilidade de assistir a transmiss\u00f5es desportivas em direto, genu\u00ednas, leg\u00edtimas e autorizadas, a partir de parceiros de transmiss\u00e3o pagos. O que come\u00e7ou por ser algo para os nerds tecnol\u00f3gicos s\u00e9rios e para todos os geeks tornou-se muito popular e \u00e9 algo que um grande n\u00famero de pessoas est\u00e1 a fazer semana ap\u00f3s semana para ver mais futebol em direto.  N\u00e3o \u00e9 necess\u00e1rio p\u00f4r o seu computador em risco, pois aqui s\u00f3 falamos de transmiss\u00f5es oficiais.<\/p>\n\n\n\n<!--more-->\n\n\n\n<hr class=\"wp-block-separator has-alpha-channel-opacity\"\/>\n\n\n\n<p><\/p>\n\n\n\n<hr class=\"wp-block-separator has-alpha-channel-opacity\"\/>\n\n\n\n<h2 class=\"wp-block-heading\">As casas de apostas<\/h2>\n\n\n\n<p>Um n\u00famero cada vez maior de casas de apostas online come\u00e7ou a oferecer transmiss\u00f5es em direto de v\u00e1rios desportos, incluindo, naturalmente, o sempre popular futebol, incluindo os principais jogos das principais ligas europeias. Embora as regras variem de casa de apostas para casa de apostas (algumas exigem dep\u00f3sitos e outras podem mesmo exigir uma aposta num determinado evento para o ver), o resultado \u00e9 o mesmo: transmiss\u00f5es em direto de qualidade profissional de muitos eventos desportivos que n\u00e3o conseguiria ver de outra forma. Tecnicamente, \u00e9 simples, n\u00e3o \u00e9 mais complexo do que ver um v\u00eddeo do Youtube. \u00c9 utilizado um leitor de v\u00eddeo incorporado para mostrar as transmiss\u00f5es desportivas em direto e, por isso, \u00e9 poss\u00edvel visualiz\u00e1-las em 99% dos navegadores Web. O \u00fanico problema poder\u00e1 vir de alguns dispositivos Apple, pois ningu\u00e9m sabe por que raz\u00e3o insistem em n\u00e3o suportar Flash. A \u00fanica outra restri\u00e7\u00e3o a referir \u00e9 o facto de alguns eventos serem Geo Restricted, dependendo dos direitos de transmiss\u00e3o em determinados pa\u00edses. No entanto, as casas de apostas continuam a ser uma excelente forma de ver mais futebol em direto do que alguma vez veria.<\/p>\n\n\n\n<figure class=\"wp-block-image size-large is-style-default\"><img decoding=\"async\" width=\"1024\" height=\"318\" src=\"https:\/\/www.livefooty.net\/wp-content\/uploads\/2023\/08\/live-footy-online-1024x318.jpg\" alt=\"futebol em direto online\" class=\"wp-image-1324\" title=\"\" srcset=\"https:\/\/www.livefooty.net\/wp-content\/uploads\/2023\/08\/live-footy-online-1024x318.jpg 1024w, https:\/\/www.livefooty.net\/wp-content\/uploads\/2023\/08\/live-footy-online-300x93.jpg 300w, https:\/\/www.livefooty.net\/wp-content\/uploads\/2023\/08\/live-footy-online-768x238.jpg 768w, https:\/\/www.livefooty.net\/wp-content\/uploads\/2023\/08\/live-footy-online-18x6.jpg 18w, https:\/\/www.livefooty.net\/wp-content\/uploads\/2023\/08\/live-footy-online-665x206.jpg 665w, https:\/\/www.livefooty.net\/wp-content\/uploads\/2023\/08\/live-footy-online-838x260.jpg 838w, https:\/\/www.livefooty.net\/wp-content\/uploads\/2023\/08\/live-footy-online.jpg 1080w\" sizes=\"(max-width: 1024px) 100vw, 1024px\" \/><\/figure>\n\n\n\n<h2 class=\"wp-block-heading\">As emissoras<\/h2>\n\n\n\n<p>Demorou algum tempo, mas finalmente come\u00e7aram a ver a luz. O online \u00e9 o meio perfeito para abrir o desporto a mais pessoas e aumentar o n\u00famero de visualiza\u00e7\u00f5es, bem como as receitas provenientes da publicidade. \u00c9 claro que o que est\u00e1 dispon\u00edvel varia muito de pa\u00eds para pa\u00eds, mas a tend\u00eancia ainda \u00e9 positiva para os f\u00e3s de desporto, estamos lentamente a ver mais desportos a aparecerem online ao vivo. No Reino Unido, a BBC, em particular, oferece excelente cobertura esportiva ao vivo on-line; a F\u00f3rmula 1 precisava de men\u00e7\u00e3o especial naquela \u00e9poca. Sess\u00f5es de treinos vitais que antes eram apenas um resumo de pr\u00e9-qualifica\u00e7\u00e3o de 30 segundos foram transmitidas ao vivo online, foi o in\u00edcio de um processo que levou todos a melhorar seu jogo. Voc\u00ea tamb\u00e9m pode ter certeza de que todos os jogos de futebol cobertos pela BBC tamb\u00e9m ser\u00e3o transmitidos ao vivo online, um servi\u00e7o inestim\u00e1vel para quando voc\u00ea estiver preso no trabalho ou longe da TV. A Sky ainda tem seu servi\u00e7o NowTV (eles adoram mostrar jogos do Manchester United, Liverpool, Chelsea e Arsenal!) Que permite que voc\u00ea assista \u00e0 a\u00e7\u00e3o ao vivo da Sky Sports atrav\u00e9s do seu dispositivo m\u00f3vel por um custo de assinatura reduzido. Ainda \u00e9 cedo e ainda h\u00e1 um longo caminho a percorrer, mas aos poucos estamos chegando l\u00e1, com certeza ser\u00e1 apenas uma quest\u00e3o de tempo at\u00e9 que possamos assistir TODOS os jogos de futebol ao vivo online?<\/p>\n\n\n\n<h3 class=\"wp-block-heading\">\u00daltimos acontecimentos do futebol<\/h3>\n\n\n\n<p>[scu name=\"event-summary\"]<\/p>\n\n\n\n<hr class=\"wp-block-separator has-alpha-channel-opacity\"\/>\n\n\n\n<h3 class=\"wp-block-heading\">Not\u00edcias de futebol ao vivo<\/h3>\n\n\n\n<p>[scu name=\"rss-feed\"]<\/p>","protected":false},"excerpt":{"rendered":"<p>Where To Watch Live Football, Tennis, Darts etc The internet isn&#8217;t just for Facebook and porn, there are actually some useful things going on out there in cyberspace! One of the most useful for sports fans is the ability to watch genuine, legitimate, authorised live sports streams online from paid up broadcast partners. What started [&hellip;]<\/p>","protected":false},"author":1,"featured_media":0,"parent":0,"menu_order":0,"comment_status":"closed","ping_status":"closed","template":"","meta":{"footnotes":""},"class_list":["post-1141","page","type-page","status-publish","hentry"],"_links":{"self":[{"href":"https:\/\/www.livefooty.net\/pt\/wp-json\/wp\/v2\/pages\/1141","targetHints":{"allow":["GET"]}}],"collection":[{"href":"https:\/\/www.livefooty.net\/pt\/wp-json\/wp\/v2\/pages"}],"about":[{"href":"https:\/\/www.livefooty.net\/pt\/wp-json\/wp\/v2\/types\/page"}],"author":[{"embeddable":true,"href":"https:\/\/www.livefooty.net\/pt\/wp-json\/wp\/v2\/users\/1"}],"replies":[{"embeddable":true,"href":"https:\/\/www.livefooty.net\/pt\/wp-json\/wp\/v2\/comments?post=1141"}],"version-history":[{"count":1,"href":"https:\/\/www.livefooty.net\/pt\/wp-json\/wp\/v2\/pages\/1141\/revisions"}],"predecessor-version":[{"id":3083,"href":"https:\/\/www.livefooty.net\/pt\/wp-json\/wp\/v2\/pages\/1141\/revisions\/3083"}],"wp:attachment":[{"href":"https:\/\/www.livefooty.net\/pt\/wp-json\/wp\/v2\/media?parent=1141"}],"curies":[{"name":"wp","href":"https:\/\/api.w.org\/{rel}","templated":true}]}}