{"id":1139,"date":"2023-08-06T07:54:43","date_gmt":"2023-08-06T07:54:43","guid":{"rendered":"https:\/\/livefooty.net\/?page_id=1139"},"modified":"2023-09-19T11:00:55","modified_gmt":"2023-09-19T11:00:55","slug":"software-de-streaming-sopcast","status":"publish","type":"page","link":"https:\/\/www.livefooty.net\/pt\/software-de-streaming-sopcast\/","title":{"rendered":"Software de transmiss\u00e3o em fluxo cont\u00ednuo SOPCast"},"content":{"rendered":"<p><strong>SOPCast se tornou o software n\u00famero 1 preferido por quem deseja assistir futebol ao vivo online<\/strong>. Uma combina\u00e7\u00e3o de facilidade de uso, milhares de canais e streaming consistentemente est\u00e1vel levou o SOPCast ao topo da lista. A tecnologia SOPCasts torna muito f\u00e1cil compartilhar sua transmiss\u00e3o em uma rede, por exemplo, em um ambiente de trabalho, seria muito f\u00e1cil para v\u00e1rias pessoas compartilhar uma transmiss\u00e3o de esportes ao vivo de apenas um PC fazendo o download.<\/p>\n\n\n\n<!--more-->\n\n\n\n<p><\/p>\n\n\n\n<p>Com milhares de canais dispon\u00edveis, o SOPCast tamb\u00e9m se tornou um dos favoritos dos f\u00e3s de outros esportes, bem como das pessoas que desejam assistir todos os outros tipos de conte\u00fado online, incluindo TV e filmes normais.<\/p>\n\n\n\n<p><strong>SOPCast<\/strong>&nbsp;para Windows est\u00e1 dispon\u00edvel para download aqui (n\u00e3o temos conex\u00e3o com o softonic, fa\u00e7a o download por sua conta e risco): -<br><strong><a href=\"https:\/\/en.softonic.com\/download\/sopcast\/windows\/post-download\" target=\"_blank\" rel=\"noopener nofollow\" title=\"\">Baixar SOPCast<\/a><\/strong><\/p>\n\n\n\n<p>Tal como acontece com todos os softwares P2P, o download real do software \u00e9 simples. O problema surge quando se trata de encontrar listas de canais abrangentes. Voc\u00ea pode experimentar as listagens de canais SOPCast no site&nbsp;<a href=\"https:\/\/www.liveaugoal.com\/channel\/sopcast\/\" target=\"_blank\" rel=\"noopener nofollow\" title=\"\">aqui<\/a>&nbsp;(N\u00e3o temos associa\u00e7\u00e3o com este site, use por sua conta e risco). Se isso n\u00e3o ajudar, existem v\u00e1rios sites que oferecem listas de canais. O Google \u00e9 seu amigo aqui.<\/p>\n\n\n\n<p>Sopcast \u00e9 um programa de streaming online que facilita a exibi\u00e7\u00e3o de eventos esportivos. A Sopcast possui uma variedade de canais, incluindo esportes de todo o mundo. O Sopcast tamb\u00e9m oferece transmiss\u00f5es ao vivo de eventos selecionados, o que o torna uma \u00f3tima op\u00e7\u00e3o para f\u00e3s de esportes. Com o Sopcast, voc\u00ea pode assistir aos seus jogos favoritos sem se preocupar com restri\u00e7\u00f5es de largura de banda ou longos tempos de espera. O Sopcast est\u00e1 dispon\u00edvel em desktops e dispositivos m\u00f3veis, para que voc\u00ea esteja sempre pronto para assistir ao jogo do seu time favorito. Se voc\u00ea deseja assistir a uma transmiss\u00e3o ao vivo do seu time favorito, certifique-se de ter uma conex\u00e3o r\u00e1pida com a Internet. Muitas transmiss\u00f5es de esportes ao vivo exigem uma conex\u00e3o com a Internet de pelo menos 3 Mbps para uma visualiza\u00e7\u00e3o ideal. Al\u00e9m disso, muitas transmiss\u00f5es de esportes ao vivo exigem resolu\u00e7\u00e3o HD ou 4K para a melhor experi\u00eancia. Se voc\u00ea n\u00e3o tiver certeza se sua conex\u00e3o com a Internet \u00e9 r\u00e1pida o suficiente para assistir a uma transmiss\u00e3o ao vivo, teste-a transmitindo um v\u00eddeo do YouTube ou Netflix. Se a qualidade do v\u00eddeo for ruim, sua conex\u00e3o com a Internet poder\u00e1 n\u00e3o ser capaz de lidar com a carga e voc\u00ea provavelmente experimentar\u00e1 buffering e desempenho ruim ao assistir a uma transmiss\u00e3o ao vivo.<\/p>\n\n\n\n<p>SOPCast oferece transmiss\u00e3o ao vivo ponto a ponto. N\u00e3o h\u00e1 d\u00favida de que a transmiss\u00e3o ao vivo se tornou uma forma popular de assistir esportes. Com tantas plataformas dispon\u00edveis, pode ser dif\u00edcil decidir qual usar. O streaming ponto a ponto \u00e9 uma \u00f3tima op\u00e7\u00e3o para quem deseja assistir esportes sem ter que lidar com an\u00fancios irritantes ou longos tempos de espera. Esse tipo de streaming funciona conectando pessoas que t\u00eam o mesmo interesse no esporte assistido. Isso significa que n\u00e3o h\u00e1 necessidade de uma emissora ou rede, o que significa que a qualidade da transmiss\u00e3o costuma ser melhor do que as op\u00e7\u00f5es tradicionais de transmiss\u00e3o ao vivo.<\/p>\n\n\n\n<h2 class=\"wp-block-heading\">Como funciona o SopCast?<\/h2>\n\n\n\n<p>SopCast \u00e9 uma plataforma de streaming ao vivo que permite aos usu\u00e1rios compartilhar conte\u00fado entre si em tempo real. Isso leva a uma transmiss\u00e3o de maior qualidade para todos, pois os espectadores podem fornecer feedback que pode ajudar a melhorar a qualidade da transmiss\u00e3o. SopCast tamb\u00e9m possui uma variedade de recursos que o tornam uma plataforma ideal para f\u00e3s de esportes. Por exemplo, o SopCast permite que os usu\u00e1rios assistam a v\u00e1rios streams ao mesmo tempo, facilitando o acompanhamento de v\u00e1rios jogos ao mesmo tempo. O bot\u00e3o inicial do aplicativo permite que os usu\u00e1rios pesquisem e reproduzam conte\u00fado online ou gravem-no para mais tarde. Al\u00e9m disso, o SopCast vem com um guia de canais f\u00e1cil de usar que organiza todos os canais dispon\u00edveis em categorias de f\u00e1cil acesso. A aba de canais ao vivo no aplicativo de TV oferece uma lista de transmiss\u00f5es ao vivo, que fica ao lado da aba Gravar Canais. O aplicativo tamb\u00e9m possui v\u00e1rios f\u00f3runs onde os usu\u00e1rios postam links de transmiss\u00e3o que criaram. Voc\u00ea pode assisti-los copiando e colando-os na barra de endere\u00e7o.<\/p>\n\n\n\n<h2 class=\"wp-block-heading\">Canais SopCast<\/h2>\n\n\n\n<p>Existem literalmente milhares de canais e transmiss\u00f5es dispon\u00edveis no SopCast cobrindo todo tipo de conte\u00fado transmitido ao vivo que voc\u00ea possa imaginar. Voc\u00ea pode at\u00e9 criar seu pr\u00f3prio stream\/canal com apenas alguns cliques, com a natureza ponto a ponto do software cuidando do resto.&nbsp;<strong>Alguns dos canais SopCast mais populares incluem os canais Alpha (Alpha TV, Alpha TV 2), Balldee Sports e HQLiveSports<\/strong>. Lembre-se de aproveitar ao m\u00e1ximo qualquer canal SopCast, voc\u00ea precisar\u00e1 de uma conex\u00e3o de internet est\u00e1vel e r\u00e1pida, hardware\/dispositivo compat\u00edvel atualizado e um pouco de paci\u00eancia!<\/p>","protected":false},"excerpt":{"rendered":"<p>SOPCast has become the number 1 software of choice for people looking to watch live football online. A combination of ease of use, thousands of channels and consistently stable streaming has jumped SOPCast right to the top of the list. SOPCasts technology makes it very easy to share your stream over a network so for [&hellip;]<\/p>","protected":false},"author":1,"featured_media":0,"parent":0,"menu_order":0,"comment_status":"closed","ping_status":"closed","template":"","meta":{"footnotes":""},"class_list":["post-1139","page","type-page","status-publish","hentry"],"_links":{"self":[{"href":"https:\/\/www.livefooty.net\/pt\/wp-json\/wp\/v2\/pages\/1139","targetHints":{"allow":["GET"]}}],"collection":[{"href":"https:\/\/www.livefooty.net\/pt\/wp-json\/wp\/v2\/pages"}],"about":[{"href":"https:\/\/www.livefooty.net\/pt\/wp-json\/wp\/v2\/types\/page"}],"author":[{"embeddable":true,"href":"https:\/\/www.livefooty.net\/pt\/wp-json\/wp\/v2\/users\/1"}],"replies":[{"embeddable":true,"href":"https:\/\/www.livefooty.net\/pt\/wp-json\/wp\/v2\/comments?post=1139"}],"version-history":[{"count":0,"href":"https:\/\/www.livefooty.net\/pt\/wp-json\/wp\/v2\/pages\/1139\/revisions"}],"wp:attachment":[{"href":"https:\/\/www.livefooty.net\/pt\/wp-json\/wp\/v2\/media?parent=1139"}],"curies":[{"name":"wp","href":"https:\/\/api.w.org\/{rel}","templated":true}]}}