{"id":1441,"date":"2023-09-19T18:37:41","date_gmt":"2023-09-19T18:37:41","guid":{"rendered":"https:\/\/www.livefooty.net\/?page_id=1441"},"modified":"2023-09-19T19:13:18","modified_gmt":"2023-09-19T19:13:18","slug":"liga-europy-mecze-na-zywo","status":"publish","type":"page","link":"https:\/\/www.livefooty.net\/pl\/liga-europy-mecze-na-zywo\/","title":{"rendered":"Pi\u0142ka no\u017cna na \u017cywo w Lidze Europy"},"content":{"rendered":"<p> The <b>Liga Europy<\/b> to coroczne klubowe rozgrywki pi\u0142karskie organizowane przez Uni\u0119 Europejskich Zwi\u0105zk\u00f3w Pi\u0142karskich (UEFA) dla drugoligowych klub\u00f3w pi\u0142karskich w Europie. Istnieje kilka sposob\u00f3w na dostanie si\u0119 do Ligi Europy, w tym brak wystarczaj\u0105co wysokiego miejsca w lidze krajowej, aby zakwalifikowa\u0107 si\u0119 do Ligi Mistrz\u00f3w, pora\u017cka w rundach wst\u0119pnych Ligi Mistrz\u00f3w lub zaj\u0119cie 3. miejsca w grupie Ligi Mistrz\u00f3w.  Jednak nadal jest to wa\u017cne trofeum klubowe do wygrania, a niekt\u00f3re z najwi\u0119kszych dru\u017cyn w Europie s\u0105 dumne ze swoich osi\u0105gni\u0119\u0107 na drugim poziomie europejskich rozgrywek klubowych.  Jedn\u0105 z rzeczy, na kt\u00f3re warto zwr\u00f3ci\u0107 uwag\u0119, jest spos\u00f3b, w jaki liga rozszerzy\u0142a si\u0119 w ostatnim czasie, poniewa\u017c organy zarz\u0105dzaj\u0105ce sportem wymy\u015bli\u0142y wi\u0119cej sposob\u00f3w na wyci\u015bni\u0119cie got\u00f3wki telewizyjnej z r\u0105k abonent\u00f3w i do klub\u00f3w.  Podczas gdy czwartkowa nocna pi\u0142ka no\u017cna nie jest tym, do czego aspiruje wi\u0119kszo\u015b\u0107 dru\u017cyn, dodatkowe pieni\u0105dze i szansa na zdobycie g\u0142\u00f3wnego trofeum klubowego s\u0105 zawsze warte zachodu. <\/p>\n\n\n\n<!--more-->\n\n\n\n<figure class=\"wp-block-image size-full is-style-rounded\"><img decoding=\"async\" width=\"800\" height=\"489\" src=\"https:\/\/www.livefooty.net\/wp-content\/uploads\/2023\/09\/Europa-League-Footy.jpg\" alt=\"Pi\u0142ka no\u017cna na \u017cywo w Lidze Europy\" class=\"wp-image-1458\" title=\"\" srcset=\"https:\/\/www.livefooty.net\/wp-content\/uploads\/2023\/09\/Europa-League-Footy.jpg 800w, https:\/\/www.livefooty.net\/wp-content\/uploads\/2023\/09\/Europa-League-Footy-300x183.jpg 300w, https:\/\/www.livefooty.net\/wp-content\/uploads\/2023\/09\/Europa-League-Footy-768x469.jpg 768w, https:\/\/www.livefooty.net\/wp-content\/uploads\/2023\/09\/Europa-League-Footy-18x12.jpg 18w, https:\/\/www.livefooty.net\/wp-content\/uploads\/2023\/09\/Europa-League-Footy-665x406.jpg 665w, https:\/\/www.livefooty.net\/wp-content\/uploads\/2023\/09\/Europa-League-Footy-425x260.jpg 425w\" sizes=\"(max-width: 800px) 100vw, 800px\" \/><\/figure>\n\n\n\n<p>Chocia\u017c jest to mo\u017cliwe <b>Ogl\u0105daj Lig\u0119 Europy przez Internet<\/b> W niekt\u00f3rych cz\u0119\u015bciach Wielkiej Brytanii, gdzie BT Sports ma teraz wy\u0142\u0105czne prawa do ca\u0142ej Ligi Europy, b\u0119dzie to dalekie od taniego, chyba \u017ce mieszkasz w obszarze z dost\u0119pem do BT Broadband.  Reszta jest zmuszona p\u0142aci\u0107 za podw\u00f3jny pakiet sportowy Sky plus BT.  W zale\u017cno\u015bci od tego, gdzie mieszkasz na \u015bwiecie, b\u0119dziesz mie\u0107 znacznie lepszy dost\u0119p online do Ligi Europy, a wiele miejsc pokazuje mecze za darmo.  W rzeczywisto\u015bci nawet w pozosta\u0142ej cz\u0119\u015bci Europy dost\u0119p jest znacznie lepszy ni\u017c w Wielkiej Brytanii. <\/p>\n\n\n\n<p>[scu name=&#8221;europa-league&#8221;]<\/p>","protected":false},"excerpt":{"rendered":"<p>The Europa League is an annual club football competition organised by the Union of European Football Associations (UEFA) for the second tier of football clubs in Europe, there are several ways of being entered in to the Europa League including not finishing high enough in a domestic league to qualify for the Champions League, failing [&hellip;]<\/p>","protected":false},"author":1,"featured_media":0,"parent":0,"menu_order":0,"comment_status":"closed","ping_status":"closed","template":"","meta":{"footnotes":""},"class_list":["post-1441","page","type-page","status-publish","hentry"],"_links":{"self":[{"href":"https:\/\/www.livefooty.net\/pl\/wp-json\/wp\/v2\/pages\/1441","targetHints":{"allow":["GET"]}}],"collection":[{"href":"https:\/\/www.livefooty.net\/pl\/wp-json\/wp\/v2\/pages"}],"about":[{"href":"https:\/\/www.livefooty.net\/pl\/wp-json\/wp\/v2\/types\/page"}],"author":[{"embeddable":true,"href":"https:\/\/www.livefooty.net\/pl\/wp-json\/wp\/v2\/users\/1"}],"replies":[{"embeddable":true,"href":"https:\/\/www.livefooty.net\/pl\/wp-json\/wp\/v2\/comments?post=1441"}],"version-history":[{"count":0,"href":"https:\/\/www.livefooty.net\/pl\/wp-json\/wp\/v2\/pages\/1441\/revisions"}],"wp:attachment":[{"href":"https:\/\/www.livefooty.net\/pl\/wp-json\/wp\/v2\/media?parent=1441"}],"curies":[{"name":"wp","href":"https:\/\/api.w.org\/{rel}","templated":true}]}}