{"id":1437,"date":"2023-09-19T12:48:24","date_gmt":"2023-09-19T12:48:24","guid":{"rendered":"https:\/\/www.livefooty.net\/?page_id=1437"},"modified":"2023-09-20T08:10:04","modified_gmt":"2023-09-20T08:10:04","slug":"liga-mistrzow-na-zywo-pilka-nozna-liga-mistrzow","status":"publish","type":"page","link":"https:\/\/www.livefooty.net\/pl\/liga-mistrzow-na-zywo-pilka-nozna-liga-mistrzow\/","title":{"rendered":"Liga Mistrz\u00f3w \u2013 Pi\u0142ka no\u017cna Ligi Mistrz\u00f3w na \u017cywo"},"content":{"rendered":"<p> The <b>Liga Mistrz\u00f3w UEFA<\/b> to coroczne klubowe zawody pi\u0142karskie organizowane przez Uni\u0119 Europejskich Zwi\u0105zk\u00f3w Pi\u0142ki No\u017cnej (UEFA) dla najbardziej utytu\u0142owanych klub\u00f3w pi\u0142karskich w Europie. Jest to jedno z najbardziej presti\u017cowych trofe\u00f3w klubowych w pi\u0142ce no\u017cnej, by\u0107 mo\u017ce najbardziej na poziomie klubowym. Ma globaln\u0105 widowni\u0119 licz\u0105c\u0105 ponad 1 miliard ludzi (wi\u0119cej ni\u017c SuperBowl) <br><\/p>\n\n\n\n<!--more-->\n\n\n\n<p> <\/p>\n\n\n\n<figure class=\"wp-block-image size-full is-style-rounded\"><img decoding=\"async\" width=\"800\" height=\"473\" src=\"https:\/\/www.livefooty.net\/wp-content\/uploads\/2023\/09\/Champions-League-Live.jpg\" alt=\"Liga Mistrz\u00f3w na \u017cywo w Internecie\" class=\"wp-image-1439\" title=\"\" srcset=\"https:\/\/www.livefooty.net\/wp-content\/uploads\/2023\/09\/Champions-League-Live.jpg 800w, https:\/\/www.livefooty.net\/wp-content\/uploads\/2023\/09\/Champions-League-Live-300x177.jpg 300w, https:\/\/www.livefooty.net\/wp-content\/uploads\/2023\/09\/Champions-League-Live-768x454.jpg 768w, https:\/\/www.livefooty.net\/wp-content\/uploads\/2023\/09\/Champions-League-Live-18x12.jpg 18w, https:\/\/www.livefooty.net\/wp-content\/uploads\/2023\/09\/Champions-League-Live-665x393.jpg 665w, https:\/\/www.livefooty.net\/wp-content\/uploads\/2023\/09\/Champions-League-Live-440x260.jpg 440w\" sizes=\"(max-width: 800px) 100vw, 800px\" \/><\/figure>\n\n\n\n<p>Turniej zainaugurowano w sezonie 1955-1956 jako rywalizacj\u0119 dla zwyci\u0119zc\u00f3w krajowych lig europejskich w pi\u0142ce no\u017cnej pod nazw\u0105 Pucharu Europy, jednak od sezonu 1992-1993 rywalizowa\u0142y ze sob\u0105 czo\u0142owe dru\u017cyny Europy i Europy nazwa turnieju zosta\u0142a zmieniona na <b>Liga Mistrz\u00f3w<\/b>, cho\u0107 Ligi Mistrz\u00f3w UEFA nie nale\u017cy myli\u0107 z Pucharem UEFA, drugimi najwa\u017cniejszymi rozgrywkami europejskich dru\u017cyn klubowych. Przej\u015bcie ze standardowego formatu pucharowego na system ligowy zwi\u0119kszy\u0142o liczb\u0119 mecz\u00f3w rozgrywanych przez ka\u017cd\u0105 dru\u017cyn\u0119, znacz\u0105co zwi\u0119kszaj\u0105c tak\u017ce mo\u017cliwo\u015bci transmisji telewizyjnej. <br><\/p>\n\n\n\n<p>Jest to mo\u017cliwe <b>ogl\u0105da\u0107 Lig\u0119 Mistrz\u00f3w w internecie<\/b> w niekt\u00f3rych cz\u0119\u015bciach Wielkiej Brytanii. BT Sports ma teraz wy\u0142\u0105czne prawa do wszystkich mecz\u00f3w Ligi Mistrz\u00f3w, co jest \u015bwietn\u0105 opcj\u0105, je\u015bli jeste\u015b klientem szerokopasmowego \u0142\u0105cza BT, jednak istnieje wiele obszar\u00f3w Wysp Brytyjskich, kt\u00f3re nie maj\u0105 takiej opcji. Ich jedynym sposobem na ogl\u0105danie pi\u0142ki no\u017cnej Ligi Mistrz\u00f3w jest op\u0142acenie pakietu BT Sports opr\u00f3cz pakietu Sky, przy czym w obu przypadkach nie ma ofert dla odleg\u0142ych obszar\u00f3w Wielkiej Brytanii. Sprzedaj\u0105c te prawa firmie BT Sport, niekt\u00f3re obszary Wielkiej Brytanii zosta\u0142y niemal ca\u0142kowicie pozbawione mo\u017cliwo\u015bci ogl\u0105dania europejskiej klubowej pi\u0142ki no\u017cnej, st\u0105d stale rosn\u0105ca popularno\u015b\u0107 alternatywnych \u017ar\u00f3de\u0142 transmisji strumieniowej. <\/p>\n\n\n\n<p>[scu name=\"champions-league\"]<\/p>\n\n\n\n<h3 class=\"wp-block-heading\">Plotki i opinie na temat Ligi Mistrz\u00f3w<\/h3>\n\n\n\n<p>[scu name=\"event-summary\"]<\/p>\n\n\n\n<hr class=\"wp-block-separator has-alpha-channel-opacity\"\/>\n\n\n\n<h3 class=\"wp-block-heading\">Wiadomo\u015bci z Ligi Mistrz\u00f3w na \u017cywo<\/h3>\n\n\n\n<p>[scu name=\"rss-feed\"]<\/p>","protected":false},"excerpt":{"rendered":"<p>Liga Mistrz\u00f3w UEFA to coroczne klubowe rozgrywki pi\u0142karskie organizowane przez Uni\u0119 Europejskich Zwi\u0105zk\u00f3w Pi\u0142karskich (UEFA) dla najbardziej utytu\u0142owanych klub\u00f3w pi\u0142karskich w Europie. Jest to jedno z najbardziej presti\u017cowych trofe\u00f3w klubowych w pi\u0142ce no\u017cnej, prawdopodobnie najbardziej na poziomie klubowym. Ogl\u0105da j\u0105 ponad miliard widz\u00f3w na ca\u0142ym \u015bwiecie [...]<\/p>","protected":false},"author":1,"featured_media":0,"parent":0,"menu_order":0,"comment_status":"closed","ping_status":"closed","template":"","meta":{"footnotes":""},"class_list":["post-1437","page","type-page","status-publish","hentry"],"_links":{"self":[{"href":"https:\/\/www.livefooty.net\/pl\/wp-json\/wp\/v2\/pages\/1437","targetHints":{"allow":["GET"]}}],"collection":[{"href":"https:\/\/www.livefooty.net\/pl\/wp-json\/wp\/v2\/pages"}],"about":[{"href":"https:\/\/www.livefooty.net\/pl\/wp-json\/wp\/v2\/types\/page"}],"author":[{"embeddable":true,"href":"https:\/\/www.livefooty.net\/pl\/wp-json\/wp\/v2\/users\/1"}],"replies":[{"embeddable":true,"href":"https:\/\/www.livefooty.net\/pl\/wp-json\/wp\/v2\/comments?post=1437"}],"version-history":[{"count":0,"href":"https:\/\/www.livefooty.net\/pl\/wp-json\/wp\/v2\/pages\/1437\/revisions"}],"wp:attachment":[{"href":"https:\/\/www.livefooty.net\/pl\/wp-json\/wp\/v2\/media?parent=1437"}],"curies":[{"name":"wp","href":"https:\/\/api.w.org\/{rel}","templated":true}]}}