{"id":1337,"date":"2023-08-22T08:36:09","date_gmt":"2023-08-22T08:36:09","guid":{"rendered":"https:\/\/www.livefooty.net\/?page_id=1337"},"modified":"2023-09-19T10:55:30","modified_gmt":"2023-09-19T10:55:30","slug":"bundesliga-pilka-nozna-na-zywo","status":"publish","type":"page","link":"https:\/\/www.livefooty.net\/pl\/bundesliga-pilka-nozna-na-zywo\/","title":{"rendered":"Pi\u0142ka no\u017cna Bundesligi na \u017cywo"},"content":{"rendered":"<p> Bundesliga jest profesjonaln\u0105 lig\u0105 pi\u0142karsk\u0105 w Niemczech, w skr\u00f3cie jest kolebk\u0105 niemieckiej pi\u0142ki no\u017cnej na najwy\u017cszym poziomie. Warto obejrze\u0107, o tak! W tej lidze gra 18 dru\u017cyn, kt\u00f3ra jak wi\u0119kszo\u015b\u0107 czo\u0142owych lig w Europie trwa od sierpnia do maja nast\u0119pnego roku. Wi\u0119kszo\u015b\u0107 mecz\u00f3w Bundesligi rozgrywana jest w weekendy, a jedynie sporadycznie w \u015brodku tygodnia. Pod wzgl\u0119dem tytu\u0142\u00f3w i spadk\u00f3w r\u00f3\u017cni si\u0119 nieco od wi\u0119kszo\u015bci innych lig na tym poziomie, mistrz standardowo jest ustalany na podstawie najwi\u0119kszej liczby punkt\u00f3w na koniec sezonu, jednak w przypadku spadku\/awansu 2 dru\u017cyny automatycznie przenosz\u0105 si\u0119 podczas gry - odpada za 3 miejsce. Je\u015bli jeste\u015b nowy w Bundeslidze i szukasz dru\u017cyny, kt\u00f3r\u0105 mo\u017cesz na\u015bladowa\u0107, wielkie nazwiska, o kt\u00f3rych najprawdopodobniej ju\u017c s\u0142ysza\u0142e\u015b, to Bayern Monachium i Borussia Dortmund, chocia\u017c generalnie w ka\u017cdym sezonie 5 lub wi\u0119cej dru\u017cyn ma du\u017ce szanse na dobre wyniki !  <b>Bundeslig\u0119 mo\u017cna ogl\u0105da\u0107 na \u017cywo online z wielu kraj\u00f3w.<\/b>    <\/p>\n\n\n\n<!--more-->\n\n\n\n<p><br><\/p>\n\n\n\n<p>\n\tBundesliga mo\u017ce pochwali\u0107 si\u0119 szeregiem \u015bwiatowej klasy talent\u00f3w, w tym wieloma ekscytuj\u0105cymi m\u0142odymi zawodnikami. Tak naprawd\u0119 czo\u0142\u00f3wka Bundesligi jest pe\u0142na talent\u00f3w, w tym kilku zawodnik\u00f3w, kt\u00f3rzy w nast\u0119pnym oknie transferowym mog\u0105 dokona\u0107 transfer\u00f3w za du\u017ce pieni\u0105dze. Innym interesuj\u0105cym faktem jest to, \u017ce Bundesliga ma najwy\u017csz\u0105 \u015bredni\u0105 frekwencj\u0119 ze wszystkich lig pi\u0142karskich na \u015bwiecie i w rzeczywisto\u015bci mo\u017ce by\u0107 jedyn\u0105 sprawn\u0105 i odpowiedni\u0105 lig\u0105 pi\u0142karsk\u0105 w Europie, jedyn\u0105 du\u017c\u0105 lig\u0105 krajow\u0105, kt\u00f3rej kluby wsp\u00f3lnie osi\u0105gaj\u0105 zyski, a niemieckie dru\u017cyny bardzo rzadko wygrywaj\u0105 najwy\u017csze wyr\u00f3\u017cnienia w konkursach na poziomie europejskim. Dlaczego tak jest, kto wie\u2026 nie ma to nic wsp\u00f3lnego z niekt\u00f3rymi innymi zespo\u0142ami z innych kraj\u00f3w bawi\u0105cymi si\u0119 oczywi\u015bcie w finansowe fair play!\n\t<br><\/p>\n\n\n\n<div itemscope=\"\" itemtype=\"https:\/\/schema.org\/FAQPage\">\n\t\t<div itemscope=\"\" itemprop=\"mainEntity\" itemtype=\"https:\/\/schema.org\/Question\">\n\t\t\t<h4 itemprop=\"name\">Czy mog\u0119 legalnie ogl\u0105da\u0107 Bundeslig\u0119 na \u017cywo w Internecie?<\/h4>\n\t\t\t<div itemscope=\"\" itemprop=\"acceptedAnswer\" itemtype=\"https:\/\/schema.org\/Answer\">\n\t\t\t\t<div itemprop=\"text\"><p>William Hill transmituje du\u017c\u0105 liczb\u0119 mecz\u00f3w z Bundesligi, kliknij link do pr\u0105du <a href=\"\/WilliamHill-Football.php\" rel=\"nofollow\"><b>Harmonogram mecz\u00f3w pi\u0142karskich William Hill<\/b><\/a>. (Obowi\u0105zuj\u0105 Warunki, transmisje podlegaj\u0105 ograniczeniom geograficznym).<\/p><\/div>\n\t\t\t<\/div>\n\t\t<\/div>\n\t\t<div itemscope=\"\" itemprop=\"mainEntity\" itemtype=\"https:\/\/schema.org\/Question\">\n\t\t\t<h4 itemprop=\"name\">Jak dobre s\u0105 transmisje na \u017cywo z Bundesligi?<\/h4>\n\t\t\t<div itemscope=\"\" itemprop=\"acceptedAnswer\" itemtype=\"https:\/\/schema.org\/Answer\">\n\t\t\t\t<div itemprop=\"text\"><p>Niezwykle ogl\u0105dalny, nawet na du\u017cym telewizorze (je\u015bli masz mo\u017cliwo\u015b\u0107 pod\u0142\u0105czenia komputera\/urz\u0105dzenia).<\/p><\/div>\n\t\t\t<\/div>\n\t\t<\/div>\n\t\t<div itemscope=\"\" itemprop=\"mainEntity\" itemtype=\"https:\/\/schema.org\/Question\">\n\t\t\t<h4 itemprop=\"name\">Jak konkurencyjna jest Bundesliga?<\/h4>\n\t\t\t<div itemscope=\"\" itemprop=\"acceptedAnswer\" itemtype=\"https:\/\/schema.org\/Answer\">\n\t\t\t\t<div itemprop=\"text\"><p>W rzeczywisto\u015bci nasuwa wiele por\u00f3wna\u0144 do angielskiej Premier League. Chocia\u017c istnieje niewielka liczba \u201edu\u017cych klub\u00f3w\u201d, generalnie w ka\u017cdym sezonie 5-6 dru\u017cyn ma du\u017ce szanse na dobry wyst\u0119p, dru\u017cyny regularnie przegrywaj\u0105 ze sob\u0105. Wracaj\u0105c do historii Bundesligi, nie znajdziesz wielu doskona\u0142ych sezon\u00f3w !<\/p><\/div>\n\t\t\t<\/div>\n\t\t<\/div>\n\t\t<div itemscope=\"\" itemprop=\"mainEntity\" itemtype=\"https:\/\/schema.org\/Question\">\n\t\t\t<h4 itemprop=\"name\">Czy mog\u0119 gra\u0107 w Bundeslidze?<\/h4>\n\t\t\t<div itemscope=\"\" itemprop=\"acceptedAnswer\" itemtype=\"https:\/\/schema.org\/Answer\">\n\t\t\t\t<div itemprop=\"text\"><p>Oczywi\u015bcie, pod warunkiem, \u017ce jeste\u015b na tyle doros\u0142y, aby legalnie gra\u0107 w miejscu zamieszkania. Bundesliga jest niezwykle konkurencyjna w por\u00f3wnaniu z ligami krajowymi, a kursy zazwyczaj odzwierciedlaj\u0105 t\u0119 \u201enieznan\u0105\u201d liczb\u0119. <a href=\"\/WilliamHill-Football.php\" rel=\"nofollow noopener\" target=\"_blank\">William Hill oferuje du\u017c\u0105 liczb\u0119 rynk\u00f3w na mecze Bundesligi<\/a>.<\/p><\/div>\n\t\t\t<\/div>\n\t\t<\/div>\n\t<\/div>\n\n\n\n<p>[scu name=&#8221;bundesliga&#8221;]<\/p>","protected":false},"excerpt":{"rendered":"<p>The Bundesliga is the professional association football league in Germany, in short it is the home of top level German football. Worth watching, hell yeah! There are 18 teams that play in this league which like most of the top leagues in Europe runs from August until the following May. Most Bundesliga games are played [&hellip;]<\/p>","protected":false},"author":1,"featured_media":0,"parent":0,"menu_order":0,"comment_status":"closed","ping_status":"closed","template":"","meta":{"footnotes":""},"class_list":["post-1337","page","type-page","status-publish","hentry"],"_links":{"self":[{"href":"https:\/\/www.livefooty.net\/pl\/wp-json\/wp\/v2\/pages\/1337","targetHints":{"allow":["GET"]}}],"collection":[{"href":"https:\/\/www.livefooty.net\/pl\/wp-json\/wp\/v2\/pages"}],"about":[{"href":"https:\/\/www.livefooty.net\/pl\/wp-json\/wp\/v2\/types\/page"}],"author":[{"embeddable":true,"href":"https:\/\/www.livefooty.net\/pl\/wp-json\/wp\/v2\/users\/1"}],"replies":[{"embeddable":true,"href":"https:\/\/www.livefooty.net\/pl\/wp-json\/wp\/v2\/comments?post=1337"}],"version-history":[{"count":0,"href":"https:\/\/www.livefooty.net\/pl\/wp-json\/wp\/v2\/pages\/1337\/revisions"}],"wp:attachment":[{"href":"https:\/\/www.livefooty.net\/pl\/wp-json\/wp\/v2\/media?parent=1337"}],"curies":[{"name":"wp","href":"https:\/\/api.w.org\/{rel}","templated":true}]}}