{"id":1333,"date":"2023-08-22T08:08:27","date_gmt":"2023-08-22T08:08:27","guid":{"rendered":"https:\/\/www.livefooty.net\/?page_id=1333"},"modified":"2023-09-19T10:58:12","modified_gmt":"2023-09-19T10:58:12","slug":"pilka-nozna-na-zywo-primera-division","status":"publish","type":"page","link":"https:\/\/www.livefooty.net\/pl\/pilka-nozna-na-zywo-primera-division\/","title":{"rendered":"Pi\u0142ka no\u017cna na \u017cywo w Primera Division"},"content":{"rendered":"<p> Hiszpa\u0144ska Primera Division, powszechnie znana jako La Liga, to najwy\u017csza klasa rozgrywkowa w hiszpa\u0144skiej pi\u0142ce no\u017cnej.  W ci\u0105gu ostatnich kilku dekad, wy\u0142\u0105cznie ze wzgl\u0119du na osi\u0105gni\u0119cia na poziomie europejskim, jest powszechnie uwa\u017cana za najlepsz\u0105 lig\u0119 \"czysto pi\u0142karsk\u0105\" na \u015bwiecie.  Mo\u017ce nie pod wzgl\u0119dem emocji czy zaskakuj\u0105cych wynik\u00f3w, ale zdecydowanie ze wzgl\u0119du na jako\u015b\u0107 prezentowanego futbolu.  Sama liga jest zdominowana przez 2 dru\u017cyny, ka\u017cdy s\u0142ysza\u0142 o Barcelonie i Realu Madryt, prawda?  Za nimi znajduje si\u0119 niewielka grupa dru\u017cyn, w tym Sevilla i Atletico Madryt, kt\u00f3re od czasu do czasu sprawiaj\u0105 niespodziank\u0119, a poni\u017cej nich s\u0105 r\u00f3wnie\u017c rz\u0105dy.  Hiszpa\u0144ska pi\u0142ka no\u017cna, a w szczeg\u00f3lno\u015bci La Liga, cieszy si\u0119 ogromn\u0105 popularno\u015bci\u0105 na ca\u0142ym \u015bwiecie i cz\u0119sto przyci\u0105ga najlepszych graczy z ka\u017cdego kontynentu. <b>Mo\u017cesz ogl\u0105da\u0107 pi\u0142k\u0119 no\u017cn\u0105 Primera Division na \u017cywo w Internecie z wielu kraj\u00f3w.<\/b>    <\/p>\n\n\n\n<!--more-->\n\n\n\n<p> Primera Division mia\u0142a kiedy\u015b dw\u00f3ch najlepszych zawodnik\u00f3w na \u015bwiecie, Messiego i Ronaldo. Jednak wraz z przeprowadzk\u0105 Ronaldo, aby spr\u00f3bowa\u0107 swoich si\u0142 we W\u0142oszech, wszystko si\u0119 zmieni\u0142o, podobnie jak szcz\u0119\u015bcie Realu Madryt. Barcelona inspirowana Messim to ogromna przeszkoda do pokonania dla ka\u017cdej dru\u017cyny pi\u0142karskiej i tylko Real Madryt mo\u017ce mie\u0107 problemy, dop\u00f3ki nie uda si\u0119 znale\u017a\u0107 wi\u0119kszej liczby wzmocnie\u0144 \u015bwiatowej klasy. <br><\/p>\n\n\n\n<div itemscope=\"\" itemtype=\"https:\/\/schema.org\/FAQPage\">\n\t\t<div itemscope=\"\" itemprop=\"mainEntity\" itemtype=\"https:\/\/schema.org\/Question\">\n\t\t\t<h4 itemprop=\"name\">Czy mog\u0119 legalnie ogl\u0105da\u0107 hiszpa\u0144sk\u0105 Primera Division na \u017cywo w Internecie?<\/h4>\n\t\t\t<div itemscope=\"\" itemprop=\"acceptedAnswer\" itemtype=\"https:\/\/schema.org\/Answer\">\n\t\t\t\t<div itemprop=\"text\"><p>William Hill transmituje du\u017c\u0105 liczb\u0119 mecz\u00f3w z Primera Division. Kliknij link do bie\u017c\u0105cego <a href=\"\/WilliamHill-Football.php\" rel=\"nofollow noopener\" target=\"_blank\"><b>Harmonogram mecz\u00f3w pi\u0142karskich William Hill<\/b><\/a>. (obowi\u0105zuj\u0105 Warunki, transmisje b\u0119d\u0105 obj\u0119te ograniczeniami geograficznymi)<\/p><\/div>\n\t\t\t<\/div>\n\t\t<\/div>\n\t\t<div itemscope=\"\" itemprop=\"mainEntity\" itemtype=\"https:\/\/schema.org\/Question\">\n\t\t\t<h4 itemprop=\"name\">Jak dobre s\u0105 transmisje na \u017cywo z Primera Division?<\/h4>\n\t\t\t<div itemscope=\"\" itemprop=\"acceptedAnswer\" itemtype=\"https:\/\/schema.org\/Answer\">\n\t\t\t\t<div itemprop=\"text\"><p>Niezwykle ogl\u0105dalny, nawet na du\u017cym telewizorze (je\u015bli masz mo\u017cliwo\u015b\u0107 pod\u0142\u0105czenia komputera\/urz\u0105dzenia).<\/p><\/div>\n\t\t\t<\/div>\n\t\t<\/div>\n\t\t<div itemscope=\"\" itemprop=\"mainEntity\" itemtype=\"https:\/\/schema.org\/Question\">\n\t\t\t<h4 itemprop=\"name\">Jak konkurencyjna jest dywizja Primera?<\/h4>\n\t\t\t<div itemscope=\"\" itemprop=\"acceptedAnswer\" itemtype=\"https:\/\/schema.org\/Answer\">\n\t\t\t\t<div itemprop=\"text\"><p>Je\u015bli kibicujesz Barcelonie lub Realowi Madryt, to bardzo! Jednak\u017ce dla graczy neutralnych liga nie jest postrzegana jako najlepsza, podczas gdy jako\u015b\u0107 prezentowanego futbolu jest bez w\u0105tpienia przewidywalna, co doprowadzi\u0142o nawet niekt\u00f3rych z najlepszych graczy do okre\u015blenia ligi jako \u201enudnej\u201d.<\/p><\/div>\n\t\t\t<\/div>\n\t\t<\/div>\n\t\t<div itemscope=\"\" itemprop=\"mainEntity\" itemtype=\"https:\/\/schema.org\/Question\">\n\t\t\t<h4 itemprop=\"name\">Czy mog\u0119 gra\u0107 w Primera Division?<\/h4>\n\t\t\t<div itemscope=\"\" itemprop=\"acceptedAnswer\" itemtype=\"https:\/\/schema.org\/Answer\">\n\t\t\t\t<div itemprop=\"text\"><p>Oczywi\u015bcie, pod warunkiem, \u017ce jeste\u015b na tyle doros\u0142y, aby legalnie gra\u0107 w miejscu zamieszkania. Jednak Primera Division nie sprawia wielu niespodzianek, je\u015bli chodzi o czo\u0142owe dru\u017cyny, wi\u0119c nie spodziewaj si\u0119 \u015bwietnych kurs\u00f3w. To powiedziawszy <a href=\"\/WilliamHill-Football.php\" rel=\"nofollow noopener\" target=\"_blank\">William Hill oferuje du\u017c\u0105 liczb\u0119 rynk\u00f3w na mecze Primera Division<\/a>.<\/p><\/div>\n\t\t\t<\/div>\n\t\t<\/div>\n\t<\/div>\n\n\n\n<p>[scu name=&#8221;primera-division&#8221;]<\/p>","protected":false},"excerpt":{"rendered":"<p>Spain&#8217;s Primera Division, commonly known as La Liga is the top tier in Spanish football. Over the past couple of decades purely on European level achievement it is widely regarded as the best &#8220;pure football&#8221; league in the world. Maybe not in terms of excitement or surprise results but definitely for the quality of the [&hellip;]<\/p>","protected":false},"author":1,"featured_media":0,"parent":0,"menu_order":0,"comment_status":"closed","ping_status":"closed","template":"","meta":{"footnotes":""},"class_list":["post-1333","page","type-page","status-publish","hentry"],"_links":{"self":[{"href":"https:\/\/www.livefooty.net\/pl\/wp-json\/wp\/v2\/pages\/1333","targetHints":{"allow":["GET"]}}],"collection":[{"href":"https:\/\/www.livefooty.net\/pl\/wp-json\/wp\/v2\/pages"}],"about":[{"href":"https:\/\/www.livefooty.net\/pl\/wp-json\/wp\/v2\/types\/page"}],"author":[{"embeddable":true,"href":"https:\/\/www.livefooty.net\/pl\/wp-json\/wp\/v2\/users\/1"}],"replies":[{"embeddable":true,"href":"https:\/\/www.livefooty.net\/pl\/wp-json\/wp\/v2\/comments?post=1333"}],"version-history":[{"count":0,"href":"https:\/\/www.livefooty.net\/pl\/wp-json\/wp\/v2\/pages\/1333\/revisions"}],"wp:attachment":[{"href":"https:\/\/www.livefooty.net\/pl\/wp-json\/wp\/v2\/media?parent=1333"}],"curies":[{"name":"wp","href":"https:\/\/api.w.org\/{rel}","templated":true}]}}