{"id":1302,"date":"2023-08-18T09:06:26","date_gmt":"2023-08-18T09:06:26","guid":{"rendered":"https:\/\/www.livefooty.net\/?page_id=1302"},"modified":"2023-09-19T10:52:21","modified_gmt":"2023-09-19T10:52:21","slug":"aintree-wyscigi-konne","status":"publish","type":"page","link":"https:\/\/www.livefooty.net\/pl\/aintree-wyscigi-konne\/","title":{"rendered":"Wy\u015bcigi konne Aintre"},"content":{"rendered":"<h2 class=\"wp-block-heading\">Tor wy\u015bcigowy Aintree \u2013 wy\u015bcigi na \u017cywo<\/h2>\n\n\n\n<p> <b><a href=\"https:\/\/www.livehorseracingonline.com\" target=\"_blank\" rel=\"noopener\" title=\"\">Ogl\u0105daj wy\u015bcigi konne z Aintree na \u017cywo na swoim komputerze, telefonie kom\u00f3rkowym lub tablecie<\/a><\/b> <br><\/p>\n\n\n\n<p> Tor wy\u015bcigowy Aintree jest jednym z najbardziej znanych w ca\u0142ej Wielkiej Brytanii z jednego prostego powodu - jest domem dla Grand National.  Nawet dla os\u00f3b, kt\u00f3re nie interesuj\u0105 si\u0119 wy\u015bcigami konnymi ani hazardem, National jest prawdopodobnie jedynym wy\u015bcigiem, kt\u00f3ry KA\u017bDY zna i na kt\u00f3ry wi\u0119kszo\u015b\u0107 ludzi czuje si\u0119 komfortowo.  <\/p>\n\n\n\n<!--more-->\n\n\n\n<p>Wszyscy wiemy, \u017ce wiosna rozkr\u0119ca si\u0119 na dobre wraz z nadej\u015bciem Aintree Festival i Grand National.  Sam tor wy\u015bcigowy Aintree to w rzeczywisto\u015bci 2 tory w 1. Tor Grand National to dedykowany tor do steeplechase o \u0142\u0105cznej d\u0142ugo\u015bci 2 mil i 2 furlong\u00f3w.  Ten tor to nier\u00f3wny tr\u00f3jk\u0105t, \u015bcigany w lewo (przeciwnie do ruchu wskaz\u00f3wek zegara).  Drugi tor, tor Mildmay, jest znacznie kr\u00f3tszy i ma tylko 1 mil\u0119 3 furlongi i jest znacznie cia\u015bniejszym owalnym torem, ponownie biegn\u0105cym w lewo. <\/p>","protected":false},"excerpt":{"rendered":"<p>Aintree Race Course &#8211; Live Races Watch Horse Racing From Aintree Live On Your PC, Mobile Or Tablet The Aintree race course is one of the most famous in the whole of the UK for 1 simple reason, it is the home of the Grand National. Even for people who have no interest in horse [&hellip;]<\/p>","protected":false},"author":1,"featured_media":0,"parent":0,"menu_order":0,"comment_status":"closed","ping_status":"closed","template":"","meta":{"footnotes":""},"class_list":["post-1302","page","type-page","status-publish","hentry"],"_links":{"self":[{"href":"https:\/\/www.livefooty.net\/pl\/wp-json\/wp\/v2\/pages\/1302","targetHints":{"allow":["GET"]}}],"collection":[{"href":"https:\/\/www.livefooty.net\/pl\/wp-json\/wp\/v2\/pages"}],"about":[{"href":"https:\/\/www.livefooty.net\/pl\/wp-json\/wp\/v2\/types\/page"}],"author":[{"embeddable":true,"href":"https:\/\/www.livefooty.net\/pl\/wp-json\/wp\/v2\/users\/1"}],"replies":[{"embeddable":true,"href":"https:\/\/www.livefooty.net\/pl\/wp-json\/wp\/v2\/comments?post=1302"}],"version-history":[{"count":0,"href":"https:\/\/www.livefooty.net\/pl\/wp-json\/wp\/v2\/pages\/1302\/revisions"}],"wp:attachment":[{"href":"https:\/\/www.livefooty.net\/pl\/wp-json\/wp\/v2\/media?parent=1302"}],"curies":[{"name":"wp","href":"https:\/\/api.w.org\/{rel}","templated":true}]}}