{"id":1260,"date":"2023-08-18T08:28:30","date_gmt":"2023-08-18T08:28:30","guid":{"rendered":"https:\/\/www.livefooty.net\/?page_id=1260"},"modified":"2023-09-19T10:55:07","modified_gmt":"2023-09-19T10:55:07","slug":"prawny","status":"publish","type":"page","link":"https:\/\/www.livefooty.net\/pl\/prawny\/","title":{"rendered":"Prawny"},"content":{"rendered":"<h2 class=\"wp-block-heading\">Powiadomienia o rzekomych nielegalnych tre\u015bciach<\/h2>\n\n\n\n<p> Witryna livefooty.net jest po prostu internetowym \u017ar\u00f3d\u0142em informacji dotycz\u0105cym wszystkich aspekt\u00f3w sportu, jeste\u015bmy przede wszystkim fanami sportu, kt\u00f3rzy lubi\u0105 pisa\u0107 o sporcie.  Tre\u015bci na naszej stronie pochodz\u0105 od wielu autor\u00f3w i zewn\u0119trznych \u017ar\u00f3de\u0142 danych, \u017ar\u00f3d\u0142a danych obejmuj\u0105 mi\u0119dzy innymi football-api.com i Bet365 Live Odds Feed.  Nie udzielamy \u017cadnych gwarancji ani dorozumianych, ani wyra\u017anych w zakresie dok\u0142adno\u015bci informacji zawartych na livefooty.net Niekt\u00f3re z tych informacji mog\u0105 zawiera\u0107 linki do tre\u015bci znajduj\u0105cych si\u0119 na serwerach stron trzecich. livefooty.net nie hostuje ani nie przesy\u0142a \u017cadnych tre\u015bci audiowizualnych, \u015bwiadomie nie osadza nielegalnych tre\u015bci audiowizualnych ani nie \u0142\u0105czy si\u0119 bezpo\u015brednio z zewn\u0119trznymi \u017ar\u00f3d\u0142ami tre\u015bci audiowizualnych i nie kontroluje ani nie wp\u0142ywa na takie tre\u015bci. livefooty.net nie ponosi \u017cadnej odpowiedzialno\u015bci za tre\u015bci przesy\u0142ane przez innych. Wszelka odpowiedzialno\u015b\u0107 za te tre\u015bci spoczywa na tych, kt\u00f3rzy je hostuj\u0105 lub transmituj\u0105. livefooty.net nie mo\u017ce r\u00f3wnie\u017c bra\u0107 odpowiedzialno\u015bci za odwiedzaj\u0105cych stron\u0119 livefooty.net. Obowi\u0105zkiem ka\u017cdego odwiedzaj\u0105cego jest upewnienie si\u0119, \u017ce w pe\u0142ni przestrzega w\u0142asnych przepis\u00f3w lokalnych, krajowych lub stanowych. <\/p>\n\n\n\n<!--more-->\n\n\n\n<p>\nChocia\u017c livefooty.net nie mo\u017ce aktywnie monitorowa\u0107 ani bra\u0107 odpowiedzialno\u015bci za tre\u015bci przesy\u0142ane za po\u015brednictwem stron internetowych os\u00f3b trzecich, po otrzymaniu odpowiedniego powiadomienia jest sk\u0142onne podj\u0105\u0107 dzia\u0142ania w celu usuni\u0119cia link\u00f3w do nielegalnych tre\u015bci lub nielegalnych tre\u015bci osadzonych. livefooty.net usunie wszelkie linki do nielegalnych tre\u015bci ze swojej strony internetowej, pod warunkiem \u017ce zostan\u0105 podane nast\u0119puj\u0105ce informacje:-\n<\/p>\n\n\n\n<p>\n1. To\u017csamo\u015b\u0107 tre\u015bci, kt\u00f3re uwa\u017casz za nielegalne i podstawy tej nielegalno\u015bci. Przyk\u0142adami nielegalnych tre\u015bci s\u0105 mi\u0119dzy innymi: obra\u017aliwy, oszczerczy lub wulgarny j\u0119zyk, nielegalne publikacje, naruszenie prywatno\u015bci lub praw osobistych, naruszenie praw w\u0142asno\u015bci intelektualnej, przekazywanie tajemnic handlowych, know-how lub innych tajnych informacji, informacji o charakterze seksualnym lub przedstawiaj\u0105cym wykorzystywanie dzieci lub w inny spos\u00f3b nielegalne informacje;\n<br>\n2. Identyfikacja lokalizacji tre\u015bci, kt\u00f3re uwa\u017casz za nielegalne, obejmuj\u0105ca co najmniej dok\u0142adny adres URL strony internetowej, dat\u0119 i godzin\u0119 zidentyfikowania przez Ciebie rzekomo nielegalnych tre\u015bci oraz zrzut ekranu strony internetowej, na kt\u00f3rym wida\u0107 rzekome nielegalne tre\u015bci ;\n<br>\n3. Identyfikacja lokalizacji linku do tre\u015bci, kt\u00f3r\u0105 uwa\u017casz za nielegaln\u0105, obejmuj\u0105ca co najmniej dok\u0142adny adres URL strony internetowej, na kt\u00f3rej link si\u0119 wy\u015bwietla oraz dat\u0119 i godzin\u0119, w kt\u00f3rej zidentyfikowa\u0142e\u015b link do rzekomo nielegalnych tre\u015bci ;\n<br>\n4. Twoje dane kontaktowe\n<br>\n5. O\u015bwiadczenie, w kt\u00f3rym o\u015bwiadczasz:\n<br><br>\n    * \u017ce w dobrej wierze jeste\u015b przekonany, \u017ce kwestionowane wykorzystanie tre\u015bci nie jest autoryzowane przez w\u0142a\u015bciciela lub jego agenta;\n<br>\n    * \u017ce sporne u\u017cycie nie jest dozwolone przez prawo;\n<br>\n    * \u017ce wezwa\u0142e\u015b w\u0142a\u015bciciela strony internetowej, kt\u00f3ra rzekomo hostuje, udost\u0119pnia lub przekazuje nielegalne tre\u015bci, aby zaprzesta\u0142 jego nielegalnej dzia\u0142alno\u015bci lub, je\u015bli nie by\u0142o to mo\u017cliwe, dlaczego nie mog\u0142e\u015b skontaktowa\u0107 si\u0119 bezpo\u015brednio z tym w\u0142a\u015bcicielem; \n<br>\n    * \u017ce informacje zawarte w powiadomieniu s\u0105 dok\u0142adne i pod rygorem odpowiedzialno\u015bci za krzywoprzysi\u0119stwo, \u017ce jeste\u015b upowa\u017cniony do dzia\u0142ania w imieniu w\u0142a\u015bciciela prawa, kt\u00f3re zosta\u0142o rzekomo naruszone lub w inny spos\u00f3b nadu\u017cyte;\n<br>\n    * \u017ce zabezpieczysz livefooty.net, wszystkie jej podmioty stowarzyszone oraz jej i ich odpowiednich cz\u0142onk\u00f3w zarz\u0105du, dyrektor\u00f3w, pracownik\u00f3w, agent\u00f3w i nast\u0119pc\u00f3w z odpowiedzialno\u015bci za wszelkie roszczenia, straty, koszty i wydatki, odszkodowania, kary i zobowi\u0105zania poniesione w rezultacie przez livefooty.net zawiadomienia; I\n<br>\n    * \u017ce wyra\u017casz zgod\u0119 na to, \u017ce powiadomienie oraz wszelkie spory wynikaj\u0105ce z niego lub z nim zwi\u0105zane b\u0119d\u0105 regulowane przez prawo obowi\u0105zuj\u0105ce na Wyspie Man.\n<br><\/p>\n\n\n\n<p> Po otrzymaniu powiadomienia zgodnego z powy\u017cszym, livefooty.net niezw\u0142ocznie usunie zidentyfikowany link ze swojej strony internetowej. Wszelkie tego typu powiadomienia prosimy kierowa\u0107 na adres e-mail:  <br> <b>info@livefooty.net<\/b> <br> <\/p>\n\n\n\n<p>\n<b>Co si\u0119 stanie, je\u015bli problem dotyczy tre\u015bci nie zawieraj\u0105cych link\u00f3w (tzn. tekstu\/obrazu) zawartej na stronie w serwisie livefooty.net?<\/b> \u2013 Je\u017celi masz jakiekolwiek problemy zwi\u0105zane z tre\u015bci\u0105 witryny livefooty.net, daj nam zna\u0107 (info@livefooty.net). Wyja\u015bnimy Ci, dlaczego uwa\u017camy, \u017ce tre\u015b\u0107 jest w porz\u0105dku, lub je\u015bli zgodzimy si\u0119 z Twoim stanowiskiem, zmienimy\/usuniemy tre\u015b\u0107 zgodnie z potrzebami.\n<br><\/p>\n\n\n\n<p> Ostatnia aktualizacja: 18.08.2023 <\/p>","protected":false},"excerpt":{"rendered":"<p>Powiadomienia o rzekomych nielegalnych tre\u015bciach Witryna livefooty.net jest po prostu internetowym \u017ar\u00f3d\u0142em informacji dotycz\u0105cym wszystkich aspekt\u00f3w sportu, jeste\u015bmy przede wszystkim fanami sportu, kt\u00f3rzy lubi\u0105 pisa\u0107 o sporcie. Tre\u015bci na naszej stronie pochodz\u0105 od wielu autor\u00f3w i zewn\u0119trznych \u017ar\u00f3de\u0142 danych, \u017ar\u00f3d\u0142a danych obejmuj\u0105 mi\u0119dzy innymi [...]<\/p>","protected":false},"author":1,"featured_media":0,"parent":0,"menu_order":0,"comment_status":"closed","ping_status":"closed","template":"","meta":{"footnotes":""},"class_list":["post-1260","page","type-page","status-publish","hentry"],"_links":{"self":[{"href":"https:\/\/www.livefooty.net\/pl\/wp-json\/wp\/v2\/pages\/1260","targetHints":{"allow":["GET"]}}],"collection":[{"href":"https:\/\/www.livefooty.net\/pl\/wp-json\/wp\/v2\/pages"}],"about":[{"href":"https:\/\/www.livefooty.net\/pl\/wp-json\/wp\/v2\/types\/page"}],"author":[{"embeddable":true,"href":"https:\/\/www.livefooty.net\/pl\/wp-json\/wp\/v2\/users\/1"}],"replies":[{"embeddable":true,"href":"https:\/\/www.livefooty.net\/pl\/wp-json\/wp\/v2\/comments?post=1260"}],"version-history":[{"count":0,"href":"https:\/\/www.livefooty.net\/pl\/wp-json\/wp\/v2\/pages\/1260\/revisions"}],"wp:attachment":[{"href":"https:\/\/www.livefooty.net\/pl\/wp-json\/wp\/v2\/media?parent=1260"}],"curies":[{"name":"wp","href":"https:\/\/api.w.org\/{rel}","templated":true}]}}