{"id":1240,"date":"2023-08-14T09:00:19","date_gmt":"2023-08-14T09:00:19","guid":{"rendered":"https:\/\/www.livefooty.net\/?page_id=1240"},"modified":"2023-09-19T11:00:15","modified_gmt":"2023-09-19T11:00:15","slug":"tabela-pierwszej-ligi","status":"publish","type":"page","link":"https:\/\/www.livefooty.net\/pl\/tabela-pierwszej-ligi\/","title":{"rendered":"Tabela Premier League"},"content":{"rendered":"<h2 class=\"wp-block-heading\">Tabela Premier League<\/h2>\n\n\n\n<p> Aktualizowane kilka razy dziennie, s\u0105 to najnowsze rankingi angielskiej Premier League.<\/p>\n\n\n\n<!--more-->\n\n\n\n<p><\/p>\n\n\n<p>[scu name=&#8221;premier-league-table&#8221;]<\/p>\n\n\n\n<p>\n  Dok\u0142adamy wszelkich stara\u0144, aby by\u0142y one jak najbardziej aktualne, ale prosimy o informacj\u0119, je\u015bli najnowsze wyniki nie zosta\u0142y jeszcze wzi\u0119te pod uwag\u0119.  \n<\/p>","protected":false},"excerpt":{"rendered":"<p>Premier League Table Updated several times daily these are the latest standings in the English Premier League.<\/p>","protected":false},"author":1,"featured_media":0,"parent":0,"menu_order":0,"comment_status":"closed","ping_status":"closed","template":"","meta":{"footnotes":""},"class_list":["post-1240","page","type-page","status-publish","hentry"],"_links":{"self":[{"href":"https:\/\/www.livefooty.net\/pl\/wp-json\/wp\/v2\/pages\/1240","targetHints":{"allow":["GET"]}}],"collection":[{"href":"https:\/\/www.livefooty.net\/pl\/wp-json\/wp\/v2\/pages"}],"about":[{"href":"https:\/\/www.livefooty.net\/pl\/wp-json\/wp\/v2\/types\/page"}],"author":[{"embeddable":true,"href":"https:\/\/www.livefooty.net\/pl\/wp-json\/wp\/v2\/users\/1"}],"replies":[{"embeddable":true,"href":"https:\/\/www.livefooty.net\/pl\/wp-json\/wp\/v2\/comments?post=1240"}],"version-history":[{"count":0,"href":"https:\/\/www.livefooty.net\/pl\/wp-json\/wp\/v2\/pages\/1240\/revisions"}],"wp:attachment":[{"href":"https:\/\/www.livefooty.net\/pl\/wp-json\/wp\/v2\/media?parent=1240"}],"curies":[{"name":"wp","href":"https:\/\/api.w.org\/{rel}","templated":true}]}}