{"id":1225,"date":"2023-08-06T11:06:55","date_gmt":"2023-08-06T11:06:55","guid":{"rendered":"https:\/\/www.livefooty.net\/?page_id=1225"},"modified":"2023-09-19T10:56:48","modified_gmt":"2023-09-19T10:56:48","slug":"transmisje-na-zywo-wyscigi-konne-online-na-zywo","status":"publish","type":"page","link":"https:\/\/www.livefooty.net\/pl\/transmisje-na-zywo-wyscigi-konne-online-na-zywo\/","title":{"rendered":"Wy\u015bcigi konne na \u017cywo online \u2013 transmisje na \u017cywo"},"content":{"rendered":"<h2 class=\"wp-block-heading\">Wy\u015bcigi konne na \u017cywo online \u2013 harmonogram wy\u015bcig\u00f3w<\/h2>\n\n\n\n<center>\n<b><a href=\"\/WilliamHill.php\" rel=\"nofollow\" onclick=\"window.open('https:\/\/sports.williamhill.com\/betting\/en-gb\/horse-racing\/meetings')\">Ogl\u0105daj wy\u015bcigi konne na \u017cywo w Internecie!<\/a><\/b>\n<\/center>\n\n\n\n<p> <b>Wy\u015bcigi konne<\/b> Wy\u015bcigi konne to jeden z najstarszych sport\u00f3w na \u015bwiecie, kt\u00f3rego pocz\u0105tki si\u0119gaj\u0105 czas\u00f3w rzymskich i wy\u015bcig\u00f3w rydwan\u00f3w.  W dzisiejszych czasach jest bardzo niewiele kraj\u00f3w, kt\u00f3re nie maj\u0105 du\u017cego wydarzenia zwi\u0105zanego z wy\u015bcigami konnymi, kt\u00f3re pobudza wyobra\u017ani\u0119 og\u00f3\u0142u spo\u0142ecze\u0144stwa.  Niekt\u00f3re z najbardziej znanych wy\u015bcig\u00f3w konnych i wydarze\u0144 obejmuj\u0105 <b>Wielki Narodowy<\/b>, <b>Derby Kentucky<\/b>, <b>Stawka Belmonta<\/b>, <b>Prix de l&#039;\u0141uku Triumfalnego<\/b>, <b>Kr\u00f3lewskie Ascot<\/b>, <b>Irlandzki Wielki Narodowy<\/b>, <b>Puchar \u015awiata w Dubaju<\/b> i <b>Puchar Melbourne<\/b>. Oczywi\u015bcie jest ich o wiele wi\u0119cej, to tylko lista, kt\u00f3ra przychodzi mi do g\u0142owy. <\/p>\n\n\n\n<!--more-->\n\n\n\n<p>\n\tWy\u015bcigi konne zawsze by\u0142y synonimem hazardu i to hazard nap\u0119dza\u0142 wy\u015bcigi konne przez lata. Opr\u00f3cz tych naprawd\u0119 znanych wy\u015bcig\u00f3w, ka\u017cdego dnia na ca\u0142ym \u015bwiecie odbywaj\u0105 si\u0119 dziesi\u0105tki wy\u015bcig\u00f3w konnych. Wy\u015bcigi konne to bran\u017ca, kt\u00f3ra wpompowuje miliony w gospodarki wielu kraj\u00f3w, a s\u0105 nawet profesjonalni gracze, kt\u00f3rzy mog\u0105 zarabia\u0107 na \u017cycie z hazardu na wy\u015bcigach konnych. Z drugiej strony wiele os\u00f3b po prostu lubi wyzwanie polegaj\u0105ce na wytypowaniu zwyci\u0119zcy na podstawie analizy statystyk biegaczy. Niezale\u017cnie od tego, czy obstawiasz raz w roku 5 funt\u00f3w, czy jeste\u015b zawodowym hazardzist\u0105, prawdziw\u0105 przyjemno\u015bci\u0105 jest ogl\u0105danie wy\u015bcigu na \u017cywo. Problem w tym, \u017ce wiele z tych wy\u015bcig\u00f3w konnych jest emitowanych w godzinach, kiedy ludzie nie maj\u0105 mo\u017cliwo\u015bci ich ogl\u0105dania, albo te\u017c wymagaj\u0105 drogich abonament\u00f3w telewizyjnych. Maj\u0105c to na uwadze, przygotowali\u015bmy list\u0119 <b>Wy\u015bcigi konne wy\u015bwietlane na \u017cywo w Internecie<\/b>.\n\t<br><\/p>\n\n\n\n<h2 class=\"wp-block-heading\">\n\tDzisiejszy harmonogram wy\u015bcig\u00f3w konnych na \u017cywo\n\t<\/h2>\n\n\n\n<p> Wszystkie z tych <b>wy\u015bcigi konne<\/b> poni\u017cej b\u0119d\u0105 transmitowane na \u017cywo online w formacie, kt\u00f3ry mo\u017cna ogl\u0105da\u0107 zar\u00f3wno na komputerach Mac, jak i PC. Aby m\u00f3c ogl\u0105da\u0107 na \u017cywo kt\u00f3rykolwiek z tych wy\u015bcig\u00f3w, prosimy o zarejestrowanie si\u0119 <a onclick=\"window.open('https:\/\/sports.williamhill.com\/betting\/en-gb\/horse-racing\/meetings')\" href=\"\/WilliamHill.php\" rel=\"nofollow\">Kliknij tutaj<\/a>. <\/p>\n\n\n\n<p>[scu name=&#8221;betfair-racing&#8221;]<br><\/p>\n\n\n\n<h2 class=\"wp-block-heading\">3 najwa\u017cniejsze wy\u015bcigi konne w Wielkiej Brytanii<\/h2>\n\n\n\n<h2 class=\"wp-block-heading\">Wielki Narodowy<\/h2>\n\n\n\n<p> Je\u015bli chodzi o nagrody pieni\u0119\u017cne, <b>Grand National to najcenniejsze wy\u015bcigi konne National Hunt w Wielkiej Brytanii<\/b>. Przebiegnij dystans 4 mil 856 jard\u00f3w, pokonuj\u0105c 2 okr\u0105\u017cenia <a href=\"https:\/\/www.livefooty.net\/pl\/aintree-wyscigi-konne\/\" title=\"\">Narodowy tor wy\u015bcigowy Aintre<\/a>, zosta\u0142 za\u0142o\u017cony przez Williama Philipa Molyneuxa, w\u0142a\u015bciciela grunt\u00f3w w Aintree w Liverpoolu, i chocia\u017c istniej\u0105 pewne historyczne spory co do tego, kiedy faktycznie odby\u0142 si\u0119 pierwszy Wielki Wy\u015bcig Narodowy, opinia zosta\u0142a ustalona na rok 1836, chocia\u017c lata 1836-1838 nie pojawiaj\u0105 si\u0119 w ksi\u0119gach rekord\u00f3w, poniewa\u017c pierwotnie s\u0105dzono, \u017ce wy\u015bcigi rozgrywane w latach 1837 i 1838 odbywa\u0142y si\u0119 gdzie indziej. <br><\/p>\n\n\n\n<p>\nW roku 1839 mia\u0142o miejsce kilka godnych uwagi wydarze\u0144, kt\u00f3re przyczyni\u0142y si\u0119 do tego, \u017ce rasa ta zosta\u0142a postrzegana w bardziej istotnym dla kraju \u015bwietle. Wielki Po\u015bcig \u015awi\u0119tego Albana, kt\u00f3ry odby\u0142 si\u0119 wcze\u015bniej w dniu koliduj\u0105cym ze spotkaniem w Aintree, nie zosta\u0142 wznowiony po 1838 r., pozostawiaj\u0105c w kalendarzu wy\u015bcig\u00f3w konnych dat\u0119, kt\u00f3r\u0105 nale\u017ca\u0142o wype\u0142ni\u0107. W tym czasie do Liverpoolu przyby\u0142y koleje krajowe, co znacznie u\u0142atwi\u0142o organizacj\u0119 transportu i logistyki oraz umo\u017cliwi\u0142o podr\u00f3\u017cowanie na spotkania i z powrotem po ca\u0142ym kraju. W tym samym roku utworzono komitet, aby lepiej organizowa\u0107 i promowa\u0107 wy\u015bcigi w Aintree. Wraz z pojawieniem si\u0119 uwagi i rozg\u0142osu w ca\u0142ym kraju, wy\u015bcig szybko przyci\u0105gn\u0105\u0142 wi\u0119ksz\u0105 liczb\u0119 wysokiej jako\u015bci koni i je\u017ad\u017ac\u00f3w, a zainteresowanie medi\u00f3w zach\u0119ci\u0142o do udzia\u0142u wi\u0119ksz\u0105 liczb\u0119 os\u00f3b. Dlatego rok 1839 sta\u0142 si\u0119 pierwszym oficjalnym Wielkim Narodowym.\n<br><\/p>\n\n\n\n<p>\nDzi\u015b wy\u015bcig ten jest niezwykle popularny w\u015br\u00f3d tych, kt\u00f3rzy w przeciwnym razie nigdy nie postawiliby zak\u0142adu na \u017cadne inne wydarzenie sportowe, a wy\u015bcig ten zyska\u0142 reputacj\u0119 zwi\u0105zan\u0105 z emocjami i niebezpiecze\u0144stwem, co zosta\u0142o uwiecznione w filmach \u201eNational Velvet\u201d i \u201eChampions\u201d. Legendarne nazwiska id\u0105 w parze z histori\u0105 <b>Wielki Narodowy<\/b>, nie bardziej ni\u017c Red Rum, jedyny ko\u0144, kt\u00f3ry kiedykolwiek wygra\u0142 wy\u015bcig 3 razy. Po jego \u015bmierci wielka bestia zosta\u0142a pochowana obok s\u0142upa ko\u0144cowego w Aintree.\n<br><\/p>\n\n\n\n<p>\nW historii Grand National dosz\u0142o do ponad pi\u0119\u0107dziesi\u0119ciu ofiar \u015bmiertelnych w\u015br\u00f3d koni, z czego cztery mia\u0142y miejsce w 1954 r., a ka\u017cdego roku budz\u0105 one kontrowersje i dyskusje. Dzi\u0119ki s\u0142ynnej serii trudnych p\u0142ot\u00f3w, do kt\u00f3rych nale\u017c\u0105 Becher&#039;s Brook i The Chair, jest to wy\u015bcig, kt\u00f3ry wystawia na pr\u00f3b\u0119 nawet najlepszych d\u017cokej\u00f3w, a jest w nim wielu znanych je\u017ad\u017ac\u00f3w, dla kt\u00f3rych zwyci\u0119stwo okaza\u0142o si\u0119 nieuchwytne.\n<br><br><\/p>\n\n\n\n<h2 class=\"wp-block-heading\"><a href=\"https:\/\/www.livefooty.net\/pl\/festiwal-w-cheltenham\/\" title=\"\">Z\u0142oty Puchar Cheltenham<\/a><\/h2>\n\n\n\n<p>\nTa ceniona impreza Blue Riband odbywa si\u0119 co roku na torze wy\u015bcigowym w Cheltenham w Wielkiej Brytanii <b>Festiwal w Cheltenham<\/b> w marcu. Jako najcenniejszy wy\u015bcig non-handicapowy w kraju, <b>Z\u0142oty Puchar Cheltenham<\/b> uwa\u017cany jest za najbardziej presti\u017cowy w kalendarzu Nation Hunt. Obejmuje 3 mile, 2 1\/2 stadi\u00f3w ponad 22 p\u0142otami.\n<br><\/p>\n\n\n\n<p>\nPierwotnie by\u0142 znany jako wy\u015bcig p\u0142aski, kiedy pierwsze zawody mia\u0142y miejsce w 1819 roku w miejscu, kt\u00f3re obecnie wychodzi na obecny tor wy\u015bcigowy. Jednak\u017ce w 1924 roku odby\u0142 si\u0119 on w formie skok\u00f3w na tak zwanym obecnie \u201eStarym Polu\u201d, ale w tamtym czasie zosta\u0142 przy\u0107miony przez inne wydarzenia na Festiwalu w Cheltenham. Golden Miller, kt\u00f3ry tak\u017ce zwyci\u0119\u017cy\u0142 w Grand National w 1934 r., by\u0142 koniem odnosz\u0105cym najwi\u0119ksze sukcesy w historii Cheltenham Gold Cup, zdobywaj\u0105c pi\u0119\u0107 nagr\u00f3d z rz\u0119du w latach 1932\u20131936.\n<br><\/p>\n\n\n\n<p>\nW 1959 r. wy\u015bcig zosta\u0142 przeniesiony na \u201eNowy Tor\u201d i tam pozosta\u0142. By\u0107 mo\u017ce najbardziej znanym imieniem kojarzonym ze Z\u0142otym Pucharem w Cheltenham jest imi\u0119 Arkle, konia, kt\u00f3ry zwyci\u0119\u017cy\u0142 trzy razy z rz\u0119du w latach 1964, 1965 i 1966. Jego wy\u017cszo\u015b\u0107 by\u0142a tak zdumiewaj\u0105ca, \u017ce zosta\u0142 zwyci\u0119zc\u0105, kt\u00f3ry otrzyma\u0142 najni\u017csz\u0105 cen\u0119 w historii wy\u015bcig na poziomie 1\/10, co oznacza\u0142o, \u017ce zwyci\u0119ski zak\u0142ad za 10 funt\u00f3w oznacza\u0142by wygran\u0105 tylko 1 dolara. Najd\u0142u\u017cej zwyci\u0119ska cena w historii z\u0142otej monety wynios\u0142a 100\/1 w 1990 r.\n<br><\/p>\n\n\n\n<p>\nNajwi\u0119ksze osi\u0105gni\u0119cie zwi\u0105zane ze Z\u0142otym Pucharem Cheltenham nale\u017cy do trenera Michaela Dickinsona w 1983 r., kt\u00f3ry by\u0142 dumny z tego, \u017ce wyszkoli\u0142 nie tylko zwyci\u0119zc\u0119, ale tak\u017ce pozosta\u0142e cztery konie, kt\u00f3re zaj\u0119\u0142y drugie, trzecie, czwarte i pi\u0105te miejsce!\n<br><\/p>\n\n\n\n<p>\nNiestety, turniej Cheltenham Gold Cup i ca\u0142y festiwal w Cheltenham musia\u0142y zosta\u0107 odwo\u0142ane w 2001 roku z powodu ogranicze\u0144 wprowadzonych w zwi\u0105zku z epidemi\u0105 pryszczycy. Zosta\u0142 on zast\u0105piony wy\u015bcigiem o Z\u0142ote Trofea pod koniec roku w Sandown, ale brakowa\u0142o mu aury, jak\u0105 zwykle generuje Cheltenham Gold Cup.\n<br><br><\/p>\n\n\n\n<h2 class=\"wp-block-heading\"><a href=\"https:\/\/www.livefooty.net\/pl\/wyscigi-konne-epsom\/\" title=\"\">Derby w Epsom<\/a><\/h2>\n\n\n\n<p>\nZnany na ca\u0142ym \u015bwiecie jako <b>Derby Epsoma<\/b> ale bardziej potocznie jak <b>Derby lub stawka Derby<\/b>Jest to wy\u015bcig p\u0142aski na dystansie 1 mili, 4 stadi\u00f3w i 10 jard\u00f3w. Odbywaj\u0105 si\u0119 co roku w Epsom Downs w pierwsz\u0105 sobot\u0119 czerwca i s\u0105 najwi\u0119kszymi i najbogatszymi wy\u015bcigami konnymi w Wielkiej Brytanii. Poprzedni zwyci\u0119zcy zdobyli w ostatnich latach nagrody o warto\u015bci a\u017c 700 000,00 funt\u00f3w, a warto\u015b\u0107 Aurhorized w 2007 r. wzros\u0142a do niewiarygodnych 10 milion\u00f3w funt\u00f3w op\u0142at za stadniny.\n<br><\/p>\n\n\n\n<p>\nEpsom Derby po raz pierwszy odby\u0142y si\u0119 4 maja 1780 roku i zosta\u0142y nazwane na cze\u015b\u0107 gospodarza przyj\u0119cia, na kt\u00f3rym zrodzi\u0142 si\u0119 pierwotny pomys\u0142 wy\u015bcigu, Edwarda Smitha-Stanleya, 12.hrabiego Derby, cho\u0107 on sam nie odni\u00f3s\u0142 sukcesu z jednym ze swoich koni a\u017c do roku 1787. Od momentu zaj\u0119cia miejsca w kalendarzu wy\u015bcig\u00f3w konnych, Derby sta\u0142y si\u0119 niew\u0105tpliw\u0105 inspiracj\u0105 dla wielu innych wy\u015bcig\u00f3w konnych na ca\u0142ym \u015bwiecie, w\u0142\u0105czaj\u0105c w to Irish Derby, dobrze znane Kentucky Derby, Victoria Derby i Prix du Jockey Club (francuskie derby).\n<br><\/p>\n\n\n\n<p>\nWy\u015bcigi pr\u00f3bne dla koni uwa\u017canych za najbardziej sk\u0142onne do rywalizacji odbywaj\u0105 si\u0119 w kwietniu i maju, co okaza\u0142o si\u0119 bardzo skuteczne w wy\u0142onieniu potencjalnych zwyci\u0119zc\u00f3w na przysz\u0142e lata.\n<br><\/p>\n\n\n\n<p>\nZ d\u0142ug\u0105 i znakomit\u0105 histori\u0105 firmy wi\u0105\u017ce si\u0119 wiele znanych nazwisk <b>Derby Epsoma<\/b>, najbardziej znanym ze wszystkich jest d\u017cokej Lester Piggott, kt\u00f3ry w swojej karierze w latach 1954\u20131983 mia\u0142 na swoim koncie nie mniej ni\u017c 9 zwyci\u0119zc\u00f3w. W\u015br\u00f3d trener\u00f3w trzeba cofn\u0105\u0107 si\u0119 daleko w przesz\u0142o\u015b\u0107 \u015bwietno\u015bci wy\u015bcig\u00f3w, aby znale\u017a\u0107 tych, kt\u00f3rzy maj\u0105 7 zwyci\u0119stw do ich nazwisk, w\u015br\u00f3d nich Robert Robson, John Porter, a ostatnio Fred Darling ze swoim ostatnim zwyci\u0119zc\u0105 Owenem Tudorem w 1941 r. Ale je\u015bli chodzi o konie, kt\u00f3re wygra\u0142y ten najznakomitszy z wy\u015bcig\u00f3w, imi\u0119 Shergar zawsze b\u0119dzie si\u0119 wyr\u00f3\u017cnia\u0107, a nie nie tylko ze wzgl\u0119du na jego niezwyk\u0142\u0105 przewag\u0119 w d\u0142ugo\u015bci 10 zwyci\u0119stw w 1981 r., ale tak\u017ce z powodu jego nies\u0142awnego porwania z irlandzkiej stadniny Ballymany w hrabstwie Kildare z r\u0105k zamaskowanych bandyt\u00f3w w 1983 r. Nigdy go nie odnaleziono.\n<br><\/p>\n\n\n\n<p>\nTrasa, na kt\u00f3rej rozgrywane s\u0105 Epsom Derby, jest sama w sobie do\u015b\u0107 wyj\u0105tkowa. Wype\u0142niony zwrotami akcji, zakr\u0119tami, upadkami i wzniesieniami na ca\u0142ej swojej d\u0142ugo\u015bci, uwa\u017cany jest za ostateczny sprawdzian zar\u00f3wno wytrzyma\u0142o\u015bci konia wy\u015bcigowego, jak i umiej\u0119tno\u015bci d\u017cokeja. Cho\u0107 dla tych, kt\u00f3rzy przychodz\u0105 obejrze\u0107 to widowisko, jest ono znane na ca\u0142ym \u015bwiecie z wymownego ukazywania wszystkich warstw gromadz\u0105cych si\u0119 razem klas spo\u0142ecznych i tworzy imprezow\u0105 atmosfer\u0119, kt\u00f3r\u0105 z pewno\u015bci\u0105 trudno na\u015bladowa\u0107 w innych obiektach wy\u015bcigowych.\n<\/p>\n\n\n\n<p><\/p>\n\n\n\n<h2 class=\"wp-block-heading\">Ogl\u0105daj to wszystko i wiele wi\u0119cej na \u017cywo Wy\u015bcigi konne na \u017cywo w Internecie<\/h2>\n\n\n\n<p>\n<b><a href=\"https:\/\/www.livehorseracingonline.com\" target=\"_blank\" rel=\"noopener\">Wy\u015bcigi konne na \u017cywo w Internecie<\/a><\/b> dodaje \u015bwiat mo\u017cliwo\u015bci do sceny zak\u0142ad\u00f3w na wy\u015bcigach, jak mo\u017cna si\u0119 spodziewa\u0107 u wielu bukmacher\u00f3w <b>transmituj najwa\u017cniejsze wy\u015bcigi konne<\/b> plus wiele innych mniejszych spotka\u0144, kt\u00f3re odbywaj\u0105 si\u0119 codziennie na \u017cywo przez internet. Z tak wieloma <b>transmisje wy\u015bcig\u00f3w konnych na \u017cywo<\/b> dost\u0119pne, nie ma wym\u00f3wki, aby przegapi\u0107 wy\u015bcigi konne, kt\u00f3rych szukasz.\t\n<\/p>","protected":false},"excerpt":{"rendered":"<p>Live Horse Racing Online &#8211; Race Schedule Watch Live Horse Racing Online! Horse Racing is one of the oldest sports in the world, dating all the way back to Roman times and Chariot races. In modern times there&#8217;s very few countries that don&#8217;t have a major horse racing event that captures the imagination of the [&hellip;]<\/p>","protected":false},"author":1,"featured_media":0,"parent":0,"menu_order":0,"comment_status":"closed","ping_status":"closed","template":"","meta":{"footnotes":""},"class_list":["post-1225","page","type-page","status-publish","hentry"],"_links":{"self":[{"href":"https:\/\/www.livefooty.net\/pl\/wp-json\/wp\/v2\/pages\/1225","targetHints":{"allow":["GET"]}}],"collection":[{"href":"https:\/\/www.livefooty.net\/pl\/wp-json\/wp\/v2\/pages"}],"about":[{"href":"https:\/\/www.livefooty.net\/pl\/wp-json\/wp\/v2\/types\/page"}],"author":[{"embeddable":true,"href":"https:\/\/www.livefooty.net\/pl\/wp-json\/wp\/v2\/users\/1"}],"replies":[{"embeddable":true,"href":"https:\/\/www.livefooty.net\/pl\/wp-json\/wp\/v2\/comments?post=1225"}],"version-history":[{"count":0,"href":"https:\/\/www.livefooty.net\/pl\/wp-json\/wp\/v2\/pages\/1225\/revisions"}],"wp:attachment":[{"href":"https:\/\/www.livefooty.net\/pl\/wp-json\/wp\/v2\/media?parent=1225"}],"curies":[{"name":"wp","href":"https:\/\/api.w.org\/{rel}","templated":true}]}}