{"id":1222,"date":"2023-08-06T10:57:49","date_gmt":"2023-08-06T10:57:49","guid":{"rendered":"https:\/\/www.livefooty.net\/?page_id=1222"},"modified":"2023-09-19T11:01:24","modified_gmt":"2023-09-19T11:01:24","slug":"dzisiejsze-harmonogramy-wszystkie-sporty-na-zywo-online","status":"publish","type":"page","link":"https:\/\/www.livefooty.net\/pl\/dzisiejsze-harmonogramy-wszystkie-sporty-na-zywo-online\/","title":{"rendered":"Dzisiejsze harmonogramy \u2013 wszystkie sporty na \u017cywo w Internecie"},"content":{"rendered":"<h2 class=\"wp-block-heading\">Dzisiejsze transmisje sportowe na \u017cywo<\/h2>\n\n\n\n<p> Bukmacherzy i inne serwisy sportowe daj\u0105 dost\u0119p do <b>transmisje sportowe na \u017cywo<\/b> z wydarze\u0144 odbywaj\u0105cych si\u0119 na ca\u0142ym \u015bwiecie. Opr\u00f3cz zawsze popularnych mecz\u00f3w pi\u0142ki no\u017cnej, dost\u0119pnych jest tak\u017ce wiele innych dyscyplin sportowych, w tym du\u017ce turnieje w golfie, tenisie, rugby, sportach motorowych i wiele innych. Bukmacherzy sprawiaj\u0105, \u017ce ogl\u0105danie wi\u0119kszej liczby sport\u00f3w na \u017cywo jest tak proste. <\/p>\n\n\n\n<!--more-->\n\n\n\n<p><br><\/p>\n\n\n\n<p>\n\tPoniewa\u017c pr\u0119dko\u015bci Internetu staj\u0105 si\u0119 coraz lepsze, ni\u017c przypuszczam, zasi\u0119g, jakiego mo\u017cemy si\u0119 spodziewa\u0107, r\u00f3wnie\u017c b\u0119dzie coraz lepszy. M\u00f3wi\u0105c to, poniewa\u017c jako\u015b\u0107 transmisji jest bardzo dobra do ogl\u0105dania nawet na telewizorach z du\u017cym ekranem, wi\u0119c rozmycie i nag\u0142e zmiany liczby klatek na sekund\u0119 nie s\u0105 ju\u017c wym\u00f3wk\u0105, aby nie ogl\u0105da\u0107 sportu na \u017cywo w Internecie.\n\t<br><br><\/p>\n\n\n<p>[scu name=\"roja-schedule\"]<\/p>\n\n\n\n<h2 class=\"wp-block-heading\">\n\tPi\u0142ka no\u017cna na \u017cywo u bukmacher\u00f3w (bie\u017c\u0105cy czas brytyjski)\n\t<\/h2>\n\n\n<p>[scu name=\"betfair-football\"]<\/p>\n\n\n\n<p>\n\tWszystkie powy\u017csze linki prowadz\u0105 do stron internetowych os\u00f3b trzecich, kt\u00f3re naszym zdaniem przedstawiaj\u0105 okre\u015blone wydarzenie <b>Lub<\/b> wspomniany sport. Jednak przekonasz si\u0119, \u017ce niekt\u00f3rych wydarze\u0144 nie b\u0119dzie <a href=\"https:\/\/www.livefooty.net\/VPN.php\" target=\"_blank\" rel=\"nofollow noopener\">dost\u0119pne we wszystkich krajach<\/a>, przepraszam za to. Je\u015bli jeste\u015b zainteresowany ogl\u0105daniem wy\u015bcig\u00f3w konnych na \u017cywo w Internecie, umie\u015bcili\u015bmy je w osobnej sekcji, wystarczy klikn\u0105\u0107 link, aby obejrze\u0107 stron\u0119 wy\u015bcig\u00f3w konnych na \u017cywo w Internecie.\n\t<\/p>","protected":false},"excerpt":{"rendered":"<p>Dzisiejsze transmisje sportowe na \u017cywo Bukmacherzy i inne strony sportowe zapewniaj\u0105 dost\u0119p do transmisji sportowych na \u017cywo z wydarze\u0144 odbywaj\u0105cych si\u0119 na ca\u0142ym \u015bwiecie. Opr\u00f3cz zawsze popularnych mecz\u00f3w pi\u0142ki no\u017cnej (pi\u0142ki no\u017cnej) istnieje r\u00f3wnie\u017c wiele innych sport\u00f3w, w tym g\u0142\u00f3wne turnieje w golfa, tenisa, rugby, sport\u00f3w motorowych i wiele innych. Bukmacherzy robi\u0105 [...]<\/p>","protected":false},"author":1,"featured_media":0,"parent":0,"menu_order":0,"comment_status":"closed","ping_status":"closed","template":"","meta":{"footnotes":""},"class_list":["post-1222","page","type-page","status-publish","hentry"],"_links":{"self":[{"href":"https:\/\/www.livefooty.net\/pl\/wp-json\/wp\/v2\/pages\/1222","targetHints":{"allow":["GET"]}}],"collection":[{"href":"https:\/\/www.livefooty.net\/pl\/wp-json\/wp\/v2\/pages"}],"about":[{"href":"https:\/\/www.livefooty.net\/pl\/wp-json\/wp\/v2\/types\/page"}],"author":[{"embeddable":true,"href":"https:\/\/www.livefooty.net\/pl\/wp-json\/wp\/v2\/users\/1"}],"replies":[{"embeddable":true,"href":"https:\/\/www.livefooty.net\/pl\/wp-json\/wp\/v2\/comments?post=1222"}],"version-history":[{"count":0,"href":"https:\/\/www.livefooty.net\/pl\/wp-json\/wp\/v2\/pages\/1222\/revisions"}],"wp:attachment":[{"href":"https:\/\/www.livefooty.net\/pl\/wp-json\/wp\/v2\/media?parent=1222"}],"curies":[{"name":"wp","href":"https:\/\/api.w.org\/{rel}","templated":true}]}}