{"id":1202,"date":"2023-08-06T10:11:31","date_gmt":"2023-08-06T10:11:31","guid":{"rendered":"https:\/\/www.livefooty.net\/?page_id=1202"},"modified":"2023-09-19T10:54:44","modified_gmt":"2023-09-19T10:54:44","slug":"harmonogram-pilki-noznej-najnowsza-pilka-nozna-na-zywo","status":"publish","type":"page","link":"https:\/\/www.livefooty.net\/pl\/harmonogram-pilki-noznej-najnowsza-pilka-nozna-na-zywo\/","title":{"rendered":"Harmonogramy mecz\u00f3w pi\u0142karskich \u2013 najnowsze mecze pi\u0142karskie na \u017cywo"},"content":{"rendered":"<h2 class=\"wp-block-heading\">Pi\u0142ka no\u017cna na \u017cywo \u2013 bezp\u0142atne harmonogramy internetowe<\/h2>\n\n\n\n<p> Prawdopodobnie najtrudniejsza cz\u0119\u015b\u0107 <b>ogl\u0105danie pi\u0142ki no\u017cnej na \u017cywo<\/b> i innych sport\u00f3w w Internecie jest sprawdzenie, kt\u00f3re kana\u0142y pokazuj\u0105 jakie sporty i gdzie mo\u017cna uzyska\u0107 do nich dost\u0119p. Nowa generacja oprogramowania P2P umo\u017cliwia \u0142atwy wyb\u00f3r kana\u0142u do ogl\u0105dania, ale nie jest to zbyt przydatne, je\u015bli nie wiadomo, kt\u00f3ry kana\u0142 pokazuje jakie mecze pi\u0142karskie i kiedy. Oczywi\u015bcie bukmacherzy znacznie u\u0142atwiaj\u0105 ca\u0142\u0105 prac\u0119 w przypadku sport\u00f3w, kt\u00f3re pokazuj\u0105! <\/p>\n\n\n\n<!--more-->\n\n\n\n<p><br><\/p>\n\n\n\n<p>\n\tPoni\u017csze linki zawieraj\u0105 szczeg\u00f3\u0142owe i aktualne informacje na temat harmonogramu i miejsca rozgrywania mecz\u00f3w z wi\u0119kszo\u015bci kraj\u00f3w europejskich: - \n\t<\/p>\n\n\n\n<ul class=\"wp-block-list\">\n<li><a href=\"https:\/\/www.livefooty.net\/pl\/dzisiejsze-harmonogramy-wszystkie-sporty-na-zywo-online\/\">Harmonogram wydarze\u0144 sportowych na \u017cywo<\/a> \u2013 Lista wszystkich sport\u00f3w na \u017cywo, kt\u00f3re maj\u0105 si\u0119 dzisiaj odby\u0107 <\/li>\n\n\n\n<li><a href=\"https:\/\/www.livefooty.net\/pl\/william-hill-tv-transmisje-na-zywo-ogladaj-na-zywo-online\/\">Transmisje pi\u0142karskie na \u017cywo z William Hill<\/a> \u2013 Harmonogram transmisji mecz\u00f3w pi\u0142karskich na \u017cywo w William Hill <\/li>\n\n\n\n<li><a href=\"https:\/\/www.livefooty.net\/pl\/betfair-transmisje-na-zywo-online\/\">Transmisje pi\u0142karskie na \u017cywo z Betfair<\/a> \u2013 Transmisje mecz\u00f3w pi\u0142karskich na \u017cywo w Betfair <\/li>\n<\/ul>\n\n\n\n<p>\n\tPowy\u017csze linki pokazuj\u0105, jakie dyscypliny sportowe s\u0105 obecnie dost\u0119pne w Internecie. Godziny rozpocz\u0119cia poszczeg\u00f3lnych rozgrywek podane s\u0105 w poni\u017cszych harmonogramach mecz\u00f3w pi\u0142karskich. Nie wszystkie z tych gier mog\u0105 by\u0107 dost\u0119pne na \u017cywo w Twoim miejscu zamieszkania.\n\t<\/p>\n\n\n<p>[scu name=&#8221;football-schedule&#8221;]<\/p>\n\n\n\n<p><\/p>","protected":false},"excerpt":{"rendered":"<p>Live Football &#8211; Free Internet Schedules Probably the hardest part of watching live football and other sports on the internet is to find out what channels are showing what sports and where to access those channels. The new generation of P2P software allows you to easily select a channel to watch but it&#8217;s not really [&hellip;]<\/p>","protected":false},"author":1,"featured_media":0,"parent":0,"menu_order":0,"comment_status":"closed","ping_status":"closed","template":"","meta":{"footnotes":""},"class_list":["post-1202","page","type-page","status-publish","hentry"],"_links":{"self":[{"href":"https:\/\/www.livefooty.net\/pl\/wp-json\/wp\/v2\/pages\/1202","targetHints":{"allow":["GET"]}}],"collection":[{"href":"https:\/\/www.livefooty.net\/pl\/wp-json\/wp\/v2\/pages"}],"about":[{"href":"https:\/\/www.livefooty.net\/pl\/wp-json\/wp\/v2\/types\/page"}],"author":[{"embeddable":true,"href":"https:\/\/www.livefooty.net\/pl\/wp-json\/wp\/v2\/users\/1"}],"replies":[{"embeddable":true,"href":"https:\/\/www.livefooty.net\/pl\/wp-json\/wp\/v2\/comments?post=1202"}],"version-history":[{"count":0,"href":"https:\/\/www.livefooty.net\/pl\/wp-json\/wp\/v2\/pages\/1202\/revisions"}],"wp:attachment":[{"href":"https:\/\/www.livefooty.net\/pl\/wp-json\/wp\/v2\/media?parent=1202"}],"curies":[{"name":"wp","href":"https:\/\/api.w.org\/{rel}","templated":true}]}}