{"id":1163,"date":"2023-08-06T08:34:34","date_gmt":"2023-08-06T08:34:34","guid":{"rendered":"https:\/\/www.livefooty.net\/?page_id=1163"},"modified":"2023-09-28T07:11:31","modified_gmt":"2023-09-28T07:11:31","slug":"bet365-transmisje-na-zywo","status":"publish","type":"page","link":"https:\/\/www.livefooty.net\/pl\/bet365-transmisje-na-zywo\/","title":{"rendered":"Bet365 transmisje na \u017cywo"},"content":{"rendered":"<h2 class=\"wp-block-heading\">Transmisje sportowe na \u017cywo w Bet365<\/h2>\n\n\n\n<p>Je\u015bli szukasz transmisji na \u017cywo z najnowszych wydarze\u0144 pi\u0142karskich na swoim komputerze stacjonarnym lub urz\u0105dzeniu mobilnym, Bet365 to internetowa ksi\u0105\u017cka sportowa, kt\u00f3r\u0105 chcesz sprawdzi\u0107. Transmisja na \u017cywo z Bet365 jest doskona\u0142a!<\/p>\n\n\n\n<!--more-->\n\n\n\n<p><strong>Ogl\u0105danie wydarze\u0144 sportowych na \u017cywo w Internecie<\/strong> to du\u017cy biznes i chodzi o to, \u017ce wielki biznes te\u017c o tym wie! Jeden z najcz\u0119\u015bciej pomijanych i ignorowanych sposob\u00f3w ogl\u0105dania ulubionego sportu w Internecie (niezale\u017cnie od tego, czy jest to sport online). <strong>Pi\u0142ka no\u017cna, golf, tenis<\/strong> lub cokolwiek innego w tym przypadku) jest skorzystanie z transmisji na \u017cywo obs\u0142ugiwanych przez te du\u017ce firmy. BBC, ITV i wielu bukmacher\u00f3w w r\u00f3\u017cnych jurysdykcjach mo\u017ce zapewnia\u0107 transmisje wydarze\u0144 sportowych na \u017cywo w Internecie. Moim zdaniem jednym ze \u015bwietnych przyk\u0142ad\u00f3w (i moim ulubionym) jest Bet365. <strong>Transmisje na \u017cywo z Bet365<\/strong> zapewniaj\u0105 swoim cz\u0142onkom dost\u0119p do wielu transmisji sportowych na \u017cywo. Moim zdaniem te transmisje sportowe s\u0105 zazwyczaj bardzo wysokiej jako\u015bci i usuwaj\u0105 wiele pyta\u0144 \u201eGdzie mog\u0119 to obejrze\u0107?\u201d element ze sportu na \u017cywo w Internecie. By\u0107 mo\u017ce ze wzgl\u0119du na sam\u0105 natur\u0119 prowadzenia zak\u0142ad\u00f3w sportowych wiele wydarze\u0144 samych w sobie nie jest czym\u015b, co mo\u017cna by zobaczy\u0107 w \u201enormalnej\u201d telewizji w wielu krajach. Pe\u0142n\u0105 list\u0119 wydarze\u0144 znajdziesz na stronie transmisji na \u017cywo w Bet365. Obowi\u0105zuj\u0105 zasady i warunki, 18+<\/p>\n\n\n\n<p>Aby doda\u0107 do emocji na \u017cywo, bet365 transmituje ponad 140.000 wydarze\u0144 na \u017cywo do komputera ka\u017cdego roku - dzi\u0119ki czemu mo\u017cna obstawia\u0107 w miar\u0119 rozwoju akcji. Do najwa\u017cniejszych wydarze\u0144 nale\u017c\u0105 turnieje tenisowe Masters Series i mecze niekt\u00f3rych z najlepszych krajowych lig pi\u0142ki no\u017cnej na \u015bwiecie. Aby korzysta\u0107 z us\u0142ugi transmisji na \u017cywo, musisz by\u0107 zalogowany i mie\u0107 zasilone konto lub postawi\u0107 zak\u0142ad w ci\u0105gu ostatnich 24 godzin. Ka\u017cde spotkanie\/wydarzenie na naszej stronie internetowej, obok kt\u00f3rego znajduje si\u0119 ikona odtwarzania lub wideo, jest zaplanowane do pokazania za po\u015brednictwem transmisji na \u017cywo. Obowi\u0105zuje regulamin, 18+<\/p>\n\n\n\n<p>I nie zapomnij o innowacyjnym Bet365 Live Golf Tracker, kt\u00f3ry nie tylko pozwala ogl\u0105da\u0107 transmisje na \u017cywo z do\u0142k\u00f3w Par 3 w wielu najwi\u0119kszych turniejach golfowych na \u015bwiecie, ale tak\u017ce pozwala \u015bledzi\u0107 ca\u0142\u0105 akcj\u0119 w czasie rzeczywistym, w tym uk\u0142ady do\u0142k\u00f3w i green\u00f3w, aktualn\u0105 klasyfikacj\u0119 i aktualne dane dotycz\u0105ce pozycji.<br>dla ka\u017cdego gracza na polu. Genialne.<\/p>\n\n\n\n<p><strong>Czy Bet365 transmituje na \u017cywo pi\u0142k\u0119 no\u017cn\u0105?<\/strong>  Bet365 to renomowana firma bukmacherska online, kt\u00f3ra oferuje streaming mecz\u00f3w pi\u0142ki no\u017cnej na \u017cywo. Us\u0142uga ta jest dost\u0119pna dla u\u017cytkownik\u00f3w w Wielkiej Brytanii, Irlandii i W\u0142oszech. Firma oferuje r\u00f3wnie\u017c wiele innych opcji transmisji sportowych, w tym krykieta, tenisa i rugby.  Aby uzyska\u0107 dost\u0119p do us\u0142ugi transmisji na \u017cywo Bet365, u\u017cytkownicy musz\u0105 najpierw utworzy\u0107 konto i zweryfikowa\u0107 swoj\u0105 to\u017csamo\u015b\u0107. Po zalogowaniu mog\u0105 wybra\u0107 mecze, kt\u00f3re chc\u0105 ogl\u0105da\u0107. Transmisje na \u017cywo s\u0105 dost\u0119pne dla wi\u0119kszo\u015bci spotka\u0144 w Wielkiej Brytanii i Irlandii, a tak\u017ce niekt\u00f3rych mecz\u00f3w w\u0142oskiej Serie A i Ligue 1. Niekt\u00f3re mecze mog\u0105 by\u0107 niedost\u0119pne z powodu ogranicze\u0144 licencyjnych lub ogranicze\u0144 czasowych.  Og\u00f3lnie rzecz bior\u0105c, us\u0142uga transmisji na \u017cywo Bet365 jest wygodna i niedroga. To \u015bwietna opcja dla fan\u00f3w sportu w Wielkiej Brytanii, kt\u00f3rzy chc\u0105 ogl\u0105da\u0107 swoje ulubione dru\u017cyny w podr\u00f3\u017cy lub dla tych, kt\u00f3rzy nie maj\u0105 w domu telewizji kablowej lub satelitarnej.  Nie tylko mo\u017cesz ogl\u0105da\u0107 mecze z ca\u0142ego \u015bwiata na \u017cywo i w czasie rzeczywistym, ale mo\u017cesz tak\u017ce korzysta\u0107 z us\u0142ugi transmisji strumieniowej Bet365, aby \u015bledzi\u0107 dyskusje przedmeczowe i pomeczowe - co oznacza, \u017ce bez wzgl\u0119du na to, co dzieje si\u0119 na boisku, zawsze jeste\u015b na bie\u017c\u0105co.<\/p>\n\n\n\n<p><strong>Jak ogl\u0105da\u0107 transmisj\u0119 na \u017cywo w Bet365?<\/strong>  Istnieje kilka sposob\u00f3w ogl\u0105dania transmisji na \u017cywo w Bet365. Najprostszym sposobem jest po prostu odwiedzenie strony internetowej i wybranie ulubionych mecz\u00f3w. Bet365 jest jedn\u0105 z wiod\u0105cych firm bukmacherskich online na \u015bwiecie i oferuje r\u00f3\u017cnorodne opcje transmisji na \u017cywo. Niezale\u017cnie od tego, czy chcesz obejrze\u0107 mecz pi\u0142ki no\u017cnej, czy inne wydarzenie sportowe, Bet365 ma dla Ciebie odpowiedni\u0105 opcj\u0119 streamingu.<\/p>\n\n\n\n<p><strong>Czym jest us\u0142uga transmisji na \u017cywo w Bet365?<\/strong>  Bet365 to wiod\u0105ca firma bukmacherska online oferuj\u0105ca us\u0142ug\u0119 transmisji strumieniowej na \u017cywo, kt\u00f3ra umo\u017cliwia u\u017cytkownikom ogl\u0105danie na bie\u017c\u0105co wydarze\u0144 sportowych, w tym mecz\u00f3w pi\u0142ki no\u017cnej, krykieta i tenisa. Us\u0142uga jest dost\u0119pna na komputerach stacjonarnych i urz\u0105dzeniach mobilnych i oferuje szereg funkcji, w tym mo\u017cliwo\u015b\u0107 \u015bledzenia wielu gier jednocze\u015bnie i czatowania z innymi widzami. Bet365 oferuje r\u00f3wnie\u017c typy bukmacherskie i spostrze\u017cenia rynkowe, co czyni go idealnym \u017ar\u00f3d\u0142em informacji dla os\u00f3b zainteresowanych hazardem sportowym.<\/p>\n\n\n\n<p><strong>Jak dzia\u0142a transmisja na \u017cywo w Bet365?<\/strong>  Bet365 jest jedn\u0105 z wiod\u0105cych na \u015bwiecie firm oferuj\u0105cych zak\u0142ady online i oferuje szerok\u0105 gam\u0119 opcji zak\u0142ad\u00f3w, w tym transmisje na \u017cywo. Kiedy zarejestrujesz si\u0119 w Bet365, mo\u017cesz ogl\u0105da\u0107 swoje zak\u0142ady w czasie rzeczywistym lub przegl\u0105da\u0107 je p\u00f3\u017aniej. Transmisja na \u017cywo w Bet365 jest prosta: wystarczy otworzy\u0107 okno zak\u0142ad\u00f3w i klikn\u0105\u0107 przycisk \u201eOgl\u0105daj na \u017cywo\u201d. Mo\u017cesz tak\u017ce skorzysta\u0107 z funkcji transmisji na \u017cywo, aby \u015bledzi\u0107 swoje ulubione dru\u017cyny sportowe lub zawodnik\u00f3w podczas uprawiania hazardu.<\/p>\n\n\n\n<p><strong>Czy transmisja na \u017cywo w Bet365 jest bezp\u0142atna?<\/strong>  Tak, us\u0142uga transmisji na \u017cywo Bet365 jest darmowa.  Istniej\u0105 jednak pewne ograniczenia dotycz\u0105ce tego, co mo\u017cna transmitowa\u0107 i jak d\u0142ugo. Na przyk\u0142ad transmisje na \u017cywo nie s\u0105 dost\u0119pne dla niekt\u00f3rych wydarze\u0144 sportowych, takich jak angielska Premier League i La Liga. Ponadto transmisja na \u017cywo jest dost\u0119pna tylko dla klient\u00f3w, kt\u00f3rzy maj\u0105 kwalifikuj\u0105ce si\u0119 konto.<\/p>\n\n\n\n<p><strong>Jak ogl\u0105da\u0107 transmisj\u0119 na \u017cywo w Bet365?<\/strong>  Bet365 jest jednym z najpopularniejszych serwis\u00f3w bukmacherskich online i oferuje us\u0142ug\u0119 transmisji na \u017cywo, kt\u00f3ra pozwala ogl\u0105da\u0107 ca\u0142\u0105 akcj\u0119 z komputera, tabletu lub telefonu. Aby skorzysta\u0107 z us\u0142ugi, wystarczy klikn\u0105\u0107 link \"Transmisja na \u017cywo\" znajduj\u0105cy si\u0119 w menu g\u0142\u00f3wnym witryny i wybra\u0107 preferowane urz\u0105dzenie. Nast\u0119pnie b\u0119dzie mo\u017cna uzyska\u0107 dost\u0119p do wszystkich transmisji na \u017cywo i wchodzi\u0107 w interakcje z innymi widzami za pomoc\u0105 czat\u00f3w lub for\u00f3w. Mo\u017cesz tak\u017ce obstawia\u0107 zak\u0142ady podczas ogl\u0105dania transmisji na \u017cywo, wi\u0119c nigdy nie ma nudnej chwili, gdy korzystasz z us\u0142ugi przesy\u0142ania strumieniowego Bet365. Aby ogl\u0105da\u0107 transmisj\u0119 na \u017cywo w Bet365, klienci musz\u0105 si\u0119 zalogowa\u0107 lub utworzy\u0107 konto. Po zalogowaniu klienci b\u0119d\u0105 mogli wybra\u0107 wydarzenie, kt\u00f3re chc\u0105 ogl\u0105da\u0107.<\/p>\n\n\n\n<p><strong>Jak dzia\u0142a transmisja na \u017cywo Bet365 na urz\u0105dzeniach mobilnych?<\/strong>  Bet365 live streaming dzia\u0142a na urz\u0105dzeniach mobilnych, umo\u017cliwiaj\u0105c u\u017cytkownikom ogl\u0105danie mecz\u00f3w i turniej\u00f3w bet365 za po\u015brednictwem aplikacji. Aplikacja jest dost\u0119pna zar\u00f3wno na urz\u0105dzenia z systemem Android, jak i iOS, u\u0142atwiaj\u0105c u\u017cytkownikom dost\u0119p do ulubionych tre\u015bci. Wystarczy otworzy\u0107 aplikacj\u0119 Bet365 i wybra\u0107 mecz lub turniej, kt\u00f3ry chcesz obejrze\u0107. B\u0119dziesz m\u00f3g\u0142 \u015bledzi\u0107 akcj\u0119 na bie\u017c\u0105co, bez konieczno\u015bci posiadania abonamentu kablowego lub innego oprogramowania.<\/p>","protected":false},"excerpt":{"rendered":"<p>Live Sports Streams With Bet365 If you&#8217;re looking to catch a live stream of the latest football action on your desktop or mobile device, then Bet365 is the online sports book you want to check out, Bet365 live streaming is excellent!<\/p>","protected":false},"author":1,"featured_media":0,"parent":0,"menu_order":0,"comment_status":"closed","ping_status":"closed","template":"","meta":{"footnotes":""},"class_list":["post-1163","page","type-page","status-publish","hentry"],"_links":{"self":[{"href":"https:\/\/www.livefooty.net\/pl\/wp-json\/wp\/v2\/pages\/1163","targetHints":{"allow":["GET"]}}],"collection":[{"href":"https:\/\/www.livefooty.net\/pl\/wp-json\/wp\/v2\/pages"}],"about":[{"href":"https:\/\/www.livefooty.net\/pl\/wp-json\/wp\/v2\/types\/page"}],"author":[{"embeddable":true,"href":"https:\/\/www.livefooty.net\/pl\/wp-json\/wp\/v2\/users\/1"}],"replies":[{"embeddable":true,"href":"https:\/\/www.livefooty.net\/pl\/wp-json\/wp\/v2\/comments?post=1163"}],"version-history":[{"count":0,"href":"https:\/\/www.livefooty.net\/pl\/wp-json\/wp\/v2\/pages\/1163\/revisions"}],"wp:attachment":[{"href":"https:\/\/www.livefooty.net\/pl\/wp-json\/wp\/v2\/media?parent=1163"}],"curies":[{"name":"wp","href":"https:\/\/api.w.org\/{rel}","templated":true}]}}