{"id":1141,"date":"2023-08-06T08:01:12","date_gmt":"2023-08-06T08:01:12","guid":{"rendered":"https:\/\/livefooty.net\/?page_id=1141"},"modified":"2025-10-14T09:58:51","modified_gmt":"2025-10-14T09:58:51","slug":"live-football-other-sports-online-news-and-games","status":"publish","type":"page","link":"https:\/\/www.livefooty.net\/pl\/","title":{"rendered":"Pi\u0142ka no\u017cna na \u017cywo i inne sporty online - Wiadomo\u015bci i gry"},"content":{"rendered":"<h2 class=\"wp-block-heading\">Gdzie ogl\u0105da\u0107 na \u017cywo pi\u0142k\u0119 no\u017cn\u0105, tenis, rzutki itp.<\/h2>\n\n\n\n<figure class=\"wp-block-image size-full is-style-rounded\"><img decoding=\"async\" width=\"1024\" height=\"683\" src=\"https:\/\/www.livefooty.net\/wp-content\/uploads\/2023\/08\/live-footy.jpg\" alt=\"Live Footy\" class=\"wp-image-1322\" title=\"\" srcset=\"https:\/\/www.livefooty.net\/wp-content\/uploads\/2023\/08\/live-footy.jpg 1024w, https:\/\/www.livefooty.net\/wp-content\/uploads\/2023\/08\/live-footy-300x200.jpg 300w, https:\/\/www.livefooty.net\/wp-content\/uploads\/2023\/08\/live-footy-768x512.jpg 768w, https:\/\/www.livefooty.net\/wp-content\/uploads\/2023\/08\/live-footy-18x12.jpg 18w, https:\/\/www.livefooty.net\/wp-content\/uploads\/2023\/08\/live-footy-665x444.jpg 665w, https:\/\/www.livefooty.net\/wp-content\/uploads\/2023\/08\/live-footy-390x260.jpg 390w\" sizes=\"(max-width: 1024px) 100vw, 1024px\" \/><\/figure>\n\n\n\n<p>Internet to nie tylko Facebook i porno, w cyberprzestrzeni dzieje si\u0119 naprawd\u0119 kilka przydatnych rzeczy! Jedn\u0105 z najbardziej przydatnych dla fan\u00f3w sportu jest mo\u017cliwo\u015b\u0107 ogl\u0105dania prawdziwych, legalnych, autoryzowanych transmisji sportowych na \u017cywo online od op\u0142aconych partner\u00f3w transmisji. To, co zacz\u0119\u0142o si\u0119 jako co\u015b dla powa\u017cnych nerd\u00f3w technicznych i maniak\u00f3w, sta\u0142o si\u0119 bardzo popularne i jest to co\u015b, co ogromna liczba ludzi robi co tydzie\u0144, aby ogl\u0105da\u0107 wi\u0119cej pi\u0142ki no\u017cnej na \u017cywo.  Nie ma potrzeby nara\u017ca\u0107 swojego komputera na ryzyko, m\u00f3wimy tutaj tylko o oficjalnych transmisjach.<\/p>\n\n\n\n<!--more-->\n\n\n\n<hr class=\"wp-block-separator has-alpha-channel-opacity\"\/>\n\n\n\n<p><\/p>\n\n\n\n<hr class=\"wp-block-separator has-alpha-channel-opacity\"\/>\n\n\n\n<h2 class=\"wp-block-heading\">Bukmacherzy<\/h2>\n\n\n\n<p>Stale rosn\u0105ca liczba bukmacher\u00f3w internetowych zacz\u0119\u0142a oferowa\u0107 transmisje na \u017cywo z r\u00f3\u017cnych dyscyplin sportowych, w tym oczywi\u015bcie zawsze popularnej pi\u0142ki no\u017cnej, w tym najlepszych mecz\u00f3w z g\u0142\u00f3wnych lig europejskich. Chocia\u017c zasady r\u00f3\u017cni\u0105 si\u0119 w zale\u017cno\u015bci od bukmachera (niekt\u00f3rzy wymagaj\u0105 depozytu, a niekt\u00f3rzy mog\u0105 nawet wymaga\u0107 postawienia zak\u0142adu na konkretne wydarzenie, aby je obejrze\u0107), wynik jest taki sam, profesjonalnej jako\u015bci transmisje na \u017cywo z wielu wydarze\u0144 sportowych, kt\u00f3rych po prostu nie mo\u017cna zobaczy\u0107 w \u017caden inny spos\u00f3b. Technicznie jest to proste, nie bardziej skomplikowane ni\u017c ogl\u0105danie wideo na Youtube. Wbudowany odtwarzacz wideo jest u\u017cywany do wy\u015bwietlania transmisji sportowych na \u017cywo, dzi\u0119ki czemu mo\u017cna je ogl\u0105da\u0107 w 99% przegl\u0105darek internetowych, jedyny problem mo\u017ce pochodzi\u0107 z niekt\u00f3rych urz\u0105dze\u0144 Apple, dlaczego nalegaj\u0105 na brak obs\u0142ugi Flasha, nikt nie zgadnie. Jedynym innym ograniczeniem, o kt\u00f3rym nale\u017cy wspomnie\u0107, jest to, \u017ce niekt\u00f3re wydarzenia s\u0105 ograniczone geograficznie w zale\u017cno\u015bci od praw nadawc\u00f3w w poszczeg\u00f3lnych krajach. Ale bukmacherzy to wci\u0105\u017c doskona\u0142y spos\u00f3b na ogl\u0105danie wi\u0119kszej ilo\u015bci mecz\u00f3w na \u017cywo, ni\u017c w innym przypadku.<\/p>\n\n\n\n<figure class=\"wp-block-image size-large is-style-default\"><img decoding=\"async\" width=\"1024\" height=\"318\" src=\"https:\/\/www.livefooty.net\/wp-content\/uploads\/2023\/08\/live-footy-online-1024x318.jpg\" alt=\"Pi\u0142ka no\u017cna na \u017cywo online\" class=\"wp-image-1324\" title=\"\" srcset=\"https:\/\/www.livefooty.net\/wp-content\/uploads\/2023\/08\/live-footy-online-1024x318.jpg 1024w, https:\/\/www.livefooty.net\/wp-content\/uploads\/2023\/08\/live-footy-online-300x93.jpg 300w, https:\/\/www.livefooty.net\/wp-content\/uploads\/2023\/08\/live-footy-online-768x238.jpg 768w, https:\/\/www.livefooty.net\/wp-content\/uploads\/2023\/08\/live-footy-online-18x6.jpg 18w, https:\/\/www.livefooty.net\/wp-content\/uploads\/2023\/08\/live-footy-online-665x206.jpg 665w, https:\/\/www.livefooty.net\/wp-content\/uploads\/2023\/08\/live-footy-online-838x260.jpg 838w, https:\/\/www.livefooty.net\/wp-content\/uploads\/2023\/08\/live-footy-online.jpg 1080w\" sizes=\"(max-width: 1024px) 100vw, 1024px\" \/><\/figure>\n\n\n\n<h2 class=\"wp-block-heading\">Nadawcy<\/h2>\n\n\n\n<p>Zaj\u0119\u0142o to troch\u0119 czasu, ale w ko\u0144cu zacz\u0119li widzie\u0107 \u015bwiat\u0142o. Internet to idealne medium umo\u017cliwiaj\u0105ce udost\u0119pnienie sportu wi\u0119kszej liczbie os\u00f3b i zwi\u0119kszenie ogl\u0105dalno\u015bci, a tak\u017ce przychod\u00f3w z reklam. Oczywi\u015bcie to, co jest dost\u0119pne, bardzo r\u00f3\u017cni si\u0119 w zale\u017cno\u015bci od kraju, ale trend jest nadal pozytywny dla fan\u00f3w sportu, powoli widzimy, \u017ce coraz wi\u0119cej sport\u00f3w pojawia si\u0119 na \u017cywo w Internecie. Szczeg\u00f3lnie w Wielkiej Brytanii BBC zapewnia doskona\u0142e relacje sportowe na \u017cywo w Internecie, a Formu\u0142a 1 wymaga\u0142a kiedy\u015b szczeg\u00f3lnej wzmianki. Wa\u017cne sesje treningowe, kt\u00f3re kiedy\u015b by\u0142y jedynie 30-sekundowym podsumowaniem przed kwalifikacjami, zosta\u0142y pokazane na \u017cywo w Internecie. To by\u0142 pocz\u0105tek procesu, kt\u00f3ry pozwoli\u0142 wszystkim podnie\u015b\u0107 poprzeczk\u0119. Mo\u017cesz by\u0107 tak\u017ce pewien, \u017ce ka\u017cdy mecz pi\u0142ki no\u017cnej transmitowany przez BBC b\u0119dzie transmitowany na \u017cywo tak\u017ce w Internecie, co jest nieocenion\u0105 us\u0142ug\u0105, gdy utkniesz w pracy lub z dala od telewizora. Sky ma nawet us\u0142ug\u0119 NowTV (po prostu uwielbiaj\u0105 pokazywa\u0107 mecze Manchesteru United, Liverpoolu, Chelsea i Arsenalu!), kt\u00f3ra umo\u017cliwia ogl\u0105danie na \u017cywo akcji Sky Sports za po\u015brednictwem urz\u0105dzenia mobilnego po obni\u017conych kosztach subskrypcji. Jest jeszcze wcze\u015bnie i przed nami jeszcze d\u0142uga droga, ale powoli do tego zmierzamy. Z pewno\u015bci\u0105 to tylko kwestia czasu, zanim b\u0119dziemy mogli ogl\u0105da\u0107 WSZYSTKIE mecze pi\u0142karskie na \u017cywo w Internecie?<\/p>\n\n\n\n<h3 class=\"wp-block-heading\">Najnowsze wydarzenia pi\u0142karskie<\/h3>\n\n\n\n<p>[scu name=\"event-summary\"]<\/p>\n\n\n\n<hr class=\"wp-block-separator has-alpha-channel-opacity\"\/>\n\n\n\n<h3 class=\"wp-block-heading\">Wiadomo\u015bci pi\u0142karskie na \u017cywo<\/h3>\n\n\n\n<p>[scu name=\"rss-feed\"]<\/p>","protected":false},"excerpt":{"rendered":"<p>Where To Watch Live Football, Tennis, Darts etc The internet isn&#8217;t just for Facebook and porn, there are actually some useful things going on out there in cyberspace! One of the most useful for sports fans is the ability to watch genuine, legitimate, authorised live sports streams online from paid up broadcast partners. What started [&hellip;]<\/p>","protected":false},"author":1,"featured_media":0,"parent":0,"menu_order":0,"comment_status":"closed","ping_status":"closed","template":"","meta":{"footnotes":""},"class_list":["post-1141","page","type-page","status-publish","hentry"],"_links":{"self":[{"href":"https:\/\/www.livefooty.net\/pl\/wp-json\/wp\/v2\/pages\/1141","targetHints":{"allow":["GET"]}}],"collection":[{"href":"https:\/\/www.livefooty.net\/pl\/wp-json\/wp\/v2\/pages"}],"about":[{"href":"https:\/\/www.livefooty.net\/pl\/wp-json\/wp\/v2\/types\/page"}],"author":[{"embeddable":true,"href":"https:\/\/www.livefooty.net\/pl\/wp-json\/wp\/v2\/users\/1"}],"replies":[{"embeddable":true,"href":"https:\/\/www.livefooty.net\/pl\/wp-json\/wp\/v2\/comments?post=1141"}],"version-history":[{"count":1,"href":"https:\/\/www.livefooty.net\/pl\/wp-json\/wp\/v2\/pages\/1141\/revisions"}],"predecessor-version":[{"id":3083,"href":"https:\/\/www.livefooty.net\/pl\/wp-json\/wp\/v2\/pages\/1141\/revisions\/3083"}],"wp:attachment":[{"href":"https:\/\/www.livefooty.net\/pl\/wp-json\/wp\/v2\/media?parent=1141"}],"curies":[{"name":"wp","href":"https:\/\/api.w.org\/{rel}","templated":true}]}}