{"id":1704,"date":"2024-02-29T11:08:03","date_gmt":"2024-02-29T11:08:03","guid":{"rendered":"https:\/\/www.livefooty.net\/?page_id=1704"},"modified":"2024-03-07T15:50:30","modified_gmt":"2024-03-07T15:50:30","slug":"fa-cup-in-diretta-online","status":"publish","type":"page","link":"https:\/\/www.livefooty.net\/it\/fa-cup-in-diretta-online\/","title":{"rendered":"FA Cup - Copertura online in diretta della FA Cup"},"content":{"rendered":"<p>IL <b>FA Cup<\/b> \u00e8 la migliore competizione di coppa per club del calcio mondiale, chi non guarda la <b>Finale di FA Cup<\/b>? Ha una tradizione di oltre 100 anni e occupa un posto speciale nel cuore di molti appassionati di calcio.  La coppa degli sconvolgimenti \u00e8 uno spettacolo romantico come non lo \u00e8 mai stato.  Per i seguaci del calcio inglese la finale di FA Cup \u00e8 considerata uno dei momenti pi\u00f9 importanti dell'anno e ottenere i biglietti per questa partita \u00e8 estremamente difficile.  La copertura televisiva in diretta della maggior parte delle partite di FA Cup \u00e8 disponibile se si risiede nel Regno Unito attraverso la BBC e BT Sport, ma potrebbe essere difficile ottenere le partite altrove. Ecco ulteriori informazioni sulla <a href=\"https:\/\/en.wikipedia.org\/wiki\/FA_Cup\" target=\"_blank\" rel=\"noopener\">storia della FA Cup<\/a>.\n\t<\/p>\n\n\n\n<!--more-->\n\n\n\n<p> <\/p>\n\n\n<div class=\"wp-block-image is-style-rounded\">\n<figure class=\"aligncenter size-full\"><img decoding=\"async\" width=\"600\" height=\"451\" src=\"https:\/\/www.livefooty.net\/wp-content\/uploads\/2024\/02\/FA-Cup-Football.jpg\" alt=\"Trofeo FA Cup - Guarda in diretta\" class=\"wp-image-1705\" title=\"\" srcset=\"https:\/\/www.livefooty.net\/wp-content\/uploads\/2024\/02\/FA-Cup-Football.jpg 600w, https:\/\/www.livefooty.net\/wp-content\/uploads\/2024\/02\/FA-Cup-Football-300x226.jpg 300w, https:\/\/www.livefooty.net\/wp-content\/uploads\/2024\/02\/FA-Cup-Football-16x12.jpg 16w, https:\/\/www.livefooty.net\/wp-content\/uploads\/2024\/02\/FA-Cup-Football-346x260.jpg 346w\" sizes=\"(max-width: 600px) 100vw, 600px\" \/><\/figure><\/div>\n\n\n<p> Il primo turno vero e proprio della FA Cup 2016\/2017 prende il via nel weekend del 4 novembre.  \u00c8 una grande opportunit\u00e0 per le squadre non di serie A che si sono fatte strada nei turni preliminari di confrontarsi con avversari di serie A e dare una buona impressione di s\u00e9.  Per alcune di esse, la possibilit\u00e0 di apparire sulla TV nazionale, quando sono abituate a giocare davanti a centinaia di persone, \u00e8 l'obiettivo principale in questa fase della competizione.  La BBC non avrebbe scelto questa partita per la trasmissione del venerd\u00ec sera se non ci fosse stata la \"possibilit\u00e0\" di un upset e sar\u00e0 molto interessante vedere come se la caveranno! <\/p>\n\n\n\n<p> Siamo al 4\u00b0 turno e ci sono ancora due squadre di non league che lottano per la gloria.  Il Sutton United ospita il Leeds United in una partita in cui sono sicuro che in fondo alla mente accetterebbero un pareggio per avere la possibilit\u00e0 di giocare a Elland Road.  Mentre l'altra squadra non di campionato, il Lincoln, ospita il Brighton.  Ad essere onesti, entrambe le squadre non di campionato avranno buone possibilit\u00e0 di passare il turno, avendo gi\u00e0 provocato una serie di sconvolgimenti tra di loro, e con il vantaggio della casa chi pu\u00f2 dirlo?  Il premio di una grande possibilit\u00e0 di affrontare una delle grandi della Premier League nel prossimo turno deve essere un grande incentivo per loro. <br><\/p>\n\n\n\n<p>Dopo un 4\u00b0 turno piuttosto serio in termini di sconvolgimenti in FA Cup, tutti attendono con ansia il 5\u00b0 turno di quest'anno.  L'unico problema \u00e8 che dopo tanti sconvolgimenti a volte ci si ritrova con un calendario piuttosto noioso.  Non questa volta, per\u00f2, c'\u00e8 una partita assolutamente da non perdere: luned\u00ec 18 il Manchester United far\u00e0 visita al Chelsea.  OGS si chieder\u00e0 che cosa dovr\u00e0 fare per ottenere una pausa dopo la trasferta con l'Arsenal nel quarto turno.  L'altra partita di spicco vede i campioni in carica della Premier League, il Manchester City, recarsi a Newport County, un'esperienza del tutto nuova per molti dei loro giocatori. <br><\/p>\n\n\n\n<p>Il terzo turno di FA Cup \u00e8 il momento in cui i sogni si realizzano o si infrangono, le piccole squadre dei campionati inferiori possono avere l'opportunit\u00e0 di sfidare i loro rivali pi\u00f9 quotati della Premier League e, come tutti sanno, in FA Cup i ribaltoni accadono.  Sebbene il sorteggio del terzo turno di quest'anno non abbia messo in luce molte storie di giganti, ci sono ancora molte partite in cui un upset \u00e8 possibile.  Il Reading, squadra di alta classifica, si reca all'Old Trafford (di nuovo), il Wolves cercher\u00e0 di approfittare del Liverpool che ha recentemente perso per la prima volta dopo un'eternit\u00e0.  Il Nottingham Forest potrebbe sperare in un upset contro un Chelsea che fatica a segnare. Ma per i veri romantici della FA Cup e per quello che molti considereranno il pareggio del turno \u00e8 la partita tra Accrington Stanley (chi sono? Esattamente!) e Ipswich! <br><\/p>\n\n\n\n<p>\u00c8 arrivato il 6\u00b0 turno della FA Cup, o come piace chiamarlo a noi gente all'antica, i quarti di finale.  In questo momento, se siete tifosi del Liverpool, vi starete sfregando le mani dalla gioia.  Con cos\u00ec tanti sconvolgimenti gi\u00e0 avvenuti in FA Cup quest'anno, quale possibilit\u00e0 c'\u00e8 che le due migliori squadre rimaste in gara vengano sorteggiate una contro l'altra nella fase dei quarti di finale?  In ogni caso, il Manchester United o l'Arsenal usciranno dalla competizione, e in base al recente stato di forma si dovrebbe puntare decisamente sui gunners, anche all'Old Trafford. Con il modo in cui lo United sta giocando, la vera domanda \u00e8: ci sar\u00e0 ancora qualcuno sveglio al fischio finale?  La sfida tra Bradford e Reading assicura che quest'anno una squadra di serie B acceder\u00e0 alle semifinali.  Rimane solo il derby delle Midlands tra Villa e West Brom, una replica della recente e combattutissima partita di Premier League.  Come si comporter\u00e0 il Villa in coppa quando la priorit\u00e0 di Tim Sherwood \u00e8 la sopravvivenza in campionato?  Se fossi uno scommettitore punterei su una semifinale che si avvicina a Reading, West Brom, Liverpool e Arsenal, ma visto come sono andate le cose in FA Cup quest'anno non mi stupirei se fosse vero il contrario. <br><\/p>\n\n\n\n<p> Dopo quello che \u00e8 stato ufficialmente il torneo di FA Cup pi\u00f9 lungo della storia, siamo finalmente arrivati alla fase finale.  Credo che tutti saranno contenti di vedere la fine di questa stagione, ma la maggior parte ha ottenuto ci\u00f2 che desiderava, una finale di derby.  Mentre la maggior parte delle persone pensava che sarebbe stato un derby di Manchester quando \u00e8 stato annunciato il sorteggio delle semifinali, l'Arsenal e il Chelsea hanno fatto i conti con le squadre pi\u00f9 in forma della massima serie.  Una lezione tattica dell'Arsenal ha fatto il paio con quella del City, mentre lo United non si \u00e8 mai fatto valere contro una squadra del Chelsea che ne ha approfittato appieno.  Rimane quindi un derby londinese: il Chelsea sfider\u00e0 l'Arsenal nella finale di FA Cup del 2020.  Quanto sar\u00e0 strano non avere tifosi allo stadio il giorno della finale di FA Cup?  Moltissimo!  Una cosa \u00e8 certa: i pub saranno molto affollati. <br><\/p>\n\n\n\n<p> Grazie alla diretta streaming \u00e8 ora possibile guardare in diretta tutte le azioni della FA Cup.  Con cos\u00ec tante partite che si svolgono tutte nello stesso momento, \u00e8 difficile, anche nell'era della TV interattiva, che ogni squadra preferita dei tifosi possa essere trasmessa in TV. Dato che la FA Cup \u00e8 sempre pi\u00f9 popolare, di solito c'\u00e8 un'ampia copertura live online per molte partite di FA Cup (la BBC e BT Sport offrono una buona copertura online nel Regno Unito).  Altrove i bookmaker<a title=\"\" href=\"https:\/\/www.livefooty.net\/it\/william-hill-tv-live-streams-watch-live-online\/\"> a volte copre un gran numero di partite di FA Cup in diretta online<\/a>soprattutto nei primi turni. E non dimenticate che se non potete guardare la partita in diretta, la BBC copre quasi tutte le partite con una copertura radiofonica locale. <a href=\"https:\/\/www.bbc.co.uk\/sport\/0\/football\/13629210\" target=\"_blank\" rel=\"noopener\">FA Cup in diretta radiofonica<\/a>. <\/p>\n\n\n\n<p>[scu name=&#8221;fa-cup&#8221;]<\/p>\n\n\n\n<h3 class=\"wp-block-heading\">Gossip e opinioni sulla FA Cup<\/h3>\n\n\n\n<p>[scu name=\"event-summary\"]<\/p>\n\n\n\n<hr class=\"wp-block-separator has-alpha-channel-opacity\"\/>\n\n\n\n<h3 class=\"wp-block-heading\">Notizie in diretta dalla FA Cup<\/h3>\n\n\n\n<p>[scu name=\"rss-feed\"]<\/p>","protected":false},"excerpt":{"rendered":"<p>The FA Cup is the best club cup competition in world football, who doesn&#8217;t watch the FA Cup final? It has a tradition spanning over 100 years and holds a special place in the hearts of many football fans. The cup of upsets is as romantic a spectacle now as it ever was. For followers [&hellip;]<\/p>","protected":false},"author":1,"featured_media":0,"parent":0,"menu_order":0,"comment_status":"closed","ping_status":"closed","template":"","meta":{"footnotes":""},"class_list":["post-1704","page","type-page","status-publish","hentry"],"_links":{"self":[{"href":"https:\/\/www.livefooty.net\/it\/wp-json\/wp\/v2\/pages\/1704","targetHints":{"allow":["GET"]}}],"collection":[{"href":"https:\/\/www.livefooty.net\/it\/wp-json\/wp\/v2\/pages"}],"about":[{"href":"https:\/\/www.livefooty.net\/it\/wp-json\/wp\/v2\/types\/page"}],"author":[{"embeddable":true,"href":"https:\/\/www.livefooty.net\/it\/wp-json\/wp\/v2\/users\/1"}],"replies":[{"embeddable":true,"href":"https:\/\/www.livefooty.net\/it\/wp-json\/wp\/v2\/comments?post=1704"}],"version-history":[{"count":2,"href":"https:\/\/www.livefooty.net\/it\/wp-json\/wp\/v2\/pages\/1704\/revisions"}],"predecessor-version":[{"id":1746,"href":"https:\/\/www.livefooty.net\/it\/wp-json\/wp\/v2\/pages\/1704\/revisions\/1746"}],"wp:attachment":[{"href":"https:\/\/www.livefooty.net\/it\/wp-json\/wp\/v2\/media?parent=1704"}],"curies":[{"name":"wp","href":"https:\/\/api.w.org\/{rel}","templated":true}]}}