{"id":1441,"date":"2023-09-19T18:37:41","date_gmt":"2023-09-19T18:37:41","guid":{"rendered":"https:\/\/www.livefooty.net\/?page_id=1441"},"modified":"2023-09-19T19:13:18","modified_gmt":"2023-09-19T19:13:18","slug":"europa-league-live-footy","status":"publish","type":"page","link":"https:\/\/www.livefooty.net\/it\/europa-league-live-footy\/","title":{"rendered":"Calcio in diretta di Europa League"},"content":{"rendered":"<p> IL <b>Europa League<\/b> \u00e8 una competizione calcistica annuale per club organizzata dall&#039;Unione delle associazioni calcistiche europee (UEFA) per i club di calcio di secondo livello in Europa. Esistono diversi modi per partecipare all&#039;Europa League, incluso non arrivare abbastanza in alto in un campionato nazionale per qualificarsi per la Champions League, fallire nei preliminari di Champions League o finire 3\u00b0 in un girone di Champions League. Tuttavia, vincere \u00e8 ancora considerato un importante trofeo per club, con alcune delle pi\u00f9 grandi squadre d&#039;Europa orgogliose del loro record nel secondo livello delle competizioni europee per club. Una cosa degna di nota \u00e8 il modo in cui la lega si \u00e8 espansa negli ultimi tempi mentre gli organi di governo dello sport cercano sempre pi\u00f9 modi per spremere i soldi della TV dalle mani degli abbonati e trasferirli ai club. Anche se il calcio del gioved\u00ec sera non \u00e8 ci\u00f2 a cui aspira la maggior parte delle squadre, vale sempre la pena provare a guadagnare denaro extra e avere la possibilit\u00e0 di vincere un trofeo importante per club. <\/p>\n\n\n\n<!--more-->\n\n\n\n<figure class=\"wp-block-image size-full is-style-rounded\"><img decoding=\"async\" width=\"800\" height=\"489\" src=\"https:\/\/www.livefooty.net\/wp-content\/uploads\/2023\/09\/Europa-League-Footy.jpg\" alt=\"Calcio in diretta di Europa League\" class=\"wp-image-1458\" title=\"\" srcset=\"https:\/\/www.livefooty.net\/wp-content\/uploads\/2023\/09\/Europa-League-Footy.jpg 800w, https:\/\/www.livefooty.net\/wp-content\/uploads\/2023\/09\/Europa-League-Footy-300x183.jpg 300w, https:\/\/www.livefooty.net\/wp-content\/uploads\/2023\/09\/Europa-League-Footy-768x469.jpg 768w, https:\/\/www.livefooty.net\/wp-content\/uploads\/2023\/09\/Europa-League-Footy-18x12.jpg 18w, https:\/\/www.livefooty.net\/wp-content\/uploads\/2023\/09\/Europa-League-Footy-665x406.jpg 665w, https:\/\/www.livefooty.net\/wp-content\/uploads\/2023\/09\/Europa-League-Footy-425x260.jpg 425w\" sizes=\"(max-width: 800px) 100vw, 800px\" \/><\/figure>\n\n\n\n<p>Anche se \u00e8 possibile <b>guardare l&#039;Europa League su Internet<\/b> in alcune parti del Regno Unito con BT Sports che ora ha diritti esclusivi su tutta l&#039;Europa League, sar\u00e0 tutt&#039;altro che economico a meno che tu non viva in un&#039;area con accesso alla banda larga BT. Gli altri sono costretti a pagare per il doppio vantaggio di un pacchetto sportivo Sky pi\u00f9 BT. A seconda di dove vivi nel mondo, avrai un accesso online molto migliore all&#039;Europa League con molti posti che mostrano le partite gratuitamente. Infatti anche nel resto d\u2019Europa l\u2019accesso \u00e8 molto migliore di quello offerto nel Regno Unito. <\/p>\n\n\n\n<p>[scu name=\"europa-league\"]<\/p>","protected":false},"excerpt":{"rendered":"<p>L'Europa League \u00e8 una competizione calcistica annuale per club organizzata dall'Unione delle Federazioni Calcistiche Europee (UEFA) per i club di seconda fascia in Europa. Ci sono diversi modi per partecipare all'Europa League, tra cui il non essersi classificati abbastanza in alto in un campionato nazionale per qualificarsi alla Champions League, il non aver [...]<\/p>","protected":false},"author":1,"featured_media":0,"parent":0,"menu_order":0,"comment_status":"closed","ping_status":"closed","template":"","meta":{"footnotes":""},"class_list":["post-1441","page","type-page","status-publish","hentry"],"_links":{"self":[{"href":"https:\/\/www.livefooty.net\/it\/wp-json\/wp\/v2\/pages\/1441","targetHints":{"allow":["GET"]}}],"collection":[{"href":"https:\/\/www.livefooty.net\/it\/wp-json\/wp\/v2\/pages"}],"about":[{"href":"https:\/\/www.livefooty.net\/it\/wp-json\/wp\/v2\/types\/page"}],"author":[{"embeddable":true,"href":"https:\/\/www.livefooty.net\/it\/wp-json\/wp\/v2\/users\/1"}],"replies":[{"embeddable":true,"href":"https:\/\/www.livefooty.net\/it\/wp-json\/wp\/v2\/comments?post=1441"}],"version-history":[{"count":0,"href":"https:\/\/www.livefooty.net\/it\/wp-json\/wp\/v2\/pages\/1441\/revisions"}],"wp:attachment":[{"href":"https:\/\/www.livefooty.net\/it\/wp-json\/wp\/v2\/media?parent=1441"}],"curies":[{"name":"wp","href":"https:\/\/api.w.org\/{rel}","templated":true}]}}