{"id":1437,"date":"2023-09-19T12:48:24","date_gmt":"2023-09-19T12:48:24","guid":{"rendered":"https:\/\/www.livefooty.net\/?page_id=1437"},"modified":"2023-09-20T08:10:04","modified_gmt":"2023-09-20T08:10:04","slug":"champions-league-live-champions-league-calcio","status":"publish","type":"page","link":"https:\/\/www.livefooty.net\/it\/champions-league-live-champions-league-calcio\/","title":{"rendered":"Champions League \u2013 Calcio della Champions League in diretta"},"content":{"rendered":"<p> IL <b>UEFA Champions League<\/b> \u00e8 una competizione calcistica annuale per club organizzata dall&#039;Unione delle associazioni calcistiche europee (UEFA) per le squadre di calcio di maggior successo in Europa. \u00c8 uno dei trofei per club pi\u00f9 prestigiosi del calcio, forse il pi\u00f9 prestigioso a livello di club. Ha un pubblico globale di oltre 1 miliardo di persone (pi\u00f9 grande del SuperBowl) <br><\/p>\n\n\n\n<!--more-->\n\n\n\n<p> <\/p>\n\n\n\n<figure class=\"wp-block-image size-full is-style-rounded\"><img decoding=\"async\" width=\"800\" height=\"473\" src=\"https:\/\/www.livefooty.net\/wp-content\/uploads\/2023\/09\/Champions-League-Live.jpg\" alt=\"Champions League in diretta online\" class=\"wp-image-1439\" title=\"\" srcset=\"https:\/\/www.livefooty.net\/wp-content\/uploads\/2023\/09\/Champions-League-Live.jpg 800w, https:\/\/www.livefooty.net\/wp-content\/uploads\/2023\/09\/Champions-League-Live-300x177.jpg 300w, https:\/\/www.livefooty.net\/wp-content\/uploads\/2023\/09\/Champions-League-Live-768x454.jpg 768w, https:\/\/www.livefooty.net\/wp-content\/uploads\/2023\/09\/Champions-League-Live-18x12.jpg 18w, https:\/\/www.livefooty.net\/wp-content\/uploads\/2023\/09\/Champions-League-Live-665x393.jpg 665w, https:\/\/www.livefooty.net\/wp-content\/uploads\/2023\/09\/Champions-League-Live-440x260.jpg 440w\" sizes=\"(max-width: 800px) 100vw, 800px\" \/><\/figure>\n\n\n\n<p>Il torneo fu inaugurato nella stagione 1955-1956 come competizione tra le vincitrici dei campionati nazionali europei di calcio sotto il nome di Coppa dei Campioni, ma dalla stagione 1992-1993 vi gareggiano le prime squadre del ranking europeo e il torneo \u00e8 stato rinominato il <b>Champions League<\/b>, anche se la UEFA Champions League non deve essere confusa con la Coppa UEFA, la seconda competizione pi\u00f9 importante per le squadre di club europee. Il passaggio dal formato standard delle coppe al sistema basato sui campionati ha aumentato il numero di partite giocate da ciascuna squadra, aumentando significativamente anche le opportunit\u00e0 di copertura televisiva. <br><\/p>\n\n\n\n<p>\u00c8 possibile <b>guardare la Champions League su Internet<\/b> in alcune parti del Regno Unito. BT Sports ora ha i diritti esclusivi su tutte le partite della Champions League, il che \u00e8 fantastico se sei un cliente della banda larga BT, tuttavia ci sono molte aree delle isole britanniche che non hanno questa opzione. Il loro unico modo per guardare la partita della Champions League \u00e8 pagare un pacchetto BT Sports oltre a un pacchetto Sky, entrambi i quali non hanno offerte per le aree periferiche del Regno Unito. Vendendo tali diritti a BT Sport, alcune aree del Regno Unito sono state quasi completamente alienate dalla possibilit\u00e0 di permettersi di guardare il calcio dei club europei, da qui la popolarit\u00e0 sempre crescente di fonti di streaming alternative. <\/p>\n\n\n\n<p>[scu name=&#8221;champions-league&#8221;]<\/p>\n\n\n\n<h3 class=\"wp-block-heading\">Gossip e opinioni sulla Champions League<\/h3>\n\n\n\n<p>[scu name=\"event-summary\"]<\/p>\n\n\n\n<hr class=\"wp-block-separator has-alpha-channel-opacity\"\/>\n\n\n\n<h3 class=\"wp-block-heading\">Notizie in diretta sulla Champions League<\/h3>\n\n\n\n<p>[scu name=\"rss-feed\"]<\/p>","protected":false},"excerpt":{"rendered":"<p>The UEFA Champions League is an annual club football competition organised by the Union of European Football Associations (UEFA) for the most successful football clubs in Europe. It is one of the most prestigious club trophies in football, possibly the most at club level. It has a global audience of more than 1 billion people [&hellip;]<\/p>","protected":false},"author":1,"featured_media":0,"parent":0,"menu_order":0,"comment_status":"closed","ping_status":"closed","template":"","meta":{"footnotes":""},"class_list":["post-1437","page","type-page","status-publish","hentry"],"_links":{"self":[{"href":"https:\/\/www.livefooty.net\/it\/wp-json\/wp\/v2\/pages\/1437","targetHints":{"allow":["GET"]}}],"collection":[{"href":"https:\/\/www.livefooty.net\/it\/wp-json\/wp\/v2\/pages"}],"about":[{"href":"https:\/\/www.livefooty.net\/it\/wp-json\/wp\/v2\/types\/page"}],"author":[{"embeddable":true,"href":"https:\/\/www.livefooty.net\/it\/wp-json\/wp\/v2\/users\/1"}],"replies":[{"embeddable":true,"href":"https:\/\/www.livefooty.net\/it\/wp-json\/wp\/v2\/comments?post=1437"}],"version-history":[{"count":0,"href":"https:\/\/www.livefooty.net\/it\/wp-json\/wp\/v2\/pages\/1437\/revisions"}],"wp:attachment":[{"href":"https:\/\/www.livefooty.net\/it\/wp-json\/wp\/v2\/media?parent=1437"}],"curies":[{"name":"wp","href":"https:\/\/api.w.org\/{rel}","templated":true}]}}