{"id":1341,"date":"2023-08-22T09:14:43","date_gmt":"2023-08-22T09:14:43","guid":{"rendered":"https:\/\/www.livefooty.net\/?page_id=1341"},"modified":"2023-09-19T10:57:14","modified_gmt":"2023-09-19T10:57:14","slug":"live-ligue-1-calcio","status":"publish","type":"page","link":"https:\/\/www.livefooty.net\/it\/live-ligue-1-calcio\/","title":{"rendered":"Calcio della Ligue 1 in diretta"},"content":{"rendered":"<p> La Francia potrebbe essere campione del mondo, ma quello che potresti non sapere \u00e8 che la Ligue 1 \u00e8 il campionato pi\u00f9 migliorato in Europa, anche se lo dicono loro stessi! Spesso derisa come lega in via di sviluppo nella migliore delle ipotesi e insignificante nella peggiore, la Ligue 1 ha faticato a perdere la sua reputazione di competizione di secondo livello, portandola alla descrizione poco lusinghiera della Farmers League (sfortunatamente per il calcio francese, i migliori giocatori tendono a non restano in giro per troppo tempo e la Ligue 1 \u00e8 stata a lungo riconosciuta come un terreno fertile per i giovani che diventano alcuni dei calciatori pi\u00f9 importanti al mondo.) Tuttavia la Ligue 1 \u00e8 piena di club di prima classe: Paris Saint Germain, Marsiglia, Monaco, Rennes, Lille e Nizza sono tutte pi\u00f9 che decenti. L\u2019unico vero problema \u00e8 quanto sia avanti il PSG in termini di potere di spesa. Il divario tra il PSG e il resto del calcio francese ha spesso portato molti ad aspettarsi che i parigini vincessero la Ligue 1 prima ancora che un pallone venisse calciato, il pi\u00f9 delle volte si \u00e8 dimostrato corretto.    <\/p>\n\n\n\n<!--more-->\n\n\n\n<p>Quindi, anche se la Ligue 1 non \u00e8 certamente un campionato per agronomi, non pu\u00f2 essere giudicata vincente come una competizione in cui una squadra domina. La maggior parte delle partite della Ligue 1 si svolgono il sabato e la domenica, tuttavia nel corso della stagione si possono disputare diverse partite anche nei giorni feriali, la sera. La speranza \u00e8 che, con solide finanze e sostegno economico nei prossimi anni, la Ligue 1 possa trattenere i suoi migliori talenti e diventare un campionato europeo di qualit\u00e0 superiore e pi\u00f9 rispettato. \u00c8 passato molto tempo da quando la Ligue 1 \u00e8 stata una forza dominante nelle competizioni europee, ma speriamo che la situazione migliori presto. <br><\/p>\n\n\n\n<div itemscope=\"\" itemtype=\"https:\/\/schema.org\/FAQPage\">\n\t\t<div itemscope=\"\" itemprop=\"mainEntity\" itemtype=\"https:\/\/schema.org\/Question\">\n\t\t\t<h4 itemprop=\"name\">Posso guardare legalmente il calcio della Ligue 1 in diretta online?<\/h4>\n\t\t\t<div itemscope=\"\" itemprop=\"acceptedAnswer\" itemtype=\"https:\/\/schema.org\/Answer\">\n\t\t\t\t<div itemprop=\"text\"><p>William Hill trasmette in streaming un gran numero di partite della Ligue 1 francese, segui il collegamento per la versione corrente <a href=\"\/WilliamHill-Football.php\" rel=\"nofollow noopener\" target=\"_blank\"><b>Programma di calcio di William Hill<\/b><\/a>. (Si applicano termini e condizioni, si prevede che gli streaming siano soggetti a limitazioni geografiche a seconda di dove vivi.)<\/p><\/div>\n\t\t\t<\/div>\n\t\t<\/div>\n\t\t<div itemscope=\"\" itemprop=\"mainEntity\" itemtype=\"https:\/\/schema.org\/Question\">\n\t\t\t<h4 itemprop=\"name\">Quanto sono buoni i live streaming della Ligue 1?<\/h4>\n\t\t\t<div itemscope=\"\" itemprop=\"acceptedAnswer\" itemtype=\"https:\/\/schema.org\/Answer\">\n\t\t\t\t<div itemprop=\"text\"><p>Estremamente guardabile, anche su una TV di grandi dimensioni (se hai modo di collegare il tuo computer\/dispositivo).<\/p><\/div>\n\t\t\t<\/div>\n\t\t<\/div>\n\t\t<div itemscope=\"\" itemprop=\"mainEntity\" itemtype=\"https:\/\/schema.org\/Question\">\n\t\t\t<h4 itemprop=\"name\">Quanto \u00e8 competitiva la Ligue 1?<\/h4>\n\t\t\t<div itemscope=\"\" itemprop=\"acceptedAnswer\" itemtype=\"https:\/\/schema.org\/Answer\">\n\t\t\t\t<div itemprop=\"text\"><p>Se elimini dall\u2019equazione il PSG e i suoi ricchi sostenitori, allora la Ligue 1 \u00e8 in realt\u00e0 molto competitiva con la maggior parte delle squadre capaci di battersi a vicenda. Tuttavia non si pu\u00f2 negare che con il potere d\u2019acquisto del PSG sono attualmente un grande passo avanti rispetto al resto del campionato.<\/p><\/div>\n\t\t\t<\/div>\n\t\t<\/div>\n\t\t<div itemscope=\"\" itemprop=\"mainEntity\" itemtype=\"https:\/\/schema.org\/Question\">\n\t\t\t<h4 itemprop=\"name\">Posso scommettere sulla Ligue 1?<\/h4>\n\t\t\t<div itemscope=\"\" itemprop=\"acceptedAnswer\" itemtype=\"https:\/\/schema.org\/Answer\">\n\t\t\t\t<div itemprop=\"text\"><p>Assolutamente s\u00ec, purch\u00e9 tu sia abbastanza grande da poter giocare legalmente nel luogo in cui vivi. La Ligue 1 \u00e8 estremamente competitiva (a patto di ignorare le partite del PSG) in termini di campionati nazionali e le quote generalmente tendono a riflettere quella quantit\u00e0 \u201csconosciuta\u201d. <a href=\"\/WilliamHill-Football.php\" rel=\"nofollow noopener\" target=\"_blank\">William Hill offre un gran numero di mercati per le partite della Ligue 1<\/a>.<\/p><\/div>\n\t\t\t<\/div>\n\t\t<\/div>\n\t<\/div>\n\n\n\n<p>[scu name=&#8221;ligue1&#8243;]<\/p>","protected":false},"excerpt":{"rendered":"<p>France might be world champions, but what you might not know is that Ligue 1 is the most improved league in Europe, even if they do say so themselves! Oft-derided as a development league at best and insignificant at worst, Ligue 1 has endured a hard time shedding its reputation as a second-tier competition, leading [&hellip;]<\/p>","protected":false},"author":1,"featured_media":0,"parent":0,"menu_order":0,"comment_status":"closed","ping_status":"closed","template":"","meta":{"footnotes":""},"class_list":["post-1341","page","type-page","status-publish","hentry"],"_links":{"self":[{"href":"https:\/\/www.livefooty.net\/it\/wp-json\/wp\/v2\/pages\/1341","targetHints":{"allow":["GET"]}}],"collection":[{"href":"https:\/\/www.livefooty.net\/it\/wp-json\/wp\/v2\/pages"}],"about":[{"href":"https:\/\/www.livefooty.net\/it\/wp-json\/wp\/v2\/types\/page"}],"author":[{"embeddable":true,"href":"https:\/\/www.livefooty.net\/it\/wp-json\/wp\/v2\/users\/1"}],"replies":[{"embeddable":true,"href":"https:\/\/www.livefooty.net\/it\/wp-json\/wp\/v2\/comments?post=1341"}],"version-history":[{"count":0,"href":"https:\/\/www.livefooty.net\/it\/wp-json\/wp\/v2\/pages\/1341\/revisions"}],"wp:attachment":[{"href":"https:\/\/www.livefooty.net\/it\/wp-json\/wp\/v2\/media?parent=1341"}],"curies":[{"name":"wp","href":"https:\/\/api.w.org\/{rel}","templated":true}]}}