{"id":1339,"date":"2023-08-22T08:49:50","date_gmt":"2023-08-22T08:49:50","guid":{"rendered":"https:\/\/www.livefooty.net\/?page_id=1339"},"modified":"2023-09-19T10:58:44","modified_gmt":"2023-09-19T10:58:44","slug":"calcio-di-serie-in-diretta","status":"publish","type":"page","link":"https:\/\/www.livefooty.net\/it\/calcio-di-serie-in-diretta\/","title":{"rendered":"Calcio di Serie A in diretta"},"content":{"rendered":"<p> Il calcio italiano pu\u00f2 probabilmente essere visto come quello tatticamente pi\u00f9 competente di tutti. Il calcio italiano ha una ripetizione un po\u2019 ingiusta del calcio difensivo, spesso criticato da esperti strapagati che amano usare la parola catenaccio. Il calcio italiano \u00e8 tutt&#039;altro che monolitico e chi lo guarda apprezza profondamente le battaglie tattiche tra filosofie e stili di gioco diversi. Il calcio italiano ha fatto molta strada da quei giorni felici; giorni in cui superstar autentiche come Zinedine Zizou Zidane, Ronaldo e il mio preferito George si trasferirono al Manchester City prima che diventasse bello Weah esercitavano il loro mestiere rispettivamente alla Juventus, all&#039;Inter e al Milan. La sua reputazione \u00e8 crollata ed \u00e8 ancora sicuro dire che il calcio italiano sta ancora lottando per liberarsi dalle catene di questa tragedia. <\/p>\n\n\n\n<!--more-->\n\n\n\n<p><br><\/p>\n\n\n\n<p> Oltre alla Premier League, \u00e8 stata la Serie A italiana ad attirare maggiormente la mia attenzione da giovane appassionato di calcio. Chiunque abbia giocato a Football Manager negli anni &#039;90 sapr\u00e0 cosa intendo, AC Milan, Inter, Juventus, Weah, Zidane, ecc. Ecc. Era un campionato incredibile da guardare, in cui le partite erano cos\u00ec diverse dalla corsa e dalla caduta degli inglesi. calcio. Poi sono scoppiati gli scandali, la competitivit\u00e0 sembrava abbandonare la Serie A e il \u201cProdotto\u201d era l\u2019ombra di quello che era. Spero davvero che un giorno la Serie A ritorni quella di una volta, giorni in cui la Liga non veniva nemmeno menzionata! <br><\/p>\n\n\n\n<div itemscope=\"\" itemtype=\"https:\/\/schema.org\/FAQPage\">\n\t\t<div itemscope=\"\" itemprop=\"mainEntity\" itemtype=\"https:\/\/schema.org\/Question\">\n\t\t\t<h4 itemprop=\"name\">Posso guardare legalmente il calcio di Serie A in diretta online?<\/h4>\n\t\t\t<div itemscope=\"\" itemprop=\"acceptedAnswer\" itemtype=\"https:\/\/schema.org\/Answer\">\n\t\t\t\t<div itemprop=\"text\"><p>William Hill trasmette in streaming un gran numero di partite del massimo campionato italiano, la Serie A, segui il collegamento per la versione corrente <a href=\"\/WilliamHill-Football.php\" rel=\"nofollow noopener\" target=\"_blank\"><b>Programma di calcio di William Hill<\/b><\/a>. (Si applicano termini e condizioni, gli streaming saranno limitati per alcuni paesi.)<\/p><\/div>\n\t\t\t<\/div>\n\t\t<\/div>\n\t\t<div itemscope=\"\" itemprop=\"mainEntity\" itemtype=\"https:\/\/schema.org\/Question\">\n\t\t\t<h4 itemprop=\"name\">Quanto sono buoni i live streaming della Serie A?<\/h4>\n\t\t\t<div itemscope=\"\" itemprop=\"acceptedAnswer\" itemtype=\"https:\/\/schema.org\/Answer\">\n\t\t\t\t<div itemprop=\"text\"><p>Estremamente guardabile, anche su una TV di grandi dimensioni (se hai modo di collegare il tuo computer\/dispositivo).<\/p><\/div>\n\t\t\t<\/div>\n\t\t<\/div>\n\t\t<div itemscope=\"\" itemprop=\"mainEntity\" itemtype=\"https:\/\/schema.org\/Question\">\n\t\t\t<h4 itemprop=\"name\">Quanto \u00e8 competitiva la Serie A?<\/h4>\n\t\t\t<div itemscope=\"\" itemprop=\"acceptedAnswer\" itemtype=\"https:\/\/schema.org\/Answer\">\n\t\t\t\t<div itemprop=\"text\"><p>Essendo cresciuto guardando molto il calcio italiano della fine degli anni &#039;80 e &#039;90, mi addolora davvero dirlo, ma non \u00e8 pi\u00f9 cos\u00ec competitivo. Con tanti soldi che arrivano alla Juventus \u00e8 diventato un campionato di Juventus e poi anche di corse. Speriamo che venga presto riportato agli antichi splendori!<\/p><\/div>\n\t\t\t<\/div>\n\t\t<\/div>\n\t\t<div itemscope=\"\" itemprop=\"mainEntity\" itemtype=\"https:\/\/schema.org\/Question\">\n\t\t\t<h4 itemprop=\"name\">Posso scommettere sulla Serie A?<\/h4>\n\t\t\t<div itemscope=\"\" itemprop=\"acceptedAnswer\" itemtype=\"https:\/\/schema.org\/Answer\">\n\t\t\t\t<div itemprop=\"text\"><p>Assolutamente s\u00ec, purch\u00e9 tu sia abbastanza grande da poter giocare legalmente nel luogo in cui vivi. La Serie A offre ottime quote per molte partite se si esclude la Juve dall&#039;equazione, \u00e8 un buon campionato su cui scommettere e le quote generalmente tendono a riflettere quella quantit\u00e0 &quot;sconosciuta&quot;, soprattutto quando le 5-6 squadre sotto la Juventus si affrontano. <a href=\"\/WilliamHill-Football.php\" rel=\"nofollow noopener\" target=\"_blank\">William Hill offre un gran numero di mercati sulle partite di Serie A<\/a>.<\/p><\/div>\n\t\t\t<\/div>\n\t\t<\/div>\n\t<\/div>\n\n\n\n<p>[scu name=&#8221;serie-a&#8221;]<\/p>","protected":false},"excerpt":{"rendered":"<p>Italian football can probably be seen as the most tactically competent of them all. Italian football has a somewhat unfair repetition for defensive football, often thrown around by overpaid pundits who love to use the word catenaccio. Italian football is far from monolithic, and those who watch it thoroughly enjoy the tactical battles between different [&hellip;]<\/p>","protected":false},"author":1,"featured_media":0,"parent":0,"menu_order":0,"comment_status":"closed","ping_status":"closed","template":"","meta":{"footnotes":""},"class_list":["post-1339","page","type-page","status-publish","hentry"],"_links":{"self":[{"href":"https:\/\/www.livefooty.net\/it\/wp-json\/wp\/v2\/pages\/1339","targetHints":{"allow":["GET"]}}],"collection":[{"href":"https:\/\/www.livefooty.net\/it\/wp-json\/wp\/v2\/pages"}],"about":[{"href":"https:\/\/www.livefooty.net\/it\/wp-json\/wp\/v2\/types\/page"}],"author":[{"embeddable":true,"href":"https:\/\/www.livefooty.net\/it\/wp-json\/wp\/v2\/users\/1"}],"replies":[{"embeddable":true,"href":"https:\/\/www.livefooty.net\/it\/wp-json\/wp\/v2\/comments?post=1339"}],"version-history":[{"count":0,"href":"https:\/\/www.livefooty.net\/it\/wp-json\/wp\/v2\/pages\/1339\/revisions"}],"wp:attachment":[{"href":"https:\/\/www.livefooty.net\/it\/wp-json\/wp\/v2\/media?parent=1339"}],"curies":[{"name":"wp","href":"https:\/\/api.w.org\/{rel}","templated":true}]}}