{"id":1337,"date":"2023-08-22T08:36:09","date_gmt":"2023-08-22T08:36:09","guid":{"rendered":"https:\/\/www.livefooty.net\/?page_id=1337"},"modified":"2023-09-19T10:55:30","modified_gmt":"2023-09-19T10:55:30","slug":"live-bundesliga-calcio","status":"publish","type":"page","link":"https:\/\/www.livefooty.net\/it\/live-bundesliga-calcio\/","title":{"rendered":"Calcio della Bundesliga in diretta"},"content":{"rendered":"<p> La Bundesliga \u00e8 la lega professionistica di calcio tedesca, in breve \u00e8 la casa del calcio tedesco di alto livello. Vale la pena guardarlo, diavolo s\u00ec! Ci sono 18 squadre che giocano in questo campionato che, come la maggior parte dei campionati pi\u00f9 importanti d&#039;Europa, si svolge da agosto fino al maggio successivo. La maggior parte delle partite della Bundesliga si giocano nel fine settimana, con solo occasionali incontri infrasettimanali. In termini di titoli e retrocessioni \u00e8 un po&#039; diverso dalla maggior parte degli altri campionati di questo livello, il campione come standard viene deciso in base al maggior numero di punti alla fine della stagione, tuttavia la retrocessione\/promozione vede 2 squadre spostate automaticamente mentre c&#039;\u00e8 una partita -off per il 3\u00b0 posto. Se sei nuovo in Bundesliga e stai cercando una squadra da seguire, allora i grandi nomi di cui probabilmente avrai gi\u00e0 sentito parlare includono Bayern Monaco e Borussia Dortmund, anche se generalmente ogni stagione 5 o pi\u00f9 squadre hanno buone possibilit\u00e0 di fare bene !  <b>Puoi guardare il calcio della Bundesliga in diretta online da molti paesi.<\/b>    <\/p>\n\n\n\n<!--more-->\n\n\n\n<p><br><\/p>\n\n\n\n<p>\n\tLa Bundesliga ha una schiera di talenti di livello mondiale, con molti giovani giocatori entusiasmanti in mostra. In effetti, i vertici della Bundesliga sono pieni di talenti, inclusi diversi giocatori che potrebbero fare grandi mosse nella prossima finestra di mercato. Un altro fatto interessante \u00e8 che la Bundesliga ha la media di presenze pi\u00f9 alta di qualsiasi campionato di calcio al mondo e potrebbe in realt\u00e0 essere l&#039;unico campionato di calcio europeo in forma e in forma, l&#039;unica grande competizione nazionale i cui club realizzano collettivamente un profitto, ma le squadre tedesche vincono molto raramente. il massimo dei voti nelle competizioni di livello europeo. Perch\u00e9 questo, chiss\u00e0... niente a che vedere con certe altre squadre di altri paesi che giocherellano con il fair play finanziario, ovviamente!\n\t<br><\/p>\n\n\n\n<div itemscope=\"\" itemtype=\"https:\/\/schema.org\/FAQPage\">\n\t\t<div itemscope=\"\" itemprop=\"mainEntity\" itemtype=\"https:\/\/schema.org\/Question\">\n\t\t\t<h4 itemprop=\"name\">Posso guardare legalmente la Bundesliga in diretta online?<\/h4>\n\t\t\t<div itemscope=\"\" itemprop=\"acceptedAnswer\" itemtype=\"https:\/\/schema.org\/Answer\">\n\t\t\t\t<div itemprop=\"text\"><p>William Hill trasmette in streaming un gran numero di partite della Bundesliga, segui il collegamento per la versione corrente <a href=\"\/WilliamHill-Football.php\" rel=\"nofollow\"><b>Programma di calcio di William Hill<\/b><\/a>. (Si applicano termini e condizioni, gli streaming sono soggetti a limitazioni geografiche.)<\/p><\/div>\n\t\t\t<\/div>\n\t\t<\/div>\n\t\t<div itemscope=\"\" itemprop=\"mainEntity\" itemtype=\"https:\/\/schema.org\/Question\">\n\t\t\t<h4 itemprop=\"name\">Quanto sono buoni i live streaming della Bundesliga?<\/h4>\n\t\t\t<div itemscope=\"\" itemprop=\"acceptedAnswer\" itemtype=\"https:\/\/schema.org\/Answer\">\n\t\t\t\t<div itemprop=\"text\"><p>Estremamente guardabile, anche su una TV di grandi dimensioni (se hai modo di collegare il tuo computer\/dispositivo).<\/p><\/div>\n\t\t\t<\/div>\n\t\t<\/div>\n\t\t<div itemscope=\"\" itemprop=\"mainEntity\" itemtype=\"https:\/\/schema.org\/Question\">\n\t\t\t<h4 itemprop=\"name\">Quanto \u00e8 competitiva la Bundesliga?<\/h4>\n\t\t\t<div itemscope=\"\" itemprop=\"acceptedAnswer\" itemtype=\"https:\/\/schema.org\/Answer\">\n\t\t\t\t<div itemprop=\"text\"><p>In realt\u00e0 fa molti paragoni con la Premier League inglese. Sebbene esista un piccolo numero di &quot;grandi club&quot;, generalmente in ogni stagione 5-6 squadre hanno buone possibilit\u00e0 di fare bene, le squadre perdono regolarmente tra loro, tornando indietro nella storia della Bundesliga non troverai molte stagioni perfette !<\/p><\/div>\n\t\t\t<\/div>\n\t\t<\/div>\n\t\t<div itemscope=\"\" itemprop=\"mainEntity\" itemtype=\"https:\/\/schema.org\/Question\">\n\t\t\t<h4 itemprop=\"name\">Posso scommettere sulla Bundesliga?<\/h4>\n\t\t\t<div itemscope=\"\" itemprop=\"acceptedAnswer\" itemtype=\"https:\/\/schema.org\/Answer\">\n\t\t\t\t<div itemprop=\"text\"><p>Assolutamente s\u00ec, purch\u00e9 tu sia abbastanza grande da poter giocare legalmente nel luogo in cui vivi. La Bundesliga \u00e8 estremamente competitiva in termini di campionati nazionali e le quote generalmente tendono a riflettere quella quantit\u00e0 \u201csconosciuta\u201d. <a href=\"\/WilliamHill-Football.php\" rel=\"nofollow noopener\" target=\"_blank\">William Hill offre un gran numero di mercati per le partite della Bundesliga<\/a>.<\/p><\/div>\n\t\t\t<\/div>\n\t\t<\/div>\n\t<\/div>\n\n\n\n<p>[scu name=&#8221;bundesliga&#8221;]<\/p>","protected":false},"excerpt":{"rendered":"<p>The Bundesliga is the professional association football league in Germany, in short it is the home of top level German football. Worth watching, hell yeah! There are 18 teams that play in this league which like most of the top leagues in Europe runs from August until the following May. Most Bundesliga games are played [&hellip;]<\/p>","protected":false},"author":1,"featured_media":0,"parent":0,"menu_order":0,"comment_status":"closed","ping_status":"closed","template":"","meta":{"footnotes":""},"class_list":["post-1337","page","type-page","status-publish","hentry"],"_links":{"self":[{"href":"https:\/\/www.livefooty.net\/it\/wp-json\/wp\/v2\/pages\/1337","targetHints":{"allow":["GET"]}}],"collection":[{"href":"https:\/\/www.livefooty.net\/it\/wp-json\/wp\/v2\/pages"}],"about":[{"href":"https:\/\/www.livefooty.net\/it\/wp-json\/wp\/v2\/types\/page"}],"author":[{"embeddable":true,"href":"https:\/\/www.livefooty.net\/it\/wp-json\/wp\/v2\/users\/1"}],"replies":[{"embeddable":true,"href":"https:\/\/www.livefooty.net\/it\/wp-json\/wp\/v2\/comments?post=1337"}],"version-history":[{"count":0,"href":"https:\/\/www.livefooty.net\/it\/wp-json\/wp\/v2\/pages\/1337\/revisions"}],"wp:attachment":[{"href":"https:\/\/www.livefooty.net\/it\/wp-json\/wp\/v2\/media?parent=1337"}],"curies":[{"name":"wp","href":"https:\/\/api.w.org\/{rel}","templated":true}]}}