{"id":1222,"date":"2023-08-06T10:57:49","date_gmt":"2023-08-06T10:57:49","guid":{"rendered":"https:\/\/www.livefooty.net\/?page_id=1222"},"modified":"2023-09-19T11:01:24","modified_gmt":"2023-09-19T11:01:24","slug":"programmi-di-oggi-tutti-gli-sport-in-diretta-online","status":"publish","type":"page","link":"https:\/\/www.livefooty.net\/it\/programmi-di-oggi-tutti-gli-sport-in-diretta-online\/","title":{"rendered":"Orari di oggi: tutti gli sport in diretta online"},"content":{"rendered":"<h2 class=\"wp-block-heading\">Streaming sportivi in diretta di oggi<\/h2>\n\n\n\n<p> I bookmaker e altri siti Web sportivi danno accesso a <b>streaming sportivi in diretta<\/b> da eventi che si svolgono in tutto il mondo.  Oltre alle popolarissime partite di calcio, sono coperti anche molti altri sport, tra cui i principali tornei di golf, tennis, rugby, automobilismo e molto altro.  I bookmaker permettono di guardare molto pi\u00f9 facilmente lo sport dal vivo. <\/p>\n\n\n\n<!--more-->\n\n\n\n<p><br><\/p>\n\n\n\n<p>\n\tPoich\u00e9 la velocit\u00e0 di Internet non fa che migliorare, immagino che anche la copertura che possiamo aspettarci non potr\u00e0 che migliorare. Detto questo, poich\u00e9 la qualit\u00e0 dei flussi \u00e8 molto guardabile anche su TV a grande schermo, i frame rate sfocati e a scatti non sono pi\u00f9 scuse per non guardare lo sport in diretta online.\n\t<br><br><\/p>\n\n\n<p>[scu name=&#8221;roja-schedule&#8221;]<\/p>\n\n\n\n<h2 class=\"wp-block-heading\">\n\tCalcio in diretta con i bookmaker (ora attuale del Regno Unito)\n\t<\/h2>\n\n\n<p>[scu name=&#8221;betfair-football&#8221;]<\/p>\n\n\n\n<p>\n\tTutti i collegamenti sopra riportati rimandano a siti Web di terze parti che riteniamo mostrino l&#039;evento specifico <b>O<\/b> sport menzionato. Tuttavia scoprirai che alcuni eventi non lo saranno <a href=\"https:\/\/www.livefooty.net\/VPN.php\" target=\"_blank\" rel=\"nofollow noopener\">disponibile in tutti i paesi<\/a>, mi spiace. Se sei interessato a guardare le corse di cavalli dal vivo online, le abbiamo inserite in una sezione separata, basta seguire il collegamento per guardare la pagina delle corse di cavalli online dal vivo.\n\t<\/p>","protected":false},"excerpt":{"rendered":"<p>Todays Live Sports Streams Bookmakers and other sports websites give access to live sporting streams from events taking place all over the world. As well as the ever popular football (soccer) matches there are plenty of other sports covered as well including major tournaments in Golf, Tennis, Rugby, Motorsport and much more. The bookmakers make [&hellip;]<\/p>","protected":false},"author":1,"featured_media":0,"parent":0,"menu_order":0,"comment_status":"closed","ping_status":"closed","template":"","meta":{"footnotes":""},"class_list":["post-1222","page","type-page","status-publish","hentry"],"_links":{"self":[{"href":"https:\/\/www.livefooty.net\/it\/wp-json\/wp\/v2\/pages\/1222","targetHints":{"allow":["GET"]}}],"collection":[{"href":"https:\/\/www.livefooty.net\/it\/wp-json\/wp\/v2\/pages"}],"about":[{"href":"https:\/\/www.livefooty.net\/it\/wp-json\/wp\/v2\/types\/page"}],"author":[{"embeddable":true,"href":"https:\/\/www.livefooty.net\/it\/wp-json\/wp\/v2\/users\/1"}],"replies":[{"embeddable":true,"href":"https:\/\/www.livefooty.net\/it\/wp-json\/wp\/v2\/comments?post=1222"}],"version-history":[{"count":0,"href":"https:\/\/www.livefooty.net\/it\/wp-json\/wp\/v2\/pages\/1222\/revisions"}],"wp:attachment":[{"href":"https:\/\/www.livefooty.net\/it\/wp-json\/wp\/v2\/media?parent=1222"}],"curies":[{"name":"wp","href":"https:\/\/api.w.org\/{rel}","templated":true}]}}