{"id":1199,"date":"2023-08-06T10:04:58","date_gmt":"2023-08-06T10:04:58","guid":{"rendered":"https:\/\/www.livefooty.net\/?page_id=1199"},"modified":"2024-03-07T15:49:49","modified_gmt":"2024-03-07T15:49:49","slug":"william-hill-tv-live-streams-watch-live-online","status":"publish","type":"page","link":"https:\/\/www.livefooty.net\/it\/william-hill-tv-live-streams-watch-live-online\/","title":{"rendered":"Streaming live di William Hill TV: guarda in diretta online"},"content":{"rendered":"<h2 class=\"wp-block-heading\">Streaming live di William Hill: guarda online<\/h2>\n\n\n\n<p> <b>William Hill<\/b> sono uno degli ultimi bookmaker a rendere gli sport dal vivo disponibili online attraverso il loro <b><a onclick=\"window.open('https:\/\/sports.williamhill.com\/betting\/en-gb\/football')\" href=\"\/WilliamHill.php\" rel=\"nofollow\">Streaming televisivo di William Hill<\/a><\/b> servizio. Puoi guardare numerosi sport attraverso William Hill tra cui calcio in diretta (Serie A ed Europa League per citarne solo 2), tennis, snooker e un gran numero di eventi di corse di cavalli. William Hill offre una qualit\u00e0 di streaming di prim&#039;ordine anche se afferma che avrai bisogno di un PC basato su Windows per visualizzarlo, quindi questo non va bene per gli utenti Mac. La maggior parte degli streaming sono gratuiti per i membri di William Hill, ma per le corse di cavalli avrai bisogno di una scommessa (almeno \u00a3 5) per poter guardare. <\/p>\n\n\n\n<!--more-->\n\n\n\n<p>\n\tOltre ad attrarre gli appassionati di sport che vogliono semplicemente guardare lo sport dal vivo, questi servizi di streaming offerti da bookmaker come WillIam Hill aprono un nuovo mondo di <b>gioco d&#039;azzardo dal vivo<\/b> a coloro che preferiscono fare le proprie scommesse sportive online. Che sia bloccato in ufficio o semplicemente non abbia accesso alla TV perch\u00e9 la moglie sta guardando il 75esimo episodio di Coronation Street questa settimana in streaming online, consente al giocatore d&#039;azzardo di effettuare una selezione pi\u00f9 informata nel gioco. Per altri ti d\u00e0 semplicemente la possibilit\u00e0 di guardare una partita di calcio o un altro evento sportivo che altrimenti non avresti potuto guardare.\n\t<br><\/p>\n\n\n\n<p>\n\tWilliam Hill \u00e8 uno dei pi\u00f9 grandi bookmaker in circolazione, iscriviti subito al tuo account gratuito, accedi al loro servizio di streaming e riceverai anche una scommessa gratuita di \u00a3 25.<br><\/p>\n\n\n\n<center>\n\tIscriversi a William Hill \u00e8 un modo davvero semplice per godersi i tuoi sport preferiti in diretta online!\n\t<\/center>\n\n\n\n<p><\/p>\n\n\n\n<h2 class=\"wp-block-heading\">William Hill Live Streaming e In-Play<\/h2>\n\n\n\n<p>\n\tSe sei gi\u00e0 cliente William Hill Sports, sarai felice di sapere che offrono un servizio di live streaming e scommesse in-play su una variet\u00e0 di sport.\n\t<\/p>\n\n\n\n<h3 class=\"wp-block-heading\">Come faccio a sapere se una partita \u00e8 trasmessa in live streaming su William Hill?<\/h3>\n\n\n\n<p>\n\t\u00c8 davvero semplice, usa uno dei link qui sopra che ti porter\u00e0 alle partite attuali e future. Quindi cerca la piccola icona &quot;TV&quot; accanto all&#039;apparecchio. Se \u00e8 l\u00ec, viene mostrato dal vivo. Ecco uno screenshot di esempio su cosa cercare. \u00c8 esattamente lo stesso per tutti gli altri sport, non solo per il calcio.\n\t<\/p>\n\n\n\n<h3 class=\"wp-block-heading\">Quali sono i vantaggi dell&#039;utilizzo dello streaming live di William Hill?<\/h3>\n\n\n\n<p>\n\tWilliam Hill \u00e8 uno dei principali fornitori di scommesse sportive al mondo. Offre una serie di opzioni per lo streaming in diretta, tra cui il servizio William Hill Live Streaming. Questo servizio consente agli scommettitori di guardare in diretta gli eventi sportivi e le quote delle scommesse mentre si svolgono.\n\t<br><\/p>\n\n\n\n<p>\nUno dei vantaggi di utilizzare William Hill Live Streaming \u00e8 che consente agli scommettitori di accedere a un'ampia variet\u00e0 di eventi sportivi. Questo include sia eventi internazionali che nazionali. Inoltre, questo servizio \u00e8 disponibile sia su piattaforma desktop che mobile, il che lo rende facile da usare per gli scommettitori, indipendentemente da dove si trovino.\n<br><\/p>\n\n\n\n<p>\nCi sono una serie di vantaggi nell\u2019usare William Hill Live Streaming. Innanzitutto \u00e8 facile da usare: tutto ci\u00f2 di cui hai bisogno \u00e8 un browser web e una connessione Internet. In secondo luogo, \u00e8 gratuito: non \u00e8 necessario registrarsi o depositare denaro. E infine, \u00e8 affidabile: il loro servizio di live streaming \u00e8 stato testato e si \u00e8 dimostrato stabile e affidabile.\n<br><\/p>\n\n\n\n<h3 class=\"wp-block-heading\">Quali sono i vantaggi dell&#039;utilizzo di William Hill in-play?<\/h3>\n\n\n\n<p>\nL&#039;uso di William Hill In-Play offre numerosi vantaggi. Innanzitutto \u00e8 facile da usare: tutto ci\u00f2 di cui hai bisogno \u00e8 un browser web e una connessione Internet. In secondo luogo, \u00e8 veloce e affidabile: le scommesse in-play vengono piazzate immediatamente e i pagamenti vengono elaborati rapidamente. E infine, \u00e8 sicuro: i tuoi soldi sono protetti dal nostro sistema sicuro.\n<br><\/p>\n\n\n\n<h3 class=\"wp-block-heading\">Ci sono limitazioni all&#039;utilizzo dello streaming live e in-play di William Hill?<\/h3>\n\n\n\n<p>Esistono alcune limitazioni all&#039;utilizzo di William Hill Live Streaming e In-Play. Innanzitutto, lo streaming live \u00e8 disponibile solo su desktop: non potrai guardare il servizio di streaming sul tuo telefono o tablet (corretto al momento della pubblicazione). In secondo luogo, le scommesse in-play sono disponibili su un numero limitato di sport: probabilmente potrai scommettere sul calcio, sul cricket, ecc., ma non su altri sport.&nbsp;\n<br><\/p>\n\n\n\n<p>\nChe siate clienti di William Hill Sports o meno, vi divertirete a utilizzare i nostri servizi di live streaming e in-play. Sono facili da usare e affidabili, quindi potete essere certi che il vostro denaro \u00e8 al sicuro.  William Hill \u00e8 uno dei nomi pi\u00f9 importanti nel settore delle scommesse online e il servizio che offre lo rispecchia. William Hill si \u00e8 costruito un'eccellente reputazione per la qualit\u00e0 del servizio clienti e l'affidabilit\u00e0 delle quote.  William Hill offre un'ampia gamma di altre opzioni di scommessa, tra cui corse di cavalli, calcio, basket e cricket. Il loro sito web completo rende facile piazzare scommesse su qualsiasi sport o gioco in qualsiasi momento.\n<br><\/p>\n\n\n\n<p>\nTutte le informazioni sono corrette al momento della pubblicazione. Ricorda che \u00e8 probabile che i requisiti di finanziamento delle scommesse\/del conto possano cambiare di volta in volta, in particolare con servizi a valore aggiunto come lo streaming live forniti dai bookmaker, questo \u00e8 lo stesso per lo streaming live di William Hill come qualsiasi bookmaker. Ci saranno anche restrizioni geografiche su cosa pu\u00f2 essere mostrato e dove.\n<\/p>","protected":false},"excerpt":{"rendered":"<p>William Hill Live Streams - Watch Online William Hill \u00e8 uno degli ultimi bookmaker a rendere disponibile lo sport in diretta online attraverso il suo servizio di streaming William Hill TV. Tramite William Hill \u00e8 possibile guardare numerosi sport, tra cui calcio in diretta (Serie A ed Europa League per citarne solo due), tennis, snooker e [...]<\/p>","protected":false},"author":1,"featured_media":0,"parent":0,"menu_order":0,"comment_status":"closed","ping_status":"closed","template":"","meta":{"footnotes":""},"class_list":["post-1199","page","type-page","status-publish","hentry"],"_links":{"self":[{"href":"https:\/\/www.livefooty.net\/it\/wp-json\/wp\/v2\/pages\/1199","targetHints":{"allow":["GET"]}}],"collection":[{"href":"https:\/\/www.livefooty.net\/it\/wp-json\/wp\/v2\/pages"}],"about":[{"href":"https:\/\/www.livefooty.net\/it\/wp-json\/wp\/v2\/types\/page"}],"author":[{"embeddable":true,"href":"https:\/\/www.livefooty.net\/it\/wp-json\/wp\/v2\/users\/1"}],"replies":[{"embeddable":true,"href":"https:\/\/www.livefooty.net\/it\/wp-json\/wp\/v2\/comments?post=1199"}],"version-history":[{"count":1,"href":"https:\/\/www.livefooty.net\/it\/wp-json\/wp\/v2\/pages\/1199\/revisions"}],"predecessor-version":[{"id":1745,"href":"https:\/\/www.livefooty.net\/it\/wp-json\/wp\/v2\/pages\/1199\/revisions\/1745"}],"wp:attachment":[{"href":"https:\/\/www.livefooty.net\/it\/wp-json\/wp\/v2\/media?parent=1199"}],"curies":[{"name":"wp","href":"https:\/\/api.w.org\/{rel}","templated":true}]}}