{"id":1196,"date":"2023-08-06T10:00:51","date_gmt":"2023-08-06T10:00:51","guid":{"rendered":"https:\/\/www.livefooty.net\/?page_id=1196"},"modified":"2023-09-19T10:53:43","modified_gmt":"2023-09-19T10:53:43","slug":"betfair-live-streaming-online","status":"publish","type":"page","link":"https:\/\/www.livefooty.net\/it\/betfair-live-streaming-online\/","title":{"rendered":"Betfair \u2013 Streaming live online"},"content":{"rendered":"<h2 class=\"wp-block-heading\">Streaming sportivi in diretta Betfair: guarda in diretta online<\/h2>\n\n\n\n<p> Ci sono modi difficili per farlo <b>guardare i tuoi sport preferiti online<\/b> e poi ci sono i modi pi\u00f9 semplici. Proprio l\u00ec perch\u00e9 la cosa pi\u00f9 semplice \u00e8 guardare gli streaming live di alcune delle pi\u00f9 grandi aziende online. <b>Betfair<\/b> ad esempio, siamo uno dei pi\u00f9 grandi bookmaker online e ora, oltre a offrirti le migliori quote, ti danno anche la possibilit\u00e0 di guardare i tuoi eventi sportivi preferiti online, in modo totalmente gratuito! Gli streaming live di Betfair offrono azioni sportive di alta qualit\u00e0 senza alcun costo per te e tutto ci\u00f2 che serve \u00e8 una registrazione di 2 minuti e un deposito sul conto per accedervi. <\/p>\n\n\n\n<!--more-->\n\n\n\n<p> Il calcio in diretta \u00e8 ci\u00f2 che interessa alla maggior parte delle persone e Betfair ha il diritto di mostrarti le partite di alcuni dei migliori campionati e coppe \u2013 <b>Serie A, Superliga portoghese, Coppa UEFA e la maggior parte delle amichevoli internazionali<\/b> per citarne solo alcuni*. Betfair aggiunge continuamente a questa lista, quindi non c&#039;\u00e8 motivo per non iscriversi adesso. Se cerchi qualcosa di pi\u00f9 del calcio, l&#039;elenco degli altri sport include anche tennis, snooker e basket. Che ne dici delle corse di cavalli? Quindi sei bloccato al lavoro ma vuoi sapere come sta andando il tuo cavallo? Betfair trasmette in streaming pi\u00f9 corse di cavalli dal vivo rispetto a qualsiasi altra fonte che ho trovato online. Naturalmente offrono anche un casin\u00f2 di prim&#039;ordine <a href=\"https:\/\/www.kushmoney.com\/\" target=\"_blank\" rel=\"noopener\">gioco del poker<\/a> se sei cos\u00ec propenso.   <br><\/p>\n\n\n\n<p>\n\tTutto <b>Streaming live di Betfair<\/b> sono visibili gratuitamente, tutto ci\u00f2 di cui hai bisogno \u00e8 un conto finanziato. Se sei un tipo a cui piace svolazzare allora potresti anche approfittare di fino a 100 euro in scommesse gratuite con la loro offerta per i nuovi clienti. Piazza 5 scommesse da 10 \u20ac o pi\u00f9 per ricevere 20 \u20ac in scommesse gratuite. Ripeti fino a 5 volte per ricevere un bonus massimo di \u20ac 100. Quota minima 1\/2 (1,5). Escluse le scommesse Exchange. Si applicano termini e condizioni\n\t<br><\/p>\n\n\n\n<p>\n\tIscriversi a Betfair \u00e8 un modo semplice per farlo <b>guardare streaming sportivi in diretta online<\/b>, se non sei gi\u00e0 membro ti suggerisco di andare l\u00ec adesso e di farlo!<\/p>","protected":false},"excerpt":{"rendered":"<p>Betfair Live Sports Streams &#8211; Watch Live Online There are hard ways of watching your favourite sports online and then there are the easy ways. Right up there as the easiest has to be watching live streams from some of the biggest companies online. Betfair for example are one of the biggest bookmakers online and [&hellip;]<\/p>","protected":false},"author":1,"featured_media":0,"parent":0,"menu_order":0,"comment_status":"closed","ping_status":"closed","template":"","meta":{"footnotes":""},"class_list":["post-1196","page","type-page","status-publish","hentry"],"_links":{"self":[{"href":"https:\/\/www.livefooty.net\/it\/wp-json\/wp\/v2\/pages\/1196","targetHints":{"allow":["GET"]}}],"collection":[{"href":"https:\/\/www.livefooty.net\/it\/wp-json\/wp\/v2\/pages"}],"about":[{"href":"https:\/\/www.livefooty.net\/it\/wp-json\/wp\/v2\/types\/page"}],"author":[{"embeddable":true,"href":"https:\/\/www.livefooty.net\/it\/wp-json\/wp\/v2\/users\/1"}],"replies":[{"embeddable":true,"href":"https:\/\/www.livefooty.net\/it\/wp-json\/wp\/v2\/comments?post=1196"}],"version-history":[{"count":0,"href":"https:\/\/www.livefooty.net\/it\/wp-json\/wp\/v2\/pages\/1196\/revisions"}],"wp:attachment":[{"href":"https:\/\/www.livefooty.net\/it\/wp-json\/wp\/v2\/media?parent=1196"}],"curies":[{"name":"wp","href":"https:\/\/api.w.org\/{rel}","templated":true}]}}