{"id":1141,"date":"2023-08-06T08:01:12","date_gmt":"2023-08-06T08:01:12","guid":{"rendered":"https:\/\/livefooty.net\/?page_id=1141"},"modified":"2025-10-14T09:58:51","modified_gmt":"2025-10-14T09:58:51","slug":"calcio-in-diretta-altri-sport-online-notizie-e-giochi","status":"publish","type":"page","link":"https:\/\/www.livefooty.net\/it\/","title":{"rendered":"Calcio e altri sport in diretta online - Notizie e giochi"},"content":{"rendered":"<h2 class=\"wp-block-heading\">Dove guardare in diretta calcio, tennis, freccette ecc.<\/h2>\n\n\n\n<figure class=\"wp-block-image size-full is-style-rounded\"><img decoding=\"async\" width=\"1024\" height=\"683\" src=\"https:\/\/www.livefooty.net\/wp-content\/uploads\/2023\/08\/live-footy.jpg\" alt=\"Calcio in diretta\" class=\"wp-image-1322\" title=\"\" srcset=\"https:\/\/www.livefooty.net\/wp-content\/uploads\/2023\/08\/live-footy.jpg 1024w, https:\/\/www.livefooty.net\/wp-content\/uploads\/2023\/08\/live-footy-300x200.jpg 300w, https:\/\/www.livefooty.net\/wp-content\/uploads\/2023\/08\/live-footy-768x512.jpg 768w, https:\/\/www.livefooty.net\/wp-content\/uploads\/2023\/08\/live-footy-18x12.jpg 18w, https:\/\/www.livefooty.net\/wp-content\/uploads\/2023\/08\/live-footy-665x444.jpg 665w, https:\/\/www.livefooty.net\/wp-content\/uploads\/2023\/08\/live-footy-390x260.jpg 390w\" sizes=\"(max-width: 1024px) 100vw, 1024px\" \/><\/figure>\n\n\n\n<p>Internet non \u00e8 solo per Facebook e il porno, in realt\u00e0 ci sono alcune cose utili che accadono l\u00e0 fuori nel cyberspazio! Uno dei vantaggi pi\u00f9 utili per gli appassionati di sport \u00e8 la possibilit\u00e0 di guardare streaming sportivi in diretta autentici, legittimi e autorizzati online da partner di trasmissione pagati. Ci\u00f2 che era iniziato come qualcosa per i veri nerd della tecnologia e per i geek a tutto tondo \u00e8 diventato molto mainstream ed \u00e8 qualcosa che un vasto numero di persone fa settimana dopo settimana per guardare pi\u00f9 calcio dal vivo. Non \u00e8 necessario mettere a rischio il tuo computer, qui parliamo solo di streaming ufficiali.<\/p>\n\n\n\n<!--more-->\n\n\n\n<hr class=\"wp-block-separator has-alpha-channel-opacity\"\/>\n\n\n\n<p><\/p>\n\n\n\n<hr class=\"wp-block-separator has-alpha-channel-opacity\"\/>\n\n\n\n<h2 class=\"wp-block-heading\">Gli allibratori<\/h2>\n\n\n\n<p>Un numero sempre crescente di bookmaker online ha iniziato a offrire dirette streaming di vari sport, tra cui ovviamente il popolarissimo calcio, comprese le partite dei principali campionati europei. Anche se le regole variano da allibratore a allibratore (alcuni richiedono un deposito e altri possono anche richiedere una scommessa piazzata su un particolare evento per poterlo guardare) il risultato \u00e8 lo stesso, streaming in diretta di qualit\u00e0 professionale di molti eventi sportivi che non si possono vedere in nessun altro modo. Tecnicamente \u00e8 semplice, non pi\u00f9 complesso di guardare un video su Youtube. Un lettore video incorporato viene utilizzato per mostrare i flussi sportivi in diretta e per questo motivo \u00e8 possibile visualizzarli nel 99% dei browser web; l'unico problema potrebbe derivare da alcuni dispositivi Apple, il cui motivo per cui si ostinano a non supportare Flash non lo sa nessuno. L'unica altra restrizione di cui parlare \u00e8 che alcuni eventi sono geo-limitati a seconda dei diritti delle emittenti in determinati paesi. Ma i bookmakers sono comunque un modo eccellente per guardare pi\u00f9 calcio in diretta di quanto si potrebbe vedere altrimenti.<\/p>\n\n\n\n<figure class=\"wp-block-image size-large is-style-default\"><img decoding=\"async\" width=\"1024\" height=\"318\" src=\"https:\/\/www.livefooty.net\/wp-content\/uploads\/2023\/08\/live-footy-online-1024x318.jpg\" alt=\"calcio in diretta online\" class=\"wp-image-1324\" title=\"\" srcset=\"https:\/\/www.livefooty.net\/wp-content\/uploads\/2023\/08\/live-footy-online-1024x318.jpg 1024w, https:\/\/www.livefooty.net\/wp-content\/uploads\/2023\/08\/live-footy-online-300x93.jpg 300w, https:\/\/www.livefooty.net\/wp-content\/uploads\/2023\/08\/live-footy-online-768x238.jpg 768w, https:\/\/www.livefooty.net\/wp-content\/uploads\/2023\/08\/live-footy-online-18x6.jpg 18w, https:\/\/www.livefooty.net\/wp-content\/uploads\/2023\/08\/live-footy-online-665x206.jpg 665w, https:\/\/www.livefooty.net\/wp-content\/uploads\/2023\/08\/live-footy-online-838x260.jpg 838w, https:\/\/www.livefooty.net\/wp-content\/uploads\/2023\/08\/live-footy-online.jpg 1080w\" sizes=\"(max-width: 1024px) 100vw, 1024px\" \/><\/figure>\n\n\n\n<h2 class=\"wp-block-heading\">Le emittenti<\/h2>\n\n\n\n<p>C&#039;\u00e8 voluto del tempo ma finalmente stanno iniziando a vedere la luce, l&#039;online \u00e8 il mezzo perfetto per aprire lo sport a pi\u00f9 persone e aumentare il numero di spettatori e le entrate derivanti dalla pubblicit\u00e0. Naturalmente ci\u00f2 che \u00e8 disponibile varia molto da paese a paese, ma la tendenza \u00e8 ancora positiva per gli appassionati di sport, stiamo lentamente vedendo sempre pi\u00f9 sport apparire in diretta online. Nel Regno Unito, in particolare, la BBC fornisce un&#039;eccellente copertura sportiva in diretta online, la Formula 1 aveva bisogno di una menzione speciale all&#039;epoca. Sessioni di prove vitali che una volta erano solo 30 secondi di riepilogo di pre-qualificazione sono state mostrate in diretta online, \u00e8 stato l&#039;inizio di un processo che ha spinto tutti a migliorare il proprio gioco. Puoi anche essere certo che ogni partita di calcio trasmessa dalla BBC verr\u00e0 trasmessa anche in diretta online, un servizio inestimabile per quando sei bloccato al lavoro o lontano dalla TV. Sky ha anche il suo servizio NowTV (adorano mostrare le partite di Manchester United, Liverpool, Chelsea e Arsenal!) che ti consente di guardare l&#039;azione Sky Sports in diretta attraverso il tuo dispositivo mobile a un costo di abbonamento ridotto. \u00c8 ancora agli inizi e c&#039;\u00e8 ancora molta strada da fare ma ci stiamo lentamente arrivando, sicuramente sar\u00e0 solo questione di tempo prima di poter guardare TUTTE le partite di calcio in diretta online?<\/p>\n\n\n\n<h3 class=\"wp-block-heading\">Gli ultimi avvenimenti del footy<\/h3>\n\n\n\n<p>[scu name=\"event-summary\"]<\/p>\n\n\n\n<hr class=\"wp-block-separator has-alpha-channel-opacity\"\/>\n\n\n\n<h3 class=\"wp-block-heading\">Notizie di calcio in diretta<\/h3>\n\n\n\n<p>[scu name=\"rss-feed\"]<\/p>","protected":false},"excerpt":{"rendered":"<p>Dove guardare in diretta calcio, tennis, freccette ecc. Internet non \u00e8 solo Facebook e porno, ma ci sono anche cose utili nel cyberspazio! Una delle pi\u00f9 utili per gli appassionati di sport \u00e8 la possibilit\u00e0 di guardare online flussi sportivi in diretta autentici, legittimi e autorizzati da partner di trasmissione a pagamento. Ci\u00f2 che \u00e8 iniziato [...]<\/p>","protected":false},"author":1,"featured_media":0,"parent":0,"menu_order":0,"comment_status":"closed","ping_status":"closed","template":"","meta":{"footnotes":""},"class_list":["post-1141","page","type-page","status-publish","hentry"],"_links":{"self":[{"href":"https:\/\/www.livefooty.net\/it\/wp-json\/wp\/v2\/pages\/1141","targetHints":{"allow":["GET"]}}],"collection":[{"href":"https:\/\/www.livefooty.net\/it\/wp-json\/wp\/v2\/pages"}],"about":[{"href":"https:\/\/www.livefooty.net\/it\/wp-json\/wp\/v2\/types\/page"}],"author":[{"embeddable":true,"href":"https:\/\/www.livefooty.net\/it\/wp-json\/wp\/v2\/users\/1"}],"replies":[{"embeddable":true,"href":"https:\/\/www.livefooty.net\/it\/wp-json\/wp\/v2\/comments?post=1141"}],"version-history":[{"count":1,"href":"https:\/\/www.livefooty.net\/it\/wp-json\/wp\/v2\/pages\/1141\/revisions"}],"predecessor-version":[{"id":3083,"href":"https:\/\/www.livefooty.net\/it\/wp-json\/wp\/v2\/pages\/1141\/revisions\/3083"}],"wp:attachment":[{"href":"https:\/\/www.livefooty.net\/it\/wp-json\/wp\/v2\/media?parent=1141"}],"curies":[{"name":"wp","href":"https:\/\/api.w.org\/{rel}","templated":true}]}}