{"id":1139,"date":"2023-08-06T07:54:43","date_gmt":"2023-08-06T07:54:43","guid":{"rendered":"https:\/\/livefooty.net\/?page_id=1139"},"modified":"2023-09-19T11:00:55","modified_gmt":"2023-09-19T11:00:55","slug":"sopcast-streaming-software","status":"publish","type":"page","link":"https:\/\/www.livefooty.net\/it\/sopcast-streaming-software\/","title":{"rendered":"Software di streaming SOPCast"},"content":{"rendered":"<p><strong>SOPCast \u00e8 diventato il software numero 1 per chi vuole guardare il calcio in diretta online.<\/strong>. Una combinazione di facilit\u00e0 d'uso, migliaia di canali e streaming sempre stabile ha fatto balzare SOPCast in cima alla lista. La tecnologia di SOPCast rende molto semplice la condivisione dello streaming su una rete, per cui, ad esempio, in un ambiente di lavoro sarebbe molto facile per un certo numero di persone condividere uno streaming sportivo in diretta da un solo PC che effettua il download.<\/p>\n\n\n\n<!--more-->\n\n\n\n<p><\/p>\n\n\n\n<p>Con migliaia di canali prontamente disponibili, SOPCast \u00e8 diventato un punto di riferimento per gli appassionati di altri sport e per coloro che desiderano guardare tutti gli altri tipi di contenuti online, compresi i normali programmi televisivi e i film.<\/p>\n\n\n\n<p><strong>SOPCast<\/strong>&nbsp;per Windows \u00e8 disponibile per il download da qui (non abbiamo alcun legame con softonic, scaricatelo a vostro rischio):-<br><strong><a href=\"https:\/\/en.softonic.com\/download\/sopcast\/windows\/post-download\" target=\"_blank\" rel=\"noopener nofollow\" title=\"\">Scarica SOPCast<\/a><\/strong><\/p>\n\n\n\n<p>Come per tutti i software P2P, il download effettivo del software \u00e8 semplice. Il problema sorge quando si tratta di trovare un elenco completo dei canali. \u00c8 possibile provare gli elenchi dei canali di SOPCast dal sito web&nbsp;<a href=\"https:\/\/www.liveaugoal.com\/channel\/sopcast\/\" target=\"_blank\" rel=\"noopener nofollow\" title=\"\">qui<\/a>&nbsp;(Non abbiamo alcuna associazione con questo sito web, usatelo a vostro rischio e pericolo). Se questo non dovesse essere d'aiuto, ci sono diversi siti web che offrono elenchi di canali, Google \u00e8 il vostro amico in questo caso.<\/p>\n\n\n\n<p>Sopcast \u00e8 un programma di streaming online che facilita la visione di eventi sportivi. Sopcast offre una variet\u00e0 di canali, tra cui sport da tutto il mondo. Sopcast offre anche lo streaming in diretta di eventi selezionati, il che lo rende un'ottima scelta per gli appassionati di sport. Con Sopcast, potete guardare le vostre partite preferite senza dovervi preoccupare di limitazioni della larghezza di banda o di lunghi tempi di attesa. Sopcast \u00e8 disponibile su dispositivi desktop e mobili, in modo da essere sempre pronti a guardare la propria squadra preferita. Se volete guardare una diretta streaming della vostra squadra sportiva preferita, assicuratevi di avere una connessione internet veloce. Molte trasmissioni sportive in diretta richiedono una connessione a Internet di almeno 3 Mbps per una visione ottimale. Inoltre, molte trasmissioni sportive in diretta richiedono una risoluzione HD o 4K per una visione ottimale. Se non siete sicuri che la vostra connessione a Internet sia abbastanza veloce per guardare uno streaming in diretta, fate una prova con lo streaming di un video da YouTube o Netflix. Se la qualit\u00e0 del video \u00e8 scadente, la connessione a Internet potrebbe non essere in grado di gestire il carico e probabilmente si verificheranno buffering e scarse prestazioni durante la visione di uno streaming in diretta.<\/p>\n\n\n\n<p>SOPCast offre lo streaming live peer to peer. Non c'\u00e8 dubbio che il live streaming sia diventato un modo popolare di guardare lo sport. Con cos\u00ec tante piattaforme disponibili, pu\u00f2 essere difficile decidere quale utilizzare. Lo streaming peer to peer \u00e8 un'ottima opzione per chi vuole guardare lo sport senza dover affrontare fastidiose pubblicit\u00e0 o lunghi tempi di attesa. Questo tipo di streaming funziona mettendo in contatto persone che hanno lo stesso interesse per lo sport da guardare. Ci\u00f2 significa che non c'\u00e8 bisogno di un'emittente o di una rete e che la qualit\u00e0 dello streaming \u00e8 spesso migliore rispetto alle tradizionali opzioni di streaming in diretta.<\/p>\n\n\n\n<h2 class=\"wp-block-heading\">Come funziona SopCast?<\/h2>\n\n\n\n<p>SopCast \u00e8 una piattaforma di live streaming che consente agli utenti di condividere contenuti tra loro in tempo reale. In questo modo si ottiene un flusso di qualit\u00e0 superiore per tutti, in quanto gli spettatori sono in grado di fornire un feedback che pu\u00f2 contribuire a migliorare la qualit\u00e0 del flusso. SopCast ha anche una serie di caratteristiche che la rendono una piattaforma ideale per gli appassionati di sport. Ad esempio, SopCast consente agli utenti di guardare pi\u00f9 stream contemporaneamente, rendendo pi\u00f9 facile seguire pi\u00f9 partite contemporaneamente. Il pulsante iniziale dell'applicazione consente agli utenti di cercare e riprodurre i contenuti online o di registrarli in un secondo momento. Inoltre, SopCast \u00e8 dotato di una guida ai canali facile da usare che organizza tutti i canali disponibili in categorie facilmente accessibili. La scheda Canali live dell'app TV offre un elenco di trasmissioni in diretta, accanto alla scheda Registra canali. L'applicazione dispone anche di numerosi forum in cui gli utenti pubblicano i collegamenti alle trasmissioni che hanno creato. \u00c8 possibile guardarli copiandoli e incollandoli nella barra degli indirizzi.<\/p>\n\n\n\n<h2 class=\"wp-block-heading\">Canali SopCast<\/h2>\n\n\n\n<p>Su SopCast sono disponibili letteralmente migliaia di canali e flussi che coprono ogni tipo di contenuto in diretta streaming che si possa immaginare. \u00c8 anche possibile creare il proprio stream\/canale con pochi semplici clic, mentre la natura Peer To Peer del software si occupa del resto.&nbsp;<strong>Alcuni dei canali SopCast pi\u00f9 popolari includono i canali Alpha (Alpha TV, Alpha TV 2), Balldee Sports e HQLiveSports.<\/strong>. Ricordate che per sfruttare al meglio qualsiasi canale SopCast avrete bisogno di una connessione internet stabile e veloce, di un hardware\/dispositivo compatibile aggiornato e di un po' di pazienza!<\/p>","protected":false},"excerpt":{"rendered":"<p>SOPCast has become the number 1 software of choice for people looking to watch live football online. A combination of ease of use, thousands of channels and consistently stable streaming has jumped SOPCast right to the top of the list. SOPCasts technology makes it very easy to share your stream over a network so for [&hellip;]<\/p>","protected":false},"author":1,"featured_media":0,"parent":0,"menu_order":0,"comment_status":"closed","ping_status":"closed","template":"","meta":{"footnotes":""},"class_list":["post-1139","page","type-page","status-publish","hentry"],"_links":{"self":[{"href":"https:\/\/www.livefooty.net\/it\/wp-json\/wp\/v2\/pages\/1139","targetHints":{"allow":["GET"]}}],"collection":[{"href":"https:\/\/www.livefooty.net\/it\/wp-json\/wp\/v2\/pages"}],"about":[{"href":"https:\/\/www.livefooty.net\/it\/wp-json\/wp\/v2\/types\/page"}],"author":[{"embeddable":true,"href":"https:\/\/www.livefooty.net\/it\/wp-json\/wp\/v2\/users\/1"}],"replies":[{"embeddable":true,"href":"https:\/\/www.livefooty.net\/it\/wp-json\/wp\/v2\/comments?post=1139"}],"version-history":[{"count":0,"href":"https:\/\/www.livefooty.net\/it\/wp-json\/wp\/v2\/pages\/1139\/revisions"}],"wp:attachment":[{"href":"https:\/\/www.livefooty.net\/it\/wp-json\/wp\/v2\/media?parent=1139"}],"curies":[{"name":"wp","href":"https:\/\/api.w.org\/{rel}","templated":true}]}}