{"id":1441,"date":"2023-09-19T18:37:41","date_gmt":"2023-09-19T18:37:41","guid":{"rendered":"https:\/\/www.livefooty.net\/?page_id=1441"},"modified":"2023-09-19T19:13:18","modified_gmt":"2023-09-19T19:13:18","slug":"europa-liga-elo-foci","status":"publish","type":"page","link":"https:\/\/www.livefooty.net\/hu\/europa-liga-elo-foci\/","title":{"rendered":"Eur\u00f3pa Liga Live Footy"},"content":{"rendered":"<p> A <b>Eur\u00f3pa Liga<\/b> az Eur\u00f3pai Labdar\u00fag\u00f3-sz\u00f6vets\u00e9gek Sz\u00f6vets\u00e9ge (UEFA) \u00e1ltal \u00e9vente megrendezett klubfutball-verseny az eur\u00f3pai m\u00e1sodoszt\u00e1ly\u00fa labdar\u00fag\u00f3-klubok sz\u00e1m\u00e1ra.Az Eur\u00f3pa Lig\u00e1ba t\u00f6bbf\u00e9lek\u00e9ppen lehet beker\u00fclni, p\u00e9ld\u00e1ul ha a hazai bajnoks\u00e1gban nem v\u00e9geznek el\u00e9g magasan ahhoz, hogy kvalifik\u00e1lj\u00e1k magukat a Bajnokok Lig\u00e1j\u00e1ba, ha nem siker\u00fcl a Bajnokok Lig\u00e1ja el\u0151selejtez\u0151j\u00e9ben, vagy ha egy Bajnokok Lig\u00e1ja-csoportban a 3. helyen v\u00e9geznek.  Ennek ellen\u00e9re az Eur\u00f3pa-bajnoks\u00e1g m\u00e9g mindig jelent\u0151s klubtr\u00f3fe\u00e1nak sz\u00e1m\u00edt, \u00e9s Eur\u00f3pa legnagyobb csapatai k\u00f6z\u00fcl n\u00e9h\u00e1nyan b\u00fcszk\u00e9k az eur\u00f3pai klubversenyek m\u00e1sodik vonal\u00e1ban el\u00e9rt eredm\u00e9nyeikre.  Az egyik igaz\u00e1n figyelemre m\u00e9lt\u00f3 dolog az, ahogyan a bajnoks\u00e1g az ut\u00f3bbi id\u0151kben b\u0151v\u00fclt, mivel a sportot ir\u00e1ny\u00edt\u00f3 test\u00fcletek egyre t\u00f6bb m\u00f3dot tal\u00e1lnak arra, hogy a telev\u00edzi\u00f3s p\u00e9nzeket az el\u0151fizet\u0151k kez\u00e9b\u0151l a klubok fel\u00e9 terelj\u00e9k.  B\u00e1r a cs\u00fct\u00f6rt\u00f6k esti futball nem az, amire a legt\u00f6bb csapat t\u00f6rekszik, a plusz p\u00e9nz \u00e9s a nagy klubtr\u00f3fea megnyer\u00e9s\u00e9nek es\u00e9lye mindig meg\u00e9ri. <\/p>\n\n\n\n<!--more-->\n\n\n\n<figure class=\"wp-block-image size-full is-style-rounded\"><img decoding=\"async\" width=\"800\" height=\"489\" src=\"https:\/\/www.livefooty.net\/wp-content\/uploads\/2023\/09\/Europa-League-Footy.jpg\" alt=\"Eur\u00f3pa Liga Live Footy\" class=\"wp-image-1458\" title=\"\" srcset=\"https:\/\/www.livefooty.net\/wp-content\/uploads\/2023\/09\/Europa-League-Footy.jpg 800w, https:\/\/www.livefooty.net\/wp-content\/uploads\/2023\/09\/Europa-League-Footy-300x183.jpg 300w, https:\/\/www.livefooty.net\/wp-content\/uploads\/2023\/09\/Europa-League-Footy-768x469.jpg 768w, https:\/\/www.livefooty.net\/wp-content\/uploads\/2023\/09\/Europa-League-Footy-18x12.jpg 18w, https:\/\/www.livefooty.net\/wp-content\/uploads\/2023\/09\/Europa-League-Footy-665x406.jpg 665w, https:\/\/www.livefooty.net\/wp-content\/uploads\/2023\/09\/Europa-League-Footy-425x260.jpg 425w\" sizes=\"(max-width: 800px) 100vw, 800px\" \/><\/figure>\n\n\n\n<p>M\u00edg lehets\u00e9ges, hogy <b>n\u00e9zze az Eur\u00f3pa Lig\u00e1t az interneten<\/b> az Egyes\u00fclt Kir\u00e1lys\u00e1g bizonyos r\u00e9szein a BT Sports most m\u00e1r kiz\u00e1r\u00f3lagos jogokkal rendelkezik az Eur\u00f3pa Lig\u00e1ra, \u00e9s ez messze nem lesz olcs\u00f3, hacsak nem olyan ter\u00fcleten \u00e9lsz, ahol van hozz\u00e1f\u00e9r\u00e9sed a BT sz\u00e9less\u00e1v\u00fa szolg\u00e1ltat\u00e1shoz.  A t\u00f6bbieknek a Sky plusz a BT sportcsomag kett\u0151s \u00e1r\u00e1t kell fizetni\u00fck.  Att\u00f3l f\u00fcgg\u0151en, hogy hol \u00e9lsz a vil\u00e1gon, sokkal jobb online hozz\u00e1f\u00e9r\u00e9ssel rendelkezel az Eur\u00f3pa Lig\u00e1hoz, sok helyen ingyenesen vet\u00edtik a meccseket.  Val\u00f3j\u00e1ban m\u00e9g Eur\u00f3pa t\u00f6bbi r\u00e9sz\u00e9n is sokkal jobb a hozz\u00e1f\u00e9r\u00e9s, mint az Egyes\u00fclt Kir\u00e1lys\u00e1gban. <\/p>\n\n\n\n<p>[scu name=&#8221;europa-league&#8221;]<\/p>","protected":false},"excerpt":{"rendered":"<p>The Europa League is an annual club football competition organised by the Union of European Football Associations (UEFA) for the second tier of football clubs in Europe, there are several ways of being entered in to the Europa League including not finishing high enough in a domestic league to qualify for the Champions League, failing [&hellip;]<\/p>","protected":false},"author":1,"featured_media":0,"parent":0,"menu_order":0,"comment_status":"closed","ping_status":"closed","template":"","meta":{"footnotes":""},"class_list":["post-1441","page","type-page","status-publish","hentry"],"_links":{"self":[{"href":"https:\/\/www.livefooty.net\/hu\/wp-json\/wp\/v2\/pages\/1441","targetHints":{"allow":["GET"]}}],"collection":[{"href":"https:\/\/www.livefooty.net\/hu\/wp-json\/wp\/v2\/pages"}],"about":[{"href":"https:\/\/www.livefooty.net\/hu\/wp-json\/wp\/v2\/types\/page"}],"author":[{"embeddable":true,"href":"https:\/\/www.livefooty.net\/hu\/wp-json\/wp\/v2\/users\/1"}],"replies":[{"embeddable":true,"href":"https:\/\/www.livefooty.net\/hu\/wp-json\/wp\/v2\/comments?post=1441"}],"version-history":[{"count":0,"href":"https:\/\/www.livefooty.net\/hu\/wp-json\/wp\/v2\/pages\/1441\/revisions"}],"wp:attachment":[{"href":"https:\/\/www.livefooty.net\/hu\/wp-json\/wp\/v2\/media?parent=1441"}],"curies":[{"name":"wp","href":"https:\/\/api.w.org\/{rel}","templated":true}]}}