{"id":1341,"date":"2023-08-22T09:14:43","date_gmt":"2023-08-22T09:14:43","guid":{"rendered":"https:\/\/www.livefooty.net\/?page_id=1341"},"modified":"2023-09-19T10:57:14","modified_gmt":"2023-09-19T10:57:14","slug":"elo-ligue-1-foci","status":"publish","type":"page","link":"https:\/\/www.livefooty.net\/hu\/elo-ligue-1-foci\/","title":{"rendered":"\u00c9l\u0151 Ligue 1 labdar\u00fag\u00e1s"},"content":{"rendered":"<p> Lehets\u00e9ges, hogy Franciaorsz\u00e1g vil\u00e1gbajnok, de amit nem tud, az az, hogy a Ligue 1 Eur\u00f3pa legfejlettebb bajnoks\u00e1ga, m\u00e9g ha \u0151k maguk mondj\u00e1k is! A Ligue 1-et gyakran cs\u00fafolj\u00e1k legjobb esetben fejleszt\u00e9si bajnoks\u00e1gnak, rosszabb esetben jelent\u00e9ktelennek, a Ligue 1 neh\u00e9z id\u0151szakot \u00e9lt \u00e1t, hogy elvesz\u00edtse h\u00edrnev\u00e9t m\u00e1sodoszt\u00e1ly\u00fa versenyk\u00e9nt, ami a Farmers League nem h\u00edzelg\u0151 le\u00edr\u00e1s\u00e1hoz vezetett (Sajnos a francia futball eset\u00e9ben a legjobb j\u00e1t\u00e9kosok \u00e1ltal\u00e1ban nem t\u00fal sok\u00e1ig marad, \u00e9s a Ligue 1-et r\u00e9g\u00f3ta a fiatalok term\u0151f\u00f6ldjek\u00e9nt tartj\u00e1k sz\u00e1mon, akik a vil\u00e1g legkiemelked\u0151bb labdar\u00fag\u00f3iv\u00e1 v\u00e1lnak.) A Ligue 1 azonban tele van els\u0151 oszt\u00e1ly\u00fa klubokkal: Paris Saint Germain, Marseille, Monaco, Rennes, Lille \u00e9s Nizza mind jobbak, mint tisztess\u00e9gesek. Az egyetlen igazi probl\u00e9ma az, hogy a PSG mennyire el\u0151r\u00e9bb j\u00e1r a v\u00e1s\u00e1rl\u00f3er\u0151 tekintet\u00e9ben. A PSG \u00e9s a t\u00f6bbi francia futball k\u00f6z\u00f6tti szakad\u00e9k gyakran arra k\u00e9sztetett, hogy a p\u00e1rizsiak m\u00e9g azel\u0151tt megnyerj\u00e9k a Ligue 1-et, hogy m\u00e9g egy labd\u00e1t is elr\u00fagn\u00e1nak, \u00e9s gyakran bebizonyosodik, hogy igazuk van.    <\/p>\n\n\n\n<!--more-->\n\n\n\n<p>Teh\u00e1t b\u00e1r a Ligue 1 eg\u00e9szen biztosan nem az agron\u00f3musok bajnoks\u00e1ga, nem lehet sikeres versenyk\u00e9nt \u00e9rt\u00e9kelni, mik\u00f6zben egy csapat domin\u00e1l. A Ligue 1-ben a legt\u00f6bb m\u00e9rk\u0151z\u00e9st szombaton \u00e9s vas\u00e1rnap rendezik, de a szezon sor\u00e1n t\u00f6bb m\u00e9rk\u0151z\u00e9st h\u00e9tk\u00f6znap is rendeznek, est\u00e9nk\u00e9nt is. A rem\u00e9ny az, hogy er\u0151s p\u00e9nz\u00fcgyi \u00e9s gazdas\u00e1gi h\u00e1tt\u00e9rrel a k\u00f6vetkez\u0151 \u00e9vekben a Ligue 1 megtarthatja legjobb tehets\u00e9g\u00e9t, \u00e9s egy magasabb sz\u00ednvonal\u00fa, elismertebb eur\u00f3pai bajnoks\u00e1gg\u00e1 v\u00e1lhat. Hossz\u00fa id\u0151 telt el az\u00f3ta, hogy a Ligue 1 meghat\u00e1roz\u00f3 er\u0151 az eur\u00f3pai versenyeken, de rem\u00e9lhet\u0151leg ez a helyzet hamarosan javulni fog. <br><\/p>\n\n\n\n<div itemscope=\"\" itemtype=\"https:\/\/schema.org\/FAQPage\">\n\t\t<div itemscope=\"\" itemprop=\"mainEntity\" itemtype=\"https:\/\/schema.org\/Question\">\n\t\t\t<h4 itemprop=\"name\">N\u00e9zhetem leg\u00e1lisan a Ligue 1 futballt \u00e9l\u0151ben online?<\/h4>\n\t\t\t<div itemscope=\"\" itemprop=\"acceptedAnswer\" itemtype=\"https:\/\/schema.org\/Answer\">\n\t\t\t\t<div itemprop=\"text\"><p>A William Hill sz\u00e1mos j\u00e1t\u00e9kot k\u00f6zvet\u00edt a francia Ligue 1-b\u0151l, k\u00e9rj\u00fck, k\u00f6vesse a linket az aktu\u00e1lis h\u00edrek\u00e9rt <a href=\"\/WilliamHill-Football.php\" rel=\"nofollow noopener\" target=\"_blank\"><b>William Hill futball menetrend<\/b><\/a>. (A felt\u00e9telek \u00e9rv\u00e9nyesek, az adatfolyamok f\u00f6ldrajzilag korl\u00e1tozottak lesznek, att\u00f3l f\u00fcgg\u0151en, hogy hol \u00e9lsz.)<\/p><\/div>\n\t\t\t<\/div>\n\t\t<\/div>\n\t\t<div itemscope=\"\" itemprop=\"mainEntity\" itemtype=\"https:\/\/schema.org\/Question\">\n\t\t\t<h4 itemprop=\"name\">Mennyire j\u00f3k a Ligue 1 \u00e9l\u0151 k\u00f6zvet\u00edt\u00e9sei?<\/h4>\n\t\t\t<div itemscope=\"\" itemprop=\"acceptedAnswer\" itemtype=\"https:\/\/schema.org\/Answer\">\n\t\t\t\t<div itemprop=\"text\"><p>Rendk\u00edv\u00fcl n\u00e9zhet\u0151, ak\u00e1r nagy t\u00e9v\u00e9n is (ha van r\u00e1 m\u00f3dod a sz\u00e1m\u00edt\u00f3g\u00e9ped\/eszk\u00f6z\u00f6d csatlakoztat\u00e1s\u00e1ra).<\/p><\/div>\n\t\t\t<\/div>\n\t\t<\/div>\n\t\t<div itemscope=\"\" itemprop=\"mainEntity\" itemtype=\"https:\/\/schema.org\/Question\">\n\t\t\t<h4 itemprop=\"name\">Mennyire versenyk\u00e9pes a Ligue 1?<\/h4>\n\t\t\t<div itemscope=\"\" itemprop=\"acceptedAnswer\" itemtype=\"https:\/\/schema.org\/Answer\">\n\t\t\t\t<div itemprop=\"text\"><p>Ha kivessz\u00fck a PSG-t \u00e9s gazdag t\u00e1mogat\u00f3ikat az egyenletb\u0151l, akkor a Ligue 1 val\u00f3j\u00e1ban nagyon versenyk\u00e9pes, \u00e9s a legt\u00f6bb csapat k\u00e9pes legy\u0151zni egym\u00e1st. Tagadhatatlan azonban, hogy a PSG v\u00e1s\u00e1rl\u00f3erej\u00e9nek k\u00f6sz\u00f6nhet\u0151en jelenleg nagy l\u00e9p\u00e9ssel a liga t\u00f6bbi tagja el\u0151tt j\u00e1rnak.<\/p><\/div>\n\t\t\t<\/div>\n\t\t<\/div>\n\t\t<div itemscope=\"\" itemprop=\"mainEntity\" itemtype=\"https:\/\/schema.org\/Question\">\n\t\t\t<h4 itemprop=\"name\">J\u00e1tszhatok a Ligue 1-en?<\/h4>\n\t\t\t<div itemscope=\"\" itemprop=\"acceptedAnswer\" itemtype=\"https:\/\/schema.org\/Answer\">\n\t\t\t\t<div itemprop=\"text\"><p>Felt\u00e9tlen\u00fcl, am\u00edg el\u00e9g id\u0151s vagy ahhoz, hogy leg\u00e1lisan szerencsej\u00e1t\u00e9kkal j\u00e1tsszon ott, ahol \u00e9l. A Ligue 1 rendk\u00edv\u00fcl versenyk\u00e9pes (am\u00edg figyelmen k\u00edv\u00fcl hagyja a PSG meccseit) a hazai bajnoks\u00e1gok szempontj\u00e1b\u00f3l, \u00e9s az es\u00e9lyek \u00e1ltal\u00e1ban ezt az \u201eismeretlen\u201d mennyis\u00e9get t\u00fckr\u00f6zik. <a href=\"\/WilliamHill-Football.php\" rel=\"nofollow noopener\" target=\"_blank\">A William Hill sz\u00e1mos piacot k\u00edn\u00e1l a Ligue 1 meccsein<\/a>.<\/p><\/div>\n\t\t\t<\/div>\n\t\t<\/div>\n\t<\/div>\n\n\n\n<p>[scu name=&#8221;ligue1&#8243;]<\/p>","protected":false},"excerpt":{"rendered":"<p>France might be world champions, but what you might not know is that Ligue 1 is the most improved league in Europe, even if they do say so themselves! Oft-derided as a development league at best and insignificant at worst, Ligue 1 has endured a hard time shedding its reputation as a second-tier competition, leading [&hellip;]<\/p>","protected":false},"author":1,"featured_media":0,"parent":0,"menu_order":0,"comment_status":"closed","ping_status":"closed","template":"","meta":{"footnotes":""},"class_list":["post-1341","page","type-page","status-publish","hentry"],"_links":{"self":[{"href":"https:\/\/www.livefooty.net\/hu\/wp-json\/wp\/v2\/pages\/1341","targetHints":{"allow":["GET"]}}],"collection":[{"href":"https:\/\/www.livefooty.net\/hu\/wp-json\/wp\/v2\/pages"}],"about":[{"href":"https:\/\/www.livefooty.net\/hu\/wp-json\/wp\/v2\/types\/page"}],"author":[{"embeddable":true,"href":"https:\/\/www.livefooty.net\/hu\/wp-json\/wp\/v2\/users\/1"}],"replies":[{"embeddable":true,"href":"https:\/\/www.livefooty.net\/hu\/wp-json\/wp\/v2\/comments?post=1341"}],"version-history":[{"count":0,"href":"https:\/\/www.livefooty.net\/hu\/wp-json\/wp\/v2\/pages\/1341\/revisions"}],"wp:attachment":[{"href":"https:\/\/www.livefooty.net\/hu\/wp-json\/wp\/v2\/media?parent=1341"}],"curies":[{"name":"wp","href":"https:\/\/api.w.org\/{rel}","templated":true}]}}