{"id":1339,"date":"2023-08-22T08:49:50","date_gmt":"2023-08-22T08:49:50","guid":{"rendered":"https:\/\/www.livefooty.net\/?page_id=1339"},"modified":"2023-09-19T10:58:44","modified_gmt":"2023-09-19T10:58:44","slug":"elo-sorozat-futball","status":"publish","type":"page","link":"https:\/\/www.livefooty.net\/hu\/elo-sorozat-futball\/","title":{"rendered":"\u00c9l\u0151 Serie A futball"},"content":{"rendered":"<p> Az olasz futball val\u00f3sz\u00edn\u0171leg taktikailag a legkompetensebbnek tekinthet\u0151 mind k\u00f6z\u00fcl. Az olasz futballban kiss\u00e9 tisztess\u00e9gtelen a v\u00e9dekez\u0151 futball megism\u00e9tl\u00e9se, amelyet gyakran megdobnak a t\u00falfizetett szak\u00e9rt\u0151k, akik szeretik a catenaccio sz\u00f3t haszn\u00e1lni. Az olasz futball kor\u00e1ntsem monolitikus, \u00e9s aki alaposan n\u00e9zi, az \u00e9lvezi a k\u00fcl\u00f6nb\u00f6z\u0151 filoz\u00f3fi\u00e1k \u00e9s j\u00e1t\u00e9kst\u00edlusok k\u00f6z\u00f6tti taktikai csat\u00e1kat. Az olasz futball hossz\u00fa utat tett meg azokt\u00f3l a halk napokt\u00f3l kezdve; napok, amikor olyan j\u00f3hiszem\u0171 szuperszt\u00e1rok, mint Zinedine Zizou Zidane, Ronaldo \u00e9s szem\u00e9lyes kedvencem, George a Man Citybe k\u00f6lt\u00f6z\u00f6tt, miel\u0151tt m\u00e9g men\u0151 volt Weah, a Juventusn\u00e1l, az Intern\u00e9l \u00e9s a Milann\u00e1l. H\u00edrneve megromlott, \u00e9s tov\u00e1bbra is nyugodtan kijelenthetj\u00fck, hogy az olasz futball m\u00e9g mindig az\u00e9rt k\u00fczd, hogy megszabaduljon e trag\u00e9dia b\u00e9kly\u00f3it\u00f3l. <\/p>\n\n\n\n<!--more-->\n\n\n\n<p><br><\/p>\n\n\n\n<p> A Premier Leagie-n k\u00edv\u00fcl fiatal futballrajong\u00f3k\u00e9nt az Italian Serie volt az, amely legink\u00e1bb felkeltette a figyelmemet. B\u00e1rki, aki futballmenedzsert j\u00e1tszott a 90-es \u00e9vekben, tudni fogja, mire gondolok, AC Milan, Inter Milan, Juventus, Weah, Zidane stb. Hihetetlen volt n\u00e9zni a bajnoks\u00e1got, amelyben a meccsek annyira k\u00fcl\u00f6nb\u00f6ztek a britek rohan\u00e1s\u00e1t\u00f3l \u00e9s zuhan\u00e1s\u00e1t\u00f3l. futball. Azt\u00e1n kit\u00f6rtek a botr\u00e1nyok, \u00fagy t\u0171nt, hogy a versenyel\u0151ny elhagyta a Serie A-t, \u00e9s a \u201eTerm\u00e9k\u201d \u00e1rny\u00e9ka volt kor\u00e1bbi \u00f6nmag\u00e1nak. Nagyon rem\u00e9lem, hogy egy napon a Serie A visszat\u00e9r a r\u00e9gi ker\u00e9kv\u00e1g\u00e1sba, amikor a La Lig\u00e1t m\u00e9g csak meg sem eml\u00edtett\u00e9k! <br><\/p>\n\n\n\n<div itemscope=\"\" itemtype=\"https:\/\/schema.org\/FAQPage\">\n\t\t<div itemscope=\"\" itemprop=\"mainEntity\" itemtype=\"https:\/\/schema.org\/Question\">\n\t\t\t<h4 itemprop=\"name\">N\u00e9zhetem leg\u00e1lisan a Serie A futballt \u00e9l\u0151ben online?<\/h4>\n\t\t\t<div itemscope=\"\" itemprop=\"acceptedAnswer\" itemtype=\"https:\/\/schema.org\/Answer\">\n\t\t\t\t<div itemprop=\"text\"><p>A William Hill nagysz\u00e1m\u00fa meccset k\u00f6zvet\u00edt az olasz toplig\u00e1b\u00f3l, a Serie A-b\u00f3l, k\u00e9rj\u00fck, k\u00f6vesse a linket az aktu\u00e1lis h\u00edrek\u00e9rt <a href=\"\/WilliamHill-Football.php\" rel=\"nofollow noopener\" target=\"_blank\"><b>William Hill futball menetrend<\/b><\/a>. (A felt\u00e9telek \u00e9rv\u00e9nyesek, a k\u00f6zvet\u00edt\u00e9sek bizonyos orsz\u00e1gokban korl\u00e1tozottak lesznek.)<\/p><\/div>\n\t\t\t<\/div>\n\t\t<\/div>\n\t\t<div itemscope=\"\" itemprop=\"mainEntity\" itemtype=\"https:\/\/schema.org\/Question\">\n\t\t\t<h4 itemprop=\"name\">Mennyire j\u00f3k a Serie A \u00e9l\u0151 k\u00f6zvet\u00edt\u00e9sei?<\/h4>\n\t\t\t<div itemscope=\"\" itemprop=\"acceptedAnswer\" itemtype=\"https:\/\/schema.org\/Answer\">\n\t\t\t\t<div itemprop=\"text\"><p>Rendk\u00edv\u00fcl n\u00e9zhet\u0151, ak\u00e1r nagy t\u00e9v\u00e9n is (ha van r\u00e1 m\u00f3dod a sz\u00e1m\u00edt\u00f3g\u00e9ped\/eszk\u00f6z\u00f6d csatlakoztat\u00e1s\u00e1ra).<\/p><\/div>\n\t\t\t<\/div>\n\t\t<\/div>\n\t\t<div itemscope=\"\" itemprop=\"mainEntity\" itemtype=\"https:\/\/schema.org\/Question\">\n\t\t\t<h4 itemprop=\"name\">Mennyire versenyk\u00e9pes a Serie A?<\/h4>\n\t\t\t<div itemscope=\"\" itemprop=\"acceptedAnswer\" itemtype=\"https:\/\/schema.org\/Answer\">\n\t\t\t\t<div itemprop=\"text\"><p>Mivel \u00fagy n\u0151ttem fel, hogy sok olasz futballt n\u00e9ztem a 80-as \u00e9s 90-es \u00e9vek v\u00e9g\u00e9n, nagyon f\u00e1jdalmas kimondani, de m\u00e1r nem annyira versenyk\u00e9pes. A Juventusba annyi p\u00e9nz \u00f6mlik, ez a Jeventus lig\u00e1ja lett, majd a szint\u00e9n futott. Rem\u00e9lhet\u0151leg hamarosan helyre\u00e1ll a kor\u00e1bbi pomp\u00e1ja!<\/p><\/div>\n\t\t\t<\/div>\n\t\t<\/div>\n\t\t<div itemscope=\"\" itemprop=\"mainEntity\" itemtype=\"https:\/\/schema.org\/Question\">\n\t\t\t<h4 itemprop=\"name\">J\u00e1tszhatok a Serie A-ban?<\/h4>\n\t\t\t<div itemscope=\"\" itemprop=\"acceptedAnswer\" itemtype=\"https:\/\/schema.org\/Answer\">\n\t\t\t\t<div itemprop=\"text\"><p>Felt\u00e9tlen\u00fcl, am\u00edg el\u00e9g id\u0151s vagy ahhoz, hogy leg\u00e1lisan szerencsej\u00e1t\u00e9kkal j\u00e1tsszon ott, ahol \u00e9l. A Serie A nagyszer\u0171 szorz\u00f3t k\u00edn\u00e1l sok meccsre, ha kiveszi a Juv\u00e9t az egyenletb\u0151l, ez egy j\u00f3 liga fogad\u00e1sra, \u00e9s az es\u00e9lyek \u00e1ltal\u00e1ban ezt az \u201eismeretlen\u201d mennyis\u00e9get t\u00fckr\u00f6zik, k\u00fcl\u00f6n\u00f6sen akkor, ha a Juventus alatti 5-6 csapat j\u00e1tszik egym\u00e1ssal. <a href=\"\/WilliamHill-Football.php\" rel=\"nofollow noopener\" target=\"_blank\">A William Hill sz\u00e1mos piacot k\u00edn\u00e1l a Serie A meccseken<\/a>.<\/p><\/div>\n\t\t\t<\/div>\n\t\t<\/div>\n\t<\/div>\n\n\n\n<p>[scu name=&#8221;serie-a&#8221;]<\/p>","protected":false},"excerpt":{"rendered":"<p>Italian football can probably be seen as the most tactically competent of them all. Italian football has a somewhat unfair repetition for defensive football, often thrown around by overpaid pundits who love to use the word catenaccio. Italian football is far from monolithic, and those who watch it thoroughly enjoy the tactical battles between different [&hellip;]<\/p>","protected":false},"author":1,"featured_media":0,"parent":0,"menu_order":0,"comment_status":"closed","ping_status":"closed","template":"","meta":{"footnotes":""},"class_list":["post-1339","page","type-page","status-publish","hentry"],"_links":{"self":[{"href":"https:\/\/www.livefooty.net\/hu\/wp-json\/wp\/v2\/pages\/1339","targetHints":{"allow":["GET"]}}],"collection":[{"href":"https:\/\/www.livefooty.net\/hu\/wp-json\/wp\/v2\/pages"}],"about":[{"href":"https:\/\/www.livefooty.net\/hu\/wp-json\/wp\/v2\/types\/page"}],"author":[{"embeddable":true,"href":"https:\/\/www.livefooty.net\/hu\/wp-json\/wp\/v2\/users\/1"}],"replies":[{"embeddable":true,"href":"https:\/\/www.livefooty.net\/hu\/wp-json\/wp\/v2\/comments?post=1339"}],"version-history":[{"count":0,"href":"https:\/\/www.livefooty.net\/hu\/wp-json\/wp\/v2\/pages\/1339\/revisions"}],"wp:attachment":[{"href":"https:\/\/www.livefooty.net\/hu\/wp-json\/wp\/v2\/media?parent=1339"}],"curies":[{"name":"wp","href":"https:\/\/api.w.org\/{rel}","templated":true}]}}