{"id":1333,"date":"2023-08-22T08:08:27","date_gmt":"2023-08-22T08:08:27","guid":{"rendered":"https:\/\/www.livefooty.net\/?page_id=1333"},"modified":"2023-09-19T10:58:12","modified_gmt":"2023-09-19T10:58:12","slug":"elo-primera-divizio-futball","status":"publish","type":"page","link":"https:\/\/www.livefooty.net\/hu\/elo-primera-divizio-futball\/","title":{"rendered":"\u00c9l\u0151 Primera Division Football"},"content":{"rendered":"<p> A spanyol Primera Division, k\u00f6zismert nev\u00e9n La Liga a spanyol futball \u00e9lvonala. Az elm\u00falt n\u00e9h\u00e1ny \u00e9vtizedben tiszt\u00e1n eur\u00f3pai szint\u0171 eredm\u00e9nyek alapj\u00e1n sz\u00e9les k\u00f6rben a vil\u00e1g legjobb \u201etiszta futball\u201d bajnoks\u00e1gak\u00e9nt tartj\u00e1k sz\u00e1mon. Tal\u00e1n nem az izgalom vagy a meglepet\u00e9sek miatt, de mindenk\u00e9ppen a futball min\u0151s\u00e9ge miatt. Mag\u00e1t a bajnoks\u00e1got 2 csapat uralja, mindenki hallott a Barcelon\u00e1r\u00f3l \u00e9s a Real Madridr\u00f3l, igaz? M\u00f6g\u00f6tt\u00fck van egy kis csapat csapat, k\u00f6zt\u00fck a Sevilla \u00e9s az Atletico Madrid, amelyek id\u0151nk\u00e9nt meglepet\u00e9st okoznak, \u00e9s alattuk a szint\u00e9n futottak. A spanyol labdar\u00fag\u00e1s \u00e9s k\u00fcl\u00f6n\u00f6sen a La Liga hatalmas k\u00f6vet\u0151i a vil\u00e1gon, \u00e9s gyakran vonzza a legjobb j\u00e1t\u00e9kosokat minden kontinensr\u0151l. <b>Sz\u00e1mos orsz\u00e1gb\u00f3l \u00e9l\u0151ben n\u00e9zheti a Primera Division futballj\u00e1t online.<\/b>    <\/p>\n\n\n\n<!--more-->\n\n\n\n<p> A Primera Division kor\u00e1bban megszerezte a vil\u00e1g 2 legjobb j\u00e1t\u00e9kos\u00e1t, Messit \u00e9s Ronald\u00f3t. De miut\u00e1n Ronaldo Olaszorsz\u00e1gba k\u00f6lt\u00f6z\u00f6tt, hogy kipr\u00f3b\u00e1lja mag\u00e1t, minden megv\u00e1ltozott, ahogy a Real Madrid szerencs\u00e9je is. A Messi \u00e1ltal ihletett Barcelona \u00f3ri\u00e1si akad\u00e1lyt jelent minden futballcsapat sz\u00e1m\u00e1ra, \u00e9s csak ez az, amivel a Real Madrid k\u00fczdhet, am\u00edg nem tal\u00e1lnak tov\u00e1bbi vil\u00e1gklasszis er\u0151s\u00edt\u00e9st. <br><\/p>\n\n\n\n<div itemscope=\"\" itemtype=\"https:\/\/schema.org\/FAQPage\">\n\t\t<div itemscope=\"\" itemprop=\"mainEntity\" itemtype=\"https:\/\/schema.org\/Question\">\n\t\t\t<h4 itemprop=\"name\">Leg\u00e1lisan n\u00e9zhetem a spanyol Primera Divisiont \u00e9l\u0151ben online?<\/h4>\n\t\t\t<div itemscope=\"\" itemprop=\"acceptedAnswer\" itemtype=\"https:\/\/schema.org\/Answer\">\n\t\t\t\t<div itemprop=\"text\"><p>A William Hill sz\u00e1mos j\u00e1t\u00e9kot k\u00f6zvet\u00edt a Primera Division-t\u00f3l, k\u00e9rj\u00fck, k\u00f6vesse a linket az aktu\u00e1lis inform\u00e1ci\u00f3k\u00e9rt <a href=\"\/WilliamHill-Football.php\" rel=\"nofollow noopener\" target=\"_blank\"><b>William Hill futball menetrend<\/b><\/a>. (A felt\u00e9telek \u00e9rv\u00e9nyesek, a streamek f\u00f6ldrajzilag korl\u00e1tozottak lesznek)<\/p><\/div>\n\t\t\t<\/div>\n\t\t<\/div>\n\t\t<div itemscope=\"\" itemprop=\"mainEntity\" itemtype=\"https:\/\/schema.org\/Question\">\n\t\t\t<h4 itemprop=\"name\">Mennyire j\u00f3k a Primera Division \u00e9l\u0151 k\u00f6zvet\u00edt\u00e9sei?<\/h4>\n\t\t\t<div itemscope=\"\" itemprop=\"acceptedAnswer\" itemtype=\"https:\/\/schema.org\/Answer\">\n\t\t\t\t<div itemprop=\"text\"><p>Rendk\u00edv\u00fcl n\u00e9zhet\u0151, ak\u00e1r nagy t\u00e9v\u00e9n is (ha van r\u00e1 m\u00f3dod a sz\u00e1m\u00edt\u00f3g\u00e9ped\/eszk\u00f6z\u00f6d csatlakoztat\u00e1s\u00e1ra).<\/p><\/div>\n\t\t\t<\/div>\n\t\t<\/div>\n\t\t<div itemscope=\"\" itemprop=\"mainEntity\" itemtype=\"https:\/\/schema.org\/Question\">\n\t\t\t<h4 itemprop=\"name\">Mennyire versenyk\u00e9pes a Primera div\u00edzi\u00f3?<\/h4>\n\t\t\t<div itemscope=\"\" itemprop=\"acceptedAnswer\" itemtype=\"https:\/\/schema.org\/Answer\">\n\t\t\t\t<div itemprop=\"text\"><p>Ha a Barcelona vagy a Real Madrid szurkol, akkor nagyon! A semlegesek sz\u00e1m\u00e1ra azonban nem a bajnoks\u00e1got tartj\u00e1k a legjobbnak, mik\u00f6zben a bemutatott futball min\u0151s\u00e9ge k\u00e9ts\u00e9gtelen\u00fcl a kisz\u00e1m\u00edthat\u00f3s\u00e1g miatt oda vezetett, hogy m\u00e9g a legjobb j\u00e1t\u00e9kosok k\u00f6z\u00fcl is n\u00e9h\u00e1nyan \u201eunalmasnak\u201d titul\u00e1lt\u00e1k a bajnoks\u00e1got.<\/p><\/div>\n\t\t\t<\/div>\n\t\t<\/div>\n\t\t<div itemscope=\"\" itemprop=\"mainEntity\" itemtype=\"https:\/\/schema.org\/Question\">\n\t\t\t<h4 itemprop=\"name\">J\u00e1tszhatok a Primera Division-on?<\/h4>\n\t\t\t<div itemscope=\"\" itemprop=\"acceptedAnswer\" itemtype=\"https:\/\/schema.org\/Answer\">\n\t\t\t\t<div itemprop=\"text\"><p>Felt\u00e9tlen\u00fcl, am\u00edg el\u00e9g id\u0151s vagy ahhoz, hogy leg\u00e1lisan szerencsej\u00e1t\u00e9kkal j\u00e1tsszon ott, ahol \u00e9l. A Primera Division azonban nem szokott sok meglepet\u00e9st okozni, ami a legjobb csapatokat illeti, ez\u00e9rt ne sz\u00e1m\u00edts zseni\u00e1lis es\u00e9lyekre. Ezt mondva <a href=\"\/WilliamHill-Football.php\" rel=\"nofollow noopener\" target=\"_blank\">A William Hill sz\u00e1mos piacot k\u00edn\u00e1l a Primera Division meccsein<\/a>.<\/p><\/div>\n\t\t\t<\/div>\n\t\t<\/div>\n\t<\/div>\n\n\n\n<p>[scu name=&#8221;primera-division&#8221;]<\/p>","protected":false},"excerpt":{"rendered":"<p>Spain&#8217;s Primera Division, commonly known as La Liga is the top tier in Spanish football. Over the past couple of decades purely on European level achievement it is widely regarded as the best &#8220;pure football&#8221; league in the world. Maybe not in terms of excitement or surprise results but definitely for the quality of the [&hellip;]<\/p>","protected":false},"author":1,"featured_media":0,"parent":0,"menu_order":0,"comment_status":"closed","ping_status":"closed","template":"","meta":{"footnotes":""},"class_list":["post-1333","page","type-page","status-publish","hentry"],"_links":{"self":[{"href":"https:\/\/www.livefooty.net\/hu\/wp-json\/wp\/v2\/pages\/1333","targetHints":{"allow":["GET"]}}],"collection":[{"href":"https:\/\/www.livefooty.net\/hu\/wp-json\/wp\/v2\/pages"}],"about":[{"href":"https:\/\/www.livefooty.net\/hu\/wp-json\/wp\/v2\/types\/page"}],"author":[{"embeddable":true,"href":"https:\/\/www.livefooty.net\/hu\/wp-json\/wp\/v2\/users\/1"}],"replies":[{"embeddable":true,"href":"https:\/\/www.livefooty.net\/hu\/wp-json\/wp\/v2\/comments?post=1333"}],"version-history":[{"count":0,"href":"https:\/\/www.livefooty.net\/hu\/wp-json\/wp\/v2\/pages\/1333\/revisions"}],"wp:attachment":[{"href":"https:\/\/www.livefooty.net\/hu\/wp-json\/wp\/v2\/media?parent=1333"}],"curies":[{"name":"wp","href":"https:\/\/api.w.org\/{rel}","templated":true}]}}