{"id":1240,"date":"2023-08-14T09:00:19","date_gmt":"2023-08-14T09:00:19","guid":{"rendered":"https:\/\/www.livefooty.net\/?page_id=1240"},"modified":"2023-09-19T11:00:15","modified_gmt":"2023-09-19T11:00:15","slug":"premier-league-tabella","status":"publish","type":"page","link":"https:\/\/www.livefooty.net\/hu\/premier-league-tabella\/","title":{"rendered":"Premier League t\u00e1bl\u00e1zat"},"content":{"rendered":"<h2 class=\"wp-block-heading\">Premier League t\u00e1bl\u00e1zat<\/h2>\n\n\n\n<p> Naponta t\u00f6bbsz\u00f6r friss\u00fclve ezek a legfrissebb \u00e1ll\u00e1sok az angol Premier League-ben.<\/p>\n\n\n\n<!--more-->\n\n\n\n<p><\/p>\n\n\n<p>[scu name=&#8221;premier-league-table&#8221;]<\/p>\n\n\n\n<p>\n  Mindent megtesz\u00fcnk, hogy ezeket a lehet\u0151 legfrissebb form\u00e1ban tartsuk, de k\u00e9rj\u00fck, hogy\nbocs\u00e1ssanak meg nek\u00fcnk, ha a legfrissebb eredm\u00e9nyeket m\u00e9g nem vett\u00fck figyelembe.  \n<\/p>","protected":false},"excerpt":{"rendered":"<p>Premier League Table Updated several times daily these are the latest standings in the English Premier League.<\/p>","protected":false},"author":1,"featured_media":0,"parent":0,"menu_order":0,"comment_status":"closed","ping_status":"closed","template":"","meta":{"footnotes":""},"class_list":["post-1240","page","type-page","status-publish","hentry"],"_links":{"self":[{"href":"https:\/\/www.livefooty.net\/hu\/wp-json\/wp\/v2\/pages\/1240","targetHints":{"allow":["GET"]}}],"collection":[{"href":"https:\/\/www.livefooty.net\/hu\/wp-json\/wp\/v2\/pages"}],"about":[{"href":"https:\/\/www.livefooty.net\/hu\/wp-json\/wp\/v2\/types\/page"}],"author":[{"embeddable":true,"href":"https:\/\/www.livefooty.net\/hu\/wp-json\/wp\/v2\/users\/1"}],"replies":[{"embeddable":true,"href":"https:\/\/www.livefooty.net\/hu\/wp-json\/wp\/v2\/comments?post=1240"}],"version-history":[{"count":0,"href":"https:\/\/www.livefooty.net\/hu\/wp-json\/wp\/v2\/pages\/1240\/revisions"}],"wp:attachment":[{"href":"https:\/\/www.livefooty.net\/hu\/wp-json\/wp\/v2\/media?parent=1240"}],"curies":[{"name":"wp","href":"https:\/\/api.w.org\/{rel}","templated":true}]}}